{"id":22031,"date":"2021-11-08T07:32:25","date_gmt":"2021-11-08T06:32:25","guid":{"rendered":"https:\/\/mhyrdin.fr\/blog\/2021-2\/lacs-de-neouvielle\/"},"modified":"2021-11-08T07:32:25","modified_gmt":"2021-11-08T06:32:25","slug":"lacs-de-neouvielle","status":"publish","type":"page","link":"https:\/\/mhyrdin.fr\/blog\/archives-numeriques\/2021-2\/lacs-de-neouvielle\/","title":{"rendered":"Lacs de N\u00e9ouvielle"},"content":{"rendered":"<div id=\"jig1\" class=\"justified-image-grid jig-bfebdc380dc4e35edcd3b5fe35a9ab23 jig-preset-global jig-source-nextgen\"><div class=\"jig-clearfix\"><\/div><noscript id=\"jig1-html\" class=\"justified-image-grid-html\" data-lazy-src=\"skiplazyload\" data-src=\"skipunveillazyload\"><ul><li><a href=\"https:\/\/i0.wp.com\/mhyrdin.fr\/blog\/wordpress\/wp-content\/gallery\/lacs-de-neouvielle\/Neouvielle_132910.jpg?ssl=1\" title=\"Neouvielle_132910\"><img loading=\"lazy\" decoding=\"async\" src=\"https:\/\/i0.wp.com\/mhyrdin.fr\/blog\/wordpress\/wp-content\/gallery\/lacs-de-neouvielle\/Neouvielle_132910.jpg?h=170\" alt=\"N\u00e9ouvielle\" width=\"368\" height=\"170\" \/><\/a><p class=\"jig-HTMLdescription\">N\u00e9ouvielle<br\/>Neouvielle_132910<\/p><\/li><li><a href=\"https:\/\/i0.wp.com\/mhyrdin.fr\/blog\/wordpress\/wp-content\/gallery\/lacs-de-neouvielle\/Mesange-noire_6932.JPG?ssl=1\"><img loading=\"lazy\" decoding=\"async\" src=\"https:\/\/i0.wp.com\/mhyrdin.fr\/blog\/wordpress\/wp-content\/gallery\/lacs-de-neouvielle\/Mesange-noire_6932.JPG?h=170\" alt=\"M\u00e9sange noire\" width=\"255\" height=\"170\" \/><\/a><p class=\"jig-HTMLdescription\">M\u00e9sange noire<\/p><\/li><li><a href=\"https:\/\/i0.wp.com\/mhyrdin.fr\/blog\/wordpress\/wp-content\/gallery\/lacs-de-neouvielle\/Grenouille-rousse_6944.JPG?ssl=1\"><img loading=\"lazy\" decoding=\"async\" src=\"https:\/\/i0.wp.com\/mhyrdin.fr\/blog\/wordpress\/wp-content\/gallery\/lacs-de-neouvielle\/Grenouille-rousse_6944.JPG?h=170\" alt=\"Grenouille rousse\" width=\"255\" height=\"170\" \/><\/a><p class=\"jig-HTMLdescription\">Grenouille rousse<\/p><\/li><li><a href=\"https:\/\/i0.wp.com\/mhyrdin.fr\/blog\/wordpress\/wp-content\/gallery\/lacs-de-neouvielle\/Faucon-crecerelle_6971.JPG?ssl=1\"><img loading=\"lazy\" decoding=\"async\" src=\"https:\/\/i0.wp.com\/mhyrdin.fr\/blog\/wordpress\/wp-content\/gallery\/lacs-de-neouvielle\/Faucon-crecerelle_6971.JPG?h=170\" alt=\"Faucon cr\u00e9cerelle\" width=\"255\" height=\"170\" \/><\/a><p class=\"jig-HTMLdescription\">Faucon cr\u00e9cerelle<\/p><\/li><li><a href=\"https:\/\/i0.wp.com\/mhyrdin.fr\/blog\/wordpress\/wp-content\/gallery\/lacs-de-neouvielle\/Lac-Oredon_152444.jpg?ssl=1\"><img loading=\"lazy\" decoding=\"async\" src=\"https:\/\/i0.wp.com\/mhyrdin.fr\/blog\/wordpress\/wp-content\/gallery\/lacs-de-neouvielle\/Lac-Oredon_152444.jpg?h=170\" alt=\"Lac Or\u00e9don\" width=\"369\" height=\"170\" \/><\/a><p class=\"jig-HTMLdescription\">Lac Or\u00e9don<\/p><\/li><li><a href=\"https:\/\/i0.wp.com\/mhyrdin.fr\/blog\/wordpress\/wp-content\/gallery\/lacs-de-neouvielle\/Venturon-montagnard_6981.JPG?ssl=1\"><img loading=\"lazy\" decoding=\"async\" src=\"https:\/\/i0.wp.com\/mhyrdin.fr\/blog\/wordpress\/wp-content\/gallery\/lacs-de-neouvielle\/Venturon-montagnard_6981.JPG?h=170\" alt=\"Venturon montagnard\" width=\"255\" height=\"170\" \/><\/a><p class=\"jig-HTMLdescription\">Venturon montagnard<\/p><\/li><li><a href=\"https:\/\/i0.wp.com\/mhyrdin.fr\/blog\/wordpress\/wp-content\/gallery\/lacs-de-neouvielle\/Venturon-montagnard_6996.JPG?ssl=1\"><img loading=\"lazy\" decoding=\"async\" src=\"https:\/\/i0.wp.com\/mhyrdin.fr\/blog\/wordpress\/wp-content\/gallery\/lacs-de-neouvielle\/Venturon-montagnard_6996.JPG?h=170\" alt=\"Venturon montagnard\" width=\"255\" height=\"170\" \/><\/a><p class=\"jig-HTMLdescription\">Venturon montagnard<\/p><\/li><li><a href=\"https:\/\/i0.wp.com\/mhyrdin.fr\/blog\/wordpress\/wp-content\/gallery\/lacs-de-neouvielle\/Grand-Nacre_7042.JPG?ssl=1\"><img loading=\"lazy\" decoding=\"async\" src=\"https:\/\/i0.wp.com\/mhyrdin.fr\/blog\/wordpress\/wp-content\/gallery\/lacs-de-neouvielle\/Grand-Nacre_7042.JPG?h=170\" alt=\"Grand Nacr\u00e9\" width=\"255\" height=\"170\" \/><\/a><p class=\"jig-HTMLdescription\">Grand Nacr\u00e9<\/p><\/li><li><a href=\"https:\/\/i0.wp.com\/mhyrdin.fr\/blog\/wordpress\/wp-content\/gallery\/lacs-de-neouvielle\/Mesange-huppee_7044.JPG?ssl=1\"><img loading=\"lazy\" decoding=\"async\" src=\"https:\/\/i0.wp.com\/mhyrdin.fr\/blog\/wordpress\/wp-content\/gallery\/lacs-de-neouvielle\/Mesange-huppee_7044.JPG?h=170\" alt=\"M\u00e9sange hupp\u00e9e\" width=\"255\" height=\"170\" \/><\/a><p class=\"jig-HTMLdescription\">M\u00e9sange hupp\u00e9e<\/p><\/li><li><a href=\"https:\/\/i0.wp.com\/mhyrdin.fr\/blog\/wordpress\/wp-content\/gallery\/lacs-de-neouvielle\/Mesange-huppee_7049.JPG?ssl=1\"><img loading=\"lazy\" decoding=\"async\" src=\"https:\/\/i0.wp.com\/mhyrdin.fr\/blog\/wordpress\/wp-content\/gallery\/lacs-de-neouvielle\/Mesange-huppee_7049.JPG?h=170\" alt=\"M\u00e9sange hupp\u00e9e\" width=\"255\" height=\"170\" \/><\/a><p class=\"jig-HTMLdescription\">M\u00e9sange hupp\u00e9e<\/p><\/li><li><a href=\"https:\/\/i0.wp.com\/mhyrdin.fr\/blog\/wordpress\/wp-content\/gallery\/lacs-de-neouvielle\/Campanule_3590.JPG?ssl=1\" title=\"Campanule_3590\"><img loading=\"lazy\" decoding=\"async\" src=\"https:\/\/i0.wp.com\/mhyrdin.fr\/blog\/wordpress\/wp-content\/gallery\/lacs-de-neouvielle\/Campanule_3590.JPG?h=170\" alt=\"Campanule\" width=\"272\" height=\"170\" \/><\/a><p class=\"jig-HTMLdescription\">Campanule<br\/>Campanule_3590<\/p><\/li><li><a href=\"https:\/\/i0.wp.com\/mhyrdin.fr\/blog\/wordpress\/wp-content\/gallery\/lacs-de-neouvielle\/Lezard-de-Bonnal_3604.JPG?ssl=1\"><img loading=\"lazy\" decoding=\"async\" src=\"https:\/\/i0.wp.com\/mhyrdin.fr\/blog\/wordpress\/wp-content\/gallery\/lacs-de-neouvielle\/Lezard-de-Bonnal_3604.JPG?h=170\" alt=\"L\u00e9zard de Bonnal\" width=\"255\" height=\"170\" \/><\/a><p class=\"jig-HTMLdescription\">L\u00e9zard de Bonnal<\/p><\/li><li><a href=\"https:\/\/i0.wp.com\/mhyrdin.fr\/blog\/wordpress\/wp-content\/gallery\/lacs-de-neouvielle\/Autour-des-lacs_3640.JPG?ssl=1\"><img loading=\"lazy\" decoding=\"async\" src=\"https:\/\/i0.wp.com\/mhyrdin.fr\/blog\/wordpress\/wp-content\/gallery\/lacs-de-neouvielle\/Autour-des-lacs_3640.JPG?h=170\" alt=\"Autour des lacs\" width=\"255\" height=\"170\" \/><\/a><p class=\"jig-HTMLdescription\">Autour des lacs<\/p><\/li><li><a href=\"https:\/\/i0.wp.com\/mhyrdin.fr\/blog\/wordpress\/wp-content\/gallery\/lacs-de-neouvielle\/Isard_7071.JPG?ssl=1\" title=\"Isard_7071\"><img loading=\"lazy\" decoding=\"async\" src=\"https:\/\/i0.wp.com\/mhyrdin.fr\/blog\/wordpress\/wp-content\/gallery\/lacs-de-neouvielle\/Isard_7071.JPG?h=170\" alt=\"Isard\" width=\"255\" height=\"170\" \/><\/a><p class=\"jig-HTMLdescription\">Isard<br\/>Isard_7071<\/p><\/li><li><a href=\"https:\/\/i0.wp.com\/mhyrdin.fr\/blog\/wordpress\/wp-content\/gallery\/lacs-de-neouvielle\/Isard_7075.JPG?ssl=1\" title=\"Isard_7075\"><img loading=\"lazy\" decoding=\"async\" src=\"https:\/\/i0.wp.com\/mhyrdin.fr\/blog\/wordpress\/wp-content\/gallery\/lacs-de-neouvielle\/Isard_7075.JPG?h=170\" alt=\"Isard\" width=\"255\" height=\"170\" \/><\/a><p class=\"jig-HTMLdescription\">Isard<br\/>Isard_7075<\/p><\/li><li><a href=\"https:\/\/i0.wp.com\/mhyrdin.fr\/blog\/wordpress\/wp-content\/gallery\/lacs-de-neouvielle\/Accenteur-mouchet_7085.JPG?ssl=1\"><img loading=\"lazy\" decoding=\"async\" src=\"https:\/\/i0.wp.com\/mhyrdin.fr\/blog\/wordpress\/wp-content\/gallery\/lacs-de-neouvielle\/Accenteur-mouchet_7085.JPG?h=170\" alt=\"Accenteur mouchet\" width=\"255\" height=\"170\" \/><\/a><p class=\"jig-HTMLdescription\">Accenteur mouchet<\/p><\/li><li><a href=\"https:\/\/i0.wp.com\/mhyrdin.fr\/blog\/wordpress\/wp-content\/gallery\/lacs-de-neouvielle\/Autour-des-lacs_3642.JPG?ssl=1\"><img loading=\"lazy\" decoding=\"async\" src=\"https:\/\/i0.wp.com\/mhyrdin.fr\/blog\/wordpress\/wp-content\/gallery\/lacs-de-neouvielle\/Autour-des-lacs_3642.JPG?h=170\" alt=\"Autour des lacs\" width=\"255\" height=\"170\" \/><\/a><p class=\"jig-HTMLdescription\">Autour des lacs<\/p><\/li><li><a href=\"https:\/\/i0.wp.com\/mhyrdin.fr\/blog\/wordpress\/wp-content\/gallery\/lacs-de-neouvielle\/Ecureuil-roux_7118.JPG?ssl=1\"><img loading=\"lazy\" decoding=\"async\" src=\"https:\/\/i0.wp.com\/mhyrdin.fr\/blog\/wordpress\/wp-content\/gallery\/lacs-de-neouvielle\/Ecureuil-roux_7118.JPG?h=170\" alt=\"\u00c9cureuil roux\" width=\"255\" height=\"170\" \/><\/a><p class=\"jig-HTMLdescription\">\u00c9cureuil roux<\/p><\/li><li><a href=\"https:\/\/i0.wp.com\/mhyrdin.fr\/blog\/wordpress\/wp-content\/gallery\/lacs-de-neouvielle\/Ecureuil-roux_7123.JPG?ssl=1\"><img loading=\"lazy\" decoding=\"async\" src=\"https:\/\/i0.wp.com\/mhyrdin.fr\/blog\/wordpress\/wp-content\/gallery\/lacs-de-neouvielle\/Ecureuil-roux_7123.JPG?h=170\" alt=\"\u00c9cureuil roux\" width=\"255\" height=\"170\" \/><\/a><p class=\"jig-HTMLdescription\">\u00c9cureuil roux<\/p><\/li><\/ul><\/noscript><\/div><div id=\"jig1-developerLink\" class=\"jig-developerLink\"><a href=\"https:\/\/justifiedgrid.com\/\" target=\"_blank\" title=\"Justified Image Grid - Premium WordPress Gallery\">powered by Justified Image Grid<\/a><\/div>\n<h3>Related Images:<\/h3>","protected":false},"excerpt":{"rendered":"<p>N\u00e9ouvielleNeouvielle_132910M\u00e9sange noireGrenouille rousseFaucon cr\u00e9cerelleLac Or\u00e9donVenturon montagnardVenturon montagnardGrand Nacr\u00e9M\u00e9sange hupp\u00e9eM\u00e9sange hupp\u00e9eCampanuleCampanule_3590L\u00e9zard de BonnalAutour des lacsIsardIsard_7071IsardIsard_7075Accenteur mouchetAutour des lacs\u00c9cureuil roux\u00c9cureuil rouxpowered by Justified Image Grid Related Images:<\/p>\n","protected":false},"author":4,"featured_media":0,"parent":20144,"menu_order":0,"comment_status":"closed","ping_status":"closed","template":"","meta":{"ngg_post_thumbnail":0,"jetpack_post_was_ever_published":false,"footnotes":"","_links_to":"","_links_to_target":""},"class_list":["post-22031","page","type-page","status-publish","hentry"],"jetpack_shortlink":"https:\/\/wp.me\/P9lSZN-5Jl","jetpack_sharing_enabled":true,"_links":{"self":[{"href":"https:\/\/mhyrdin.fr\/blog\/wp-json\/wp\/v2\/pages\/22031","targetHints":{"allow":["GET"]}}],"collection":[{"href":"https:\/\/mhyrdin.fr\/blog\/wp-json\/wp\/v2\/pages"}],"about":[{"href":"https:\/\/mhyrdin.fr\/blog\/wp-json\/wp\/v2\/types\/page"}],"author":[{"embeddable":true,"href":"https:\/\/mhyrdin.fr\/blog\/wp-json\/wp\/v2\/users\/4"}],"replies":[{"embeddable":true,"href":"https:\/\/mhyrdin.fr\/blog\/wp-json\/wp\/v2\/comments?post=22031"}],"version-history":[{"count":0,"href":"https:\/\/mhyrdin.fr\/blog\/wp-json\/wp\/v2\/pages\/22031\/revisions"}],"up":[{"embeddable":true,"href":"https:\/\/mhyrdin.fr\/blog\/wp-json\/wp\/v2\/pages\/20144"}],"wp:attachment":[{"href":"https:\/\/mhyrdin.fr\/blog\/wp-json\/wp\/v2\/media?parent=22031"}],"curies":[{"name":"wp","href":"https:\/\/api.w.org\/{rel}","templated":true}]}}