{"id":22029,"date":"2021-11-08T07:21:23","date_gmt":"2021-11-08T06:21:23","guid":{"rendered":"https:\/\/mhyrdin.fr\/blog\/2021-2\/revilla\/"},"modified":"2021-11-08T07:21:23","modified_gmt":"2021-11-08T06:21:23","slug":"revilla","status":"publish","type":"page","link":"https:\/\/mhyrdin.fr\/blog\/archives-numeriques\/2021-2\/revilla\/","title":{"rendered":"Revilla"},"content":{"rendered":"<div id=\"jig1\" class=\"justified-image-grid jig-20a613ea504abcf3925c46e1a45062bd jig-preset-global jig-source-nextgen\"><div class=\"jig-clearfix\"><\/div><noscript id=\"jig1-html\" class=\"justified-image-grid-html\" data-lazy-src=\"skiplazyload\" data-src=\"skipunveillazyload\"><ul><li><a href=\"https:\/\/i0.wp.com\/mhyrdin.fr\/blog\/wordpress\/wp-content\/gallery\/revilla\/Gerbe_6235.JPG?ssl=1\" title=\"Gerbe_6235\"><img loading=\"lazy\" decoding=\"async\" src=\"https:\/\/i0.wp.com\/mhyrdin.fr\/blog\/wordpress\/wp-content\/gallery\/revilla\/Gerbe_6235.JPG?h=170\" alt=\"Gerbe\" width=\"255\" height=\"170\" \/><\/a><p class=\"jig-HTMLdescription\">Gerbe<br\/>Gerbe_6235<\/p><\/li><li><a href=\"https:\/\/i0.wp.com\/mhyrdin.fr\/blog\/wordpress\/wp-content\/gallery\/revilla\/Gerbe160715-Copie.jpg?ssl=1\"><img loading=\"lazy\" decoding=\"async\" src=\"https:\/\/i0.wp.com\/mhyrdin.fr\/blog\/wordpress\/wp-content\/gallery\/revilla\/Gerbe160715-Copie.jpg?h=170\" alt=\"Gerbe\" width=\"403\" height=\"170\" \/><\/a><p class=\"jig-HTMLdescription\">Gerbe<\/p><\/li><li><a href=\"https:\/\/i0.wp.com\/mhyrdin.fr\/blog\/wordpress\/wp-content\/gallery\/revilla\/Gerbe_6242.JPG?ssl=1\" title=\"Gerbe_6242\"><img loading=\"lazy\" decoding=\"async\" src=\"https:\/\/i0.wp.com\/mhyrdin.fr\/blog\/wordpress\/wp-content\/gallery\/revilla\/Gerbe_6242.JPG?h=170\" alt=\"Gerbe\" width=\"255\" height=\"170\" \/><\/a><p class=\"jig-HTMLdescription\">Gerbe<br\/>Gerbe_6242<\/p><\/li><li><a href=\"https:\/\/i0.wp.com\/mhyrdin.fr\/blog\/wordpress\/wp-content\/gallery\/revilla\/Revilla_124047.jpg?ssl=1\" title=\"Revilla_124047\"><img loading=\"lazy\" decoding=\"async\" src=\"https:\/\/i0.wp.com\/mhyrdin.fr\/blog\/wordpress\/wp-content\/gallery\/revilla\/Revilla_124047.jpg?h=170\" alt=\"Revilla\" width=\"358\" height=\"170\" \/><\/a><p class=\"jig-HTMLdescription\">Revilla<br\/>Revilla_124047<\/p><\/li><li><a href=\"https:\/\/i0.wp.com\/mhyrdin.fr\/blog\/wordpress\/wp-content\/gallery\/revilla\/Revilla_124046.jpg?ssl=1\" title=\"Revilla_124046\"><img loading=\"lazy\" decoding=\"async\" src=\"https:\/\/i0.wp.com\/mhyrdin.fr\/blog\/wordpress\/wp-content\/gallery\/revilla\/Revilla_124046.jpg?h=170\" alt=\"Revilla\" width=\"318\" height=\"170\" \/><\/a><p class=\"jig-HTMLdescription\">Revilla<br\/>Revilla_124046<\/p><\/li><li><a href=\"https:\/\/i0.wp.com\/mhyrdin.fr\/blog\/wordpress\/wp-content\/gallery\/revilla\/Canyon_110133.jpg?ssl=1\" title=\"Canyon_110133\"><img loading=\"lazy\" decoding=\"async\" src=\"https:\/\/i0.wp.com\/mhyrdin.fr\/blog\/wordpress\/wp-content\/gallery\/revilla\/Canyon_110133.jpg?h=170\" alt=\"Revilla\" width=\"227\" height=\"170\" \/><\/a><p class=\"jig-HTMLdescription\">Revilla<br\/>Canyon_110133<\/p><\/li><li><a href=\"https:\/\/i0.wp.com\/mhyrdin.fr\/blog\/wordpress\/wp-content\/gallery\/revilla\/Canyon_110134.jpg?ssl=1\" title=\"Canyon_110134\"><img loading=\"lazy\" decoding=\"async\" src=\"https:\/\/i0.wp.com\/mhyrdin.fr\/blog\/wordpress\/wp-content\/gallery\/revilla\/Canyon_110134.jpg?h=170\" alt=\"Revilla\" width=\"227\" height=\"170\" \/><\/a><p class=\"jig-HTMLdescription\">Revilla<br\/>Canyon_110134<\/p><\/li><li><a href=\"https:\/\/i0.wp.com\/mhyrdin.fr\/blog\/wordpress\/wp-content\/gallery\/revilla\/Revilla_124044.jpg?ssl=1\" title=\"Revilla_124044\"><img loading=\"lazy\" decoding=\"async\" src=\"https:\/\/i0.wp.com\/mhyrdin.fr\/blog\/wordpress\/wp-content\/gallery\/revilla\/Revilla_124044.jpg?h=170\" alt=\"Revilla\" width=\"368\" height=\"170\" \/><\/a><p class=\"jig-HTMLdescription\">Revilla<br\/>Revilla_124044<\/p><\/li><li><a href=\"https:\/\/i0.wp.com\/mhyrdin.fr\/blog\/wordpress\/wp-content\/gallery\/revilla\/Revilla_124045-Copie.jpg?ssl=1\"><img loading=\"lazy\" decoding=\"async\" src=\"https:\/\/i0.wp.com\/mhyrdin.fr\/blog\/wordpress\/wp-content\/gallery\/revilla\/Revilla_124045-Copie.jpg?h=170\" alt=\"Revilla\" width=\"78\" height=\"170\" \/><\/a><p class=\"jig-HTMLdescription\">Revilla<\/p><\/li><li><a href=\"https:\/\/i0.wp.com\/mhyrdin.fr\/blog\/wordpress\/wp-content\/gallery\/revilla\/Argus-bleu-celeste_3436.JPG?ssl=1\"><img loading=\"lazy\" decoding=\"async\" src=\"https:\/\/i0.wp.com\/mhyrdin.fr\/blog\/wordpress\/wp-content\/gallery\/revilla\/Argus-bleu-celeste_3436.JPG?h=170\" alt=\"Argus bleu c\u00e9leste\" width=\"113\" height=\"170\" \/><\/a><p class=\"jig-HTMLdescription\">Argus bleu c\u00e9leste<\/p><\/li><li><a href=\"https:\/\/i0.wp.com\/mhyrdin.fr\/blog\/wordpress\/wp-content\/gallery\/revilla\/Argus-bleu-celeste_3509.JPG?ssl=1\"><img loading=\"lazy\" decoding=\"async\" src=\"https:\/\/i0.wp.com\/mhyrdin.fr\/blog\/wordpress\/wp-content\/gallery\/revilla\/Argus-bleu-celeste_3509.JPG?h=170\" alt=\"Argus bleu c\u00e9leste\" width=\"255\" height=\"170\" \/><\/a><p class=\"jig-HTMLdescription\">Argus bleu c\u00e9leste<\/p><\/li><li><a href=\"https:\/\/i0.wp.com\/mhyrdin.fr\/blog\/wordpress\/wp-content\/gallery\/revilla\/Colias-sp_3472.JPG?ssl=1\"><img loading=\"lazy\" decoding=\"async\" src=\"https:\/\/i0.wp.com\/mhyrdin.fr\/blog\/wordpress\/wp-content\/gallery\/revilla\/Colias-sp_3472.JPG?h=170\" alt=\"Colias sp.\" width=\"255\" height=\"170\" \/><\/a><p class=\"jig-HTMLdescription\">Colias sp.<\/p><\/li><li><a href=\"https:\/\/i0.wp.com\/mhyrdin.fr\/blog\/wordpress\/wp-content\/gallery\/revilla\/Nemusien_3523.JPG?ssl=1\" title=\"Nemusien_3523\"><img loading=\"lazy\" decoding=\"async\" src=\"https:\/\/i0.wp.com\/mhyrdin.fr\/blog\/wordpress\/wp-content\/gallery\/revilla\/Nemusien_3523.JPG?h=170\" alt=\"N\u00e9musien\" width=\"255\" height=\"170\" \/><\/a><p class=\"jig-HTMLdescription\">N\u00e9musien<br\/>Nemusien_3523<\/p><\/li><li><a href=\"https:\/\/i0.wp.com\/mhyrdin.fr\/blog\/wordpress\/wp-content\/gallery\/revilla\/Nemusien_6201.JPG?ssl=1\" title=\"Nemusien_6201\"><img loading=\"lazy\" decoding=\"async\" src=\"https:\/\/i0.wp.com\/mhyrdin.fr\/blog\/wordpress\/wp-content\/gallery\/revilla\/Nemusien_6201.JPG?h=170\" alt=\"N\u00e9musien\" width=\"255\" height=\"170\" \/><\/a><p class=\"jig-HTMLdescription\">N\u00e9musien<br\/>Nemusien_6201<\/p><\/li><li><a href=\"https:\/\/i0.wp.com\/mhyrdin.fr\/blog\/wordpress\/wp-content\/gallery\/revilla\/Sylvain-azure_6214.JPG?ssl=1\"><img loading=\"lazy\" decoding=\"async\" src=\"https:\/\/i0.wp.com\/mhyrdin.fr\/blog\/wordpress\/wp-content\/gallery\/revilla\/Sylvain-azure_6214.JPG?h=170\" alt=\"Sylvain azur\u00e9\" width=\"255\" height=\"170\" \/><\/a><p class=\"jig-HTMLdescription\">Sylvain azur\u00e9<\/p><\/li><li><a href=\"https:\/\/i0.wp.com\/mhyrdin.fr\/blog\/wordpress\/wp-content\/gallery\/revilla\/Zygene-a-col-rouge_3444.JPG?ssl=1\"><img loading=\"lazy\" decoding=\"async\" src=\"https:\/\/i0.wp.com\/mhyrdin.fr\/blog\/wordpress\/wp-content\/gallery\/revilla\/Zygene-a-col-rouge_3444.JPG?h=170\" alt=\"Zyg\u00e8ne \u00e0 col rouge\" width=\"255\" height=\"170\" \/><\/a><p class=\"jig-HTMLdescription\">Zyg\u00e8ne \u00e0 col rouge<\/p><\/li><li><a href=\"https:\/\/i0.wp.com\/mhyrdin.fr\/blog\/wordpress\/wp-content\/gallery\/revilla\/Zygene-a-col-rouge_3546.JPG?ssl=1\"><img loading=\"lazy\" decoding=\"async\" src=\"https:\/\/i0.wp.com\/mhyrdin.fr\/blog\/wordpress\/wp-content\/gallery\/revilla\/Zygene-a-col-rouge_3546.JPG?h=170\" alt=\"Zyg\u00e8ne \u00e0 col rouge\" width=\"170\" height=\"170\" \/><\/a><p class=\"jig-HTMLdescription\">Zyg\u00e8ne \u00e0 col rouge<\/p><\/li><li><a href=\"https:\/\/i0.wp.com\/mhyrdin.fr\/blog\/wordpress\/wp-content\/gallery\/revilla\/Criquet-jacasseur_3481.JPG?ssl=1\"><img loading=\"lazy\" decoding=\"async\" src=\"https:\/\/i0.wp.com\/mhyrdin.fr\/blog\/wordpress\/wp-content\/gallery\/revilla\/Criquet-jacasseur_3481.JPG?h=170\" alt=\"Criquet jacasseur\" width=\"255\" height=\"170\" \/><\/a><p class=\"jig-HTMLdescription\">Criquet jacasseur<\/p><\/li><li><a href=\"https:\/\/i0.wp.com\/mhyrdin.fr\/blog\/wordpress\/wp-content\/gallery\/revilla\/Colchique-des-Pyrenees_6151.JPG?ssl=1\"><img loading=\"lazy\" decoding=\"async\" src=\"https:\/\/i0.wp.com\/mhyrdin.fr\/blog\/wordpress\/wp-content\/gallery\/revilla\/Colchique-des-Pyrenees_6151.JPG?h=170\" alt=\"Colchique des Pyr\u00e9n\u00e9es\" width=\"255\" height=\"170\" \/><\/a><p class=\"jig-HTMLdescription\">Colchique des Pyr\u00e9n\u00e9es<\/p><\/li><li><a href=\"https:\/\/i0.wp.com\/mhyrdin.fr\/blog\/wordpress\/wp-content\/gallery\/revilla\/Circaete-Jean-le-Blanc_6170.JPG?ssl=1\"><img loading=\"lazy\" decoding=\"async\" src=\"https:\/\/i0.wp.com\/mhyrdin.fr\/blog\/wordpress\/wp-content\/gallery\/revilla\/Circaete-Jean-le-Blanc_6170.JPG?h=170\" alt=\"Circa\u00e8te Jean-le-Blanc\" width=\"113\" height=\"170\" \/><\/a><p class=\"jig-HTMLdescription\">Circa\u00e8te Jean-le-Blanc<\/p><\/li><li><a href=\"https:\/\/i0.wp.com\/mhyrdin.fr\/blog\/wordpress\/wp-content\/gallery\/revilla\/Gypaete-barbu_6874.JPG?ssl=1\"><img loading=\"lazy\" decoding=\"async\" src=\"https:\/\/i0.wp.com\/mhyrdin.fr\/blog\/wordpress\/wp-content\/gallery\/revilla\/Gypaete-barbu_6874.JPG?h=170\" alt=\"Gypa\u00e8te barbu\" width=\"255\" height=\"170\" \/><\/a><p class=\"jig-HTMLdescription\">Gypa\u00e8te barbu<\/p><\/li><li><a href=\"https:\/\/i0.wp.com\/mhyrdin.fr\/blog\/wordpress\/wp-content\/gallery\/revilla\/Vautour-fauve_6197.JPG?ssl=1\"><img loading=\"lazy\" decoding=\"async\" src=\"https:\/\/i0.wp.com\/mhyrdin.fr\/blog\/wordpress\/wp-content\/gallery\/revilla\/Vautour-fauve_6197.JPG?h=170\" alt=\"Vautour fauve\" width=\"255\" height=\"170\" \/><\/a><p class=\"jig-HTMLdescription\">Vautour fauve<\/p><\/li><li><a href=\"https:\/\/i0.wp.com\/mhyrdin.fr\/blog\/wordpress\/wp-content\/gallery\/revilla\/Vautour-fauve_6802.JPG?ssl=1\"><img loading=\"lazy\" decoding=\"async\" src=\"https:\/\/i0.wp.com\/mhyrdin.fr\/blog\/wordpress\/wp-content\/gallery\/revilla\/Vautour-fauve_6802.JPG?h=170\" alt=\"Vautour fauve\" width=\"113\" height=\"170\" \/><\/a><p class=\"jig-HTMLdescription\">Vautour fauve<\/p><\/li><li><a href=\"https:\/\/i0.wp.com\/mhyrdin.fr\/blog\/wordpress\/wp-content\/gallery\/revilla\/Vautour-fauve_6837.JPG?ssl=1\"><img loading=\"lazy\" decoding=\"async\" src=\"https:\/\/i0.wp.com\/mhyrdin.fr\/blog\/wordpress\/wp-content\/gallery\/revilla\/Vautour-fauve_6837.JPG?h=170\" alt=\"Vautour fauve\" width=\"255\" height=\"170\" \/><\/a><p class=\"jig-HTMLdescription\">Vautour fauve<\/p><\/li><li><a href=\"https:\/\/i0.wp.com\/mhyrdin.fr\/blog\/wordpress\/wp-content\/gallery\/revilla\/Vautour-fauve_6911.JPG?ssl=1\"><img loading=\"lazy\" decoding=\"async\" src=\"https:\/\/i0.wp.com\/mhyrdin.fr\/blog\/wordpress\/wp-content\/gallery\/revilla\/Vautour-fauve_6911.JPG?h=170\" alt=\"Vautour fauve\" width=\"274\" height=\"170\" \/><\/a><p class=\"jig-HTMLdescription\">Vautour fauve<\/p><\/li><\/ul><\/noscript><\/div><div id=\"jig1-developerLink\" class=\"jig-developerLink\"><a href=\"https:\/\/justifiedgrid.com\/\" target=\"_blank\" title=\"Justified Image Grid - Premium WordPress Gallery\">powered by Justified Image Grid<\/a><\/div>\n<h3>Related Images:<\/h3>","protected":false},"excerpt":{"rendered":"<p>GerbeGerbe_6235GerbeGerbeGerbe_6242RevillaRevilla_124047RevillaRevilla_124046RevillaCanyon_110133RevillaCanyon_110134RevillaRevilla_124044RevillaArgus bleu c\u00e9lesteArgus bleu c\u00e9lesteColias sp.N\u00e9musienNemusien_3523N\u00e9musienNemusien_6201Sylvain azur\u00e9Zyg\u00e8ne \u00e0 col rougeZyg\u00e8ne \u00e0 col rougeCriquet jacasseurColchique des Pyr\u00e9n\u00e9esCirca\u00e8te Jean-le-BlancGypa\u00e8te barbuVautour fauveVautour fauveVautour fauveVautour fauvepowered by Justified Image Grid Related Images:<\/p>\n","protected":false},"author":4,"featured_media":0,"parent":20144,"menu_order":0,"comment_status":"closed","ping_status":"closed","template":"","meta":{"ngg_post_thumbnail":0,"jetpack_post_was_ever_published":false,"footnotes":"","_links_to":"","_links_to_target":""},"class_list":["post-22029","page","type-page","status-publish","hentry"],"jetpack_shortlink":"https:\/\/wp.me\/P9lSZN-5Jj","jetpack_sharing_enabled":true,"_links":{"self":[{"href":"https:\/\/mhyrdin.fr\/blog\/wp-json\/wp\/v2\/pages\/22029","targetHints":{"allow":["GET"]}}],"collection":[{"href":"https:\/\/mhyrdin.fr\/blog\/wp-json\/wp\/v2\/pages"}],"about":[{"href":"https:\/\/mhyrdin.fr\/blog\/wp-json\/wp\/v2\/types\/page"}],"author":[{"embeddable":true,"href":"https:\/\/mhyrdin.fr\/blog\/wp-json\/wp\/v2\/users\/4"}],"replies":[{"embeddable":true,"href":"https:\/\/mhyrdin.fr\/blog\/wp-json\/wp\/v2\/comments?post=22029"}],"version-history":[{"count":0,"href":"https:\/\/mhyrdin.fr\/blog\/wp-json\/wp\/v2\/pages\/22029\/revisions"}],"up":[{"embeddable":true,"href":"https:\/\/mhyrdin.fr\/blog\/wp-json\/wp\/v2\/pages\/20144"}],"wp:attachment":[{"href":"https:\/\/mhyrdin.fr\/blog\/wp-json\/wp\/v2\/media?parent=22029"}],"curies":[{"name":"wp","href":"https:\/\/api.w.org\/{rel}","templated":true}]}}