{"id":22028,"date":"2021-11-08T07:14:38","date_gmt":"2021-11-08T06:14:38","guid":{"rendered":"https:\/\/mhyrdin.fr\/blog\/2021-2\/piau-engaly-ete-2021\/"},"modified":"2021-11-08T07:14:38","modified_gmt":"2021-11-08T06:14:38","slug":"piau-engaly-ete-2021","status":"publish","type":"page","link":"https:\/\/mhyrdin.fr\/blog\/archives-numeriques\/2021-2\/piau-engaly-ete-2021\/","title":{"rendered":"Piau-Engaly \u00e9t\u00e9 2021"},"content":{"rendered":"<div id=\"jig1\" class=\"justified-image-grid jig-7c2547cc98f6ba16a1ca185b72198168 jig-preset-global jig-source-nextgen\"><div class=\"jig-clearfix\"><\/div><noscript id=\"jig1-html\" class=\"justified-image-grid-html\" data-lazy-src=\"skiplazyload\" data-src=\"skipunveillazyload\"><ul><li><a href=\"https:\/\/i0.wp.com\/mhyrdin.fr\/blog\/wordpress\/wp-content\/gallery\/piau-engaly_2021\/Piau-Engaly-Pic-de-Bugatet_5105.JPG?ssl=1\" title=\"Pic de Bugatet\"><img loading=\"lazy\" decoding=\"async\" src=\"https:\/\/i0.wp.com\/mhyrdin.fr\/blog\/wordpress\/wp-content\/gallery\/piau-engaly_2021\/Piau-Engaly-Pic-de-Bugatet_5105.JPG?h=170\" alt=\"Piau-Engaly\" width=\"338\" height=\"170\" \/><\/a><p class=\"jig-HTMLdescription\">Piau-Engaly<br\/>Pic de Bugatet<\/p><\/li><li><a href=\"https:\/\/i0.wp.com\/mhyrdin.fr\/blog\/wordpress\/wp-content\/gallery\/piau-engaly_2021\/Piau-Engaly_121920.jpg?ssl=1\"><img loading=\"lazy\" decoding=\"async\" src=\"https:\/\/i0.wp.com\/mhyrdin.fr\/blog\/wordpress\/wp-content\/gallery\/piau-engaly_2021\/Piau-Engaly_121920.jpg?h=170\" alt=\"Piau-Engaly\" width=\"302\" height=\"170\" \/><\/a><p class=\"jig-HTMLdescription\">Piau-Engaly<\/p><\/li><li><a href=\"https:\/\/i0.wp.com\/mhyrdin.fr\/blog\/wordpress\/wp-content\/gallery\/piau-engaly_2021\/Piau-Engaly_121922.jpg?ssl=1\"><img loading=\"lazy\" decoding=\"async\" src=\"https:\/\/i0.wp.com\/mhyrdin.fr\/blog\/wordpress\/wp-content\/gallery\/piau-engaly_2021\/Piau-Engaly_121922.jpg?h=170\" alt=\"Piau-Engaly\" width=\"302\" height=\"170\" \/><\/a><p class=\"jig-HTMLdescription\">Piau-Engaly<\/p><\/li><li><a href=\"https:\/\/i0.wp.com\/mhyrdin.fr\/blog\/wordpress\/wp-content\/gallery\/piau-engaly_2021\/Piau-Engaly_121924.jpg?ssl=1\"><img loading=\"lazy\" decoding=\"async\" src=\"https:\/\/i0.wp.com\/mhyrdin.fr\/blog\/wordpress\/wp-content\/gallery\/piau-engaly_2021\/Piau-Engaly_121924.jpg?h=170\" alt=\"Piau-Engaly\" width=\"302\" height=\"170\" \/><\/a><p class=\"jig-HTMLdescription\">Piau-Engaly<\/p><\/li><li><a href=\"https:\/\/i0.wp.com\/mhyrdin.fr\/blog\/wordpress\/wp-content\/gallery\/piau-engaly_2021\/Piau-Engaly_121923.jpg?ssl=1\"><img loading=\"lazy\" decoding=\"async\" src=\"https:\/\/i0.wp.com\/mhyrdin.fr\/blog\/wordpress\/wp-content\/gallery\/piau-engaly_2021\/Piau-Engaly_121923.jpg?h=170\" alt=\"Piau-Engaly\" width=\"302\" height=\"170\" \/><\/a><p class=\"jig-HTMLdescription\">Piau-Engaly<\/p><\/li><li><a href=\"https:\/\/i0.wp.com\/mhyrdin.fr\/blog\/wordpress\/wp-content\/gallery\/piau-engaly_2021\/Piau-Engaly_121925.jpg?ssl=1\"><img loading=\"lazy\" decoding=\"async\" src=\"https:\/\/i0.wp.com\/mhyrdin.fr\/blog\/wordpress\/wp-content\/gallery\/piau-engaly_2021\/Piau-Engaly_121925.jpg?h=170\" alt=\"Piau-Engaly\" width=\"282\" height=\"170\" \/><\/a><p class=\"jig-HTMLdescription\">Piau-Engaly<\/p><\/li><li><a href=\"https:\/\/i0.wp.com\/mhyrdin.fr\/blog\/wordpress\/wp-content\/gallery\/piau-engaly_2021\/Piau-Engaly_121927.jpg?ssl=1\"><img loading=\"lazy\" decoding=\"async\" src=\"https:\/\/i0.wp.com\/mhyrdin.fr\/blog\/wordpress\/wp-content\/gallery\/piau-engaly_2021\/Piau-Engaly_121927.jpg?h=170\" alt=\"Piau-Engaly\" width=\"233\" height=\"170\" \/><\/a><p class=\"jig-HTMLdescription\">Piau-Engaly<\/p><\/li><li><a href=\"https:\/\/i0.wp.com\/mhyrdin.fr\/blog\/wordpress\/wp-content\/gallery\/piau-engaly_2021\/Ancolie_5313.JPG?ssl=1\" title=\"Ancolie_5313\"><img loading=\"lazy\" decoding=\"async\" src=\"https:\/\/i0.wp.com\/mhyrdin.fr\/blog\/wordpress\/wp-content\/gallery\/piau-engaly_2021\/Ancolie_5313.JPG?h=170\" alt=\"Ancolie\" width=\"113\" height=\"170\" \/><\/a><p class=\"jig-HTMLdescription\">Ancolie<br\/>Ancolie_5313<\/p><\/li><li><a href=\"https:\/\/i0.wp.com\/mhyrdin.fr\/blog\/wordpress\/wp-content\/gallery\/piau-engaly_2021\/Ancolie_5192.JPG?ssl=1\" title=\"Ancolie_5192\"><img loading=\"lazy\" decoding=\"async\" src=\"https:\/\/i0.wp.com\/mhyrdin.fr\/blog\/wordpress\/wp-content\/gallery\/piau-engaly_2021\/Ancolie_5192.JPG?h=170\" alt=\"Ancolie\" width=\"113\" height=\"170\" \/><\/a><p class=\"jig-HTMLdescription\">Ancolie<br\/>Ancolie_5192<\/p><\/li><li><a href=\"https:\/\/i0.wp.com\/mhyrdin.fr\/blog\/wordpress\/wp-content\/gallery\/piau-engaly_2021\/Carline-a-feuille-d-acanthe_6384.JPG?ssl=1\"><img loading=\"lazy\" decoding=\"async\" src=\"https:\/\/i0.wp.com\/mhyrdin.fr\/blog\/wordpress\/wp-content\/gallery\/piau-engaly_2021\/Carline-a-feuille-d-acanthe_6384.JPG?h=170\" alt=\"Carline \u00e0 feuille d&#039;acanthe\" width=\"255\" height=\"170\" \/><\/a><p class=\"jig-HTMLdescription\">Carline \u00e0 feuille d'acanthe<\/p><\/li><li><a href=\"https:\/\/i0.wp.com\/mhyrdin.fr\/blog\/wordpress\/wp-content\/gallery\/piau-engaly_2021\/Carline-a-tige-courte_5199.JPG?ssl=1\"><img loading=\"lazy\" decoding=\"async\" src=\"https:\/\/i0.wp.com\/mhyrdin.fr\/blog\/wordpress\/wp-content\/gallery\/piau-engaly_2021\/Carline-a-tige-courte_5199.JPG?h=170\" alt=\"Carline \u00e0 tige courte\" width=\"170\" height=\"170\" \/><\/a><p class=\"jig-HTMLdescription\">Carline \u00e0 tige courte<\/p><\/li><li><a href=\"https:\/\/i0.wp.com\/mhyrdin.fr\/blog\/wordpress\/wp-content\/gallery\/piau-engaly_2021\/Chardon-laineux_5176.JPG?ssl=1\"><img loading=\"lazy\" decoding=\"async\" src=\"https:\/\/i0.wp.com\/mhyrdin.fr\/blog\/wordpress\/wp-content\/gallery\/piau-engaly_2021\/Chardon-laineux_5176.JPG?h=170\" alt=\"Chardon laineux\" width=\"113\" height=\"170\" \/><\/a><p class=\"jig-HTMLdescription\">Chardon laineux<\/p><\/li><li><a href=\"https:\/\/i0.wp.com\/mhyrdin.fr\/blog\/wordpress\/wp-content\/gallery\/piau-engaly_2021\/Millepertuis-tachete_5097.JPG?ssl=1\"><img loading=\"lazy\" decoding=\"async\" src=\"https:\/\/i0.wp.com\/mhyrdin.fr\/blog\/wordpress\/wp-content\/gallery\/piau-engaly_2021\/Millepertuis-tachete_5097.JPG?h=170\" alt=\"Millepertuis tachet\u00e9\" width=\"255\" height=\"170\" \/><\/a><p class=\"jig-HTMLdescription\">Millepertuis tachet\u00e9<\/p><\/li><li><a href=\"https:\/\/i0.wp.com\/mhyrdin.fr\/blog\/wordpress\/wp-content\/gallery\/piau-engaly_2021\/Laitue-de-Plumier_5104.JPG?ssl=1\"><img loading=\"lazy\" decoding=\"async\" src=\"https:\/\/i0.wp.com\/mhyrdin.fr\/blog\/wordpress\/wp-content\/gallery\/piau-engaly_2021\/Laitue-de-Plumier_5104.JPG?h=170\" alt=\"Laitue de Plumier\" width=\"253\" height=\"170\" \/><\/a><p class=\"jig-HTMLdescription\">Laitue de Plumier<\/p><\/li><li><a href=\"https:\/\/i0.wp.com\/mhyrdin.fr\/blog\/wordpress\/wp-content\/gallery\/piau-engaly_2021\/Accenteur-mouchet_6566.JPG?ssl=1\"><img loading=\"lazy\" decoding=\"async\" src=\"https:\/\/i0.wp.com\/mhyrdin.fr\/blog\/wordpress\/wp-content\/gallery\/piau-engaly_2021\/Accenteur-mouchet_6566.JPG?h=170\" alt=\"Accenteur mouchet\" width=\"255\" height=\"170\" \/><\/a><p class=\"jig-HTMLdescription\">Accenteur mouchet<\/p><\/li><li><a href=\"https:\/\/i0.wp.com\/mhyrdin.fr\/blog\/wordpress\/wp-content\/gallery\/piau-engaly_2021\/Cincle-plongeur_6471.JPG?ssl=1\"><img loading=\"lazy\" decoding=\"async\" src=\"https:\/\/i0.wp.com\/mhyrdin.fr\/blog\/wordpress\/wp-content\/gallery\/piau-engaly_2021\/Cincle-plongeur_6471.JPG?h=170\" alt=\"Cincle plongeur\" width=\"255\" height=\"170\" \/><\/a><p class=\"jig-HTMLdescription\">Cincle plongeur<\/p><\/li><li><a href=\"https:\/\/i0.wp.com\/mhyrdin.fr\/blog\/wordpress\/wp-content\/gallery\/piau-engaly_2021\/Cincle-plongeur_6479.JPG?ssl=1\"><img loading=\"lazy\" decoding=\"async\" src=\"https:\/\/i0.wp.com\/mhyrdin.fr\/blog\/wordpress\/wp-content\/gallery\/piau-engaly_2021\/Cincle-plongeur_6479.JPG?h=170\" alt=\"Cincle plongeur\" width=\"255\" height=\"170\" \/><\/a><p class=\"jig-HTMLdescription\">Cincle plongeur<\/p><\/li><li><a href=\"https:\/\/i0.wp.com\/mhyrdin.fr\/blog\/wordpress\/wp-content\/gallery\/piau-engaly_2021\/Cincle-plongeur_6488.JPG?ssl=1\"><img loading=\"lazy\" decoding=\"async\" src=\"https:\/\/i0.wp.com\/mhyrdin.fr\/blog\/wordpress\/wp-content\/gallery\/piau-engaly_2021\/Cincle-plongeur_6488.JPG?h=170\" alt=\"Cincle plongeur\" width=\"255\" height=\"170\" \/><\/a><p class=\"jig-HTMLdescription\">Cincle plongeur<\/p><\/li><li><a href=\"https:\/\/i0.wp.com\/mhyrdin.fr\/blog\/wordpress\/wp-content\/gallery\/piau-engaly_2021\/Pipit-spioncelle_5125.JPG?ssl=1\"><img loading=\"lazy\" decoding=\"async\" src=\"https:\/\/i0.wp.com\/mhyrdin.fr\/blog\/wordpress\/wp-content\/gallery\/piau-engaly_2021\/Pipit-spioncelle_5125.JPG?h=170\" alt=\"Pipit spioncelle\" width=\"113\" height=\"170\" \/><\/a><p class=\"jig-HTMLdescription\">Pipit spioncelle<\/p><\/li><li><a href=\"https:\/\/i0.wp.com\/mhyrdin.fr\/blog\/wordpress\/wp-content\/gallery\/piau-engaly_2021\/Rougequeue-noir_5140.JPG?ssl=1\"><img loading=\"lazy\" decoding=\"async\" src=\"https:\/\/i0.wp.com\/mhyrdin.fr\/blog\/wordpress\/wp-content\/gallery\/piau-engaly_2021\/Rougequeue-noir_5140.JPG?h=170\" alt=\"Rougequeue noir\" width=\"113\" height=\"170\" \/><\/a><p class=\"jig-HTMLdescription\">Rougequeue noir<\/p><\/li><li><a href=\"https:\/\/i0.wp.com\/mhyrdin.fr\/blog\/wordpress\/wp-content\/gallery\/piau-engaly_2021\/Rougequeue-noir_5272.JPG?ssl=1\"><img loading=\"lazy\" decoding=\"async\" src=\"https:\/\/i0.wp.com\/mhyrdin.fr\/blog\/wordpress\/wp-content\/gallery\/piau-engaly_2021\/Rougequeue-noir_5272.JPG?h=170\" alt=\"Rougequeue noir\" width=\"255\" height=\"170\" \/><\/a><p class=\"jig-HTMLdescription\">Rougequeue noir<\/p><\/li><li><a href=\"https:\/\/i0.wp.com\/mhyrdin.fr\/blog\/wordpress\/wp-content\/gallery\/piau-engaly_2021\/Faucon-crecerelle_5150.JPG?ssl=1\"><img loading=\"lazy\" decoding=\"async\" src=\"https:\/\/i0.wp.com\/mhyrdin.fr\/blog\/wordpress\/wp-content\/gallery\/piau-engaly_2021\/Faucon-crecerelle_5150.JPG?h=170\" alt=\"Faucon cr\u00e9cerelle\" width=\"255\" height=\"170\" \/><\/a><p class=\"jig-HTMLdescription\">Faucon cr\u00e9cerelle<\/p><\/li><li><a href=\"https:\/\/i0.wp.com\/mhyrdin.fr\/blog\/wordpress\/wp-content\/gallery\/piau-engaly_2021\/Traquet-motteux_5288.JPG?ssl=1\"><img loading=\"lazy\" decoding=\"async\" src=\"https:\/\/i0.wp.com\/mhyrdin.fr\/blog\/wordpress\/wp-content\/gallery\/piau-engaly_2021\/Traquet-motteux_5288.JPG?h=170\" alt=\"Traquet motteux\" width=\"255\" height=\"170\" \/><\/a><p class=\"jig-HTMLdescription\">Traquet motteux<\/p><\/li><li><a href=\"https:\/\/i0.wp.com\/mhyrdin.fr\/blog\/wordpress\/wp-content\/gallery\/piau-engaly_2021\/Marmotte_5250.JPG?ssl=1\" title=\"Marmotte_5250\"><img loading=\"lazy\" decoding=\"async\" src=\"https:\/\/i0.wp.com\/mhyrdin.fr\/blog\/wordpress\/wp-content\/gallery\/piau-engaly_2021\/Marmotte_5250.JPG?h=170\" alt=\"Marmotte\" width=\"255\" height=\"170\" \/><\/a><p class=\"jig-HTMLdescription\">Marmotte<br\/>Marmotte_5250<\/p><\/li><li><a href=\"https:\/\/i0.wp.com\/mhyrdin.fr\/blog\/wordpress\/wp-content\/gallery\/piau-engaly_2021\/Marmotte_6420.JPG?ssl=1\" title=\"Marmotte_6420\"><img loading=\"lazy\" decoding=\"async\" src=\"https:\/\/i0.wp.com\/mhyrdin.fr\/blog\/wordpress\/wp-content\/gallery\/piau-engaly_2021\/Marmotte_6420.JPG?h=170\" alt=\"Marmotte\" width=\"255\" height=\"170\" \/><\/a><p class=\"jig-HTMLdescription\">Marmotte<br\/>Marmotte_6420<\/p><\/li><li><a href=\"https:\/\/i0.wp.com\/mhyrdin.fr\/blog\/wordpress\/wp-content\/gallery\/piau-engaly_2021\/Marmotte_6364.JPG?ssl=1\" title=\"Marmotte_6364\"><img loading=\"lazy\" decoding=\"async\" src=\"https:\/\/i0.wp.com\/mhyrdin.fr\/blog\/wordpress\/wp-content\/gallery\/piau-engaly_2021\/Marmotte_6364.JPG?h=170\" alt=\"Marmotte\" width=\"255\" height=\"170\" \/><\/a><p class=\"jig-HTMLdescription\">Marmotte<br\/>Marmotte_6364<\/p><\/li><li><a href=\"https:\/\/i0.wp.com\/mhyrdin.fr\/blog\/wordpress\/wp-content\/gallery\/piau-engaly_2021\/Marmotte_6402.JPG?ssl=1\" title=\"Marmotte_6402\"><img loading=\"lazy\" decoding=\"async\" src=\"https:\/\/i0.wp.com\/mhyrdin.fr\/blog\/wordpress\/wp-content\/gallery\/piau-engaly_2021\/Marmotte_6402.JPG?h=170\" alt=\"Marmotte\" width=\"255\" height=\"170\" \/><\/a><p class=\"jig-HTMLdescription\">Marmotte<br\/>Marmotte_6402<\/p><\/li><li><a href=\"https:\/\/i0.wp.com\/mhyrdin.fr\/blog\/wordpress\/wp-content\/gallery\/piau-engaly_2021\/Marmotte_6595.JPG?ssl=1\" title=\"Marmotte_6595\"><img loading=\"lazy\" decoding=\"async\" src=\"https:\/\/i0.wp.com\/mhyrdin.fr\/blog\/wordpress\/wp-content\/gallery\/piau-engaly_2021\/Marmotte_6595.JPG?h=170\" alt=\"Marmotte\" width=\"255\" height=\"170\" \/><\/a><p class=\"jig-HTMLdescription\">Marmotte<br\/>Marmotte_6595<\/p><\/li><\/ul><\/noscript><\/div><div id=\"jig1-developerLink\" class=\"jig-developerLink\"><a href=\"https:\/\/justifiedgrid.com\/\" target=\"_blank\" title=\"Justified Image Grid - Premium WordPress Gallery\">powered by Justified Image Grid<\/a><\/div>\n<h3>Related Images:<\/h3>","protected":false},"excerpt":{"rendered":"<p>Piau-EngalyPic de BugatetPiau-EngalyPiau-EngalyPiau-EngalyPiau-EngalyPiau-EngalyPiau-EngalyAncolieAncolie_5313AncolieAncolie_5192Carline \u00e0 feuille d&rsquo;acantheCarline \u00e0 tige courteChardon laineuxMillepertuis tachet\u00e9Laitue de PlumierAccenteur mouchetCincle plongeurCincle plongeurCincle plongeurPipit spioncelleRougequeue noirRougequeue noirFaucon cr\u00e9cerelleTraquet motteuxMarmotteMarmotte_5250MarmotteMarmotte_6420MarmotteMarmotte_6364MarmotteMarmotte_6402MarmotteMarmotte_6595powered by Justified Image Grid Related Images:<\/p>\n","protected":false},"author":4,"featured_media":0,"parent":20144,"menu_order":0,"comment_status":"closed","ping_status":"closed","template":"","meta":{"ngg_post_thumbnail":0,"jetpack_post_was_ever_published":false,"footnotes":"","_links_to":"","_links_to_target":""},"class_list":["post-22028","page","type-page","status-publish","hentry"],"jetpack_shortlink":"https:\/\/wp.me\/P9lSZN-5Ji","jetpack_sharing_enabled":true,"_links":{"self":[{"href":"https:\/\/mhyrdin.fr\/blog\/wp-json\/wp\/v2\/pages\/22028","targetHints":{"allow":["GET"]}}],"collection":[{"href":"https:\/\/mhyrdin.fr\/blog\/wp-json\/wp\/v2\/pages"}],"about":[{"href":"https:\/\/mhyrdin.fr\/blog\/wp-json\/wp\/v2\/types\/page"}],"author":[{"embeddable":true,"href":"https:\/\/mhyrdin.fr\/blog\/wp-json\/wp\/v2\/users\/4"}],"replies":[{"embeddable":true,"href":"https:\/\/mhyrdin.fr\/blog\/wp-json\/wp\/v2\/comments?post=22028"}],"version-history":[{"count":0,"href":"https:\/\/mhyrdin.fr\/blog\/wp-json\/wp\/v2\/pages\/22028\/revisions"}],"up":[{"embeddable":true,"href":"https:\/\/mhyrdin.fr\/blog\/wp-json\/wp\/v2\/pages\/20144"}],"wp:attachment":[{"href":"https:\/\/mhyrdin.fr\/blog\/wp-json\/wp\/v2\/media?parent=22028"}],"curies":[{"name":"wp","href":"https:\/\/api.w.org\/{rel}","templated":true}]}}