{"id":22027,"date":"2021-11-08T07:10:18","date_gmt":"2021-11-08T06:10:18","guid":{"rendered":"https:\/\/mhyrdin.fr\/blog\/2021-2\/au-depart-de-saint-lary\/"},"modified":"2021-11-08T07:10:18","modified_gmt":"2021-11-08T06:10:18","slug":"au-depart-de-saint-lary","status":"publish","type":"page","link":"https:\/\/mhyrdin.fr\/blog\/archives-numeriques\/2021-2\/au-depart-de-saint-lary\/","title":{"rendered":"Au d\u00e9part de Saint Lary"},"content":{"rendered":"<div id=\"jig1\" class=\"justified-image-grid jig-9431cba605260645c304b0f038be9829 jig-preset-global jig-source-nextgen\"><div class=\"jig-clearfix\"><\/div><noscript id=\"jig1-html\" class=\"justified-image-grid-html\" data-lazy-src=\"skiplazyload\" data-src=\"skipunveillazyload\"><ul><li><a href=\"https:\/\/i0.wp.com\/mhyrdin.fr\/blog\/wordpress\/wp-content\/gallery\/saintLary2021-5\/Aspin_140406.jpg?ssl=1\" title=\"Aspin_140406\"><img loading=\"lazy\" decoding=\"async\" src=\"https:\/\/i0.wp.com\/mhyrdin.fr\/blog\/wordpress\/wp-content\/gallery\/saintLary2021-5\/Aspin_140406.jpg?h=170\" alt=\"Au col d&#039;Aspin\" width=\"368\" height=\"170\" \/><\/a><p class=\"jig-HTMLdescription\">Au col d'Aspin<br\/>Aspin_140406<\/p><\/li><li><a href=\"https:\/\/i0.wp.com\/mhyrdin.fr\/blog\/wordpress\/wp-content\/gallery\/saintLary2021-5\/Aspin_140409.jpg?ssl=1\" title=\"Aspin_140409\"><img loading=\"lazy\" decoding=\"async\" src=\"https:\/\/i0.wp.com\/mhyrdin.fr\/blog\/wordpress\/wp-content\/gallery\/saintLary2021-5\/Aspin_140409.jpg?h=170\" alt=\"Au col d&#039;Aspin\" width=\"368\" height=\"170\" \/><\/a><p class=\"jig-HTMLdescription\">Au col d'Aspin<br\/>Aspin_140409<\/p><\/li><li><a href=\"https:\/\/i0.wp.com\/mhyrdin.fr\/blog\/wordpress\/wp-content\/gallery\/saintLary2021-5\/Grand%20Corbeau_5880.JPG?ssl=1\"><img loading=\"lazy\" decoding=\"async\" src=\"https:\/\/i0.wp.com\/mhyrdin.fr\/blog\/wordpress\/wp-content\/gallery\/saintLary2021-5\/Grand%20Corbeau_5880.JPG?h=170\" alt=\"Grand Corbeau\" width=\"255\" height=\"170\" \/><\/a><p class=\"jig-HTMLdescription\">Grand Corbeau<\/p><\/li><li><a href=\"https:\/\/i0.wp.com\/mhyrdin.fr\/blog\/wordpress\/wp-content\/gallery\/saintLary2021-5\/Grand%20Corbeau_5887.JPG?ssl=1\"><img loading=\"lazy\" decoding=\"async\" src=\"https:\/\/i0.wp.com\/mhyrdin.fr\/blog\/wordpress\/wp-content\/gallery\/saintLary2021-5\/Grand%20Corbeau_5887.JPG?h=170\" alt=\"Grand Corbeau\" width=\"255\" height=\"170\" \/><\/a><p class=\"jig-HTMLdescription\">Grand Corbeau<\/p><\/li><li><a href=\"https:\/\/i0.wp.com\/mhyrdin.fr\/blog\/wordpress\/wp-content\/gallery\/saintLary2021-5\/Grand%20Corbeau_5888.JPG?ssl=1\"><img loading=\"lazy\" decoding=\"async\" src=\"https:\/\/i0.wp.com\/mhyrdin.fr\/blog\/wordpress\/wp-content\/gallery\/saintLary2021-5\/Grand%20Corbeau_5888.JPG?h=170\" alt=\"Grand Corbeau\" width=\"255\" height=\"170\" \/><\/a><p class=\"jig-HTMLdescription\">Grand Corbeau<\/p><\/li><li><a href=\"https:\/\/i0.wp.com\/mhyrdin.fr\/blog\/wordpress\/wp-content\/gallery\/saintLary2021-5\/Grand%20Corbeau_5890.JPG?ssl=1\"><img loading=\"lazy\" decoding=\"async\" src=\"https:\/\/i0.wp.com\/mhyrdin.fr\/blog\/wordpress\/wp-content\/gallery\/saintLary2021-5\/Grand%20Corbeau_5890.JPG?h=170\" alt=\"Grand Corbeau\" width=\"255\" height=\"170\" \/><\/a><p class=\"jig-HTMLdescription\">Grand Corbeau<\/p><\/li><li><a href=\"https:\/\/i0.wp.com\/mhyrdin.fr\/blog\/wordpress\/wp-content\/gallery\/saintLary2021-5\/Grand%20Corbeau_5892.JPG?ssl=1\"><img loading=\"lazy\" decoding=\"async\" src=\"https:\/\/i0.wp.com\/mhyrdin.fr\/blog\/wordpress\/wp-content\/gallery\/saintLary2021-5\/Grand%20Corbeau_5892.JPG?h=170\" alt=\"Grand Corbeau\" width=\"113\" height=\"170\" \/><\/a><p class=\"jig-HTMLdescription\">Grand Corbeau<\/p><\/li><li><a href=\"https:\/\/i0.wp.com\/mhyrdin.fr\/blog\/wordpress\/wp-content\/gallery\/saintLary2021-5\/Champignon_5897.JPG?ssl=1\" title=\"Champignon_5897\"><img loading=\"lazy\" decoding=\"async\" src=\"https:\/\/i0.wp.com\/mhyrdin.fr\/blog\/wordpress\/wp-content\/gallery\/saintLary2021-5\/Champignon_5897.JPG?h=170\" alt=\"Champignon\" width=\"170\" height=\"170\" \/><\/a><p class=\"jig-HTMLdescription\">Champignon<br\/>Champignon_5897<\/p><\/li><li><a href=\"https:\/\/i0.wp.com\/mhyrdin.fr\/blog\/wordpress\/wp-content\/gallery\/saintLary2021-5\/Loudenvielle_121818.jpg?ssl=1\" title=\"Loudenvielle_121818\"><img loading=\"lazy\" decoding=\"async\" src=\"https:\/\/i0.wp.com\/mhyrdin.fr\/blog\/wordpress\/wp-content\/gallery\/saintLary2021-5\/Loudenvielle_121818.jpg?h=170\" alt=\"Loudenvielle\" width=\"368\" height=\"170\" \/><\/a><p class=\"jig-HTMLdescription\">Loudenvielle<br\/>Loudenvielle_121818<\/p><\/li><li><a href=\"https:\/\/i0.wp.com\/mhyrdin.fr\/blog\/wordpress\/wp-content\/gallery\/saintLary2021-5\/Loudenvielle_121819.jpg?ssl=1\" title=\"Loudenvielle_121819\"><img loading=\"lazy\" decoding=\"async\" src=\"https:\/\/i0.wp.com\/mhyrdin.fr\/blog\/wordpress\/wp-content\/gallery\/saintLary2021-5\/Loudenvielle_121819.jpg?h=170\" alt=\"Loudenvielle\" width=\"368\" height=\"170\" \/><\/a><p class=\"jig-HTMLdescription\">Loudenvielle<br\/>Loudenvielle_121819<\/p><\/li><li><a href=\"https:\/\/i0.wp.com\/mhyrdin.fr\/blog\/wordpress\/wp-content\/gallery\/saintLary2021-5\/Grande%20Astrance_124223.jpg?ssl=1\"><img loading=\"lazy\" decoding=\"async\" src=\"https:\/\/i0.wp.com\/mhyrdin.fr\/blog\/wordpress\/wp-content\/gallery\/saintLary2021-5\/Grande%20Astrance_124223.jpg?h=170\" alt=\"Grande Astrance\" width=\"170\" height=\"170\" \/><\/a><p class=\"jig-HTMLdescription\">Grande Astrance<\/p><\/li><li><a href=\"https:\/\/i0.wp.com\/mhyrdin.fr\/blog\/wordpress\/wp-content\/gallery\/saintLary2021-5\/Bergeronnette%20grise_5912.JPG?ssl=1\"><img loading=\"lazy\" decoding=\"async\" src=\"https:\/\/i0.wp.com\/mhyrdin.fr\/blog\/wordpress\/wp-content\/gallery\/saintLary2021-5\/Bergeronnette%20grise_5912.JPG?h=170\" alt=\"Bergeronnette grise\" width=\"255\" height=\"170\" \/><\/a><p class=\"jig-HTMLdescription\">Bergeronnette grise<\/p><\/li><li><a href=\"https:\/\/i0.wp.com\/mhyrdin.fr\/blog\/wordpress\/wp-content\/gallery\/saintLary2021-5\/Vall%C3%A9e%20d-O%C3%B4%20Pano1.jpg?ssl=1\"><img loading=\"lazy\" decoding=\"async\" src=\"https:\/\/i0.wp.com\/mhyrdin.fr\/blog\/wordpress\/wp-content\/gallery\/saintLary2021-5\/Vall%C3%A9e%20d-O%C3%B4%20Pano1.jpg?h=170\" alt=\"Vall\u00e9e d&#039;O\u00f4\" width=\"446\" height=\"170\" \/><\/a><p class=\"jig-HTMLdescription\">Vall\u00e9e d'O\u00f4<\/p><\/li><li><a href=\"https:\/\/i0.wp.com\/mhyrdin.fr\/blog\/wordpress\/wp-content\/gallery\/saintLary2021-5\/Morosphynx_5993.JPG?ssl=1\" title=\"Morosphynx_5993\"><img loading=\"lazy\" decoding=\"async\" src=\"https:\/\/i0.wp.com\/mhyrdin.fr\/blog\/wordpress\/wp-content\/gallery\/saintLary2021-5\/Morosphynx_5993.JPG?h=170\" alt=\"Morosphynx\" width=\"255\" height=\"170\" \/><\/a><p class=\"jig-HTMLdescription\">Morosphynx<br\/>Morosphynx_5993<\/p><\/li><li><a href=\"https:\/\/i0.wp.com\/mhyrdin.fr\/blog\/wordpress\/wp-content\/gallery\/saintLary2021-5\/Morosphynx_6000.JPG?ssl=1\" title=\"Morosphynx_6000\"><img loading=\"lazy\" decoding=\"async\" src=\"https:\/\/i0.wp.com\/mhyrdin.fr\/blog\/wordpress\/wp-content\/gallery\/saintLary2021-5\/Morosphynx_6000.JPG?h=170\" alt=\"Morosphynx\" width=\"255\" height=\"170\" \/><\/a><p class=\"jig-HTMLdescription\">Morosphynx<br\/>Morosphynx_6000<\/p><\/li><li><a href=\"https:\/\/i0.wp.com\/mhyrdin.fr\/blog\/wordpress\/wp-content\/gallery\/saintLary2021-5\/Pie-gri%C3%A8che%20%C3%A9corcheur_6036.JPG?ssl=1\"><img loading=\"lazy\" decoding=\"async\" src=\"https:\/\/i0.wp.com\/mhyrdin.fr\/blog\/wordpress\/wp-content\/gallery\/saintLary2021-5\/Pie-gri%C3%A8che%20%C3%A9corcheur_6036.JPG?h=170\" alt=\"Pie-gri\u00e8che \u00e9corcheur\" width=\"255\" height=\"170\" \/><\/a><p class=\"jig-HTMLdescription\">Pie-gri\u00e8che \u00e9corcheur<\/p><\/li><li><a href=\"https:\/\/i0.wp.com\/mhyrdin.fr\/blog\/wordpress\/wp-content\/gallery\/saintLary2021-5\/Pie-gri%C3%A8che%20%C3%A9corcheur_6050.JPG?ssl=1\"><img loading=\"lazy\" decoding=\"async\" src=\"https:\/\/i0.wp.com\/mhyrdin.fr\/blog\/wordpress\/wp-content\/gallery\/saintLary2021-5\/Pie-gri%C3%A8che%20%C3%A9corcheur_6050.JPG?h=170\" alt=\"Pie-gri\u00e8che \u00e9corcheur\" width=\"255\" height=\"170\" \/><\/a><p class=\"jig-HTMLdescription\">Pie-gri\u00e8che \u00e9corcheur<\/p><\/li><li><a href=\"https:\/\/i0.wp.com\/mhyrdin.fr\/blog\/wordpress\/wp-content\/gallery\/saintLary2021-5\/Pie-gri%C3%A8che%20%C3%A9corcheur_6104.JPG?ssl=1\"><img loading=\"lazy\" decoding=\"async\" src=\"https:\/\/i0.wp.com\/mhyrdin.fr\/blog\/wordpress\/wp-content\/gallery\/saintLary2021-5\/Pie-gri%C3%A8che%20%C3%A9corcheur_6104.JPG?h=170\" alt=\"Pie-gri\u00e8che \u00e9corcheur\" width=\"113\" height=\"170\" \/><\/a><p class=\"jig-HTMLdescription\">Pie-gri\u00e8che \u00e9corcheur<\/p><\/li><li><a href=\"https:\/\/i0.wp.com\/mhyrdin.fr\/blog\/wordpress\/wp-content\/gallery\/saintLary2021-5\/Pie-gri%C3%A8che%20%C3%A9corcheur_6115.JPG?ssl=1\"><img loading=\"lazy\" decoding=\"async\" src=\"https:\/\/i0.wp.com\/mhyrdin.fr\/blog\/wordpress\/wp-content\/gallery\/saintLary2021-5\/Pie-gri%C3%A8che%20%C3%A9corcheur_6115.JPG?h=170\" alt=\"Pie-gri\u00e8che \u00e9corcheur\" width=\"255\" height=\"170\" \/><\/a><p class=\"jig-HTMLdescription\">Pie-gri\u00e8che \u00e9corcheur<\/p><\/li><\/ul><\/noscript><\/div><div id=\"jig1-developerLink\" class=\"jig-developerLink\"><a href=\"https:\/\/justifiedgrid.com\/\" target=\"_blank\" title=\"Justified Image Grid - Premium WordPress Gallery\">powered by Justified Image Grid<\/a><\/div>\n<h3>Related Images:<\/h3>","protected":false},"excerpt":{"rendered":"<p>Au col d&rsquo;AspinAspin_140406Au col d&rsquo;AspinAspin_140409Grand CorbeauGrand CorbeauGrand CorbeauGrand CorbeauGrand CorbeauChampignonChampignon_5897LoudenvielleLoudenvielle_121818LoudenvielleLoudenvielle_121819Grande AstranceBergeronnette griseVall\u00e9e d&rsquo;O\u00f4MorosphynxMorosphynx_5993MorosphynxMorosphynx_6000Pie-gri\u00e8che \u00e9corcheurPie-gri\u00e8che \u00e9corcheurPie-gri\u00e8che \u00e9corcheurPie-gri\u00e8che \u00e9corcheurpowered by Justified Image Grid Related Images:<\/p>\n","protected":false},"author":4,"featured_media":0,"parent":20144,"menu_order":0,"comment_status":"closed","ping_status":"closed","template":"","meta":{"ngg_post_thumbnail":0,"jetpack_post_was_ever_published":false,"footnotes":"","_links_to":"","_links_to_target":""},"class_list":["post-22027","page","type-page","status-publish","hentry"],"jetpack_shortlink":"https:\/\/wp.me\/P9lSZN-5Jh","jetpack_sharing_enabled":true,"_links":{"self":[{"href":"https:\/\/mhyrdin.fr\/blog\/wp-json\/wp\/v2\/pages\/22027","targetHints":{"allow":["GET"]}}],"collection":[{"href":"https:\/\/mhyrdin.fr\/blog\/wp-json\/wp\/v2\/pages"}],"about":[{"href":"https:\/\/mhyrdin.fr\/blog\/wp-json\/wp\/v2\/types\/page"}],"author":[{"embeddable":true,"href":"https:\/\/mhyrdin.fr\/blog\/wp-json\/wp\/v2\/users\/4"}],"replies":[{"embeddable":true,"href":"https:\/\/mhyrdin.fr\/blog\/wp-json\/wp\/v2\/comments?post=22027"}],"version-history":[{"count":0,"href":"https:\/\/mhyrdin.fr\/blog\/wp-json\/wp\/v2\/pages\/22027\/revisions"}],"up":[{"embeddable":true,"href":"https:\/\/mhyrdin.fr\/blog\/wp-json\/wp\/v2\/pages\/20144"}],"wp:attachment":[{"href":"https:\/\/mhyrdin.fr\/blog\/wp-json\/wp\/v2\/media?parent=22027"}],"curies":[{"name":"wp","href":"https:\/\/api.w.org\/{rel}","templated":true}]}}