{"id":21214,"date":"2021-06-04T00:18:44","date_gmt":"2021-06-03T22:18:44","guid":{"rendered":"https:\/\/mhyrdin.fr\/blog\/2021-2\/mai-en-briere\/"},"modified":"2021-06-04T00:18:44","modified_gmt":"2021-06-03T22:18:44","slug":"mai-en-briere","status":"publish","type":"page","link":"https:\/\/mhyrdin.fr\/blog\/archives-numeriques\/2021-2\/mai-en-briere\/","title":{"rendered":"Mai en Bri\u00e8re"},"content":{"rendered":"<div id=\"jig1\" class=\"justified-image-grid jig-d450fc7fad2b7d993582d36221f79c43 jig-preset-global jig-source-nextgen\"><div class=\"jig-clearfix\"><\/div><noscript id=\"jig1-html\" class=\"justified-image-grid-html\" data-lazy-src=\"skiplazyload\" data-src=\"skipunveillazyload\"><ul><li><a href=\"https:\/\/i0.wp.com\/mhyrdin.fr\/blog\/wordpress\/wp-content\/gallery\/maiBriere\/Pen%20Bron_3061.JPG?ssl=1\"><img loading=\"lazy\" decoding=\"async\" src=\"https:\/\/i0.wp.com\/mhyrdin.fr\/blog\/wordpress\/wp-content\/gallery\/maiBriere\/Pen%20Bron_3061.JPG?h=170\" alt=\"Pen Bron\" width=\"255\" height=\"170\" \/><\/a><p class=\"jig-HTMLdescription\">Pen Bron<\/p><\/li><li><a href=\"https:\/\/i0.wp.com\/mhyrdin.fr\/blog\/wordpress\/wp-content\/gallery\/maiBriere\/Pen%20Bron_3057.JPG?ssl=1\"><img loading=\"lazy\" decoding=\"async\" src=\"https:\/\/i0.wp.com\/mhyrdin.fr\/blog\/wordpress\/wp-content\/gallery\/maiBriere\/Pen%20Bron_3057.JPG?h=170\" alt=\"Pen Bron\" width=\"113\" height=\"170\" \/><\/a><p class=\"jig-HTMLdescription\">Pen Bron<\/p><\/li><li><a href=\"https:\/\/i0.wp.com\/mhyrdin.fr\/blog\/wordpress\/wp-content\/gallery\/maiBriere\/Pen%20Bron_3050.JPG?ssl=1\"><img loading=\"lazy\" decoding=\"async\" src=\"https:\/\/i0.wp.com\/mhyrdin.fr\/blog\/wordpress\/wp-content\/gallery\/maiBriere\/Pen%20Bron_3050.JPG?h=170\" alt=\"Pen Bron\" width=\"255\" height=\"170\" \/><\/a><p class=\"jig-HTMLdescription\">Pen Bron<\/p><\/li><li><a href=\"https:\/\/i0.wp.com\/mhyrdin.fr\/blog\/wordpress\/wp-content\/gallery\/maiBriere\/Chauss%C3%A9e%20neuve_165544%20-%20Copie.jpg?ssl=1\"><img loading=\"lazy\" decoding=\"async\" src=\"https:\/\/i0.wp.com\/mhyrdin.fr\/blog\/wordpress\/wp-content\/gallery\/maiBriere\/Chauss%C3%A9e%20neuve_165544%20-%20Copie.jpg?h=170\" alt=\"Chauss\u00e9e neuve\" width=\"302\" height=\"170\" \/><\/a><p class=\"jig-HTMLdescription\">Chauss\u00e9e neuve<\/p><\/li><li><a href=\"https:\/\/i0.wp.com\/mhyrdin.fr\/blog\/wordpress\/wp-content\/gallery\/maiBriere\/Iris_1623.JPG?ssl=1\" title=\"Iris_1623\"><img loading=\"lazy\" decoding=\"async\" src=\"https:\/\/i0.wp.com\/mhyrdin.fr\/blog\/wordpress\/wp-content\/gallery\/maiBriere\/Iris_1623.JPG?h=170\" alt=\"Iris\" width=\"255\" height=\"170\" \/><\/a><p class=\"jig-HTMLdescription\">Iris<br\/>Iris_1623<\/p><\/li><li><a href=\"https:\/\/i0.wp.com\/mhyrdin.fr\/blog\/wordpress\/wp-content\/gallery\/maiBriere\/Avocette%20%C3%A9l%C3%A9gante_1667.JPG?ssl=1\"><img loading=\"lazy\" decoding=\"async\" src=\"https:\/\/i0.wp.com\/mhyrdin.fr\/blog\/wordpress\/wp-content\/gallery\/maiBriere\/Avocette%20%C3%A9l%C3%A9gante_1667.JPG?h=170\" alt=\"Avocette \u00e9l\u00e9gante\" width=\"255\" height=\"170\" \/><\/a><p class=\"jig-HTMLdescription\">Avocette \u00e9l\u00e9gante<\/p><\/li><li><a href=\"https:\/\/i0.wp.com\/mhyrdin.fr\/blog\/wordpress\/wp-content\/gallery\/maiBriere\/Avocette%20%C3%A9l%C3%A9gante_1680.JPG?ssl=1\"><img loading=\"lazy\" decoding=\"async\" src=\"https:\/\/i0.wp.com\/mhyrdin.fr\/blog\/wordpress\/wp-content\/gallery\/maiBriere\/Avocette%20%C3%A9l%C3%A9gante_1680.JPG?h=170\" alt=\"Avocette \u00e9l\u00e9gante\" width=\"255\" height=\"170\" \/><\/a><p class=\"jig-HTMLdescription\">Avocette \u00e9l\u00e9gante<\/p><\/li><li><a href=\"https:\/\/i0.wp.com\/mhyrdin.fr\/blog\/wordpress\/wp-content\/gallery\/maiBriere\/Avocette%20%C3%A9l%C3%A9gante_1699.JPG?ssl=1\"><img loading=\"lazy\" decoding=\"async\" src=\"https:\/\/i0.wp.com\/mhyrdin.fr\/blog\/wordpress\/wp-content\/gallery\/maiBriere\/Avocette%20%C3%A9l%C3%A9gante_1699.JPG?h=170\" alt=\"Avocette \u00e9l\u00e9gante\" width=\"255\" height=\"170\" \/><\/a><p class=\"jig-HTMLdescription\">Avocette \u00e9l\u00e9gante<\/p><\/li><li><a href=\"https:\/\/i0.wp.com\/mhyrdin.fr\/blog\/wordpress\/wp-content\/gallery\/maiBriere\/%C3%89chasse%20blanche_1327.JPG?ssl=1\"><img loading=\"lazy\" decoding=\"async\" src=\"https:\/\/i0.wp.com\/mhyrdin.fr\/blog\/wordpress\/wp-content\/gallery\/maiBriere\/%C3%89chasse%20blanche_1327.JPG?h=170\" alt=\"\u00c9chasse blanche\" width=\"255\" height=\"170\" \/><\/a><p class=\"jig-HTMLdescription\">\u00c9chasse blanche<\/p><\/li><li><a href=\"https:\/\/i0.wp.com\/mhyrdin.fr\/blog\/wordpress\/wp-content\/gallery\/maiBriere\/%C3%89chasse%20blanche_1401.JPG?ssl=1\"><img loading=\"lazy\" decoding=\"async\" src=\"https:\/\/i0.wp.com\/mhyrdin.fr\/blog\/wordpress\/wp-content\/gallery\/maiBriere\/%C3%89chasse%20blanche_1401.JPG?h=170\" alt=\"\u00c9chasse blanche\" width=\"255\" height=\"170\" \/><\/a><p class=\"jig-HTMLdescription\">\u00c9chasse blanche<\/p><\/li><li><a href=\"https:\/\/i0.wp.com\/mhyrdin.fr\/blog\/wordpress\/wp-content\/gallery\/maiBriere\/%C3%89chasse%20blanche_1393.JPG?ssl=1\"><img loading=\"lazy\" decoding=\"async\" src=\"https:\/\/i0.wp.com\/mhyrdin.fr\/blog\/wordpress\/wp-content\/gallery\/maiBriere\/%C3%89chasse%20blanche_1393.JPG?h=170\" alt=\"\u00c9chasse blanche\" width=\"255\" height=\"170\" \/><\/a><p class=\"jig-HTMLdescription\">\u00c9chasse blanche<\/p><\/li><li><a href=\"https:\/\/i0.wp.com\/mhyrdin.fr\/blog\/wordpress\/wp-content\/gallery\/maiBriere\/%C3%89chasse%20blanche_2016.JPG?ssl=1\"><img loading=\"lazy\" decoding=\"async\" src=\"https:\/\/i0.wp.com\/mhyrdin.fr\/blog\/wordpress\/wp-content\/gallery\/maiBriere\/%C3%89chasse%20blanche_2016.JPG?h=170\" alt=\"\u00c9chasse blanche\" width=\"255\" height=\"170\" \/><\/a><p class=\"jig-HTMLdescription\">\u00c9chasse blanche<\/p><\/li><li><a href=\"https:\/\/i0.wp.com\/mhyrdin.fr\/blog\/wordpress\/wp-content\/gallery\/maiBriere\/%C3%89chasse%20blanche_1723.JPG?ssl=1\"><img loading=\"lazy\" decoding=\"async\" src=\"https:\/\/i0.wp.com\/mhyrdin.fr\/blog\/wordpress\/wp-content\/gallery\/maiBriere\/%C3%89chasse%20blanche_1723.JPG?h=170\" alt=\"\u00c9chasse blanche\" width=\"255\" height=\"170\" \/><\/a><p class=\"jig-HTMLdescription\">\u00c9chasse blanche<\/p><\/li><li><a href=\"https:\/\/i0.wp.com\/mhyrdin.fr\/blog\/wordpress\/wp-content\/gallery\/maiBriere\/%C3%89chasse%20blanche_1473.JPG?ssl=1\"><img loading=\"lazy\" decoding=\"async\" src=\"https:\/\/i0.wp.com\/mhyrdin.fr\/blog\/wordpress\/wp-content\/gallery\/maiBriere\/%C3%89chasse%20blanche_1473.JPG?h=170\" alt=\"\u00c9chasse blanche\" width=\"255\" height=\"170\" \/><\/a><p class=\"jig-HTMLdescription\">\u00c9chasse blanche<\/p><\/li><li><a href=\"https:\/\/i0.wp.com\/mhyrdin.fr\/blog\/wordpress\/wp-content\/gallery\/maiBriere\/%C3%89chasse%20blanche_1403.JPG?ssl=1\"><img loading=\"lazy\" decoding=\"async\" src=\"https:\/\/i0.wp.com\/mhyrdin.fr\/blog\/wordpress\/wp-content\/gallery\/maiBriere\/%C3%89chasse%20blanche_1403.JPG?h=170\" alt=\"\u00c9chasse blanche\" width=\"255\" height=\"170\" \/><\/a><p class=\"jig-HTMLdescription\">\u00c9chasse blanche<\/p><\/li><li><a href=\"https:\/\/i0.wp.com\/mhyrdin.fr\/blog\/wordpress\/wp-content\/gallery\/maiBriere\/%C3%89chasse%20blanche_1470.JPG?ssl=1\"><img loading=\"lazy\" decoding=\"async\" src=\"https:\/\/i0.wp.com\/mhyrdin.fr\/blog\/wordpress\/wp-content\/gallery\/maiBriere\/%C3%89chasse%20blanche_1470.JPG?h=170\" alt=\"\u00c9chasse blanche\" width=\"113\" height=\"170\" \/><\/a><p class=\"jig-HTMLdescription\">\u00c9chasse blanche<\/p><\/li><li><a href=\"https:\/\/i0.wp.com\/mhyrdin.fr\/blog\/wordpress\/wp-content\/gallery\/maiBriere\/Bergeronnette%20grise_1821.JPG?ssl=1\"><img loading=\"lazy\" decoding=\"async\" src=\"https:\/\/i0.wp.com\/mhyrdin.fr\/blog\/wordpress\/wp-content\/gallery\/maiBriere\/Bergeronnette%20grise_1821.JPG?h=170\" alt=\"Bergeronnette grise\" width=\"255\" height=\"170\" \/><\/a><p class=\"jig-HTMLdescription\">Bergeronnette grise<\/p><\/li><li><a href=\"https:\/\/i0.wp.com\/mhyrdin.fr\/blog\/wordpress\/wp-content\/gallery\/maiBriere\/Bruant%20zizi_1517.JPG?ssl=1\"><img loading=\"lazy\" decoding=\"async\" src=\"https:\/\/i0.wp.com\/mhyrdin.fr\/blog\/wordpress\/wp-content\/gallery\/maiBriere\/Bruant%20zizi_1517.JPG?h=170\" alt=\"Bruant zizi\" width=\"255\" height=\"170\" \/><\/a><p class=\"jig-HTMLdescription\">Bruant zizi<\/p><\/li><li><a href=\"https:\/\/i0.wp.com\/mhyrdin.fr\/blog\/wordpress\/wp-content\/gallery\/maiBriere\/Bruant%20zizi_1531.JPG?ssl=1\"><img loading=\"lazy\" decoding=\"async\" src=\"https:\/\/i0.wp.com\/mhyrdin.fr\/blog\/wordpress\/wp-content\/gallery\/maiBriere\/Bruant%20zizi_1531.JPG?h=170\" alt=\"Bruant zizi\" width=\"255\" height=\"170\" \/><\/a><p class=\"jig-HTMLdescription\">Bruant zizi<\/p><\/li><li><a href=\"https:\/\/i0.wp.com\/mhyrdin.fr\/blog\/wordpress\/wp-content\/gallery\/maiBriere\/Busard%20des%20roseaux_1643.JPG?ssl=1\"><img loading=\"lazy\" decoding=\"async\" src=\"https:\/\/i0.wp.com\/mhyrdin.fr\/blog\/wordpress\/wp-content\/gallery\/maiBriere\/Busard%20des%20roseaux_1643.JPG?h=170\" alt=\"Busard des roseaux\" width=\"255\" height=\"170\" \/><\/a><p class=\"jig-HTMLdescription\">Busard des roseaux<\/p><\/li><li><a href=\"https:\/\/i0.wp.com\/mhyrdin.fr\/blog\/wordpress\/wp-content\/gallery\/maiBriere\/Busard%20des%20roseaux_1644.JPG?ssl=1\"><img loading=\"lazy\" decoding=\"async\" src=\"https:\/\/i0.wp.com\/mhyrdin.fr\/blog\/wordpress\/wp-content\/gallery\/maiBriere\/Busard%20des%20roseaux_1644.JPG?h=170\" alt=\"Busard des roseaux\" width=\"255\" height=\"170\" \/><\/a><p class=\"jig-HTMLdescription\">Busard des roseaux<\/p><\/li><li><a href=\"https:\/\/i0.wp.com\/mhyrdin.fr\/blog\/wordpress\/wp-content\/gallery\/maiBriere\/Go%C3%A9land%20brun_1908.JPG?ssl=1\"><img loading=\"lazy\" decoding=\"async\" src=\"https:\/\/i0.wp.com\/mhyrdin.fr\/blog\/wordpress\/wp-content\/gallery\/maiBriere\/Go%C3%A9land%20brun_1908.JPG?h=170\" alt=\"Go\u00e9land brun\" width=\"255\" height=\"170\" \/><\/a><p class=\"jig-HTMLdescription\">Go\u00e9land brun<\/p><\/li><li><a href=\"https:\/\/i0.wp.com\/mhyrdin.fr\/blog\/wordpress\/wp-content\/gallery\/maiBriere\/Grande%20Aigrette_1760.JPG?ssl=1\"><img loading=\"lazy\" decoding=\"async\" src=\"https:\/\/i0.wp.com\/mhyrdin.fr\/blog\/wordpress\/wp-content\/gallery\/maiBriere\/Grande%20Aigrette_1760.JPG?h=170\" alt=\"Grande Aigrette\" width=\"255\" height=\"170\" \/><\/a><p class=\"jig-HTMLdescription\">Grande Aigrette<\/p><\/li><li><a href=\"https:\/\/i0.wp.com\/mhyrdin.fr\/blog\/wordpress\/wp-content\/gallery\/maiBriere\/Grive%20musicienne_2014.JPG?ssl=1\"><img loading=\"lazy\" decoding=\"async\" src=\"https:\/\/i0.wp.com\/mhyrdin.fr\/blog\/wordpress\/wp-content\/gallery\/maiBriere\/Grive%20musicienne_2014.JPG?h=170\" alt=\"Grive musicienne\" width=\"113\" height=\"170\" \/><\/a><p class=\"jig-HTMLdescription\">Grive musicienne<\/p><\/li><li><a href=\"https:\/\/i0.wp.com\/mhyrdin.fr\/blog\/wordpress\/wp-content\/gallery\/maiBriere\/Guifette%20moustac_2039.JPG?ssl=1\"><img loading=\"lazy\" decoding=\"async\" src=\"https:\/\/i0.wp.com\/mhyrdin.fr\/blog\/wordpress\/wp-content\/gallery\/maiBriere\/Guifette%20moustac_2039.JPG?h=170\" alt=\"Guifette moustac\" width=\"255\" height=\"170\" \/><\/a><p class=\"jig-HTMLdescription\">Guifette moustac<\/p><\/li><li><a href=\"https:\/\/i0.wp.com\/mhyrdin.fr\/blog\/wordpress\/wp-content\/gallery\/maiBriere\/Guifette%20moustac_2069.JPG?ssl=1\"><img loading=\"lazy\" decoding=\"async\" src=\"https:\/\/i0.wp.com\/mhyrdin.fr\/blog\/wordpress\/wp-content\/gallery\/maiBriere\/Guifette%20moustac_2069.JPG?h=170\" alt=\"Guifette moustac\" width=\"255\" height=\"170\" \/><\/a><p class=\"jig-HTMLdescription\">Guifette moustac<\/p><\/li><li><a href=\"https:\/\/i0.wp.com\/mhyrdin.fr\/blog\/wordpress\/wp-content\/gallery\/maiBriere\/Guifette%20moustac_2071.JPG?ssl=1\"><img loading=\"lazy\" decoding=\"async\" src=\"https:\/\/i0.wp.com\/mhyrdin.fr\/blog\/wordpress\/wp-content\/gallery\/maiBriere\/Guifette%20moustac_2071.JPG?h=170\" alt=\"Guifette moustac\" width=\"255\" height=\"170\" \/><\/a><p class=\"jig-HTMLdescription\">Guifette moustac<\/p><\/li><li><a href=\"https:\/\/i0.wp.com\/mhyrdin.fr\/blog\/wordpress\/wp-content\/gallery\/maiBriere\/Guifette%20moustac_2072.JPG?ssl=1\"><img loading=\"lazy\" decoding=\"async\" src=\"https:\/\/i0.wp.com\/mhyrdin.fr\/blog\/wordpress\/wp-content\/gallery\/maiBriere\/Guifette%20moustac_2072.JPG?h=170\" alt=\"Guifette moustac\" width=\"255\" height=\"170\" \/><\/a><p class=\"jig-HTMLdescription\">Guifette moustac<\/p><\/li><li><a href=\"https:\/\/i0.wp.com\/mhyrdin.fr\/blog\/wordpress\/wp-content\/gallery\/maiBriere\/Guifette%20moustac_2076bis.jpg?ssl=1\"><img loading=\"lazy\" decoding=\"async\" src=\"https:\/\/i0.wp.com\/mhyrdin.fr\/blog\/wordpress\/wp-content\/gallery\/maiBriere\/Guifette%20moustac_2076bis.jpg?h=170\" alt=\"Guifette moustac\" width=\"255\" height=\"170\" \/><\/a><p class=\"jig-HTMLdescription\">Guifette moustac<\/p><\/li><li><a href=\"https:\/\/i0.wp.com\/mhyrdin.fr\/blog\/wordpress\/wp-content\/gallery\/maiBriere\/Guifette%20moustac_2133bis.JPG?ssl=1\"><img loading=\"lazy\" decoding=\"async\" src=\"https:\/\/i0.wp.com\/mhyrdin.fr\/blog\/wordpress\/wp-content\/gallery\/maiBriere\/Guifette%20moustac_2133bis.JPG?h=170\" alt=\"Guifette moustac\" width=\"310\" height=\"170\" \/><\/a><p class=\"jig-HTMLdescription\">Guifette moustac<\/p><\/li><li><a href=\"https:\/\/i0.wp.com\/mhyrdin.fr\/blog\/wordpress\/wp-content\/gallery\/maiBriere\/Guifette%20moustac_2142.JPG?ssl=1\"><img loading=\"lazy\" decoding=\"async\" src=\"https:\/\/i0.wp.com\/mhyrdin.fr\/blog\/wordpress\/wp-content\/gallery\/maiBriere\/Guifette%20moustac_2142.JPG?h=170\" alt=\"Guifette moustac\" width=\"331\" height=\"170\" \/><\/a><p class=\"jig-HTMLdescription\">Guifette moustac<\/p><\/li><li><a href=\"https:\/\/i0.wp.com\/mhyrdin.fr\/blog\/wordpress\/wp-content\/gallery\/maiBriere\/Hybride%20C%20noire%20-%20C%20mantel%C3%A9e_1898.JPG?ssl=1\"><img loading=\"lazy\" decoding=\"async\" src=\"https:\/\/i0.wp.com\/mhyrdin.fr\/blog\/wordpress\/wp-content\/gallery\/maiBriere\/Hybride%20C%20noire%20-%20C%20mantel%C3%A9e_1898.JPG?h=170\" alt=\"Hybride C noire - C mantel\u00e9e\" width=\"255\" height=\"170\" \/><\/a><p class=\"jig-HTMLdescription\">Hybride C noire - C mantel\u00e9e<\/p><\/li><li><a href=\"https:\/\/i0.wp.com\/mhyrdin.fr\/blog\/wordpress\/wp-content\/gallery\/maiBriere\/Linotte%20m%C3%A9lodieuse_1571.JPG?ssl=1\"><img loading=\"lazy\" decoding=\"async\" src=\"https:\/\/i0.wp.com\/mhyrdin.fr\/blog\/wordpress\/wp-content\/gallery\/maiBriere\/Linotte%20m%C3%A9lodieuse_1571.JPG?h=170\" alt=\"Linotte m\u00e9lodieuse\" width=\"255\" height=\"170\" \/><\/a><p class=\"jig-HTMLdescription\">Linotte m\u00e9lodieuse<\/p><\/li><li><a href=\"https:\/\/i0.wp.com\/mhyrdin.fr\/blog\/wordpress\/wp-content\/gallery\/maiBriere\/Moineau%20domestique_1580.JPG?ssl=1\"><img loading=\"lazy\" decoding=\"async\" src=\"https:\/\/i0.wp.com\/mhyrdin.fr\/blog\/wordpress\/wp-content\/gallery\/maiBriere\/Moineau%20domestique_1580.JPG?h=170\" alt=\"Moineau domestique\" width=\"255\" height=\"170\" \/><\/a><p class=\"jig-HTMLdescription\">Moineau domestique<\/p><\/li><li><a href=\"https:\/\/i0.wp.com\/mhyrdin.fr\/blog\/wordpress\/wp-content\/gallery\/maiBriere\/Moineau%20domestique_1655.JPG?ssl=1\"><img loading=\"lazy\" decoding=\"async\" src=\"https:\/\/i0.wp.com\/mhyrdin.fr\/blog\/wordpress\/wp-content\/gallery\/maiBriere\/Moineau%20domestique_1655.JPG?h=170\" alt=\"Moineau domestique\" width=\"113\" height=\"170\" \/><\/a><p class=\"jig-HTMLdescription\">Moineau domestique<\/p><\/li><li><a href=\"https:\/\/i0.wp.com\/mhyrdin.fr\/blog\/wordpress\/wp-content\/gallery\/maiBriere\/Mouette%20rieuse_1596.JPG?ssl=1\"><img loading=\"lazy\" decoding=\"async\" src=\"https:\/\/i0.wp.com\/mhyrdin.fr\/blog\/wordpress\/wp-content\/gallery\/maiBriere\/Mouette%20rieuse_1596.JPG?h=170\" alt=\"Mouette rieuse\" width=\"255\" height=\"170\" \/><\/a><p class=\"jig-HTMLdescription\">Mouette rieuse<\/p><\/li><li><a href=\"https:\/\/i0.wp.com\/mhyrdin.fr\/blog\/wordpress\/wp-content\/gallery\/maiBriere\/Rougegorge%20familier_1657.JPG?ssl=1\"><img loading=\"lazy\" decoding=\"async\" src=\"https:\/\/i0.wp.com\/mhyrdin.fr\/blog\/wordpress\/wp-content\/gallery\/maiBriere\/Rougegorge%20familier_1657.JPG?h=170\" alt=\"Rougegorge familier\" width=\"255\" height=\"170\" \/><\/a><p class=\"jig-HTMLdescription\">Rougegorge familier<\/p><\/li><li><a href=\"https:\/\/i0.wp.com\/mhyrdin.fr\/blog\/wordpress\/wp-content\/gallery\/maiBriere\/Serin%20cini_1587.JPG?ssl=1\"><img loading=\"lazy\" decoding=\"async\" src=\"https:\/\/i0.wp.com\/mhyrdin.fr\/blog\/wordpress\/wp-content\/gallery\/maiBriere\/Serin%20cini_1587.JPG?h=170\" alt=\"Serin cini\" width=\"113\" height=\"170\" \/><\/a><p class=\"jig-HTMLdescription\">Serin cini<\/p><\/li><li><a href=\"https:\/\/i0.wp.com\/mhyrdin.fr\/blog\/wordpress\/wp-content\/gallery\/maiBriere\/Spatule%20blanche_1603.JPG?ssl=1\"><img loading=\"lazy\" decoding=\"async\" src=\"https:\/\/i0.wp.com\/mhyrdin.fr\/blog\/wordpress\/wp-content\/gallery\/maiBriere\/Spatule%20blanche_1603.JPG?h=170\" alt=\"Spatule blanche\" width=\"255\" height=\"170\" \/><\/a><p class=\"jig-HTMLdescription\">Spatule blanche<\/p><\/li><li><a href=\"https:\/\/i0.wp.com\/mhyrdin.fr\/blog\/wordpress\/wp-content\/gallery\/maiBriere\/Spatule%20blanche_1889.JPG?ssl=1\"><img loading=\"lazy\" decoding=\"async\" src=\"https:\/\/i0.wp.com\/mhyrdin.fr\/blog\/wordpress\/wp-content\/gallery\/maiBriere\/Spatule%20blanche_1889.JPG?h=170\" alt=\"Spatule blanche\" width=\"255\" height=\"170\" \/><\/a><p class=\"jig-HTMLdescription\">Spatule blanche<\/p><\/li><li><a href=\"https:\/\/i0.wp.com\/mhyrdin.fr\/blog\/wordpress\/wp-content\/gallery\/maiBriere\/Tarier%20p%C3%A2tre_1549.JPG?ssl=1\"><img loading=\"lazy\" decoding=\"async\" src=\"https:\/\/i0.wp.com\/mhyrdin.fr\/blog\/wordpress\/wp-content\/gallery\/maiBriere\/Tarier%20p%C3%A2tre_1549.JPG?h=170\" alt=\"Tarier p\u00e2tre\" width=\"255\" height=\"170\" \/><\/a><p class=\"jig-HTMLdescription\">Tarier p\u00e2tre<\/p><\/li><li><a href=\"https:\/\/i0.wp.com\/mhyrdin.fr\/blog\/wordpress\/wp-content\/gallery\/maiBriere\/Lapin%20de%20Garenne_1350.JPG?ssl=1\"><img loading=\"lazy\" decoding=\"async\" src=\"https:\/\/i0.wp.com\/mhyrdin.fr\/blog\/wordpress\/wp-content\/gallery\/maiBriere\/Lapin%20de%20Garenne_1350.JPG?h=170\" alt=\"Lapin de Garenne\" width=\"113\" height=\"170\" \/><\/a><p class=\"jig-HTMLdescription\">Lapin de Garenne<\/p><\/li><li><a href=\"https:\/\/i0.wp.com\/mhyrdin.fr\/blog\/wordpress\/wp-content\/gallery\/maiBriere\/Lapin%20de%20Garenne_1353.JPG?ssl=1\"><img loading=\"lazy\" decoding=\"async\" src=\"https:\/\/i0.wp.com\/mhyrdin.fr\/blog\/wordpress\/wp-content\/gallery\/maiBriere\/Lapin%20de%20Garenne_1353.JPG?h=170\" alt=\"Lapin de Garenne\" width=\"255\" height=\"170\" \/><\/a><p class=\"jig-HTMLdescription\">Lapin de Garenne<\/p><\/li><li><a href=\"https:\/\/i0.wp.com\/mhyrdin.fr\/blog\/wordpress\/wp-content\/gallery\/maiBriere\/Argus-XXXl_2007.JPG?ssl=1\"><img loading=\"lazy\" decoding=\"async\" src=\"https:\/\/i0.wp.com\/mhyrdin.fr\/blog\/wordpress\/wp-content\/gallery\/maiBriere\/Argus-XXXl_2007.JPG?h=170\" alt=\"Argus\" width=\"113\" height=\"170\" \/><\/a><p class=\"jig-HTMLdescription\">Argus<\/p><\/li><li><a href=\"https:\/\/i0.wp.com\/mhyrdin.fr\/blog\/wordpress\/wp-content\/gallery\/maiBriere\/Gaz%C3%A9_1592.JPG?ssl=1\"><img loading=\"lazy\" decoding=\"async\" src=\"https:\/\/i0.wp.com\/mhyrdin.fr\/blog\/wordpress\/wp-content\/gallery\/maiBriere\/Gaz%C3%A9_1592.JPG?h=170\" alt=\"Gaz\u00e9\" width=\"255\" height=\"170\" \/><\/a><p class=\"jig-HTMLdescription\">Gaz\u00e9<\/p><\/li><li><a href=\"https:\/\/i0.wp.com\/mhyrdin.fr\/blog\/wordpress\/wp-content\/gallery\/maiBriere\/Demi-Deuil_1985.JPG?ssl=1\"><img loading=\"lazy\" decoding=\"async\" src=\"https:\/\/i0.wp.com\/mhyrdin.fr\/blog\/wordpress\/wp-content\/gallery\/maiBriere\/Demi-Deuil_1985.JPG?h=170\" alt=\"Demi-Deuil\" width=\"113\" height=\"170\" \/><\/a><p class=\"jig-HTMLdescription\">Demi-Deuil<\/p><\/li><li><a href=\"https:\/\/i0.wp.com\/mhyrdin.fr\/blog\/wordpress\/wp-content\/gallery\/maiBriere\/Procris_1969.JPG?ssl=1\" title=\"Procris_1969\"><img loading=\"lazy\" decoding=\"async\" src=\"https:\/\/i0.wp.com\/mhyrdin.fr\/blog\/wordpress\/wp-content\/gallery\/maiBriere\/Procris_1969.JPG?h=170\" alt=\"Procris\" width=\"255\" height=\"170\" \/><\/a><p class=\"jig-HTMLdescription\">Procris<br\/>Procris_1969<\/p><\/li><li><a href=\"https:\/\/i0.wp.com\/mhyrdin.fr\/blog\/wordpress\/wp-content\/gallery\/maiBriere\/Sylvaine_1974.JPG?ssl=1\" title=\"Sylvaine_1974\"><img loading=\"lazy\" decoding=\"async\" src=\"https:\/\/i0.wp.com\/mhyrdin.fr\/blog\/wordpress\/wp-content\/gallery\/maiBriere\/Sylvaine_1974.JPG?h=170\" alt=\"Sylvaine\" width=\"170\" height=\"170\" \/><\/a><p class=\"jig-HTMLdescription\">Sylvaine<br\/>Sylvaine_1974<\/p><\/li><li><a href=\"https:\/\/i0.wp.com\/mhyrdin.fr\/blog\/wordpress\/wp-content\/gallery\/maiBriere\/Sylvaine_1976.JPG?ssl=1\" title=\"Sylvaine_1976\"><img loading=\"lazy\" decoding=\"async\" src=\"https:\/\/i0.wp.com\/mhyrdin.fr\/blog\/wordpress\/wp-content\/gallery\/maiBriere\/Sylvaine_1976.JPG?h=170\" alt=\"Sylvaine\" width=\"255\" height=\"170\" \/><\/a><p class=\"jig-HTMLdescription\">Sylvaine<br\/>Sylvaine_1976<\/p><\/li><li><a href=\"https:\/\/i0.wp.com\/mhyrdin.fr\/blog\/wordpress\/wp-content\/gallery\/maiBriere\/Vulcain_2010.JPG?ssl=1\" title=\"Vulcain_2010\"><img loading=\"lazy\" decoding=\"async\" src=\"https:\/\/i0.wp.com\/mhyrdin.fr\/blog\/wordpress\/wp-content\/gallery\/maiBriere\/Vulcain_2010.JPG?h=170\" alt=\"Vulcain\" width=\"113\" height=\"170\" \/><\/a><p class=\"jig-HTMLdescription\">Vulcain<br\/>Vulcain_2010<\/p><\/li><\/ul><\/noscript><\/div><div id=\"jig1-developerLink\" class=\"jig-developerLink\"><a href=\"https:\/\/justifiedgrid.com\/\" target=\"_blank\" title=\"Justified Image Grid - Premium WordPress Gallery\">powered by Justified Image Grid<\/a><\/div>\n<h3>Related Images:<\/h3>","protected":false},"excerpt":{"rendered":"<p>Pen BronPen BronPen BronChauss\u00e9e neuveIrisIris_1623Avocette \u00e9l\u00e9ganteAvocette \u00e9l\u00e9ganteAvocette \u00e9l\u00e9gante\u00c9chasse blanche\u00c9chasse blanche\u00c9chasse blanche\u00c9chasse blanche\u00c9chasse blanche\u00c9chasse blanche\u00c9chasse blanche\u00c9chasse blancheBergeronnette griseBruant ziziBruant ziziBusard des roseauxBusard des roseauxGo\u00e9land brunGrande AigretteGrive musicienneGuifette moustacGuifette moustacGuifette moustacGuifette moustacGuifette moustacGuifette moustacGuifette moustacHybride C noire &#8211; C mantel\u00e9eLinotte m\u00e9lodieuseMoineau domestiqueMoineau domestiqueMouette rieuseRougegorge familierSerin ciniSpatule blancheSpatule blancheTarier p\u00e2treLapin de GarenneLapin de GarenneArgusGaz\u00e9Demi-DeuilProcrisProcris_1969SylvaineSylvaine_1974SylvaineSylvaine_1976VulcainVulcain_2010powered by Justified Image Grid [&hellip;]<\/p>\n","protected":false},"author":4,"featured_media":0,"parent":20144,"menu_order":0,"comment_status":"closed","ping_status":"closed","template":"","meta":{"ngg_post_thumbnail":0,"jetpack_post_was_ever_published":false,"footnotes":"","_links_to":"","_links_to_target":""},"class_list":["post-21214","page","type-page","status-publish","hentry"],"jetpack_shortlink":"https:\/\/wp.me\/P9lSZN-5wa","jetpack_sharing_enabled":true,"_links":{"self":[{"href":"https:\/\/mhyrdin.fr\/blog\/wp-json\/wp\/v2\/pages\/21214","targetHints":{"allow":["GET"]}}],"collection":[{"href":"https:\/\/mhyrdin.fr\/blog\/wp-json\/wp\/v2\/pages"}],"about":[{"href":"https:\/\/mhyrdin.fr\/blog\/wp-json\/wp\/v2\/types\/page"}],"author":[{"embeddable":true,"href":"https:\/\/mhyrdin.fr\/blog\/wp-json\/wp\/v2\/users\/4"}],"replies":[{"embeddable":true,"href":"https:\/\/mhyrdin.fr\/blog\/wp-json\/wp\/v2\/comments?post=21214"}],"version-history":[{"count":0,"href":"https:\/\/mhyrdin.fr\/blog\/wp-json\/wp\/v2\/pages\/21214\/revisions"}],"up":[{"embeddable":true,"href":"https:\/\/mhyrdin.fr\/blog\/wp-json\/wp\/v2\/pages\/20144"}],"wp:attachment":[{"href":"https:\/\/mhyrdin.fr\/blog\/wp-json\/wp\/v2\/media?parent=21214"}],"curies":[{"name":"wp","href":"https:\/\/api.w.org\/{rel}","templated":true}]}}