{"id":20134,"date":"2021-01-20T00:02:00","date_gmt":"2021-01-19T23:02:00","guid":{"rendered":"https:\/\/mhyrdin.fr\/blog\/2020-2\/octobre-2020\/"},"modified":"2021-01-21T00:52:18","modified_gmt":"2021-01-20T23:52:18","slug":"octobre-2020","status":"publish","type":"page","link":"https:\/\/mhyrdin.fr\/blog\/archives-numeriques\/2020-2\/octobre-2020\/","title":{"rendered":"Octobre 2020"},"content":{"rendered":"<div id=\"jig1\" class=\"justified-image-grid jig-dcc75d34498b36a16da04a1eea5071aa jig-preset-global jig-source-nextgen\"><div class=\"jig-clearfix\"><\/div><noscript id=\"jig1-html\" class=\"justified-image-grid-html\" data-lazy-src=\"skiplazyload\" data-src=\"skipunveillazyload\"><ul><li><a href=\"https:\/\/i0.wp.com\/mhyrdin.fr\/blog\/wordpress\/wp-content\/gallery\/2020-octobre\/Porspoder_2610.JPG?ssl=1\" title=\"Porspoder_2610\"><img loading=\"lazy\" decoding=\"async\" src=\"https:\/\/i0.wp.com\/mhyrdin.fr\/blog\/wordpress\/wp-content\/gallery\/2020-octobre\/Porspoder_2610.JPG?h=170\" alt=\"Porspoder\" width=\"255\" height=\"170\" \/><\/a><p class=\"jig-HTMLdescription\">Porspoder<br\/>Porspoder_2610<\/p><\/li><li><a href=\"https:\/\/i0.wp.com\/mhyrdin.fr\/blog\/wordpress\/wp-content\/gallery\/2020-octobre\/Porspoder_2611.JPG?ssl=1\" title=\"Porspoder_2611\"><img loading=\"lazy\" decoding=\"async\" src=\"https:\/\/i0.wp.com\/mhyrdin.fr\/blog\/wordpress\/wp-content\/gallery\/2020-octobre\/Porspoder_2611.JPG?h=170\" alt=\"Porspoder\" width=\"255\" height=\"170\" \/><\/a><p class=\"jig-HTMLdescription\">Porspoder<br\/>Porspoder_2611<\/p><\/li><li><a href=\"https:\/\/i0.wp.com\/mhyrdin.fr\/blog\/wordpress\/wp-content\/gallery\/2020-octobre\/Le-Four_2666.JPG?ssl=1\"><img loading=\"lazy\" decoding=\"async\" src=\"https:\/\/i0.wp.com\/mhyrdin.fr\/blog\/wordpress\/wp-content\/gallery\/2020-octobre\/Le-Four_2666.JPG?h=170\" alt=\"Le Four\" width=\"255\" height=\"170\" \/><\/a><p class=\"jig-HTMLdescription\">Le Four<\/p><\/li><li><a href=\"https:\/\/i0.wp.com\/mhyrdin.fr\/blog\/wordpress\/wp-content\/gallery\/2020-octobre\/Le-Four_2712.JPG?ssl=1\"><img loading=\"lazy\" decoding=\"async\" src=\"https:\/\/i0.wp.com\/mhyrdin.fr\/blog\/wordpress\/wp-content\/gallery\/2020-octobre\/Le-Four_2712.JPG?h=170\" alt=\"Le Four\" width=\"255\" height=\"170\" \/><\/a><p class=\"jig-HTMLdescription\">Le Four<\/p><\/li><li><a href=\"https:\/\/i0.wp.com\/mhyrdin.fr\/blog\/wordpress\/wp-content\/gallery\/2020-octobre\/Le-Four_2759.JPG?ssl=1\"><img loading=\"lazy\" decoding=\"async\" src=\"https:\/\/i0.wp.com\/mhyrdin.fr\/blog\/wordpress\/wp-content\/gallery\/2020-octobre\/Le-Four_2759.JPG?h=170\" alt=\"Le Four\" width=\"113\" height=\"170\" \/><\/a><p class=\"jig-HTMLdescription\">Le Four<\/p><\/li><li><a href=\"https:\/\/i0.wp.com\/mhyrdin.fr\/blog\/wordpress\/wp-content\/gallery\/2020-octobre\/Porspoder_2626.JPG?ssl=1\" title=\"Porspoder_2626\"><img loading=\"lazy\" decoding=\"async\" src=\"https:\/\/i0.wp.com\/mhyrdin.fr\/blog\/wordpress\/wp-content\/gallery\/2020-octobre\/Porspoder_2626.JPG?h=170\" alt=\"Porspoder\" width=\"304\" height=\"170\" \/><\/a><p class=\"jig-HTMLdescription\">Porspoder<br\/>Porspoder_2626<\/p><\/li><li><a href=\"https:\/\/i0.wp.com\/mhyrdin.fr\/blog\/wordpress\/wp-content\/gallery\/2020-octobre\/Porspoder_2795.JPG?ssl=1\" title=\"Porspoder_2795\"><img loading=\"lazy\" decoding=\"async\" src=\"https:\/\/i0.wp.com\/mhyrdin.fr\/blog\/wordpress\/wp-content\/gallery\/2020-octobre\/Porspoder_2795.JPG?h=170\" alt=\"Porspoder\" width=\"255\" height=\"170\" \/><\/a><p class=\"jig-HTMLdescription\">Porspoder<br\/>Porspoder_2795<\/p><\/li><li><a href=\"https:\/\/i0.wp.com\/mhyrdin.fr\/blog\/wordpress\/wp-content\/gallery\/2020-octobre\/Porspoder_2629.JPG?ssl=1\" title=\"Porspoder_2629\"><img loading=\"lazy\" decoding=\"async\" src=\"https:\/\/i0.wp.com\/mhyrdin.fr\/blog\/wordpress\/wp-content\/gallery\/2020-octobre\/Porspoder_2629.JPG?h=170\" alt=\"Porspoder\" width=\"255\" height=\"170\" \/><\/a><p class=\"jig-HTMLdescription\">Porspoder<br\/>Porspoder_2629<\/p><\/li><li><a href=\"https:\/\/i0.wp.com\/mhyrdin.fr\/blog\/wordpress\/wp-content\/gallery\/2020-octobre\/Fou-de-Bassan_5177.JPG?ssl=1\" title=\"jeune premi\u00e8re ann\u00e9e (1CY)\"><img loading=\"lazy\" decoding=\"async\" src=\"https:\/\/i0.wp.com\/mhyrdin.fr\/blog\/wordpress\/wp-content\/gallery\/2020-octobre\/Fou-de-Bassan_5177.JPG?h=170\" alt=\"Fou de Bassan\" width=\"255\" height=\"170\" \/><\/a><p class=\"jig-HTMLdescription\">Fou de Bassan<br\/>jeune premi\u00e8re ann\u00e9e (1CY)<\/p><\/li><li><a href=\"https:\/\/i0.wp.com\/mhyrdin.fr\/blog\/wordpress\/wp-content\/gallery\/2020-octobre\/Fou-de-Bassan_5197.JPG?ssl=1\" title=\"Quatre g\u00e9n\u00e9rations\"><img loading=\"lazy\" decoding=\"async\" src=\"https:\/\/i0.wp.com\/mhyrdin.fr\/blog\/wordpress\/wp-content\/gallery\/2020-octobre\/Fou-de-Bassan_5197.JPG?h=170\" alt=\"Fou de Bassan\" width=\"316\" height=\"170\" \/><\/a><p class=\"jig-HTMLdescription\">Fou de Bassan<br\/>Quatre g\u00e9n\u00e9rations<\/p><\/li><li><a href=\"https:\/\/i0.wp.com\/mhyrdin.fr\/blog\/wordpress\/wp-content\/gallery\/2020-octobre\/Brignogan_5236.JPG?ssl=1\" title=\"Brignogan_5236\"><img loading=\"lazy\" decoding=\"async\" src=\"https:\/\/i0.wp.com\/mhyrdin.fr\/blog\/wordpress\/wp-content\/gallery\/2020-octobre\/Brignogan_5236.JPG?h=170\" alt=\"Brignogan\" width=\"255\" height=\"170\" \/><\/a><p class=\"jig-HTMLdescription\">Brignogan<br\/>Brignogan_5236<\/p><\/li><li><a href=\"https:\/\/i0.wp.com\/mhyrdin.fr\/blog\/wordpress\/wp-content\/gallery\/2020-octobre\/Fou-de-Bassan_5239.JPG?ssl=1\"><img loading=\"lazy\" decoding=\"async\" src=\"https:\/\/i0.wp.com\/mhyrdin.fr\/blog\/wordpress\/wp-content\/gallery\/2020-octobre\/Fou-de-Bassan_5239.JPG?h=170\" alt=\"Fou de Bassan\" width=\"322\" height=\"170\" \/><\/a><p class=\"jig-HTMLdescription\">Fou de Bassan<\/p><\/li><li><a href=\"https:\/\/i0.wp.com\/mhyrdin.fr\/blog\/wordpress\/wp-content\/gallery\/2020-octobre\/Phare-de-Pontusval_5259.JPG?ssl=1\"><img loading=\"lazy\" decoding=\"async\" src=\"https:\/\/i0.wp.com\/mhyrdin.fr\/blog\/wordpress\/wp-content\/gallery\/2020-octobre\/Phare-de-Pontusval_5259.JPG?h=170\" alt=\"Phare de Pontusval\" width=\"255\" height=\"170\" \/><\/a><p class=\"jig-HTMLdescription\">Phare de Pontusval<\/p><\/li><li><a href=\"https:\/\/i0.wp.com\/mhyrdin.fr\/blog\/wordpress\/wp-content\/gallery\/2020-octobre\/Brignogan_5266.JPG?ssl=1\" title=\"Brignogan_5266\"><img loading=\"lazy\" decoding=\"async\" src=\"https:\/\/i0.wp.com\/mhyrdin.fr\/blog\/wordpress\/wp-content\/gallery\/2020-octobre\/Brignogan_5266.JPG?h=170\" alt=\"Brignogan\" width=\"255\" height=\"170\" \/><\/a><p class=\"jig-HTMLdescription\">Brignogan<br\/>Brignogan_5266<\/p><\/li><li><a href=\"https:\/\/i0.wp.com\/mhyrdin.fr\/blog\/wordpress\/wp-content\/gallery\/2020-octobre\/Brignogan_5280.JPG?ssl=1\" title=\"Brignogan_5280\"><img loading=\"lazy\" decoding=\"async\" src=\"https:\/\/i0.wp.com\/mhyrdin.fr\/blog\/wordpress\/wp-content\/gallery\/2020-octobre\/Brignogan_5280.JPG?h=170\" alt=\"Brignogan\" width=\"306\" height=\"170\" \/><\/a><p class=\"jig-HTMLdescription\">Brignogan<br\/>Brignogan_5280<\/p><\/li><li><a href=\"https:\/\/i0.wp.com\/mhyrdin.fr\/blog\/wordpress\/wp-content\/gallery\/2020-octobre\/Brignogan_5305.JPG?ssl=1\" title=\"Brignogan_5305\"><img loading=\"lazy\" decoding=\"async\" src=\"https:\/\/i0.wp.com\/mhyrdin.fr\/blog\/wordpress\/wp-content\/gallery\/2020-octobre\/Brignogan_5305.JPG?h=170\" alt=\"Brignogan\" width=\"255\" height=\"170\" \/><\/a><p class=\"jig-HTMLdescription\">Brignogan<br\/>Brignogan_5305<\/p><\/li><li><a href=\"https:\/\/i0.wp.com\/mhyrdin.fr\/blog\/wordpress\/wp-content\/gallery\/2020-octobre\/Barge%20rousse_5714.JPG?ssl=1\"><img loading=\"lazy\" decoding=\"async\" src=\"https:\/\/i0.wp.com\/mhyrdin.fr\/blog\/wordpress\/wp-content\/gallery\/2020-octobre\/Barge%20rousse_5714.JPG?h=170\" alt=\"Barges rousses\" width=\"255\" height=\"170\" \/><\/a><p class=\"jig-HTMLdescription\">Barges rousses<\/p><\/li><li><a href=\"https:\/\/i0.wp.com\/mhyrdin.fr\/blog\/wordpress\/wp-content\/gallery\/2020-octobre\/Barge%20rousse_5739.JPG?ssl=1\"><img loading=\"lazy\" decoding=\"async\" src=\"https:\/\/i0.wp.com\/mhyrdin.fr\/blog\/wordpress\/wp-content\/gallery\/2020-octobre\/Barge%20rousse_5739.JPG?h=170\" alt=\"Barge rousse\" width=\"255\" height=\"170\" \/><\/a><p class=\"jig-HTMLdescription\">Barge rousse<\/p><\/li><li><a href=\"https:\/\/i0.wp.com\/mhyrdin.fr\/blog\/wordpress\/wp-content\/gallery\/2020-octobre\/Brignogan_5773.JPG?ssl=1\" title=\"Brignogan_5773\"><img loading=\"lazy\" decoding=\"async\" src=\"https:\/\/i0.wp.com\/mhyrdin.fr\/blog\/wordpress\/wp-content\/gallery\/2020-octobre\/Brignogan_5773.JPG?h=170\" alt=\"Brignogan\" width=\"255\" height=\"170\" \/><\/a><p class=\"jig-HTMLdescription\">Brignogan<br\/>Brignogan_5773<\/p><\/li><li><a href=\"https:\/\/i0.wp.com\/mhyrdin.fr\/blog\/wordpress\/wp-content\/gallery\/2020-octobre\/Mouette%20tridactyle_5775.JPG?ssl=1\"><img loading=\"lazy\" decoding=\"async\" src=\"https:\/\/i0.wp.com\/mhyrdin.fr\/blog\/wordpress\/wp-content\/gallery\/2020-octobre\/Mouette%20tridactyle_5775.JPG?h=170\" alt=\"Mouette tridactyle\" width=\"255\" height=\"170\" \/><\/a><p class=\"jig-HTMLdescription\">Mouette tridactyle<\/p><\/li><li><a href=\"https:\/\/i0.wp.com\/mhyrdin.fr\/blog\/wordpress\/wp-content\/gallery\/2020-octobre\/Brignogan_5790.JPG?ssl=1\" title=\"Brignogan_5790\"><img loading=\"lazy\" decoding=\"async\" src=\"https:\/\/i0.wp.com\/mhyrdin.fr\/blog\/wordpress\/wp-content\/gallery\/2020-octobre\/Brignogan_5790.JPG?h=170\" alt=\"Brignogan\" width=\"304\" height=\"170\" \/><\/a><p class=\"jig-HTMLdescription\">Brignogan<br\/>Brignogan_5790<\/p><\/li><li><a href=\"https:\/\/i0.wp.com\/mhyrdin.fr\/blog\/wordpress\/wp-content\/gallery\/2020-octobre\/Mouette%20tridactyle_5796.JPG?ssl=1\"><img loading=\"lazy\" decoding=\"async\" src=\"https:\/\/i0.wp.com\/mhyrdin.fr\/blog\/wordpress\/wp-content\/gallery\/2020-octobre\/Mouette%20tridactyle_5796.JPG?h=170\" alt=\"Mouettes tridactyles\" width=\"255\" height=\"170\" \/><\/a><p class=\"jig-HTMLdescription\">Mouettes tridactyles<\/p><\/li><li><a href=\"https:\/\/i0.wp.com\/mhyrdin.fr\/blog\/wordpress\/wp-content\/gallery\/2020-octobre\/Fou%20de%20Bassan_5801.JPG?ssl=1\"><img loading=\"lazy\" decoding=\"async\" src=\"https:\/\/i0.wp.com\/mhyrdin.fr\/blog\/wordpress\/wp-content\/gallery\/2020-octobre\/Fou%20de%20Bassan_5801.JPG?h=170\" alt=\"Fou de Bassan\" width=\"255\" height=\"170\" \/><\/a><p class=\"jig-HTMLdescription\">Fou de Bassan<\/p><\/li><li><a href=\"https:\/\/i0.wp.com\/mhyrdin.fr\/blog\/wordpress\/wp-content\/gallery\/2020-octobre\/Guiss%C3%A9ny_5821.JPG?ssl=1\"><img loading=\"lazy\" decoding=\"async\" src=\"https:\/\/i0.wp.com\/mhyrdin.fr\/blog\/wordpress\/wp-content\/gallery\/2020-octobre\/Guiss%C3%A9ny_5821.JPG?h=170\" alt=\"Guiss\u00e9ny\" width=\"304\" height=\"170\" \/><\/a><p class=\"jig-HTMLdescription\">Guiss\u00e9ny<\/p><\/li><li><a href=\"https:\/\/i0.wp.com\/mhyrdin.fr\/blog\/wordpress\/wp-content\/gallery\/2020-octobre\/Go%C3%A9land%20cendr%C3%A9%20_5836.JPG?ssl=1\"><img loading=\"lazy\" decoding=\"async\" src=\"https:\/\/i0.wp.com\/mhyrdin.fr\/blog\/wordpress\/wp-content\/gallery\/2020-octobre\/Go%C3%A9land%20cendr%C3%A9%20_5836.JPG?h=170\" alt=\"Go\u00e9land cendr\u00e9\" width=\"255\" height=\"170\" \/><\/a><p class=\"jig-HTMLdescription\">Go\u00e9land cendr\u00e9<\/p><\/li><li><a href=\"https:\/\/i0.wp.com\/mhyrdin.fr\/blog\/wordpress\/wp-content\/gallery\/2020-octobre\/Go%C3%A9land%20cendr%C3%A9%20_5839-II.jpg?ssl=1\"><img loading=\"lazy\" decoding=\"async\" src=\"https:\/\/i0.wp.com\/mhyrdin.fr\/blog\/wordpress\/wp-content\/gallery\/2020-octobre\/Go%C3%A9land%20cendr%C3%A9%20_5839-II.jpg?h=170\" alt=\"Go\u00e9land cendr\u00e9\" width=\"255\" height=\"170\" \/><\/a><p class=\"jig-HTMLdescription\">Go\u00e9land cendr\u00e9<\/p><\/li><li><a href=\"https:\/\/i0.wp.com\/mhyrdin.fr\/blog\/wordpress\/wp-content\/gallery\/2020-octobre\/Guiss%C3%A9ny_5868.JPG?ssl=1\"><img loading=\"lazy\" decoding=\"async\" src=\"https:\/\/i0.wp.com\/mhyrdin.fr\/blog\/wordpress\/wp-content\/gallery\/2020-octobre\/Guiss%C3%A9ny_5868.JPG?h=170\" alt=\"Guiss\u00e9ny\" width=\"301\" height=\"170\" \/><\/a><p class=\"jig-HTMLdescription\">Guiss\u00e9ny<\/p><\/li><li><a href=\"https:\/\/i0.wp.com\/mhyrdin.fr\/blog\/wordpress\/wp-content\/gallery\/2020-octobre\/Go%C3%A9lands%20argent%C3%A9_5873.JPG?ssl=1\"><img loading=\"lazy\" decoding=\"async\" src=\"https:\/\/i0.wp.com\/mhyrdin.fr\/blog\/wordpress\/wp-content\/gallery\/2020-octobre\/Go%C3%A9lands%20argent%C3%A9_5873.JPG?h=170\" alt=\"Go\u00e9lands argent\u00e9\" width=\"255\" height=\"170\" \/><\/a><p class=\"jig-HTMLdescription\">Go\u00e9lands argent\u00e9<\/p><\/li><li><a href=\"https:\/\/i0.wp.com\/mhyrdin.fr\/blog\/wordpress\/wp-content\/gallery\/2020-octobre\/Go%C3%A9lands%20argent%C3%A9_5878.JPG?ssl=1\"><img loading=\"lazy\" decoding=\"async\" src=\"https:\/\/i0.wp.com\/mhyrdin.fr\/blog\/wordpress\/wp-content\/gallery\/2020-octobre\/Go%C3%A9lands%20argent%C3%A9_5878.JPG?h=170\" alt=\"Go\u00e9lands argent\u00e9\" width=\"255\" height=\"170\" \/><\/a><p class=\"jig-HTMLdescription\">Go\u00e9lands argent\u00e9<\/p><\/li><li><a href=\"https:\/\/i0.wp.com\/mhyrdin.fr\/blog\/wordpress\/wp-content\/gallery\/2020-octobre\/R%C3%A2le%20d-eau_5879.JPG?ssl=1\"><img loading=\"lazy\" decoding=\"async\" src=\"https:\/\/i0.wp.com\/mhyrdin.fr\/blog\/wordpress\/wp-content\/gallery\/2020-octobre\/R%C3%A2le%20d-eau_5879.JPG?h=170\" alt=\"R\u00e2le d&#039;eau\" width=\"113\" height=\"170\" \/><\/a><p class=\"jig-HTMLdescription\">R\u00e2le d'eau<\/p><\/li><li><a href=\"https:\/\/i0.wp.com\/mhyrdin.fr\/blog\/wordpress\/wp-content\/gallery\/2020-octobre\/Chevalier%20arlequin_5884.JPG?ssl=1\"><img loading=\"lazy\" decoding=\"async\" src=\"https:\/\/i0.wp.com\/mhyrdin.fr\/blog\/wordpress\/wp-content\/gallery\/2020-octobre\/Chevalier%20arlequin_5884.JPG?h=170\" alt=\"Chevalier arlequin\" width=\"255\" height=\"170\" \/><\/a><p class=\"jig-HTMLdescription\">Chevalier arlequin<\/p><\/li><\/ul><\/noscript><\/div><div id=\"jig1-developerLink\" class=\"jig-developerLink\"><a href=\"https:\/\/justifiedgrid.com\/\" target=\"_blank\" title=\"Justified Image Grid - Premium WordPress Gallery\">powered by Justified Image Grid<\/a><\/div>\n<h3>Related Images:<\/h3>","protected":false},"excerpt":{"rendered":"<p>PorspoderPorspoder_2610PorspoderPorspoder_2611Le FourLe FourLe FourPorspoderPorspoder_2626PorspoderPorspoder_2795PorspoderPorspoder_2629Fou de Bassanjeune premi\u00e8re ann\u00e9e (1CY)Fou de BassanQuatre g\u00e9n\u00e9rationsBrignoganBrignogan_5236Fou de BassanPhare de PontusvalBrignoganBrignogan_5266BrignoganBrignogan_5280BrignoganBrignogan_5305Barges roussesBarge rousseBrignoganBrignogan_5773Mouette tridactyleBrignoganBrignogan_5790Mouettes tridactylesFou de BassanGuiss\u00e9nyGo\u00e9land cendr\u00e9Go\u00e9land cendr\u00e9Guiss\u00e9nyGo\u00e9lands argent\u00e9Go\u00e9lands argent\u00e9R\u00e2le d&rsquo;eauChevalier arlequinpowered by Justified Image Grid Related Images:<\/p>\n","protected":false},"author":4,"featured_media":0,"parent":18366,"menu_order":0,"comment_status":"closed","ping_status":"closed","template":"templates\/full-width-page.php","meta":{"ngg_post_thumbnail":0,"jetpack_post_was_ever_published":false,"footnotes":"","_links_to":"","_links_to_target":""},"class_list":["post-20134","page","type-page","status-publish","hentry"],"jetpack_shortlink":"https:\/\/wp.me\/P9lSZN-5eK","jetpack_sharing_enabled":true,"_links":{"self":[{"href":"https:\/\/mhyrdin.fr\/blog\/wp-json\/wp\/v2\/pages\/20134","targetHints":{"allow":["GET"]}}],"collection":[{"href":"https:\/\/mhyrdin.fr\/blog\/wp-json\/wp\/v2\/pages"}],"about":[{"href":"https:\/\/mhyrdin.fr\/blog\/wp-json\/wp\/v2\/types\/page"}],"author":[{"embeddable":true,"href":"https:\/\/mhyrdin.fr\/blog\/wp-json\/wp\/v2\/users\/4"}],"replies":[{"embeddable":true,"href":"https:\/\/mhyrdin.fr\/blog\/wp-json\/wp\/v2\/comments?post=20134"}],"version-history":[{"count":0,"href":"https:\/\/mhyrdin.fr\/blog\/wp-json\/wp\/v2\/pages\/20134\/revisions"}],"up":[{"embeddable":true,"href":"https:\/\/mhyrdin.fr\/blog\/wp-json\/wp\/v2\/pages\/18366"}],"wp:attachment":[{"href":"https:\/\/mhyrdin.fr\/blog\/wp-json\/wp\/v2\/media?parent=20134"}],"curies":[{"name":"wp","href":"https:\/\/api.w.org\/{rel}","templated":true}]}}