{"id":20045,"date":"2020-12-11T00:06:17","date_gmt":"2020-12-10T23:06:17","guid":{"rendered":"https:\/\/mhyrdin.fr\/blog\/2020-2\/novembre-decembre-confines-a-20km\/"},"modified":"2021-01-21T00:52:18","modified_gmt":"2021-01-20T23:52:18","slug":"novembre-decembre-confines-a-20km","status":"publish","type":"page","link":"https:\/\/mhyrdin.fr\/blog\/archives-numeriques\/2020-2\/novembre-decembre-confines-a-20km\/","title":{"rendered":"Novembre, D\u00e9cembre : confin\u00e9s \u00e0 20km"},"content":{"rendered":"<div id=\"jig1\" class=\"justified-image-grid jig-286c9bc13da2abd00cce89840386e04a jig-preset-global jig-source-nextgen\"><div class=\"jig-clearfix\"><\/div><noscript id=\"jig1-html\" class=\"justified-image-grid-html\" data-lazy-src=\"skiplazyload\" data-src=\"skipunveillazyload\"><ul><li><a href=\"https:\/\/i0.wp.com\/mhyrdin.fr\/blog\/wordpress\/wp-content\/gallery\/novembre-confine-20km\/Keryunan_6000.JPG?ssl=1\" title=\"Keryunan_6000\"><img loading=\"lazy\" decoding=\"async\" src=\"https:\/\/i0.wp.com\/mhyrdin.fr\/blog\/wordpress\/wp-content\/gallery\/novembre-confine-20km\/Keryunan_6000.JPG?h=170\" alt=\"Keryunan\" width=\"255\" height=\"170\" \/><\/a><p class=\"jig-HTMLdescription\">Keryunan<br\/>Keryunan_6000<\/p><\/li><li><a href=\"https:\/\/i0.wp.com\/mhyrdin.fr\/blog\/wordpress\/wp-content\/gallery\/novembre-confine-20km\/Keryunan_6006.JPG?ssl=1\" title=\"Keryunan_6006\"><img loading=\"lazy\" decoding=\"async\" src=\"https:\/\/i0.wp.com\/mhyrdin.fr\/blog\/wordpress\/wp-content\/gallery\/novembre-confine-20km\/Keryunan_6006.JPG?h=170\" alt=\"Keryunan\" width=\"255\" height=\"170\" \/><\/a><p class=\"jig-HTMLdescription\">Keryunan<br\/>Keryunan_6006<\/p><\/li><li><a href=\"https:\/\/i0.wp.com\/mhyrdin.fr\/blog\/wordpress\/wp-content\/gallery\/novembre-confine-20km\/Crave-a-bec-rouge_6033.JPG?ssl=1\"><img loading=\"lazy\" decoding=\"async\" src=\"https:\/\/i0.wp.com\/mhyrdin.fr\/blog\/wordpress\/wp-content\/gallery\/novembre-confine-20km\/Crave-a-bec-rouge_6033.JPG?h=170\" alt=\"Craves \u00e0 bec rouge\" width=\"255\" height=\"170\" \/><\/a><p class=\"jig-HTMLdescription\">Craves \u00e0 bec rouge<\/p><\/li><li><a href=\"https:\/\/i0.wp.com\/mhyrdin.fr\/blog\/wordpress\/wp-content\/gallery\/novembre-confine-20km\/Crave-a-bec-rouge_5952.JPG?ssl=1\"><img loading=\"lazy\" decoding=\"async\" src=\"https:\/\/i0.wp.com\/mhyrdin.fr\/blog\/wordpress\/wp-content\/gallery\/novembre-confine-20km\/Crave-a-bec-rouge_5952.JPG?h=170\" alt=\"Crave \u00e0 bec rouge\" width=\"255\" height=\"170\" \/><\/a><p class=\"jig-HTMLdescription\">Crave \u00e0 bec rouge<\/p><\/li><li><a href=\"https:\/\/i0.wp.com\/mhyrdin.fr\/blog\/wordpress\/wp-content\/gallery\/novembre-confine-20km\/Crave-a-bec-rouge_5959.JPG?ssl=1\"><img loading=\"lazy\" decoding=\"async\" src=\"https:\/\/i0.wp.com\/mhyrdin.fr\/blog\/wordpress\/wp-content\/gallery\/novembre-confine-20km\/Crave-a-bec-rouge_5959.JPG?h=170\" alt=\"Crave \u00e0 bec rouge\" width=\"113\" height=\"170\" \/><\/a><p class=\"jig-HTMLdescription\">Crave \u00e0 bec rouge<\/p><\/li><li><a href=\"https:\/\/i0.wp.com\/mhyrdin.fr\/blog\/wordpress\/wp-content\/gallery\/novembre-confine-20km\/Crave-a-bec-rouge_6027.JPG?ssl=1\"><img loading=\"lazy\" decoding=\"async\" src=\"https:\/\/i0.wp.com\/mhyrdin.fr\/blog\/wordpress\/wp-content\/gallery\/novembre-confine-20km\/Crave-a-bec-rouge_6027.JPG?h=170\" alt=\"Crave \u00e0 bec rouge\" width=\"113\" height=\"170\" \/><\/a><p class=\"jig-HTMLdescription\">Crave \u00e0 bec rouge<\/p><\/li><li><a href=\"https:\/\/i0.wp.com\/mhyrdin.fr\/blog\/wordpress\/wp-content\/gallery\/novembre-confine-20km\/Keryunan-sunset_6017.JPG?ssl=1\" title=\"28 novembre\"><img loading=\"lazy\" decoding=\"async\" src=\"https:\/\/i0.wp.com\/mhyrdin.fr\/blog\/wordpress\/wp-content\/gallery\/novembre-confine-20km\/Keryunan-sunset_6017.JPG?h=170\" alt=\"Keryunan\" width=\"255\" height=\"170\" \/><\/a><p class=\"jig-HTMLdescription\">Keryunan<br\/>28 novembre<\/p><\/li><li><a href=\"https:\/\/i0.wp.com\/mhyrdin.fr\/blog\/wordpress\/wp-content\/gallery\/novembre-confine-20km\/Keryunan-sunset_165942R.jpg?ssl=1\"><img loading=\"lazy\" decoding=\"async\" src=\"https:\/\/i0.wp.com\/mhyrdin.fr\/blog\/wordpress\/wp-content\/gallery\/novembre-confine-20km\/Keryunan-sunset_165942R.jpg?h=170\" alt=\"Keryunan\" width=\"227\" height=\"170\" \/><\/a><p class=\"jig-HTMLdescription\">Keryunan<\/p><\/li><li><a href=\"https:\/\/i0.wp.com\/mhyrdin.fr\/blog\/wordpress\/wp-content\/gallery\/novembre-confine-20km\/Keryunan-sunset_6035.JPG?ssl=1\" title=\"28 novembre\"><img loading=\"lazy\" decoding=\"async\" src=\"https:\/\/i0.wp.com\/mhyrdin.fr\/blog\/wordpress\/wp-content\/gallery\/novembre-confine-20km\/Keryunan-sunset_6035.JPG?h=170\" alt=\"Keryunan\" width=\"255\" height=\"170\" \/><\/a><p class=\"jig-HTMLdescription\">Keryunan<br\/>28 novembre<\/p><\/li><li><a href=\"https:\/\/i0.wp.com\/mhyrdin.fr\/blog\/wordpress\/wp-content\/gallery\/novembre-confine-20km\/Keryunan-sunset_6048.JPG?ssl=1\" title=\"28 novembre\"><img loading=\"lazy\" decoding=\"async\" src=\"https:\/\/i0.wp.com\/mhyrdin.fr\/blog\/wordpress\/wp-content\/gallery\/novembre-confine-20km\/Keryunan-sunset_6048.JPG?h=170\" alt=\"Keryunan\" width=\"255\" height=\"170\" \/><\/a><p class=\"jig-HTMLdescription\">Keryunan<br\/>28 novembre<\/p><\/li><li><a href=\"https:\/\/i0.wp.com\/mhyrdin.fr\/blog\/wordpress\/wp-content\/gallery\/novembre-confine-20km\/Canard-siffleur_6063.JPG?ssl=1\" title=\"Logonna-Daoulas\"><img loading=\"lazy\" decoding=\"async\" src=\"https:\/\/i0.wp.com\/mhyrdin.fr\/blog\/wordpress\/wp-content\/gallery\/novembre-confine-20km\/Canard-siffleur_6063.JPG?h=170\" alt=\"Canard siffleur\" width=\"255\" height=\"170\" \/><\/a><p class=\"jig-HTMLdescription\">Canard siffleur<br\/>Logonna-Daoulas<\/p><\/li><li><a href=\"https:\/\/i0.wp.com\/mhyrdin.fr\/blog\/wordpress\/wp-content\/gallery\/novembre-confine-20km\/Huitrier-pie_6080.JPG?ssl=1\" title=\"Logonna-Daoulas\"><img loading=\"lazy\" decoding=\"async\" src=\"https:\/\/i0.wp.com\/mhyrdin.fr\/blog\/wordpress\/wp-content\/gallery\/novembre-confine-20km\/Huitrier-pie_6080.JPG?h=170\" alt=\"Huitrier pie\" width=\"312\" height=\"170\" \/><\/a><p class=\"jig-HTMLdescription\">Huitrier pie<br\/>Logonna-Daoulas<\/p><\/li><li><a href=\"https:\/\/i0.wp.com\/mhyrdin.fr\/blog\/wordpress\/wp-content\/gallery\/novembre-confine-20km\/Bindy_6088-II.jpg?ssl=1\" title=\"Logonna-Daoulas\"><img loading=\"lazy\" decoding=\"async\" src=\"https:\/\/i0.wp.com\/mhyrdin.fr\/blog\/wordpress\/wp-content\/gallery\/novembre-confine-20km\/Bindy_6088-II.jpg?h=170\" alt=\"Bindy\" width=\"255\" height=\"170\" \/><\/a><p class=\"jig-HTMLdescription\">Bindy<br\/>Logonna-Daoulas<\/p><\/li><li><a href=\"https:\/\/i0.wp.com\/mhyrdin.fr\/blog\/wordpress\/wp-content\/gallery\/novembre-confine-20km\/Phare-du-Minou_2721.JPG?ssl=1\"><img loading=\"lazy\" decoding=\"async\" src=\"https:\/\/i0.wp.com\/mhyrdin.fr\/blog\/wordpress\/wp-content\/gallery\/novembre-confine-20km\/Phare-du-Minou_2721.JPG?h=170\" alt=\"Le Phare du Minou\" width=\"255\" height=\"170\" \/><\/a><p class=\"jig-HTMLdescription\">Le Phare du Minou<\/p><\/li><li><a href=\"https:\/\/i0.wp.com\/mhyrdin.fr\/blog\/wordpress\/wp-content\/gallery\/novembre-confine-20km\/Le-Minou_2726.JPG?ssl=1\"><img loading=\"lazy\" decoding=\"async\" src=\"https:\/\/i0.wp.com\/mhyrdin.fr\/blog\/wordpress\/wp-content\/gallery\/novembre-confine-20km\/Le-Minou_2726.JPG?h=170\" alt=\"-\" width=\"255\" height=\"170\" \/><\/a><p class=\"jig-HTMLdescription\">-<\/p><\/li><li><a href=\"https:\/\/i0.wp.com\/mhyrdin.fr\/blog\/wordpress\/wp-content\/gallery\/novembre-confine-20km\/Le-Minou_2739.JPG?ssl=1\"><img loading=\"lazy\" decoding=\"async\" src=\"https:\/\/i0.wp.com\/mhyrdin.fr\/blog\/wordpress\/wp-content\/gallery\/novembre-confine-20km\/Le-Minou_2739.JPG?h=170\" alt=\"-\" width=\"113\" height=\"170\" \/><\/a><p class=\"jig-HTMLdescription\">-<\/p><\/li><li><a href=\"https:\/\/i0.wp.com\/mhyrdin.fr\/blog\/wordpress\/wp-content\/gallery\/novembre-confine-20km\/Le-Minou_2732.JPG?ssl=1\"><img loading=\"lazy\" decoding=\"async\" src=\"https:\/\/i0.wp.com\/mhyrdin.fr\/blog\/wordpress\/wp-content\/gallery\/novembre-confine-20km\/Le-Minou_2732.JPG?h=170\" alt=\"La rade de Brest sous les grains\" width=\"255\" height=\"170\" \/><\/a><p class=\"jig-HTMLdescription\">La rade de Brest sous les grains<\/p><\/li><li><a href=\"https:\/\/i0.wp.com\/mhyrdin.fr\/blog\/wordpress\/wp-content\/gallery\/novembre-confine-20km\/Grele_2749.JPG?ssl=1\" title=\"Grele_2749\"><img loading=\"lazy\" decoding=\"async\" src=\"https:\/\/i0.wp.com\/mhyrdin.fr\/blog\/wordpress\/wp-content\/gallery\/novembre-confine-20km\/Grele_2749.JPG?h=170\" alt=\"Apr\u00e8s l&#039;averse\" width=\"260\" height=\"170\" \/><\/a><p class=\"jig-HTMLdescription\">Apr\u00e8s l'averse<br\/>Grele_2749<\/p><\/li><li><a href=\"https:\/\/i0.wp.com\/mhyrdin.fr\/blog\/wordpress\/wp-content\/gallery\/novembre-confine-20km\/Le-Minou_2735.JPG?ssl=1\"><img loading=\"lazy\" decoding=\"async\" src=\"https:\/\/i0.wp.com\/mhyrdin.fr\/blog\/wordpress\/wp-content\/gallery\/novembre-confine-20km\/Le-Minou_2735.JPG?h=170\" alt=\"-\" width=\"255\" height=\"170\" \/><\/a><p class=\"jig-HTMLdescription\">-<\/p><\/li><li><a href=\"https:\/\/i0.wp.com\/mhyrdin.fr\/blog\/wordpress\/wp-content\/gallery\/novembre-confine-20km\/Phare-du-Minou_2742.JPG?ssl=1\"><img loading=\"lazy\" decoding=\"async\" src=\"https:\/\/i0.wp.com\/mhyrdin.fr\/blog\/wordpress\/wp-content\/gallery\/novembre-confine-20km\/Phare-du-Minou_2742.JPG?h=170\" alt=\"Le Phare du Minou\" width=\"255\" height=\"170\" \/><\/a><p class=\"jig-HTMLdescription\">Le Phare du Minou<\/p><\/li><li><a href=\"https:\/\/i0.wp.com\/mhyrdin.fr\/blog\/wordpress\/wp-content\/gallery\/novembre-confine-20km\/Phare-du-Minou_2752.JPG?ssl=1\"><img loading=\"lazy\" decoding=\"async\" src=\"https:\/\/i0.wp.com\/mhyrdin.fr\/blog\/wordpress\/wp-content\/gallery\/novembre-confine-20km\/Phare-du-Minou_2752.JPG?h=170\" alt=\"Le Phare du Minou\" width=\"115\" height=\"170\" \/><\/a><p class=\"jig-HTMLdescription\">Le Phare du Minou<\/p><\/li><li><a href=\"https:\/\/i0.wp.com\/mhyrdin.fr\/blog\/wordpress\/wp-content\/gallery\/novembre-confine-20km\/Phare-du-Minou_2765.JPG?ssl=1\"><img loading=\"lazy\" decoding=\"async\" src=\"https:\/\/i0.wp.com\/mhyrdin.fr\/blog\/wordpress\/wp-content\/gallery\/novembre-confine-20km\/Phare-du-Minou_2765.JPG?h=170\" alt=\"Le Phare du Minou\" width=\"255\" height=\"170\" \/><\/a><p class=\"jig-HTMLdescription\">Le Phare du Minou<\/p><\/li><li><a href=\"https:\/\/i0.wp.com\/mhyrdin.fr\/blog\/wordpress\/wp-content\/gallery\/novembre-confine-20km\/Chevalier-gambette_6112.JPG?ssl=1\" title=\"Ria du Conquet\"><img loading=\"lazy\" decoding=\"async\" src=\"https:\/\/i0.wp.com\/mhyrdin.fr\/blog\/wordpress\/wp-content\/gallery\/novembre-confine-20km\/Chevalier-gambette_6112.JPG?h=170\" alt=\"Chevalier gambette\" width=\"255\" height=\"170\" \/><\/a><p class=\"jig-HTMLdescription\">Chevalier gambette<br\/>Ria du Conquet<\/p><\/li><li><a href=\"https:\/\/i0.wp.com\/mhyrdin.fr\/blog\/wordpress\/wp-content\/gallery\/novembre-confine-20km\/Chevalier-gambette_6155.JPG?ssl=1\" title=\"Ria du Conquet\"><img loading=\"lazy\" decoding=\"async\" src=\"https:\/\/i0.wp.com\/mhyrdin.fr\/blog\/wordpress\/wp-content\/gallery\/novembre-confine-20km\/Chevalier-gambette_6155.JPG?h=170\" alt=\"Chevalier gambette\" width=\"255\" height=\"170\" \/><\/a><p class=\"jig-HTMLdescription\">Chevalier gambette<br\/>Ria du Conquet<\/p><\/li><li><a href=\"https:\/\/i0.wp.com\/mhyrdin.fr\/blog\/wordpress\/wp-content\/gallery\/novembre-confine-20km\/Tadorne-de-Belon_6126.JPG?ssl=1\" title=\"Ria du Conquet\"><img loading=\"lazy\" decoding=\"async\" src=\"https:\/\/i0.wp.com\/mhyrdin.fr\/blog\/wordpress\/wp-content\/gallery\/novembre-confine-20km\/Tadorne-de-Belon_6126.JPG?h=170\" alt=\"Tadorne de Belon (femelle)\" width=\"255\" height=\"170\" \/><\/a><p class=\"jig-HTMLdescription\">Tadorne de Belon (femelle)<br\/>Ria du Conquet<\/p><\/li><li><a href=\"https:\/\/i0.wp.com\/mhyrdin.fr\/blog\/wordpress\/wp-content\/gallery\/novembre-confine-20km\/Tadorne-de-Belon_6128.JPG?ssl=1\" title=\"Ria du Conquet\"><img loading=\"lazy\" decoding=\"async\" src=\"https:\/\/i0.wp.com\/mhyrdin.fr\/blog\/wordpress\/wp-content\/gallery\/novembre-confine-20km\/Tadorne-de-Belon_6128.JPG?h=170\" alt=\"Tadorne de Belon (m\u00e2le)\" width=\"255\" height=\"170\" \/><\/a><p class=\"jig-HTMLdescription\">Tadorne de Belon (m\u00e2le)<br\/>Ria du Conquet<\/p><\/li><li><a href=\"https:\/\/i0.wp.com\/mhyrdin.fr\/blog\/wordpress\/wp-content\/gallery\/novembre-confine-20km\/Tadorne-de-Belon_6129.JPG?ssl=1\" title=\"Ria du Conquet\"><img loading=\"lazy\" decoding=\"async\" src=\"https:\/\/i0.wp.com\/mhyrdin.fr\/blog\/wordpress\/wp-content\/gallery\/novembre-confine-20km\/Tadorne-de-Belon_6129.JPG?h=170\" alt=\"Tadorne de Belon (m\u00e2le)\" width=\"255\" height=\"170\" \/><\/a><p class=\"jig-HTMLdescription\">Tadorne de Belon (m\u00e2le)<br\/>Ria du Conquet<\/p><\/li><li><a href=\"https:\/\/i0.wp.com\/mhyrdin.fr\/blog\/wordpress\/wp-content\/gallery\/novembre-confine-20km\/Grebe-castagneux_6146.JPG?ssl=1\" title=\"Ria du Conquet\"><img loading=\"lazy\" decoding=\"async\" src=\"https:\/\/i0.wp.com\/mhyrdin.fr\/blog\/wordpress\/wp-content\/gallery\/novembre-confine-20km\/Grebe-castagneux_6146.JPG?h=170\" alt=\"Gr\u00e8be castagneux\" width=\"255\" height=\"170\" \/><\/a><p class=\"jig-HTMLdescription\">Gr\u00e8be castagneux<br\/>Ria du Conquet<\/p><\/li><li><a href=\"https:\/\/i0.wp.com\/mhyrdin.fr\/blog\/wordpress\/wp-content\/gallery\/novembre-confine-20km\/Grebe-castagneux_6146bis.jpg?ssl=1\" title=\"Ria du Conquet\"><img loading=\"lazy\" decoding=\"async\" src=\"https:\/\/i0.wp.com\/mhyrdin.fr\/blog\/wordpress\/wp-content\/gallery\/novembre-confine-20km\/Grebe-castagneux_6146bis.jpg?h=170\" alt=\"Gr\u00e8be castagneux (recadrage)\" width=\"255\" height=\"170\" \/><\/a><p class=\"jig-HTMLdescription\">Gr\u00e8be castagneux (recadrage)<br\/>Ria du Conquet<\/p><\/li><li><a href=\"https:\/\/i0.wp.com\/mhyrdin.fr\/blog\/wordpress\/wp-content\/gallery\/novembre-confine-20km\/Courlis-cendre_6153.JPG?ssl=1\" title=\"Ria du Conquet\"><img loading=\"lazy\" decoding=\"async\" src=\"https:\/\/i0.wp.com\/mhyrdin.fr\/blog\/wordpress\/wp-content\/gallery\/novembre-confine-20km\/Courlis-cendre_6153.JPG?h=170\" alt=\"Courlis cendr\u00e9\" width=\"255\" height=\"170\" \/><\/a><p class=\"jig-HTMLdescription\">Courlis cendr\u00e9<br\/>Ria du Conquet<\/p><\/li><li><a href=\"https:\/\/i0.wp.com\/mhyrdin.fr\/blog\/wordpress\/wp-content\/gallery\/novembre-confine-20km\/Courlis-cendre_6154.JPG?ssl=1\" title=\"Ria du Conquet\"><img loading=\"lazy\" decoding=\"async\" src=\"https:\/\/i0.wp.com\/mhyrdin.fr\/blog\/wordpress\/wp-content\/gallery\/novembre-confine-20km\/Courlis-cendre_6154.JPG?h=170\" alt=\"Courlis cendr\u00e9\" width=\"255\" height=\"170\" \/><\/a><p class=\"jig-HTMLdescription\">Courlis cendr\u00e9<br\/>Ria du Conquet<\/p><\/li><li><a href=\"https:\/\/i0.wp.com\/mhyrdin.fr\/blog\/wordpress\/wp-content\/gallery\/novembre-confine-20km\/Pierres_Noires_6161.JPG?ssl=1\" title=\"&quot;route touristique&quot; du Conquet\"><img loading=\"lazy\" decoding=\"async\" src=\"https:\/\/i0.wp.com\/mhyrdin.fr\/blog\/wordpress\/wp-content\/gallery\/novembre-confine-20km\/Pierres_Noires_6161.JPG?h=170\" alt=\"Les Pierres Noires\" width=\"255\" height=\"170\" \/><\/a><p class=\"jig-HTMLdescription\">Les Pierres Noires<br\/>\"route touristique\" du Conquet<\/p><\/li><li><a href=\"https:\/\/i0.wp.com\/mhyrdin.fr\/blog\/wordpress\/wp-content\/gallery\/novembre-confine-20km\/Sunset_St-Mathieu_6163.JPG?ssl=1\" title=\"&quot;route touristique&quot; du Conquet\"><img loading=\"lazy\" decoding=\"async\" src=\"https:\/\/i0.wp.com\/mhyrdin.fr\/blog\/wordpress\/wp-content\/gallery\/novembre-confine-20km\/Sunset_St-Mathieu_6163.JPG?h=170\" alt=\"-\" width=\"113\" height=\"170\" \/><\/a><p class=\"jig-HTMLdescription\">-<br\/>\"route touristique\" du Conquet<\/p><\/li><li><a href=\"https:\/\/i0.wp.com\/mhyrdin.fr\/blog\/wordpress\/wp-content\/gallery\/novembre-confine-20km\/Sunset_Keryunan_6189.JPG?ssl=1\" title=\"Sunset_Keryunan_6189\"><img loading=\"lazy\" decoding=\"async\" src=\"https:\/\/i0.wp.com\/mhyrdin.fr\/blog\/wordpress\/wp-content\/gallery\/novembre-confine-20km\/Sunset_Keryunan_6189.JPG?h=170\" alt=\"Keryunan\" width=\"255\" height=\"170\" \/><\/a><p class=\"jig-HTMLdescription\">Keryunan<br\/>Sunset_Keryunan_6189<\/p><\/li><li><a href=\"https:\/\/i0.wp.com\/mhyrdin.fr\/blog\/wordpress\/wp-content\/gallery\/novembre-confine-20km\/Sunset_Keryunan_6246.JPG?ssl=1\" title=\"Sunset_Keryunan_6246\"><img loading=\"lazy\" decoding=\"async\" src=\"https:\/\/i0.wp.com\/mhyrdin.fr\/blog\/wordpress\/wp-content\/gallery\/novembre-confine-20km\/Sunset_Keryunan_6246.JPG?h=170\" alt=\"Keryunan\" width=\"255\" height=\"170\" \/><\/a><p class=\"jig-HTMLdescription\">Keryunan<br\/>Sunset_Keryunan_6246<\/p><\/li><li><a href=\"https:\/\/i0.wp.com\/mhyrdin.fr\/blog\/wordpress\/wp-content\/gallery\/novembre-confine-20km\/Sunset_Keryunan_6227.JPG?ssl=1\" title=\"Sunset_Keryunan_6227\"><img loading=\"lazy\" decoding=\"async\" src=\"https:\/\/i0.wp.com\/mhyrdin.fr\/blog\/wordpress\/wp-content\/gallery\/novembre-confine-20km\/Sunset_Keryunan_6227.JPG?h=170\" alt=\"Keryunan\" width=\"255\" height=\"170\" \/><\/a><p class=\"jig-HTMLdescription\">Keryunan<br\/>Sunset_Keryunan_6227<\/p><\/li><li><a href=\"https:\/\/i0.wp.com\/mhyrdin.fr\/blog\/wordpress\/wp-content\/gallery\/novembre-confine-20km\/Sunset_Keryunan_6233.JPG?ssl=1\" title=\"Sunset_Keryunan_6233\"><img loading=\"lazy\" decoding=\"async\" src=\"https:\/\/i0.wp.com\/mhyrdin.fr\/blog\/wordpress\/wp-content\/gallery\/novembre-confine-20km\/Sunset_Keryunan_6233.JPG?h=170\" alt=\"Keryunan\" width=\"255\" height=\"170\" \/><\/a><p class=\"jig-HTMLdescription\">Keryunan<br\/>Sunset_Keryunan_6233<\/p><\/li><li><a href=\"https:\/\/i0.wp.com\/mhyrdin.fr\/blog\/wordpress\/wp-content\/gallery\/novembre-confine-20km\/Sunset_Keryunan_6215.JPG?ssl=1\" title=\"Sunset_Keryunan_6215\"><img loading=\"lazy\" decoding=\"async\" src=\"https:\/\/i0.wp.com\/mhyrdin.fr\/blog\/wordpress\/wp-content\/gallery\/novembre-confine-20km\/Sunset_Keryunan_6215.JPG?h=170\" alt=\"Keryunan\" width=\"255\" height=\"170\" \/><\/a><p class=\"jig-HTMLdescription\">Keryunan<br\/>Sunset_Keryunan_6215<\/p><\/li><li><a href=\"https:\/\/i0.wp.com\/mhyrdin.fr\/blog\/wordpress\/wp-content\/gallery\/novembre-confine-20km\/Sunset_Keryunan_6206.JPG?ssl=1\" title=\"Sunset_Keryunan_6206\"><img loading=\"lazy\" decoding=\"async\" src=\"https:\/\/i0.wp.com\/mhyrdin.fr\/blog\/wordpress\/wp-content\/gallery\/novembre-confine-20km\/Sunset_Keryunan_6206.JPG?h=170\" alt=\"Keryunan\" width=\"255\" height=\"170\" \/><\/a><p class=\"jig-HTMLdescription\">Keryunan<br\/>Sunset_Keryunan_6206<\/p><\/li><\/ul><\/noscript><\/div><div id=\"jig1-developerLink\" class=\"jig-developerLink\"><a href=\"https:\/\/justifiedgrid.com\/\" target=\"_blank\" title=\"Justified Image Grid - Premium WordPress Gallery\">powered by Justified Image Grid<\/a><\/div>\n<h3>Related Images:<\/h3>","protected":false},"excerpt":{"rendered":"<p>KeryunanKeryunan_6000KeryunanKeryunan_6006Craves \u00e0 bec rougeCrave \u00e0 bec rougeCrave \u00e0 bec rougeCrave \u00e0 bec rougeKeryunan28 novembreKeryunanKeryunan28 novembreKeryunan28 novembreCanard siffleurLogonna-DaoulasHuitrier pieLogonna-DaoulasBindyLogonna-DaoulasLe Phare du Minou&#8211;La rade de Brest sous les grainsApr\u00e8s l&rsquo;averseGrele_2749-Le Phare du MinouLe Phare du MinouLe Phare du MinouChevalier gambetteRia du ConquetChevalier gambetteRia du ConquetTadorne de Belon (femelle)Ria du ConquetTadorne de Belon (m\u00e2le)Ria du ConquetTadorne de Belon [&hellip;]<\/p>\n","protected":false},"author":4,"featured_media":0,"parent":18366,"menu_order":0,"comment_status":"closed","ping_status":"closed","template":"templates\/full-width-page.php","meta":{"ngg_post_thumbnail":0,"jetpack_post_was_ever_published":false,"footnotes":"","_links_to":"","_links_to_target":""},"class_list":["post-20045","page","type-page","status-publish","hentry"],"jetpack_shortlink":"https:\/\/wp.me\/P9lSZN-5dj","jetpack_sharing_enabled":true,"_links":{"self":[{"href":"https:\/\/mhyrdin.fr\/blog\/wp-json\/wp\/v2\/pages\/20045","targetHints":{"allow":["GET"]}}],"collection":[{"href":"https:\/\/mhyrdin.fr\/blog\/wp-json\/wp\/v2\/pages"}],"about":[{"href":"https:\/\/mhyrdin.fr\/blog\/wp-json\/wp\/v2\/types\/page"}],"author":[{"embeddable":true,"href":"https:\/\/mhyrdin.fr\/blog\/wp-json\/wp\/v2\/users\/4"}],"replies":[{"embeddable":true,"href":"https:\/\/mhyrdin.fr\/blog\/wp-json\/wp\/v2\/comments?post=20045"}],"version-history":[{"count":0,"href":"https:\/\/mhyrdin.fr\/blog\/wp-json\/wp\/v2\/pages\/20045\/revisions"}],"up":[{"embeddable":true,"href":"https:\/\/mhyrdin.fr\/blog\/wp-json\/wp\/v2\/pages\/18366"}],"wp:attachment":[{"href":"https:\/\/mhyrdin.fr\/blog\/wp-json\/wp\/v2\/media?parent=20045"}],"curies":[{"name":"wp","href":"https:\/\/api.w.org\/{rel}","templated":true}]}}