{"id":19857,"date":"2020-10-23T17:01:36","date_gmt":"2020-10-23T15:01:36","guid":{"rendered":"https:\/\/mhyrdin.fr\/blog\/2020-2\/septembre-2020\/septembre-breton\/"},"modified":"2022-10-18T17:06:31","modified_gmt":"2022-10-18T15:06:31","slug":"septembre-breton","status":"publish","type":"page","link":"https:\/\/mhyrdin.fr\/blog\/archives-numeriques\/2020-2\/septembre-2020\/septembre-breton\/","title":{"rendered":"Septembre breton"},"content":{"rendered":"<div id=\"jig1\" class=\"justified-image-grid jig-89bc5a7812a5848a7fa713ff4efa481d jig-preset-global jig-source-nextgen\"><div class=\"jig-clearfix\"><\/div><noscript id=\"jig1-html\" class=\"justified-image-grid-html\" data-lazy-src=\"skiplazyload\" data-src=\"skipunveillazyload\"><ul><li><a href=\"https:\/\/i0.wp.com\/mhyrdin.fr\/blog\/wordpress\/wp-content\/gallery\/2020-sept-fin\/Porspoder_2545.JPG?ssl=1\" title=\"Porspoder_2545\"><img loading=\"lazy\" decoding=\"async\" src=\"https:\/\/i0.wp.com\/mhyrdin.fr\/blog\/wordpress\/wp-content\/gallery\/2020-sept-fin\/Porspoder_2545.JPG?h=170\" alt=\"Porspoder\" width=\"255\" height=\"170\" \/><\/a><p class=\"jig-HTMLdescription\">Porspoder<br\/>Porspoder_2545<\/p><\/li><li><a href=\"https:\/\/i0.wp.com\/mhyrdin.fr\/blog\/wordpress\/wp-content\/gallery\/2020-sept-fin\/Porspoder_2547.JPG?ssl=1\" title=\"Porspoder_2547\"><img loading=\"lazy\" decoding=\"async\" src=\"https:\/\/i0.wp.com\/mhyrdin.fr\/blog\/wordpress\/wp-content\/gallery\/2020-sept-fin\/Porspoder_2547.JPG?h=170\" alt=\"Porspoder\" width=\"270\" height=\"170\" \/><\/a><p class=\"jig-HTMLdescription\">Porspoder<br\/>Porspoder_2547<\/p><\/li><li><a href=\"https:\/\/i0.wp.com\/mhyrdin.fr\/blog\/wordpress\/wp-content\/gallery\/2020-sept-fin\/Porspoder_2550.JPG?ssl=1\" title=\"Porspoder_2550\"><img loading=\"lazy\" decoding=\"async\" src=\"https:\/\/i0.wp.com\/mhyrdin.fr\/blog\/wordpress\/wp-content\/gallery\/2020-sept-fin\/Porspoder_2550.JPG?h=170\" alt=\"Porspoder\" width=\"255\" height=\"170\" \/><\/a><p class=\"jig-HTMLdescription\">Porspoder<br\/>Porspoder_2550<\/p><\/li><li><a href=\"https:\/\/i0.wp.com\/mhyrdin.fr\/blog\/wordpress\/wp-content\/gallery\/2020-sept-fin\/1_Porspoder_2553.JPG?ssl=1\" title=\"1_Porspoder_2553\"><img loading=\"lazy\" decoding=\"async\" src=\"https:\/\/i0.wp.com\/mhyrdin.fr\/blog\/wordpress\/wp-content\/gallery\/2020-sept-fin\/1_Porspoder_2553.JPG?h=170\" alt=\"1_Porspoder_2553\" width=\"255\" height=\"170\" \/><\/a><p class=\"jig-HTMLdescription\">1_Porspoder_2553<\/p><\/li><li><a href=\"https:\/\/i0.wp.com\/mhyrdin.fr\/blog\/wordpress\/wp-content\/gallery\/2020-sept-fin\/Porspoder_2561.JPG?ssl=1\" title=\"Porspoder_2561\"><img loading=\"lazy\" decoding=\"async\" src=\"https:\/\/i0.wp.com\/mhyrdin.fr\/blog\/wordpress\/wp-content\/gallery\/2020-sept-fin\/Porspoder_2561.JPG?h=170\" alt=\"Porspoder\" width=\"255\" height=\"170\" \/><\/a><p class=\"jig-HTMLdescription\">Porspoder<br\/>Porspoder_2561<\/p><\/li><li><a href=\"https:\/\/i0.wp.com\/mhyrdin.fr\/blog\/wordpress\/wp-content\/gallery\/2020-sept-fin\/1_Porspoder_2556.JPG?ssl=1\" title=\"1_Porspoder_2556\"><img loading=\"lazy\" decoding=\"async\" src=\"https:\/\/i0.wp.com\/mhyrdin.fr\/blog\/wordpress\/wp-content\/gallery\/2020-sept-fin\/1_Porspoder_2556.JPG?h=170\" alt=\"Porspoder\" width=\"255\" height=\"170\" \/><\/a><p class=\"jig-HTMLdescription\">Porspoder<br\/>1_Porspoder_2556<\/p><\/li><li><a href=\"https:\/\/i0.wp.com\/mhyrdin.fr\/blog\/wordpress\/wp-content\/gallery\/2020-sept-fin\/Porspoder_2559.JPG?ssl=1\" title=\"Porspoder_2559\"><img loading=\"lazy\" decoding=\"async\" src=\"https:\/\/i0.wp.com\/mhyrdin.fr\/blog\/wordpress\/wp-content\/gallery\/2020-sept-fin\/Porspoder_2559.JPG?h=170\" alt=\"Porspoder\" width=\"255\" height=\"170\" \/><\/a><p class=\"jig-HTMLdescription\">Porspoder<br\/>Porspoder_2559<\/p><\/li><li><a href=\"https:\/\/i0.wp.com\/mhyrdin.fr\/blog\/wordpress\/wp-content\/gallery\/2020-sept-fin\/Porspoder_2581.JPG?ssl=1\" title=\"Porspoder_2581\"><img loading=\"lazy\" decoding=\"async\" src=\"https:\/\/i0.wp.com\/mhyrdin.fr\/blog\/wordpress\/wp-content\/gallery\/2020-sept-fin\/Porspoder_2581.JPG?h=170\" alt=\"Porspoder_\" width=\"255\" height=\"170\" \/><\/a><p class=\"jig-HTMLdescription\">Porspoder_<br\/>Porspoder_2581<\/p><\/li><li><a href=\"https:\/\/i0.wp.com\/mhyrdin.fr\/blog\/wordpress\/wp-content\/gallery\/2020-sept-fin\/Brividic_4605.JPG?ssl=1\" title=\"Brividic_4605\"><img loading=\"lazy\" decoding=\"async\" src=\"https:\/\/i0.wp.com\/mhyrdin.fr\/blog\/wordpress\/wp-content\/gallery\/2020-sept-fin\/Brividic_4605.JPG?h=170\" alt=\"Brividic\" width=\"255\" height=\"170\" \/><\/a><p class=\"jig-HTMLdescription\">Brividic<br\/>Brividic_4605<\/p><\/li><li><a href=\"https:\/\/i0.wp.com\/mhyrdin.fr\/blog\/wordpress\/wp-content\/gallery\/2020-sept-fin\/Le%20Four_4625.JPG?ssl=1\"><img loading=\"lazy\" decoding=\"async\" src=\"https:\/\/i0.wp.com\/mhyrdin.fr\/blog\/wordpress\/wp-content\/gallery\/2020-sept-fin\/Le%20Four_4625.JPG?h=170\" alt=\"Le Four\" width=\"255\" height=\"170\" \/><\/a><p class=\"jig-HTMLdescription\">Le Four<\/p><\/li><li><a href=\"https:\/\/i0.wp.com\/mhyrdin.fr\/blog\/wordpress\/wp-content\/gallery\/2020-sept-fin\/Le%20Four_4636.JPG?ssl=1\"><img loading=\"lazy\" decoding=\"async\" src=\"https:\/\/i0.wp.com\/mhyrdin.fr\/blog\/wordpress\/wp-content\/gallery\/2020-sept-fin\/Le%20Four_4636.JPG?h=170\" alt=\"Le Four\" width=\"255\" height=\"170\" \/><\/a><p class=\"jig-HTMLdescription\">Le Four<\/p><\/li><li><a href=\"https:\/\/i0.wp.com\/mhyrdin.fr\/blog\/wordpress\/wp-content\/gallery\/2020-sept-fin\/Le-Four_4638.JPG?ssl=1\"><img loading=\"lazy\" decoding=\"async\" src=\"https:\/\/i0.wp.com\/mhyrdin.fr\/blog\/wordpress\/wp-content\/gallery\/2020-sept-fin\/Le-Four_4638.JPG?h=170\" alt=\"Le Four\" width=\"255\" height=\"170\" \/><\/a><p class=\"jig-HTMLdescription\">Le Four<\/p><\/li><li><a href=\"https:\/\/i0.wp.com\/mhyrdin.fr\/blog\/wordpress\/wp-content\/gallery\/2020-sept-fin\/Le%20Four_4664.JPG?ssl=1\"><img loading=\"lazy\" decoding=\"async\" src=\"https:\/\/i0.wp.com\/mhyrdin.fr\/blog\/wordpress\/wp-content\/gallery\/2020-sept-fin\/Le%20Four_4664.JPG?h=170\" alt=\"Le Four_4664\" width=\"255\" height=\"170\" \/><\/a><p class=\"jig-HTMLdescription\">Le Four_4664<\/p><\/li><li><a href=\"https:\/\/i0.wp.com\/mhyrdin.fr\/blog\/wordpress\/wp-content\/gallery\/2020-sept-fin\/Porspoder_4721.JPG?ssl=1\" title=\"Porspoder_4721\"><img loading=\"lazy\" decoding=\"async\" src=\"https:\/\/i0.wp.com\/mhyrdin.fr\/blog\/wordpress\/wp-content\/gallery\/2020-sept-fin\/Porspoder_4721.JPG?h=170\" alt=\"Porspoder\" width=\"255\" height=\"170\" \/><\/a><p class=\"jig-HTMLdescription\">Porspoder<br\/>Porspoder_4721<\/p><\/li><li><a href=\"https:\/\/i0.wp.com\/mhyrdin.fr\/blog\/wordpress\/wp-content\/gallery\/2020-sept-fin\/Porspoder_4728.JPG?ssl=1\" title=\"Porspoder_4728\"><img loading=\"lazy\" decoding=\"async\" src=\"https:\/\/i0.wp.com\/mhyrdin.fr\/blog\/wordpress\/wp-content\/gallery\/2020-sept-fin\/Porspoder_4728.JPG?h=170\" alt=\"Porspoder\" width=\"302\" height=\"170\" \/><\/a><p class=\"jig-HTMLdescription\">Porspoder<br\/>Porspoder_4728<\/p><\/li><li><a href=\"https:\/\/i0.wp.com\/mhyrdin.fr\/blog\/wordpress\/wp-content\/gallery\/2020-sept-fin\/Porspoder_2572bis.jpg?ssl=1\" title=\"Porspoder_2572bis\"><img loading=\"lazy\" decoding=\"async\" src=\"https:\/\/i0.wp.com\/mhyrdin.fr\/blog\/wordpress\/wp-content\/gallery\/2020-sept-fin\/Porspoder_2572bis.jpg?h=170\" alt=\"Porspoder\" width=\"255\" height=\"170\" \/><\/a><p class=\"jig-HTMLdescription\">Porspoder<br\/>Porspoder_2572bis<\/p><\/li><li><a href=\"https:\/\/i0.wp.com\/mhyrdin.fr\/blog\/wordpress\/wp-content\/gallery\/2020-sept-fin\/Alouette%20des%20champs_4695.JPG?ssl=1\"><img loading=\"lazy\" decoding=\"async\" src=\"https:\/\/i0.wp.com\/mhyrdin.fr\/blog\/wordpress\/wp-content\/gallery\/2020-sept-fin\/Alouette%20des%20champs_4695.JPG?h=170\" alt=\"Alouette des champs\" width=\"255\" height=\"170\" \/><\/a><p class=\"jig-HTMLdescription\">Alouette des champs<\/p><\/li><li><a href=\"https:\/\/i0.wp.com\/mhyrdin.fr\/blog\/wordpress\/wp-content\/gallery\/2020-sept-fin\/B%C3%A9casseau%20sanderling_2.JPG?ssl=1\"><img loading=\"lazy\" decoding=\"async\" src=\"https:\/\/i0.wp.com\/mhyrdin.fr\/blog\/wordpress\/wp-content\/gallery\/2020-sept-fin\/B%C3%A9casseau%20sanderling_2.JPG?h=170\" alt=\"B\u00e9casseau sanderling\" width=\"113\" height=\"170\" \/><\/a><p class=\"jig-HTMLdescription\">B\u00e9casseau sanderling<\/p><\/li><li><a href=\"https:\/\/i0.wp.com\/mhyrdin.fr\/blog\/wordpress\/wp-content\/gallery\/2020-sept-fin\/Huitrier-pie_4743.JPG?ssl=1\"><img loading=\"lazy\" decoding=\"async\" src=\"https:\/\/i0.wp.com\/mhyrdin.fr\/blog\/wordpress\/wp-content\/gallery\/2020-sept-fin\/Huitrier-pie_4743.JPG?h=170\" alt=\"Huitriers pies\" width=\"255\" height=\"170\" \/><\/a><p class=\"jig-HTMLdescription\">Huitriers pies<\/p><\/li><li><a href=\"https:\/\/i0.wp.com\/mhyrdin.fr\/blog\/wordpress\/wp-content\/gallery\/2020-sept-fin\/Pluvier%20argent%C3%A9_4587.JPG?ssl=1\"><img loading=\"lazy\" decoding=\"async\" src=\"https:\/\/i0.wp.com\/mhyrdin.fr\/blog\/wordpress\/wp-content\/gallery\/2020-sept-fin\/Pluvier%20argent%C3%A9_4587.JPG?h=170\" alt=\"Pluvier argent\u00e9\" width=\"255\" height=\"170\" \/><\/a><p class=\"jig-HTMLdescription\">Pluvier argent\u00e9<\/p><\/li><li><a href=\"https:\/\/i0.wp.com\/mhyrdin.fr\/blog\/wordpress\/wp-content\/gallery\/2020-sept-fin\/Pluvier%20argent%C3%A9_4595.JPG?ssl=1\"><img loading=\"lazy\" decoding=\"async\" src=\"https:\/\/i0.wp.com\/mhyrdin.fr\/blog\/wordpress\/wp-content\/gallery\/2020-sept-fin\/Pluvier%20argent%C3%A9_4595.JPG?h=170\" alt=\"Pluvier argent\u00e9\" width=\"255\" height=\"170\" \/><\/a><p class=\"jig-HTMLdescription\">Pluvier argent\u00e9<\/p><\/li><li><a href=\"https:\/\/i0.wp.com\/mhyrdin.fr\/blog\/wordpress\/wp-content\/gallery\/2020-sept-fin\/Fou%20de%20Bassan_4872.JPG?ssl=1\"><img loading=\"lazy\" decoding=\"async\" src=\"https:\/\/i0.wp.com\/mhyrdin.fr\/blog\/wordpress\/wp-content\/gallery\/2020-sept-fin\/Fou%20de%20Bassan_4872.JPG?h=170\" alt=\"Fou de Bassan\" width=\"255\" height=\"170\" \/><\/a><p class=\"jig-HTMLdescription\">Fou de Bassan<\/p><\/li><li><a href=\"https:\/\/i0.wp.com\/mhyrdin.fr\/blog\/wordpress\/wp-content\/gallery\/2020-sept-fin\/Fou%20de%20Bassan_4867.JPG?ssl=1\"><img loading=\"lazy\" decoding=\"async\" src=\"https:\/\/i0.wp.com\/mhyrdin.fr\/blog\/wordpress\/wp-content\/gallery\/2020-sept-fin\/Fou%20de%20Bassan_4867.JPG?h=170\" alt=\"Fou de Bassan\" width=\"426\" height=\"170\" \/><\/a><p class=\"jig-HTMLdescription\">Fou de Bassan<\/p><\/li><li><a href=\"https:\/\/i0.wp.com\/mhyrdin.fr\/blog\/wordpress\/wp-content\/gallery\/2020-sept-fin\/Faucon-crecerelle_4899.JPG?ssl=1\"><img loading=\"lazy\" decoding=\"async\" src=\"https:\/\/i0.wp.com\/mhyrdin.fr\/blog\/wordpress\/wp-content\/gallery\/2020-sept-fin\/Faucon-crecerelle_4899.JPG?h=170\" alt=\"Faucon cr\u00e9cerelle\" width=\"255\" height=\"170\" \/><\/a><p class=\"jig-HTMLdescription\">Faucon cr\u00e9cerelle<\/p><\/li><li><a href=\"https:\/\/i0.wp.com\/mhyrdin.fr\/blog\/wordpress\/wp-content\/gallery\/2020-sept-fin\/Cuivr%C3%A9%20commun_4940.JPG?ssl=1\"><img loading=\"lazy\" decoding=\"async\" src=\"https:\/\/i0.wp.com\/mhyrdin.fr\/blog\/wordpress\/wp-content\/gallery\/2020-sept-fin\/Cuivr%C3%A9%20commun_4940.JPG?h=170\" alt=\"Cuivr\u00e9 commun\" width=\"255\" height=\"170\" \/><\/a><p class=\"jig-HTMLdescription\">Cuivr\u00e9 commun<\/p><\/li><li><a href=\"https:\/\/i0.wp.com\/mhyrdin.fr\/blog\/wordpress\/wp-content\/gallery\/2020-sept-fin\/Collier%20de%20corail_4958.JPG?ssl=1\"><img loading=\"lazy\" decoding=\"async\" src=\"https:\/\/i0.wp.com\/mhyrdin.fr\/blog\/wordpress\/wp-content\/gallery\/2020-sept-fin\/Collier%20de%20corail_4958.JPG?h=170\" alt=\"Collier de corail\" width=\"255\" height=\"170\" \/><\/a><p class=\"jig-HTMLdescription\">Collier de corail<\/p><\/li><\/ul><\/noscript><\/div><div id=\"jig1-developerLink\" class=\"jig-developerLink\"><a href=\"https:\/\/justifiedgrid.com\/\" target=\"_blank\" title=\"Justified Image Grid - Premium WordPress Gallery\">powered by Justified Image Grid<\/a><\/div>\n<h3>Related Images:<\/h3>","protected":false},"excerpt":{"rendered":"<p>PorspoderPorspoder_2545PorspoderPorspoder_2547PorspoderPorspoder_25501_Porspoder_2553PorspoderPorspoder_2561Porspoder1_Porspoder_2556PorspoderPorspoder_2559Porspoder_Porspoder_2581BrividicBrividic_4605Le FourLe FourLe FourLe Four_4664PorspoderPorspoder_4721PorspoderPorspoder_4728PorspoderPorspoder_2572bisAlouette des champsB\u00e9casseau sanderlingHuitriers piesPluvier argent\u00e9Pluvier argent\u00e9Fou de BassanFou de BassanFaucon cr\u00e9cerelleCuivr\u00e9 communCollier de corailpowered by Justified Image Grid Related Images:<\/p>\n","protected":false},"author":4,"featured_media":0,"parent":19627,"menu_order":0,"comment_status":"closed","ping_status":"closed","template":"","meta":{"ngg_post_thumbnail":0,"jetpack_post_was_ever_published":false,"footnotes":"","_links_to":"","_links_to_target":""},"class_list":["post-19857","page","type-page","status-publish","hentry"],"jetpack_shortlink":"https:\/\/wp.me\/P9lSZN-5ah","jetpack_sharing_enabled":true,"_links":{"self":[{"href":"https:\/\/mhyrdin.fr\/blog\/wp-json\/wp\/v2\/pages\/19857","targetHints":{"allow":["GET"]}}],"collection":[{"href":"https:\/\/mhyrdin.fr\/blog\/wp-json\/wp\/v2\/pages"}],"about":[{"href":"https:\/\/mhyrdin.fr\/blog\/wp-json\/wp\/v2\/types\/page"}],"author":[{"embeddable":true,"href":"https:\/\/mhyrdin.fr\/blog\/wp-json\/wp\/v2\/users\/4"}],"replies":[{"embeddable":true,"href":"https:\/\/mhyrdin.fr\/blog\/wp-json\/wp\/v2\/comments?post=19857"}],"version-history":[{"count":1,"href":"https:\/\/mhyrdin.fr\/blog\/wp-json\/wp\/v2\/pages\/19857\/revisions"}],"predecessor-version":[{"id":23749,"href":"https:\/\/mhyrdin.fr\/blog\/wp-json\/wp\/v2\/pages\/19857\/revisions\/23749"}],"up":[{"embeddable":true,"href":"https:\/\/mhyrdin.fr\/blog\/wp-json\/wp\/v2\/pages\/19627"}],"wp:attachment":[{"href":"https:\/\/mhyrdin.fr\/blog\/wp-json\/wp\/v2\/media?parent=19857"}],"curies":[{"name":"wp","href":"https:\/\/api.w.org\/{rel}","templated":true}]}}