{"id":19605,"date":"2020-10-22T07:22:38","date_gmt":"2020-10-22T05:22:38","guid":{"rendered":"https:\/\/mhyrdin.fr\/blog\/aout-2020\/derniers-jours-daout\/"},"modified":"2022-10-18T17:20:30","modified_gmt":"2022-10-18T15:20:30","slug":"derniers-jours-daout","status":"publish","type":"page","link":"https:\/\/mhyrdin.fr\/blog\/archives-numeriques\/2020-2\/septembre-2020\/gruissan-en-septembre\/derniers-jours-daout\/","title":{"rendered":"Paysages"},"content":{"rendered":"<div id=\"jig1\" class=\"justified-image-grid jig-4e0f812ed34a435bc5816002650fe9e5 jig-preset-global jig-source-nextgen\"><div class=\"jig-clearfix\"><\/div><noscript id=\"jig1-html\" class=\"justified-image-grid-html\" data-lazy-src=\"skiplazyload\" data-src=\"skipunveillazyload\"><ul><li><a href=\"https:\/\/i0.wp.com\/mhyrdin.fr\/blog\/wordpress\/wp-content\/gallery\/gruissan-1\/Nuage_175635R.jpg?ssl=1\" title=\"Nuage_175635R\"><img loading=\"lazy\" decoding=\"async\" src=\"https:\/\/i0.wp.com\/mhyrdin.fr\/blog\/wordpress\/wp-content\/gallery\/gruissan-1\/Nuage_175635R.jpg?h=170\" alt=\"Gruissan\" width=\"227\" height=\"170\" \/><\/a><p class=\"jig-HTMLdescription\">Gruissan<br\/>Nuage_175635R<\/p><\/li><li><a href=\"https:\/\/i0.wp.com\/mhyrdin.fr\/blog\/wordpress\/wp-content\/gallery\/gruissan-1\/Nuage_4029.JPG?ssl=1\" title=\"Nuage_4029\"><img loading=\"lazy\" decoding=\"async\" src=\"https:\/\/i0.wp.com\/mhyrdin.fr\/blog\/wordpress\/wp-content\/gallery\/gruissan-1\/Nuage_4029.JPG?h=170\" alt=\"Gruissan\" width=\"262\" height=\"170\" \/><\/a><p class=\"jig-HTMLdescription\">Gruissan<br\/>Nuage_4029<\/p><\/li><li><a href=\"https:\/\/i0.wp.com\/mhyrdin.fr\/blog\/wordpress\/wp-content\/gallery\/gruissan-1\/Chauffe-eau_3766.JPG?ssl=1\" title=\"Toujours au m\u00eame endroit depuis 40 ans !\"><img loading=\"lazy\" decoding=\"async\" src=\"https:\/\/i0.wp.com\/mhyrdin.fr\/blog\/wordpress\/wp-content\/gallery\/gruissan-1\/Chauffe-eau_3766.JPG?h=170\" alt=\"Sur la plage de Vieille-Nouvelle\" width=\"255\" height=\"170\" \/><\/a><p class=\"jig-HTMLdescription\">Sur la plage de Vieille-Nouvelle<br\/>Toujours au m\u00eame endroit depuis 40 ans !<\/p><\/li><li><a href=\"https:\/\/i0.wp.com\/mhyrdin.fr\/blog\/wordpress\/wp-content\/gallery\/gruissan-1\/Salins_3314.JPG?ssl=1\" title=\"Salins_3314\"><img loading=\"lazy\" decoding=\"async\" src=\"https:\/\/i0.wp.com\/mhyrdin.fr\/blog\/wordpress\/wp-content\/gallery\/gruissan-1\/Salins_3314.JPG?h=170\" alt=\"Salins\" width=\"255\" height=\"170\" \/><\/a><p class=\"jig-HTMLdescription\">Salins<br\/>Salins_3314<\/p><\/li><li><a href=\"https:\/\/i0.wp.com\/mhyrdin.fr\/blog\/wordpress\/wp-content\/gallery\/gruissan-1\/Clape_3407.JPG?ssl=1\" title=\"Clape_3407\"><img loading=\"lazy\" decoding=\"async\" src=\"https:\/\/i0.wp.com\/mhyrdin.fr\/blog\/wordpress\/wp-content\/gallery\/gruissan-1\/Clape_3407.JPG?h=170\" alt=\"La Clape\" width=\"255\" height=\"170\" \/><\/a><p class=\"jig-HTMLdescription\">La Clape<br\/>Clape_3407<\/p><\/li><li><a href=\"https:\/\/i0.wp.com\/mhyrdin.fr\/blog\/wordpress\/wp-content\/gallery\/gruissan-1\/Clape_120129-Copie.jpg?ssl=1\"><img loading=\"lazy\" decoding=\"async\" src=\"https:\/\/i0.wp.com\/mhyrdin.fr\/blog\/wordpress\/wp-content\/gallery\/gruissan-1\/Clape_120129-Copie.jpg?h=170\" alt=\"La Clape\" width=\"373\" height=\"170\" \/><\/a><p class=\"jig-HTMLdescription\">La Clape<\/p><\/li><li><a href=\"https:\/\/i0.wp.com\/mhyrdin.fr\/blog\/wordpress\/wp-content\/gallery\/gruissan-1\/Clape_120132-Copie.jpg?ssl=1\"><img loading=\"lazy\" decoding=\"async\" src=\"https:\/\/i0.wp.com\/mhyrdin.fr\/blog\/wordpress\/wp-content\/gallery\/gruissan-1\/Clape_120132-Copie.jpg?h=170\" alt=\"La Clape\" width=\"302\" height=\"170\" \/><\/a><p class=\"jig-HTMLdescription\">La Clape<\/p><\/li><li><a href=\"https:\/\/i0.wp.com\/mhyrdin.fr\/blog\/wordpress\/wp-content\/gallery\/gruissan-1\/Clape_3908.JPG?ssl=1\" title=\"Clape_3908\"><img loading=\"lazy\" decoding=\"async\" src=\"https:\/\/i0.wp.com\/mhyrdin.fr\/blog\/wordpress\/wp-content\/gallery\/gruissan-1\/Clape_3908.JPG?h=170\" alt=\"La Clape\" width=\"255\" height=\"170\" \/><\/a><p class=\"jig-HTMLdescription\">La Clape<br\/>Clape_3908<\/p><\/li><li><a href=\"https:\/\/i0.wp.com\/mhyrdin.fr\/blog\/wordpress\/wp-content\/gallery\/gruissan-1\/Clape_3909.JPG?ssl=1\" title=\"Clape_3909\"><img loading=\"lazy\" decoding=\"async\" src=\"https:\/\/i0.wp.com\/mhyrdin.fr\/blog\/wordpress\/wp-content\/gallery\/gruissan-1\/Clape_3909.JPG?h=170\" alt=\"La Clape\" width=\"255\" height=\"170\" \/><\/a><p class=\"jig-HTMLdescription\">La Clape<br\/>Clape_3909<\/p><\/li><li><a href=\"https:\/\/i0.wp.com\/mhyrdin.fr\/blog\/wordpress\/wp-content\/gallery\/gruissan-1\/Clape_3920.JPG?ssl=1\" title=\"Clape_3920\"><img loading=\"lazy\" decoding=\"async\" src=\"https:\/\/i0.wp.com\/mhyrdin.fr\/blog\/wordpress\/wp-content\/gallery\/gruissan-1\/Clape_3920.JPG?h=170\" alt=\"La Clape\" width=\"255\" height=\"170\" \/><\/a><p class=\"jig-HTMLdescription\">La Clape<br\/>Clape_3920<\/p><\/li><li><a href=\"https:\/\/i0.wp.com\/mhyrdin.fr\/blog\/wordpress\/wp-content\/gallery\/gruissan-1\/Chene-Kermes_3911.JPG?ssl=1\"><img loading=\"lazy\" decoding=\"async\" src=\"https:\/\/i0.wp.com\/mhyrdin.fr\/blog\/wordpress\/wp-content\/gallery\/gruissan-1\/Chene-Kermes_3911.JPG?h=170\" alt=\"Ch\u00eane Kerm\u00e8s\" width=\"255\" height=\"170\" \/><\/a><p class=\"jig-HTMLdescription\">Ch\u00eane Kerm\u00e8s<\/p><\/li><li><a href=\"https:\/\/i0.wp.com\/mhyrdin.fr\/blog\/wordpress\/wp-content\/gallery\/gruissan-1\/Clape_3922.JPG?ssl=1\" title=\"Clape_3922\"><img loading=\"lazy\" decoding=\"async\" src=\"https:\/\/i0.wp.com\/mhyrdin.fr\/blog\/wordpress\/wp-content\/gallery\/gruissan-1\/Clape_3922.JPG?h=170\" alt=\"La Clape\" width=\"255\" height=\"170\" \/><\/a><p class=\"jig-HTMLdescription\">La Clape<br\/>Clape_3922<\/p><\/li><li><a href=\"https:\/\/i0.wp.com\/mhyrdin.fr\/blog\/wordpress\/wp-content\/gallery\/gruissan-1\/Cigogne%20blanche_3930.JPG?ssl=1\" title=\"survol\u00e9e par les cigognes en migration\"><img loading=\"lazy\" decoding=\"async\" src=\"https:\/\/i0.wp.com\/mhyrdin.fr\/blog\/wordpress\/wp-content\/gallery\/gruissan-1\/Cigogne%20blanche_3930.JPG?h=170\" alt=\"Narbonne\" width=\"255\" height=\"170\" \/><\/a><p class=\"jig-HTMLdescription\">Narbonne<br\/>survol\u00e9e par les cigognes en migration<\/p><\/li><li><a href=\"https:\/\/i0.wp.com\/mhyrdin.fr\/blog\/wordpress\/wp-content\/gallery\/gruissan-1\/Peyriac_4066.JPG?ssl=1\" title=\"Peyriac_4066\"><img loading=\"lazy\" decoding=\"async\" src=\"https:\/\/i0.wp.com\/mhyrdin.fr\/blog\/wordpress\/wp-content\/gallery\/gruissan-1\/Peyriac_4066.JPG?h=170\" alt=\"Peyriac de mer\" width=\"255\" height=\"170\" \/><\/a><p class=\"jig-HTMLdescription\">Peyriac de mer<br\/>Peyriac_4066<\/p><\/li><li><a href=\"https:\/\/i0.wp.com\/mhyrdin.fr\/blog\/wordpress\/wp-content\/gallery\/gruissan-1\/Vigne_4045.JPG?ssl=1\" title=\"Vigne_4045\"><img loading=\"lazy\" decoding=\"async\" src=\"https:\/\/i0.wp.com\/mhyrdin.fr\/blog\/wordpress\/wp-content\/gallery\/gruissan-1\/Vigne_4045.JPG?h=170\" alt=\"Peyriac de mer\" width=\"255\" height=\"170\" \/><\/a><p class=\"jig-HTMLdescription\">Peyriac de mer<br\/>Vigne_4045<\/p><\/li><\/ul><\/noscript><\/div><div id=\"jig1-developerLink\" class=\"jig-developerLink\"><a href=\"https:\/\/justifiedgrid.com\/\" target=\"_blank\" title=\"Justified Image Grid - Premium WordPress Gallery\">powered by Justified Image Grid<\/a><\/div>\n<h3>Related Images:<\/h3>","protected":false},"excerpt":{"rendered":"<p>GruissanNuage_175635RGruissanNuage_4029Sur la plage de Vieille-NouvelleToujours au m\u00eame endroit depuis 40 ans !SalinsSalins_3314La ClapeClape_3407La ClapeLa ClapeLa ClapeClape_3908La ClapeClape_3909La ClapeClape_3920Ch\u00eane Kerm\u00e8sLa ClapeClape_3922Narbonnesurvol\u00e9e par les cigognes en migrationPeyriac de merPeyriac_4066Peyriac de merVigne_4045powered by Justified Image Grid Related Images:<\/p>\n","protected":false},"author":4,"featured_media":0,"parent":23775,"menu_order":0,"comment_status":"closed","ping_status":"closed","template":"","meta":{"ngg_post_thumbnail":0,"jetpack_post_was_ever_published":false,"footnotes":"","_links_to":"","_links_to_target":""},"class_list":["post-19605","page","type-page","status-publish","hentry"],"jetpack_shortlink":"https:\/\/wp.me\/P9lSZN-56d","jetpack_sharing_enabled":true,"_links":{"self":[{"href":"https:\/\/mhyrdin.fr\/blog\/wp-json\/wp\/v2\/pages\/19605","targetHints":{"allow":["GET"]}}],"collection":[{"href":"https:\/\/mhyrdin.fr\/blog\/wp-json\/wp\/v2\/pages"}],"about":[{"href":"https:\/\/mhyrdin.fr\/blog\/wp-json\/wp\/v2\/types\/page"}],"author":[{"embeddable":true,"href":"https:\/\/mhyrdin.fr\/blog\/wp-json\/wp\/v2\/users\/4"}],"replies":[{"embeddable":true,"href":"https:\/\/mhyrdin.fr\/blog\/wp-json\/wp\/v2\/comments?post=19605"}],"version-history":[{"count":1,"href":"https:\/\/mhyrdin.fr\/blog\/wp-json\/wp\/v2\/pages\/19605\/revisions"}],"predecessor-version":[{"id":23767,"href":"https:\/\/mhyrdin.fr\/blog\/wp-json\/wp\/v2\/pages\/19605\/revisions\/23767"}],"up":[{"embeddable":true,"href":"https:\/\/mhyrdin.fr\/blog\/wp-json\/wp\/v2\/pages\/23775"}],"wp:attachment":[{"href":"https:\/\/mhyrdin.fr\/blog\/wp-json\/wp\/v2\/media?parent=19605"}],"curies":[{"name":"wp","href":"https:\/\/api.w.org\/{rel}","templated":true}]}}