{"id":19572,"date":"2020-10-21T18:22:23","date_gmt":"2020-10-21T16:22:23","guid":{"rendered":"https:\/\/mhyrdin.fr\/blog\/aout-2020\/saint-lary_piau-angaly\/"},"modified":"2022-10-18T17:06:30","modified_gmt":"2022-10-18T15:06:30","slug":"saint-lary_piau-angaly","status":"publish","type":"page","link":"https:\/\/mhyrdin.fr\/blog\/archives-numeriques\/2020-2\/aout-2020\/les-pyrenees-2020\/saint-lary_piau-angaly\/","title":{"rendered":"Piau-Angaly"},"content":{"rendered":"<div id=\"jig1\" class=\"justified-image-grid jig-3edc73848360544e380d18e97b0c2fcb jig-preset-global jig-source-nextgen\"><div class=\"jig-clearfix\"><\/div><noscript id=\"jig1-html\" class=\"justified-image-grid-html\" data-lazy-src=\"skiplazyload\" data-src=\"skipunveillazyload\"><ul><li><a href=\"https:\/\/i0.wp.com\/mhyrdin.fr\/blog\/wordpress\/wp-content\/gallery\/saint-lary_piau-angaly2020\/Piau-engaly_133844.jpg?ssl=1\"><img loading=\"lazy\" decoding=\"async\" src=\"https:\/\/i0.wp.com\/mhyrdin.fr\/blog\/wordpress\/wp-content\/gallery\/saint-lary_piau-angaly2020\/Piau-engaly_133844.jpg?h=170\" alt=\"Piau engaly\" width=\"291\" height=\"170\" \/><\/a><p class=\"jig-HTMLdescription\">Piau engaly<\/p><\/li><li><a href=\"https:\/\/i0.wp.com\/mhyrdin.fr\/blog\/wordpress\/wp-content\/gallery\/saint-lary_piau-angaly2020\/Piau-engaly_133846.jpg?ssl=1\"><img loading=\"lazy\" decoding=\"async\" src=\"https:\/\/i0.wp.com\/mhyrdin.fr\/blog\/wordpress\/wp-content\/gallery\/saint-lary_piau-angaly2020\/Piau-engaly_133846.jpg?h=170\" alt=\"Piau engaly\" width=\"255\" height=\"170\" \/><\/a><p class=\"jig-HTMLdescription\">Piau engaly<\/p><\/li><li><a href=\"https:\/\/i0.wp.com\/mhyrdin.fr\/blog\/wordpress\/wp-content\/gallery\/saint-lary_piau-angaly2020\/1_Piau-engaly_133848.jpg?ssl=1\"><img loading=\"lazy\" decoding=\"async\" src=\"https:\/\/i0.wp.com\/mhyrdin.fr\/blog\/wordpress\/wp-content\/gallery\/saint-lary_piau-angaly2020\/1_Piau-engaly_133848.jpg?h=170\" alt=\"Piau engaly\" width=\"255\" height=\"170\" \/><\/a><p class=\"jig-HTMLdescription\">Piau engaly<\/p><\/li><li><a href=\"https:\/\/i0.wp.com\/mhyrdin.fr\/blog\/wordpress\/wp-content\/gallery\/saint-lary_piau-angaly2020\/Piau-engaly_133848.jpg?ssl=1\"><img loading=\"lazy\" decoding=\"async\" src=\"https:\/\/i0.wp.com\/mhyrdin.fr\/blog\/wordpress\/wp-content\/gallery\/saint-lary_piau-angaly2020\/Piau-engaly_133848.jpg?h=170\" alt=\"Piau-engaly\" width=\"255\" height=\"170\" \/><\/a><p class=\"jig-HTMLdescription\">Piau-engaly<\/p><\/li><li><a href=\"https:\/\/i0.wp.com\/mhyrdin.fr\/blog\/wordpress\/wp-content\/gallery\/saint-lary_piau-angaly2020\/Piau-Engaly_2347.JPG?ssl=1\"><img loading=\"lazy\" decoding=\"async\" src=\"https:\/\/i0.wp.com\/mhyrdin.fr\/blog\/wordpress\/wp-content\/gallery\/saint-lary_piau-angaly2020\/Piau-Engaly_2347.JPG?h=170\" alt=\"Piau-Engaly\" width=\"255\" height=\"170\" \/><\/a><p class=\"jig-HTMLdescription\">Piau-Engaly<\/p><\/li><li><a href=\"https:\/\/i0.wp.com\/mhyrdin.fr\/blog\/wordpress\/wp-content\/gallery\/saint-lary_piau-angaly2020\/Piau-Engaly_2286.JPG?ssl=1\"><img loading=\"lazy\" decoding=\"async\" src=\"https:\/\/i0.wp.com\/mhyrdin.fr\/blog\/wordpress\/wp-content\/gallery\/saint-lary_piau-angaly2020\/Piau-Engaly_2286.JPG?h=170\" alt=\"Piau-Engaly\" width=\"284\" height=\"170\" \/><\/a><p class=\"jig-HTMLdescription\">Piau-Engaly<\/p><\/li><li><a href=\"https:\/\/i0.wp.com\/mhyrdin.fr\/blog\/wordpress\/wp-content\/gallery\/saint-lary_piau-angaly2020\/Piau-Engaly_2348.JPG?ssl=1\"><img loading=\"lazy\" decoding=\"async\" src=\"https:\/\/i0.wp.com\/mhyrdin.fr\/blog\/wordpress\/wp-content\/gallery\/saint-lary_piau-angaly2020\/Piau-Engaly_2348.JPG?h=170\" alt=\"Piau-Engaly\" width=\"255\" height=\"170\" \/><\/a><p class=\"jig-HTMLdescription\">Piau-Engaly<\/p><\/li><li><a href=\"https:\/\/i0.wp.com\/mhyrdin.fr\/blog\/wordpress\/wp-content\/gallery\/saint-lary_piau-angaly2020\/Lezard-des-murailles_2272.JPG?ssl=1\"><img loading=\"lazy\" decoding=\"async\" src=\"https:\/\/i0.wp.com\/mhyrdin.fr\/blog\/wordpress\/wp-content\/gallery\/saint-lary_piau-angaly2020\/Lezard-des-murailles_2272.JPG?h=170\" alt=\"L\u00e9zard des murailles\" width=\"255\" height=\"170\" \/><\/a><p class=\"jig-HTMLdescription\">L\u00e9zard des murailles<\/p><\/li><li><a href=\"https:\/\/i0.wp.com\/mhyrdin.fr\/blog\/wordpress\/wp-content\/gallery\/saint-lary_piau-angaly2020\/Piau-Engaly_2284.JPG?ssl=1\"><img loading=\"lazy\" decoding=\"async\" src=\"https:\/\/i0.wp.com\/mhyrdin.fr\/blog\/wordpress\/wp-content\/gallery\/saint-lary_piau-angaly2020\/Piau-Engaly_2284.JPG?h=170\" alt=\"Piau-Engaly\" width=\"113\" height=\"170\" \/><\/a><p class=\"jig-HTMLdescription\">Piau-Engaly<\/p><\/li><li><a href=\"https:\/\/i0.wp.com\/mhyrdin.fr\/blog\/wordpress\/wp-content\/gallery\/saint-lary_piau-angaly2020\/Pouillot-fitis_2312.JPG?ssl=1\"><img loading=\"lazy\" decoding=\"async\" src=\"https:\/\/i0.wp.com\/mhyrdin.fr\/blog\/wordpress\/wp-content\/gallery\/saint-lary_piau-angaly2020\/Pouillot-fitis_2312.JPG?h=170\" alt=\"Pouillot-fitis\" width=\"255\" height=\"170\" \/><\/a><p class=\"jig-HTMLdescription\">Pouillot-fitis<\/p><\/li><li><a href=\"https:\/\/i0.wp.com\/mhyrdin.fr\/blog\/wordpress\/wp-content\/gallery\/saint-lary_piau-angaly2020\/Sureau-a-grappes_2323.JPG?ssl=1\"><img loading=\"lazy\" decoding=\"async\" src=\"https:\/\/i0.wp.com\/mhyrdin.fr\/blog\/wordpress\/wp-content\/gallery\/saint-lary_piau-angaly2020\/Sureau-a-grappes_2323.JPG?h=170\" alt=\"Sureau \u00e0 grappes\" width=\"255\" height=\"170\" \/><\/a><p class=\"jig-HTMLdescription\">Sureau \u00e0 grappes<\/p><\/li><li><a href=\"https:\/\/i0.wp.com\/mhyrdin.fr\/blog\/wordpress\/wp-content\/gallery\/saint-lary_piau-angaly2020\/Faucon-crecerelle_2372-1.jpg?ssl=1\"><img loading=\"lazy\" decoding=\"async\" src=\"https:\/\/i0.wp.com\/mhyrdin.fr\/blog\/wordpress\/wp-content\/gallery\/saint-lary_piau-angaly2020\/Faucon-crecerelle_2372-1.jpg?h=170\" alt=\"Faucon cr\u00e9cerelle\" width=\"255\" height=\"170\" \/><\/a><p class=\"jig-HTMLdescription\">Faucon cr\u00e9cerelle<\/p><\/li><li><a href=\"https:\/\/i0.wp.com\/mhyrdin.fr\/blog\/wordpress\/wp-content\/gallery\/saint-lary_piau-angaly2020\/Circaete-Jean-Le-Blanc_2381.JPG?ssl=1\"><img loading=\"lazy\" decoding=\"async\" src=\"https:\/\/i0.wp.com\/mhyrdin.fr\/blog\/wordpress\/wp-content\/gallery\/saint-lary_piau-angaly2020\/Circaete-Jean-Le-Blanc_2381.JPG?h=170\" alt=\"Circaete-Jean-Le-Blanc\" width=\"255\" height=\"170\" \/><\/a><p class=\"jig-HTMLdescription\">Circaete-Jean-Le-Blanc<\/p><\/li><li><a href=\"https:\/\/i0.wp.com\/mhyrdin.fr\/blog\/wordpress\/wp-content\/gallery\/saint-lary_piau-angaly2020\/Piau-Engaly_2313.JPG?ssl=1\"><img loading=\"lazy\" decoding=\"async\" src=\"https:\/\/i0.wp.com\/mhyrdin.fr\/blog\/wordpress\/wp-content\/gallery\/saint-lary_piau-angaly2020\/Piau-Engaly_2313.JPG?h=170\" alt=\"Piau-Engaly\" width=\"419\" height=\"170\" \/><\/a><p class=\"jig-HTMLdescription\">Piau-Engaly<\/p><\/li><li><a href=\"https:\/\/i0.wp.com\/mhyrdin.fr\/blog\/wordpress\/wp-content\/gallery\/saint-lary_piau-angaly2020\/Marmotte_2437.JPG?ssl=1\" title=\"Marmotte_2437\"><img loading=\"lazy\" decoding=\"async\" src=\"https:\/\/i0.wp.com\/mhyrdin.fr\/blog\/wordpress\/wp-content\/gallery\/saint-lary_piau-angaly2020\/Marmotte_2437.JPG?h=170\" alt=\"Marmotte\" width=\"255\" height=\"170\" \/><\/a><p class=\"jig-HTMLdescription\">Marmotte<br\/>Marmotte_2437<\/p><\/li><li><a href=\"https:\/\/i0.wp.com\/mhyrdin.fr\/blog\/wordpress\/wp-content\/gallery\/saint-lary_piau-angaly2020\/Marmotte_2440.JPG?ssl=1\" title=\"Marmotte_2440\"><img loading=\"lazy\" decoding=\"async\" src=\"https:\/\/i0.wp.com\/mhyrdin.fr\/blog\/wordpress\/wp-content\/gallery\/saint-lary_piau-angaly2020\/Marmotte_2440.JPG?h=170\" alt=\"Marmotte\" width=\"255\" height=\"170\" \/><\/a><p class=\"jig-HTMLdescription\">Marmotte<br\/>Marmotte_2440<\/p><\/li><li><a href=\"https:\/\/i0.wp.com\/mhyrdin.fr\/blog\/wordpress\/wp-content\/gallery\/saint-lary_piau-angaly2020\/Marmotte_2447.JPG?ssl=1\" title=\"Marmotte_2447\"><img loading=\"lazy\" decoding=\"async\" src=\"https:\/\/i0.wp.com\/mhyrdin.fr\/blog\/wordpress\/wp-content\/gallery\/saint-lary_piau-angaly2020\/Marmotte_2447.JPG?h=170\" alt=\"Marmotte\" width=\"255\" height=\"170\" \/><\/a><p class=\"jig-HTMLdescription\">Marmotte<br\/>Marmotte_2447<\/p><\/li><li><a href=\"https:\/\/i0.wp.com\/mhyrdin.fr\/blog\/wordpress\/wp-content\/gallery\/saint-lary_piau-angaly2020\/Aconit_2474.JPG?ssl=1\" title=\"Aconit_2474\"><img loading=\"lazy\" decoding=\"async\" src=\"https:\/\/i0.wp.com\/mhyrdin.fr\/blog\/wordpress\/wp-content\/gallery\/saint-lary_piau-angaly2020\/Aconit_2474.JPG?h=170\" alt=\"Aconit\" width=\"113\" height=\"170\" \/><\/a><p class=\"jig-HTMLdescription\">Aconit<br\/>Aconit_2474<\/p><\/li><li><a href=\"https:\/\/i0.wp.com\/mhyrdin.fr\/blog\/wordpress\/wp-content\/gallery\/saint-lary_piau-angaly2020\/Marmotte_2490.JPG?ssl=1\" title=\"Marmotte_2490\"><img loading=\"lazy\" decoding=\"async\" src=\"https:\/\/i0.wp.com\/mhyrdin.fr\/blog\/wordpress\/wp-content\/gallery\/saint-lary_piau-angaly2020\/Marmotte_2490.JPG?h=170\" alt=\"Marmotte\" width=\"255\" height=\"170\" \/><\/a><p class=\"jig-HTMLdescription\">Marmotte<br\/>Marmotte_2490<\/p><\/li><li><a href=\"https:\/\/i0.wp.com\/mhyrdin.fr\/blog\/wordpress\/wp-content\/gallery\/saint-lary_piau-angaly2020\/Traquet-motteux_2495.JPG?ssl=1\"><img loading=\"lazy\" decoding=\"async\" src=\"https:\/\/i0.wp.com\/mhyrdin.fr\/blog\/wordpress\/wp-content\/gallery\/saint-lary_piau-angaly2020\/Traquet-motteux_2495.JPG?h=170\" alt=\"Traquet motteux\" width=\"255\" height=\"170\" \/><\/a><p class=\"jig-HTMLdescription\">Traquet motteux<\/p><\/li><li><a href=\"https:\/\/i0.wp.com\/mhyrdin.fr\/blog\/wordpress\/wp-content\/gallery\/saint-lary_piau-angaly2020\/Chardon-Carline-a-tige-courte-_2396.JPG?ssl=1\"><img loading=\"lazy\" decoding=\"async\" src=\"https:\/\/i0.wp.com\/mhyrdin.fr\/blog\/wordpress\/wp-content\/gallery\/saint-lary_piau-angaly2020\/Chardon-Carline-a-tige-courte-_2396.JPG?h=170\" alt=\"Carline \u00e0 tige courte\" width=\"255\" height=\"170\" \/><\/a><p class=\"jig-HTMLdescription\">Carline \u00e0 tige courte<\/p><\/li><li><a href=\"https:\/\/i0.wp.com\/mhyrdin.fr\/blog\/wordpress\/wp-content\/gallery\/saint-lary_piau-angaly2020\/Piau-Engaly_2501.JPG?ssl=1\"><img loading=\"lazy\" decoding=\"async\" src=\"https:\/\/i0.wp.com\/mhyrdin.fr\/blog\/wordpress\/wp-content\/gallery\/saint-lary_piau-angaly2020\/Piau-Engaly_2501.JPG?h=170\" alt=\"Piau-Engaly\" width=\"255\" height=\"170\" \/><\/a><p class=\"jig-HTMLdescription\">Piau-Engaly<\/p><\/li><li><a href=\"https:\/\/i0.wp.com\/mhyrdin.fr\/blog\/wordpress\/wp-content\/gallery\/saint-lary_piau-angaly2020\/Oedipode-rouge_2505.JPG?ssl=1\"><img loading=\"lazy\" decoding=\"async\" src=\"https:\/\/i0.wp.com\/mhyrdin.fr\/blog\/wordpress\/wp-content\/gallery\/saint-lary_piau-angaly2020\/Oedipode-rouge_2505.JPG?h=170\" alt=\"\u0152dipode rouge\" width=\"255\" height=\"170\" \/><\/a><p class=\"jig-HTMLdescription\">\u0152dipode rouge<\/p><\/li><li><a href=\"https:\/\/i0.wp.com\/mhyrdin.fr\/blog\/wordpress\/wp-content\/gallery\/saint-lary_piau-angaly2020\/Rougequeue-noir_2955.JPG?ssl=1\"><img loading=\"lazy\" decoding=\"async\" src=\"https:\/\/i0.wp.com\/mhyrdin.fr\/blog\/wordpress\/wp-content\/gallery\/saint-lary_piau-angaly2020\/Rougequeue-noir_2955.JPG?h=170\" alt=\"Rougequeue noir\" width=\"255\" height=\"170\" \/><\/a><p class=\"jig-HTMLdescription\">Rougequeue noir<\/p><\/li><li><a href=\"https:\/\/i0.wp.com\/mhyrdin.fr\/blog\/wordpress\/wp-content\/gallery\/saint-lary_piau-angaly2020\/Crave-a-bec-rouge_2961.JPG?ssl=1\"><img loading=\"lazy\" decoding=\"async\" src=\"https:\/\/i0.wp.com\/mhyrdin.fr\/blog\/wordpress\/wp-content\/gallery\/saint-lary_piau-angaly2020\/Crave-a-bec-rouge_2961.JPG?h=170\" alt=\"Crave \u00e0 bec rouge\" width=\"255\" height=\"170\" \/><\/a><p class=\"jig-HTMLdescription\">Crave \u00e0 bec rouge<\/p><\/li><li><a href=\"https:\/\/i0.wp.com\/mhyrdin.fr\/blog\/wordpress\/wp-content\/gallery\/saint-lary_piau-angaly2020\/Bruant-fou_2965.JPG?ssl=1\"><img loading=\"lazy\" decoding=\"async\" src=\"https:\/\/i0.wp.com\/mhyrdin.fr\/blog\/wordpress\/wp-content\/gallery\/saint-lary_piau-angaly2020\/Bruant-fou_2965.JPG?h=170\" alt=\"Bruant fou\" width=\"255\" height=\"170\" \/><\/a><p class=\"jig-HTMLdescription\">Bruant fou<\/p><\/li><li><a href=\"https:\/\/i0.wp.com\/mhyrdin.fr\/blog\/wordpress\/wp-content\/gallery\/saint-lary_piau-angaly2020\/Torrent_2994.JPG?ssl=1\" title=\"Torrent_2994\"><img loading=\"lazy\" decoding=\"async\" src=\"https:\/\/i0.wp.com\/mhyrdin.fr\/blog\/wordpress\/wp-content\/gallery\/saint-lary_piau-angaly2020\/Torrent_2994.JPG?h=170\" alt=\"Torrent\" width=\"113\" height=\"170\" \/><\/a><p class=\"jig-HTMLdescription\">Torrent<br\/>Torrent_2994<\/p><\/li><li><a href=\"https:\/\/i0.wp.com\/mhyrdin.fr\/blog\/wordpress\/wp-content\/gallery\/saint-lary_piau-angaly2020\/Marmotte_3018.JPG?ssl=1\" title=\"Marmotte_3018\"><img loading=\"lazy\" decoding=\"async\" src=\"https:\/\/i0.wp.com\/mhyrdin.fr\/blog\/wordpress\/wp-content\/gallery\/saint-lary_piau-angaly2020\/Marmotte_3018.JPG?h=170\" alt=\"Marmotte\" width=\"255\" height=\"170\" \/><\/a><p class=\"jig-HTMLdescription\">Marmotte<br\/>Marmotte_3018<\/p><\/li><li><a href=\"https:\/\/i0.wp.com\/mhyrdin.fr\/blog\/wordpress\/wp-content\/gallery\/saint-lary_piau-angaly2020\/Cincle-plongeur_3035.JPG?ssl=1\"><img loading=\"lazy\" decoding=\"async\" src=\"https:\/\/i0.wp.com\/mhyrdin.fr\/blog\/wordpress\/wp-content\/gallery\/saint-lary_piau-angaly2020\/Cincle-plongeur_3035.JPG?h=170\" alt=\"Cincle plongeur\" width=\"255\" height=\"170\" \/><\/a><p class=\"jig-HTMLdescription\">Cincle plongeur<\/p><\/li><li><a href=\"https:\/\/i0.wp.com\/mhyrdin.fr\/blog\/wordpress\/wp-content\/gallery\/saint-lary_piau-angaly2020\/Cincle-plongeur_3042.JPG?ssl=1\"><img loading=\"lazy\" decoding=\"async\" src=\"https:\/\/i0.wp.com\/mhyrdin.fr\/blog\/wordpress\/wp-content\/gallery\/saint-lary_piau-angaly2020\/Cincle-plongeur_3042.JPG?h=170\" alt=\"Cincle-plongeur\" width=\"255\" height=\"170\" \/><\/a><p class=\"jig-HTMLdescription\">Cincle-plongeur<\/p><\/li><li><a href=\"https:\/\/i0.wp.com\/mhyrdin.fr\/blog\/wordpress\/wp-content\/gallery\/saint-lary_piau-angaly2020\/Rougequeue-a-front-blanc_3081.JPG?ssl=1\"><img loading=\"lazy\" decoding=\"async\" src=\"https:\/\/i0.wp.com\/mhyrdin.fr\/blog\/wordpress\/wp-content\/gallery\/saint-lary_piau-angaly2020\/Rougequeue-a-front-blanc_3081.JPG?h=170\" alt=\"Rougequeue \u00e0 front blanc_\" width=\"113\" height=\"170\" \/><\/a><p class=\"jig-HTMLdescription\">Rougequeue \u00e0 front blanc_<\/p><\/li><li><a href=\"https:\/\/i0.wp.com\/mhyrdin.fr\/blog\/wordpress\/wp-content\/gallery\/saint-lary_piau-angaly2020\/Traquet-motteux_3098.JPG?ssl=1\"><img loading=\"lazy\" decoding=\"async\" src=\"https:\/\/i0.wp.com\/mhyrdin.fr\/blog\/wordpress\/wp-content\/gallery\/saint-lary_piau-angaly2020\/Traquet-motteux_3098.JPG?h=170\" alt=\"Traquet motteux\" width=\"255\" height=\"170\" \/><\/a><p class=\"jig-HTMLdescription\">Traquet motteux<\/p><\/li><li><a href=\"https:\/\/i0.wp.com\/mhyrdin.fr\/blog\/wordpress\/wp-content\/gallery\/saint-lary_piau-angaly2020\/Belier_3138.JPG?ssl=1\" title=\"Belier_3138\"><img loading=\"lazy\" decoding=\"async\" src=\"https:\/\/i0.wp.com\/mhyrdin.fr\/blog\/wordpress\/wp-content\/gallery\/saint-lary_piau-angaly2020\/Belier_3138.JPG?h=170\" alt=\"B\u00e9lier\" width=\"255\" height=\"170\" \/><\/a><p class=\"jig-HTMLdescription\">B\u00e9lier<br\/>Belier_3138<\/p><\/li><li><a href=\"https:\/\/i0.wp.com\/mhyrdin.fr\/blog\/wordpress\/wp-content\/gallery\/saint-lary_piau-angaly2020\/Torrent_3182.JPG?ssl=1\" title=\"Torrent_3182\"><img loading=\"lazy\" decoding=\"async\" src=\"https:\/\/i0.wp.com\/mhyrdin.fr\/blog\/wordpress\/wp-content\/gallery\/saint-lary_piau-angaly2020\/Torrent_3182.JPG?h=170\" alt=\"Torrent\" width=\"255\" height=\"170\" \/><\/a><p class=\"jig-HTMLdescription\">Torrent<br\/>Torrent_3182<\/p><\/li><li><a href=\"https:\/\/i0.wp.com\/mhyrdin.fr\/blog\/wordpress\/wp-content\/gallery\/saint-lary_piau-angaly2020\/Bleu-nacre_3201.JPG?ssl=1\"><img loading=\"lazy\" decoding=\"async\" src=\"https:\/\/i0.wp.com\/mhyrdin.fr\/blog\/wordpress\/wp-content\/gallery\/saint-lary_piau-angaly2020\/Bleu-nacre_3201.JPG?h=170\" alt=\"Azur\u00e9 bleu-nacr\u00e9\" width=\"255\" height=\"170\" \/><\/a><p class=\"jig-HTMLdescription\">Azur\u00e9 bleu-nacr\u00e9<\/p><\/li><li><a href=\"https:\/\/i0.wp.com\/mhyrdin.fr\/blog\/wordpress\/wp-content\/gallery\/saint-lary_piau-angaly2020\/Bergeronnette-des-ruisseaux_3205.JPG?ssl=1\"><img loading=\"lazy\" decoding=\"async\" src=\"https:\/\/i0.wp.com\/mhyrdin.fr\/blog\/wordpress\/wp-content\/gallery\/saint-lary_piau-angaly2020\/Bergeronnette-des-ruisseaux_3205.JPG?h=170\" alt=\"Bergeronnette des ruisseaux\" width=\"255\" height=\"170\" \/><\/a><p class=\"jig-HTMLdescription\">Bergeronnette des ruisseaux<\/p><\/li><\/ul><\/noscript><\/div><div id=\"jig1-developerLink\" class=\"jig-developerLink\"><a href=\"https:\/\/justifiedgrid.com\/\" target=\"_blank\" title=\"Justified Image Grid - Premium WordPress Gallery\">powered by Justified Image Grid<\/a><\/div>\n<h3>Related Images:<\/h3>","protected":false},"excerpt":{"rendered":"<p>Piau engalyPiau engalyPiau engalyPiau-engalyPiau-EngalyPiau-EngalyPiau-EngalyL\u00e9zard des muraillesPiau-EngalyPouillot-fitisSureau \u00e0 grappesFaucon cr\u00e9cerelleCircaete-Jean-Le-BlancPiau-EngalyMarmotteMarmotte_2437MarmotteMarmotte_2440MarmotteMarmotte_2447AconitAconit_2474MarmotteMarmotte_2490Traquet motteuxCarline \u00e0 tige courtePiau-Engaly\u0152dipode rougeRougequeue noirCrave \u00e0 bec rougeBruant fouTorrentTorrent_2994MarmotteMarmotte_3018Cincle plongeurCincle-plongeurRougequeue \u00e0 front blanc_Traquet motteuxB\u00e9lierBelier_3138TorrentTorrent_3182Azur\u00e9 bleu-nacr\u00e9Bergeronnette des ruisseauxpowered by Justified Image Grid Related Images:<\/p>\n","protected":false},"author":4,"featured_media":0,"parent":23725,"menu_order":1,"comment_status":"closed","ping_status":"closed","template":"","meta":{"ngg_post_thumbnail":0,"jetpack_post_was_ever_published":false,"footnotes":"","_links_to":"","_links_to_target":""},"class_list":["post-19572","page","type-page","status-publish","hentry"],"jetpack_shortlink":"https:\/\/wp.me\/P9lSZN-55G","jetpack_sharing_enabled":true,"_links":{"self":[{"href":"https:\/\/mhyrdin.fr\/blog\/wp-json\/wp\/v2\/pages\/19572","targetHints":{"allow":["GET"]}}],"collection":[{"href":"https:\/\/mhyrdin.fr\/blog\/wp-json\/wp\/v2\/pages"}],"about":[{"href":"https:\/\/mhyrdin.fr\/blog\/wp-json\/wp\/v2\/types\/page"}],"author":[{"embeddable":true,"href":"https:\/\/mhyrdin.fr\/blog\/wp-json\/wp\/v2\/users\/4"}],"replies":[{"embeddable":true,"href":"https:\/\/mhyrdin.fr\/blog\/wp-json\/wp\/v2\/comments?post=19572"}],"version-history":[{"count":2,"href":"https:\/\/mhyrdin.fr\/blog\/wp-json\/wp\/v2\/pages\/19572\/revisions"}],"predecessor-version":[{"id":23735,"href":"https:\/\/mhyrdin.fr\/blog\/wp-json\/wp\/v2\/pages\/19572\/revisions\/23735"}],"up":[{"embeddable":true,"href":"https:\/\/mhyrdin.fr\/blog\/wp-json\/wp\/v2\/pages\/23725"}],"wp:attachment":[{"href":"https:\/\/mhyrdin.fr\/blog\/wp-json\/wp\/v2\/media?parent=19572"}],"curies":[{"name":"wp","href":"https:\/\/api.w.org\/{rel}","templated":true}]}}