{"id":19570,"date":"2020-10-21T18:13:24","date_gmt":"2020-10-21T16:13:24","guid":{"rendered":"https:\/\/mhyrdin.fr\/blog\/aout-2020\/au-depart-de-saint-lary\/"},"modified":"2022-10-18T17:06:30","modified_gmt":"2022-10-18T15:06:30","slug":"au-depart-de-saint-lary","status":"publish","type":"page","link":"https:\/\/mhyrdin.fr\/blog\/archives-numeriques\/2020-2\/aout-2020\/les-pyrenees-2020\/au-depart-de-saint-lary\/","title":{"rendered":"Au d\u00e9part de Saint-Lary"},"content":{"rendered":"<div id=\"jig1\" class=\"justified-image-grid jig-fe5a8c6505d4a9c9a524dc2f1f64a61c jig-preset-global jig-source-nextgen\"><div class=\"jig-clearfix\"><\/div><noscript id=\"jig1-html\" class=\"justified-image-grid-html\" data-lazy-src=\"skiplazyload\" data-src=\"skipunveillazyload\"><ul><li><a href=\"https:\/\/i0.wp.com\/mhyrdin.fr\/blog\/wordpress\/wp-content\/gallery\/Saint-Lary2020\/Aconit_2657.JPG?ssl=1\" title=\"Aconit_2657\"><img loading=\"lazy\" decoding=\"async\" src=\"https:\/\/i0.wp.com\/mhyrdin.fr\/blog\/wordpress\/wp-content\/gallery\/Saint-Lary2020\/Aconit_2657.JPG?h=170\" alt=\"Aconit\" width=\"113\" height=\"170\" \/><\/a><p class=\"jig-HTMLdescription\">Aconit<br\/>Aconit_2657<\/p><\/li><li><a href=\"https:\/\/i0.wp.com\/mhyrdin.fr\/blog\/wordpress\/wp-content\/gallery\/Saint-Lary2020\/Aneto_2747.JPG?ssl=1\" title=\"Aneto_2747\"><img loading=\"lazy\" decoding=\"async\" src=\"https:\/\/i0.wp.com\/mhyrdin.fr\/blog\/wordpress\/wp-content\/gallery\/Saint-Lary2020\/Aneto_2747.JPG?h=170\" alt=\"Aneto\" width=\"255\" height=\"170\" \/><\/a><p class=\"jig-HTMLdescription\">Aneto<br\/>Aneto_2747<\/p><\/li><li><a href=\"https:\/\/i0.wp.com\/mhyrdin.fr\/blog\/wordpress\/wp-content\/gallery\/Saint-Lary2020\/An%C3%A9mone_2558.JPG?ssl=1\"><img loading=\"lazy\" decoding=\"async\" src=\"https:\/\/i0.wp.com\/mhyrdin.fr\/blog\/wordpress\/wp-content\/gallery\/Saint-Lary2020\/An%C3%A9mone_2558.JPG?h=170\" alt=\"An\u00e9mone\" width=\"113\" height=\"170\" \/><\/a><p class=\"jig-HTMLdescription\">An\u00e9mone<\/p><\/li><li><a href=\"https:\/\/i0.wp.com\/mhyrdin.fr\/blog\/wordpress\/wp-content\/gallery\/Saint-Lary2020\/An%C3%A9mone_2677.JPG?ssl=1\"><img loading=\"lazy\" decoding=\"async\" src=\"https:\/\/i0.wp.com\/mhyrdin.fr\/blog\/wordpress\/wp-content\/gallery\/Saint-Lary2020\/An%C3%A9mone_2677.JPG?h=170\" alt=\"An\u00e9mone\" width=\"255\" height=\"170\" \/><\/a><p class=\"jig-HTMLdescription\">An\u00e9mone<\/p><\/li><li><a href=\"https:\/\/i0.wp.com\/mhyrdin.fr\/blog\/wordpress\/wp-content\/gallery\/Saint-Lary2020\/Bleu%20nacr%C3%A9_2539.JPG?ssl=1\"><img loading=\"lazy\" decoding=\"async\" src=\"https:\/\/i0.wp.com\/mhyrdin.fr\/blog\/wordpress\/wp-content\/gallery\/Saint-Lary2020\/Bleu%20nacr%C3%A9_2539.JPG?h=170\" alt=\"Bleu nacr\u00e9\" width=\"255\" height=\"170\" \/><\/a><p class=\"jig-HTMLdescription\">Bleu nacr\u00e9<\/p><\/li><li><a href=\"https:\/\/i0.wp.com\/mhyrdin.fr\/blog\/wordpress\/wp-content\/gallery\/Saint-Lary2020\/Bleu%20nacr%C3%A9_2623.JPG?ssl=1\"><img loading=\"lazy\" decoding=\"async\" src=\"https:\/\/i0.wp.com\/mhyrdin.fr\/blog\/wordpress\/wp-content\/gallery\/Saint-Lary2020\/Bleu%20nacr%C3%A9_2623.JPG?h=170\" alt=\"Bleu nacr\u00e9\" width=\"255\" height=\"170\" \/><\/a><p class=\"jig-HTMLdescription\">Bleu nacr\u00e9<\/p><\/li><li><a href=\"https:\/\/i0.wp.com\/mhyrdin.fr\/blog\/wordpress\/wp-content\/gallery\/Saint-Lary2020\/Buse%20variable_2790.JPG?ssl=1\"><img loading=\"lazy\" decoding=\"async\" src=\"https:\/\/i0.wp.com\/mhyrdin.fr\/blog\/wordpress\/wp-content\/gallery\/Saint-Lary2020\/Buse%20variable_2790.JPG?h=170\" alt=\"Buse variable\" width=\"255\" height=\"170\" \/><\/a><p class=\"jig-HTMLdescription\">Buse variable<\/p><\/li><li><a href=\"https:\/\/i0.wp.com\/mhyrdin.fr\/blog\/wordpress\/wp-content\/gallery\/Saint-Lary2020\/Cardabelle_2632.JPG?ssl=1\" title=\"Cardabelle_2632\"><img loading=\"lazy\" decoding=\"async\" src=\"https:\/\/i0.wp.com\/mhyrdin.fr\/blog\/wordpress\/wp-content\/gallery\/Saint-Lary2020\/Cardabelle_2632.JPG?h=170\" alt=\"Cardabelle\" width=\"113\" height=\"170\" \/><\/a><p class=\"jig-HTMLdescription\">Cardabelle<br\/>Cardabelle_2632<\/p><\/li><li><a href=\"https:\/\/i0.wp.com\/mhyrdin.fr\/blog\/wordpress\/wp-content\/gallery\/Saint-Lary2020\/Carline%20%C3%A0%20tige%20courte_2665.JPG?ssl=1\"><img loading=\"lazy\" decoding=\"async\" src=\"https:\/\/i0.wp.com\/mhyrdin.fr\/blog\/wordpress\/wp-content\/gallery\/Saint-Lary2020\/Carline%20%C3%A0%20tige%20courte_2665.JPG?h=170\" alt=\"Carline \u00e0 tige courte\" width=\"255\" height=\"170\" \/><\/a><p class=\"jig-HTMLdescription\">Carline \u00e0 tige courte<\/p><\/li><li><a href=\"https:\/\/i0.wp.com\/mhyrdin.fr\/blog\/wordpress\/wp-content\/gallery\/Saint-Lary2020\/Col%20de%20Peyrefite_125118%20-%20Copie.jpg?ssl=1\"><img loading=\"lazy\" decoding=\"async\" src=\"https:\/\/i0.wp.com\/mhyrdin.fr\/blog\/wordpress\/wp-content\/gallery\/Saint-Lary2020\/Col%20de%20Peyrefite_125118%20-%20Copie.jpg?h=170\" alt=\"Col de Peyrefite\" width=\"510\" height=\"170\" \/><\/a><p class=\"jig-HTMLdescription\">Col de Peyrefite<\/p><\/li><li><a href=\"https:\/\/i0.wp.com\/mhyrdin.fr\/blog\/wordpress\/wp-content\/gallery\/Saint-Lary2020\/Col%20de%20Peyrefite_125119%20-%20Copie.jpg?ssl=1\"><img loading=\"lazy\" decoding=\"async\" src=\"https:\/\/i0.wp.com\/mhyrdin.fr\/blog\/wordpress\/wp-content\/gallery\/Saint-Lary2020\/Col%20de%20Peyrefite_125119%20-%20Copie.jpg?h=170\" alt=\"Col de Peyrefite\" width=\"302\" height=\"170\" \/><\/a><p class=\"jig-HTMLdescription\">Col de Peyrefite<\/p><\/li><li><a href=\"https:\/\/i0.wp.com\/mhyrdin.fr\/blog\/wordpress\/wp-content\/gallery\/Saint-Lary2020\/Comma_2675.JPG?ssl=1\" title=\"Comma_2675\"><img loading=\"lazy\" decoding=\"async\" src=\"https:\/\/i0.wp.com\/mhyrdin.fr\/blog\/wordpress\/wp-content\/gallery\/Saint-Lary2020\/Comma_2675.JPG?h=170\" alt=\"Comma\" width=\"255\" height=\"170\" \/><\/a><p class=\"jig-HTMLdescription\">Comma<br\/>Comma_2675<\/p><\/li><li><a href=\"https:\/\/i0.wp.com\/mhyrdin.fr\/blog\/wordpress\/wp-content\/gallery\/Saint-Lary2020\/Comma_2723.JPG?ssl=1\" title=\"Comma_2723\"><img loading=\"lazy\" decoding=\"async\" src=\"https:\/\/i0.wp.com\/mhyrdin.fr\/blog\/wordpress\/wp-content\/gallery\/Saint-Lary2020\/Comma_2723.JPG?h=170\" alt=\"Comma\" width=\"255\" height=\"170\" \/><\/a><p class=\"jig-HTMLdescription\">Comma<br\/>Comma_2723<\/p><\/li><li><a href=\"https:\/\/i0.wp.com\/mhyrdin.fr\/blog\/wordpress\/wp-content\/gallery\/Saint-Lary2020\/Criquet%20jacasseur_2550.JPG?ssl=1\"><img loading=\"lazy\" decoding=\"async\" src=\"https:\/\/i0.wp.com\/mhyrdin.fr\/blog\/wordpress\/wp-content\/gallery\/Saint-Lary2020\/Criquet%20jacasseur_2550.JPG?h=170\" alt=\"Criquet jacasseur\" width=\"255\" height=\"170\" \/><\/a><p class=\"jig-HTMLdescription\">Criquet jacasseur<\/p><\/li><li><a href=\"https:\/\/i0.wp.com\/mhyrdin.fr\/blog\/wordpress\/wp-content\/gallery\/Saint-Lary2020\/Cuivr%C3%A9%20fuligineux_2641.JPG?ssl=1\"><img loading=\"lazy\" decoding=\"async\" src=\"https:\/\/i0.wp.com\/mhyrdin.fr\/blog\/wordpress\/wp-content\/gallery\/Saint-Lary2020\/Cuivr%C3%A9%20fuligineux_2641.JPG?h=170\" alt=\"Cuivr\u00e9 fuligineux\" width=\"170\" height=\"170\" \/><\/a><p class=\"jig-HTMLdescription\">Cuivr\u00e9 fuligineux<\/p><\/li><li><a href=\"https:\/\/i0.wp.com\/mhyrdin.fr\/blog\/wordpress\/wp-content\/gallery\/Saint-Lary2020\/C%C3%A9phale%20-%20Coenonympha%20arcania%20_2535.JPG?ssl=1\" title=\"Coenonympha arcania\"><img loading=\"lazy\" decoding=\"async\" src=\"https:\/\/i0.wp.com\/mhyrdin.fr\/blog\/wordpress\/wp-content\/gallery\/Saint-Lary2020\/C%C3%A9phale%20-%20Coenonympha%20arcania%20_2535.JPG?h=170\" alt=\"C\u00e9phale\" width=\"170\" height=\"170\" \/><\/a><p class=\"jig-HTMLdescription\">C\u00e9phale<br\/>Coenonympha arcania<\/p><\/li><li><a href=\"https:\/\/i0.wp.com\/mhyrdin.fr\/blog\/wordpress\/wp-content\/gallery\/Saint-Lary2020\/Grand%20Nacr%C3%A9_2696.JPG?ssl=1\"><img loading=\"lazy\" decoding=\"async\" src=\"https:\/\/i0.wp.com\/mhyrdin.fr\/blog\/wordpress\/wp-content\/gallery\/Saint-Lary2020\/Grand%20Nacr%C3%A9_2696.JPG?h=170\" alt=\"Grand Nacr\u00e9\" width=\"255\" height=\"170\" \/><\/a><p class=\"jig-HTMLdescription\">Grand Nacr\u00e9<\/p><\/li><li><a href=\"https:\/\/i0.wp.com\/mhyrdin.fr\/blog\/wordpress\/wp-content\/gallery\/Saint-Lary2020\/Grand%20Nacr%C3%A9_2755.JPG?ssl=1\"><img loading=\"lazy\" decoding=\"async\" src=\"https:\/\/i0.wp.com\/mhyrdin.fr\/blog\/wordpress\/wp-content\/gallery\/Saint-Lary2020\/Grand%20Nacr%C3%A9_2755.JPG?h=170\" alt=\"Grand Nacr\u00e9\" width=\"255\" height=\"170\" \/><\/a><p class=\"jig-HTMLdescription\">Grand Nacr\u00e9<\/p><\/li><li><a href=\"https:\/\/i0.wp.com\/mhyrdin.fr\/blog\/wordpress\/wp-content\/gallery\/Saint-Lary2020\/Lac%20Or%C3%A9don_160233%20-%20Copie.jpg?ssl=1\"><img loading=\"lazy\" decoding=\"async\" src=\"https:\/\/i0.wp.com\/mhyrdin.fr\/blog\/wordpress\/wp-content\/gallery\/Saint-Lary2020\/Lac%20Or%C3%A9don_160233%20-%20Copie.jpg?h=170\" alt=\"Lac Or\u00e9don\" width=\"255\" height=\"170\" \/><\/a><p class=\"jig-HTMLdescription\">Lac Or\u00e9don<\/p><\/li><li><a href=\"https:\/\/i0.wp.com\/mhyrdin.fr\/blog\/wordpress\/wp-content\/gallery\/Saint-Lary2020\/Lac%20Or%C3%A9don_160235%20-%20Copie.jpg?ssl=1\"><img loading=\"lazy\" decoding=\"async\" src=\"https:\/\/i0.wp.com\/mhyrdin.fr\/blog\/wordpress\/wp-content\/gallery\/Saint-Lary2020\/Lac%20Or%C3%A9don_160235%20-%20Copie.jpg?h=170\" alt=\"Lac Or\u00e9don\" width=\"227\" height=\"170\" \/><\/a><p class=\"jig-HTMLdescription\">Lac Or\u00e9don<\/p><\/li><li><a href=\"https:\/\/i0.wp.com\/mhyrdin.fr\/blog\/wordpress\/wp-content\/gallery\/Saint-Lary2020\/Lac%20Or%C3%A9don_160238%20-%20Copie.jpg?ssl=1\"><img loading=\"lazy\" decoding=\"async\" src=\"https:\/\/i0.wp.com\/mhyrdin.fr\/blog\/wordpress\/wp-content\/gallery\/Saint-Lary2020\/Lac%20Or%C3%A9don_160238%20-%20Copie.jpg?h=170\" alt=\"Lac Or\u00e9don\" width=\"302\" height=\"170\" \/><\/a><p class=\"jig-HTMLdescription\">Lac Or\u00e9don<\/p><\/li><li><a href=\"https:\/\/i0.wp.com\/mhyrdin.fr\/blog\/wordpress\/wp-content\/gallery\/Saint-Lary2020\/Lac%20Or%C3%A9don_2362.JPG?ssl=1\"><img loading=\"lazy\" decoding=\"async\" src=\"https:\/\/i0.wp.com\/mhyrdin.fr\/blog\/wordpress\/wp-content\/gallery\/Saint-Lary2020\/Lac%20Or%C3%A9don_2362.JPG?h=170\" alt=\"Lac Or\u00e9don\" width=\"255\" height=\"170\" \/><\/a><p class=\"jig-HTMLdescription\">Lac Or\u00e9don<\/p><\/li><li><a href=\"https:\/\/i0.wp.com\/mhyrdin.fr\/blog\/wordpress\/wp-content\/gallery\/Saint-Lary2020\/Lac%20Or%C3%A9don_2545.JPG?ssl=1\"><img loading=\"lazy\" decoding=\"async\" src=\"https:\/\/i0.wp.com\/mhyrdin.fr\/blog\/wordpress\/wp-content\/gallery\/Saint-Lary2020\/Lac%20Or%C3%A9don_2545.JPG?h=170\" alt=\"Lac Or\u00e9don\" width=\"255\" height=\"170\" \/><\/a><p class=\"jig-HTMLdescription\">Lac Or\u00e9don<\/p><\/li><li><a href=\"https:\/\/i0.wp.com\/mhyrdin.fr\/blog\/wordpress\/wp-content\/gallery\/Saint-Lary2020\/Lac%20Or%C3%A9don_2546.JPG?ssl=1\"><img loading=\"lazy\" decoding=\"async\" src=\"https:\/\/i0.wp.com\/mhyrdin.fr\/blog\/wordpress\/wp-content\/gallery\/Saint-Lary2020\/Lac%20Or%C3%A9don_2546.JPG?h=170\" alt=\"Lac Or\u00e9don\" width=\"255\" height=\"170\" \/><\/a><p class=\"jig-HTMLdescription\">Lac Or\u00e9don<\/p><\/li><li><a href=\"https:\/\/i0.wp.com\/mhyrdin.fr\/blog\/wordpress\/wp-content\/gallery\/Saint-Lary2020\/Lac%20de%20Bareilles_2366.JPG?ssl=1\"><img loading=\"lazy\" decoding=\"async\" src=\"https:\/\/i0.wp.com\/mhyrdin.fr\/blog\/wordpress\/wp-content\/gallery\/Saint-Lary2020\/Lac%20de%20Bareilles_2366.JPG?h=170\" alt=\"Lac de Bareilles\" width=\"255\" height=\"170\" \/><\/a><p class=\"jig-HTMLdescription\">Lac de Bareilles<\/p><\/li><li><a href=\"https:\/\/i0.wp.com\/mhyrdin.fr\/blog\/wordpress\/wp-content\/gallery\/Saint-Lary2020\/Lac%20de%20Bareilles_2807.JPG?ssl=1\"><img loading=\"lazy\" decoding=\"async\" src=\"https:\/\/i0.wp.com\/mhyrdin.fr\/blog\/wordpress\/wp-content\/gallery\/Saint-Lary2020\/Lac%20de%20Bareilles_2807.JPG?h=170\" alt=\"Lac de Bareilles\" width=\"255\" height=\"170\" \/><\/a><p class=\"jig-HTMLdescription\">Lac de Bareilles<\/p><\/li><li><a href=\"https:\/\/i0.wp.com\/mhyrdin.fr\/blog\/wordpress\/wp-content\/gallery\/Saint-Lary2020\/Lac%20de%20Cap%20de%20Long-Panorama.jpg?ssl=1\"><img loading=\"lazy\" decoding=\"async\" src=\"https:\/\/i0.wp.com\/mhyrdin.fr\/blog\/wordpress\/wp-content\/gallery\/Saint-Lary2020\/Lac%20de%20Cap%20de%20Long-Panorama.jpg?h=170\" alt=\"Lac de Cap Long\" width=\"213\" height=\"170\" \/><\/a><p class=\"jig-HTMLdescription\">Lac de Cap Long<\/p><\/li><li><a href=\"https:\/\/i0.wp.com\/mhyrdin.fr\/blog\/wordpress\/wp-content\/gallery\/Saint-Lary2020\/Lac%20de%20Cap%20de%20Long_2358.JPG?ssl=1\"><img loading=\"lazy\" decoding=\"async\" src=\"https:\/\/i0.wp.com\/mhyrdin.fr\/blog\/wordpress\/wp-content\/gallery\/Saint-Lary2020\/Lac%20de%20Cap%20de%20Long_2358.JPG?h=170\" alt=\"Lac de Cap Long\" width=\"255\" height=\"170\" \/><\/a><p class=\"jig-HTMLdescription\">Lac de Cap Long<\/p><\/li><li><a href=\"https:\/\/i0.wp.com\/mhyrdin.fr\/blog\/wordpress\/wp-content\/gallery\/Saint-Lary2020\/Lac%20de%20Cap%20de%20Long_2364.JPG?ssl=1\"><img loading=\"lazy\" decoding=\"async\" src=\"https:\/\/i0.wp.com\/mhyrdin.fr\/blog\/wordpress\/wp-content\/gallery\/Saint-Lary2020\/Lac%20de%20Cap%20de%20Long_2364.JPG?h=170\" alt=\"Lac de Cap Long\" width=\"113\" height=\"170\" \/><\/a><p class=\"jig-HTMLdescription\">Lac de Cap Long<\/p><\/li><li><a href=\"https:\/\/i0.wp.com\/mhyrdin.fr\/blog\/wordpress\/wp-content\/gallery\/Saint-Lary2020\/Lac%20de%20Cap%20de%20Long_2365.JPG?ssl=1\"><img loading=\"lazy\" decoding=\"async\" src=\"https:\/\/i0.wp.com\/mhyrdin.fr\/blog\/wordpress\/wp-content\/gallery\/Saint-Lary2020\/Lac%20de%20Cap%20de%20Long_2365.JPG?h=170\" alt=\"Lac de Cap Long\" width=\"255\" height=\"170\" \/><\/a><p class=\"jig-HTMLdescription\">Lac de Cap Long<\/p><\/li><li><a href=\"https:\/\/i0.wp.com\/mhyrdin.fr\/blog\/wordpress\/wp-content\/gallery\/Saint-Lary2020\/L%C3%A9zard%20des%20murailles_2577.JPG?ssl=1\"><img loading=\"lazy\" decoding=\"async\" src=\"https:\/\/i0.wp.com\/mhyrdin.fr\/blog\/wordpress\/wp-content\/gallery\/Saint-Lary2020\/L%C3%A9zard%20des%20murailles_2577.JPG?h=170\" alt=\"L\u00e9zard des murailles\" width=\"255\" height=\"170\" \/><\/a><p class=\"jig-HTMLdescription\">L\u00e9zard des murailles<\/p><\/li><li><a href=\"https:\/\/i0.wp.com\/mhyrdin.fr\/blog\/wordpress\/wp-content\/gallery\/Saint-Lary2020\/L%C3%A9zard%20des%20murailles_2609.JPG?ssl=1\"><img loading=\"lazy\" decoding=\"async\" src=\"https:\/\/i0.wp.com\/mhyrdin.fr\/blog\/wordpress\/wp-content\/gallery\/Saint-Lary2020\/L%C3%A9zard%20des%20murailles_2609.JPG?h=170\" alt=\"L\u00e9zard des murailles\" width=\"255\" height=\"170\" \/><\/a><p class=\"jig-HTMLdescription\">L\u00e9zard des murailles<\/p><\/li><li><a href=\"https:\/\/i0.wp.com\/mhyrdin.fr\/blog\/wordpress\/wp-content\/gallery\/Saint-Lary2020\/L%C3%A9zard%20des%20murailles_2719.JPG?ssl=1\"><img loading=\"lazy\" decoding=\"async\" src=\"https:\/\/i0.wp.com\/mhyrdin.fr\/blog\/wordpress\/wp-content\/gallery\/Saint-Lary2020\/L%C3%A9zard%20des%20murailles_2719.JPG?h=170\" alt=\"L\u00e9zard des murailles\" width=\"255\" height=\"170\" \/><\/a><p class=\"jig-HTMLdescription\">L\u00e9zard des murailles<\/p><\/li><li><a href=\"https:\/\/i0.wp.com\/mhyrdin.fr\/blog\/wordpress\/wp-content\/gallery\/Saint-Lary2020\/Moir%C3%A9%20fontinal_2528.JPG?ssl=1\"><img loading=\"lazy\" decoding=\"async\" src=\"https:\/\/i0.wp.com\/mhyrdin.fr\/blog\/wordpress\/wp-content\/gallery\/Saint-Lary2020\/Moir%C3%A9%20fontinal_2528.JPG?h=170\" alt=\"Moir\u00e9 fontinal\" width=\"255\" height=\"170\" \/><\/a><p class=\"jig-HTMLdescription\">Moir\u00e9 fontinal<\/p><\/li><li><a href=\"https:\/\/i0.wp.com\/mhyrdin.fr\/blog\/wordpress\/wp-content\/gallery\/Saint-Lary2020\/Moir%C3%A9%20fontinal_2533.JPG?ssl=1\"><img loading=\"lazy\" decoding=\"async\" src=\"https:\/\/i0.wp.com\/mhyrdin.fr\/blog\/wordpress\/wp-content\/gallery\/Saint-Lary2020\/Moir%C3%A9%20fontinal_2533.JPG?h=170\" alt=\"Moir\u00e9 fontinal\" width=\"255\" height=\"170\" \/><\/a><p class=\"jig-HTMLdescription\">Moir\u00e9 fontinal<\/p><\/li><li><a href=\"https:\/\/i0.wp.com\/mhyrdin.fr\/blog\/wordpress\/wp-content\/gallery\/Saint-Lary2020\/Moir%C3%A9%20fontinal_2740.JPG?ssl=1\"><img loading=\"lazy\" decoding=\"async\" src=\"https:\/\/i0.wp.com\/mhyrdin.fr\/blog\/wordpress\/wp-content\/gallery\/Saint-Lary2020\/Moir%C3%A9%20fontinal_2740.JPG?h=170\" alt=\"Moir\u00e9 fontinal\" width=\"255\" height=\"170\" \/><\/a><p class=\"jig-HTMLdescription\">Moir\u00e9 fontinal<\/p><\/li><li><a href=\"https:\/\/i0.wp.com\/mhyrdin.fr\/blog\/wordpress\/wp-content\/gallery\/Saint-Lary2020\/Moir%C3%A9_2673.JPG?ssl=1\"><img loading=\"lazy\" decoding=\"async\" src=\"https:\/\/i0.wp.com\/mhyrdin.fr\/blog\/wordpress\/wp-content\/gallery\/Saint-Lary2020\/Moir%C3%A9_2673.JPG?h=170\" alt=\"Moir\u00e9\" width=\"113\" height=\"170\" \/><\/a><p class=\"jig-HTMLdescription\">Moir\u00e9<\/p><\/li><li><a href=\"https:\/\/i0.wp.com\/mhyrdin.fr\/blog\/wordpress\/wp-content\/gallery\/Saint-Lary2020\/M%C3%A9g%C3%A8re_2566.JPG?ssl=1\"><img loading=\"lazy\" decoding=\"async\" src=\"https:\/\/i0.wp.com\/mhyrdin.fr\/blog\/wordpress\/wp-content\/gallery\/Saint-Lary2020\/M%C3%A9g%C3%A8re_2566.JPG?h=170\" alt=\"M\u00e9g\u00e8re\" width=\"113\" height=\"170\" \/><\/a><p class=\"jig-HTMLdescription\">M\u00e9g\u00e8re<\/p><\/li><li><a href=\"https:\/\/i0.wp.com\/mhyrdin.fr\/blog\/wordpress\/wp-content\/gallery\/Saint-Lary2020\/Pic%20du%20midi_2368.JPG?ssl=1\"><img loading=\"lazy\" decoding=\"async\" src=\"https:\/\/i0.wp.com\/mhyrdin.fr\/blog\/wordpress\/wp-content\/gallery\/Saint-Lary2020\/Pic%20du%20midi_2368.JPG?h=170\" alt=\"Pic du midi\" width=\"255\" height=\"170\" \/><\/a><p class=\"jig-HTMLdescription\">Pic du midi<\/p><\/li><li><a href=\"https:\/\/i0.wp.com\/mhyrdin.fr\/blog\/wordpress\/wp-content\/gallery\/Saint-Lary2020\/Souci_2520.JPG?ssl=1\" title=\"Souci_2520\"><img loading=\"lazy\" decoding=\"async\" src=\"https:\/\/i0.wp.com\/mhyrdin.fr\/blog\/wordpress\/wp-content\/gallery\/Saint-Lary2020\/Souci_2520.JPG?h=170\" alt=\"Souci\" width=\"255\" height=\"170\" \/><\/a><p class=\"jig-HTMLdescription\">Souci<br\/>Souci_2520<\/p><\/li><li><a href=\"https:\/\/i0.wp.com\/mhyrdin.fr\/blog\/wordpress\/wp-content\/gallery\/Saint-Lary2020\/Tarier%20des%20pr%C3%A9s_2821.JPG?ssl=1\"><img loading=\"lazy\" decoding=\"async\" src=\"https:\/\/i0.wp.com\/mhyrdin.fr\/blog\/wordpress\/wp-content\/gallery\/Saint-Lary2020\/Tarier%20des%20pr%C3%A9s_2821.JPG?h=170\" alt=\"Tarier des pr\u00e9s\" width=\"113\" height=\"170\" \/><\/a><p class=\"jig-HTMLdescription\">Tarier des pr\u00e9s<\/p><\/li><\/ul><\/noscript><\/div><div id=\"jig1-developerLink\" class=\"jig-developerLink\"><a href=\"https:\/\/justifiedgrid.com\/\" target=\"_blank\" title=\"Justified Image Grid - Premium WordPress Gallery\">powered by Justified Image Grid<\/a><\/div>\n<h3>Related Images:<\/h3>","protected":false},"excerpt":{"rendered":"<p>AconitAconit_2657AnetoAneto_2747An\u00e9moneAn\u00e9moneBleu nacr\u00e9Bleu nacr\u00e9Buse variableCardabelleCardabelle_2632Carline \u00e0 tige courteCol de PeyrefiteCol de PeyrefiteCommaComma_2675CommaComma_2723Criquet jacasseurCuivr\u00e9 fuligineuxC\u00e9phaleCoenonympha arcaniaGrand Nacr\u00e9Grand Nacr\u00e9Lac Or\u00e9donLac Or\u00e9donLac Or\u00e9donLac Or\u00e9donLac Or\u00e9donLac Or\u00e9donLac de BareillesLac de BareillesLac de Cap LongLac de Cap LongLac de Cap LongLac de Cap LongL\u00e9zard des muraillesL\u00e9zard des muraillesL\u00e9zard des muraillesMoir\u00e9 fontinalMoir\u00e9 fontinalMoir\u00e9 fontinalMoir\u00e9M\u00e9g\u00e8rePic du midiSouciSouci_2520Tarier des pr\u00e9spowered by Justified Image Grid [&hellip;]<\/p>\n","protected":false},"author":4,"featured_media":0,"parent":23725,"menu_order":2,"comment_status":"closed","ping_status":"closed","template":"","meta":{"ngg_post_thumbnail":0,"jetpack_post_was_ever_published":false,"footnotes":"","_links_to":"","_links_to_target":""},"class_list":["post-19570","page","type-page","status-publish","hentry"],"jetpack_shortlink":"https:\/\/wp.me\/P9lSZN-55E","jetpack_sharing_enabled":true,"_links":{"self":[{"href":"https:\/\/mhyrdin.fr\/blog\/wp-json\/wp\/v2\/pages\/19570","targetHints":{"allow":["GET"]}}],"collection":[{"href":"https:\/\/mhyrdin.fr\/blog\/wp-json\/wp\/v2\/pages"}],"about":[{"href":"https:\/\/mhyrdin.fr\/blog\/wp-json\/wp\/v2\/types\/page"}],"author":[{"embeddable":true,"href":"https:\/\/mhyrdin.fr\/blog\/wp-json\/wp\/v2\/users\/4"}],"replies":[{"embeddable":true,"href":"https:\/\/mhyrdin.fr\/blog\/wp-json\/wp\/v2\/comments?post=19570"}],"version-history":[{"count":1,"href":"https:\/\/mhyrdin.fr\/blog\/wp-json\/wp\/v2\/pages\/19570\/revisions"}],"predecessor-version":[{"id":23727,"href":"https:\/\/mhyrdin.fr\/blog\/wp-json\/wp\/v2\/pages\/19570\/revisions\/23727"}],"up":[{"embeddable":true,"href":"https:\/\/mhyrdin.fr\/blog\/wp-json\/wp\/v2\/pages\/23725"}],"wp:attachment":[{"href":"https:\/\/mhyrdin.fr\/blog\/wp-json\/wp\/v2\/media?parent=19570"}],"curies":[{"name":"wp","href":"https:\/\/api.w.org\/{rel}","templated":true}]}}