{"id":18482,"date":"2020-03-04T00:31:13","date_gmt":"2020-03-03T23:31:13","guid":{"rendered":"https:\/\/mhyrdin.fr\/blog\/2020-2\/mars-2020\/"},"modified":"2022-10-18T17:09:06","modified_gmt":"2022-10-18T15:09:06","slug":"mars-2020","status":"publish","type":"page","link":"https:\/\/mhyrdin.fr\/blog\/archives-numeriques\/2020-2\/mars-2020\/","title":{"rendered":"Mars jusqu&rsquo;au confinement"},"content":{"rendered":"<p>Deux balades en totale libert\u00e9, encadrent un s\u00e9jour \u00e0 Lanzarote<\/p>\n<div id=\"jig1\" class=\"justified-image-grid jig-d4fbb260deeefc5ca059b02234d53e55 jig-preset-global jig-source-nextgen\"><div class=\"jig-clearfix\"><\/div><noscript id=\"jig1-html\" class=\"justified-image-grid-html\" data-lazy-src=\"skiplazyload\" data-src=\"skipunveillazyload\"><ul><li><a href=\"https:\/\/mhyrdin.fr\/blog\/archives-numeriques\/2020-2\/mars-2020\/goulven\/\" title=\"10 Photos\"><img loading=\"lazy\" decoding=\"async\" src=\"https:\/\/i0.wp.com\/mhyrdin.fr\/blog\/wordpress\/wp-content\/gallery\/mars2020-1\/Oies_5263.JPG?h=170\" alt=\"Goulven\" width=\"498\" height=\"170\" \/><\/a><p class=\"jig-HTMLdescription\">Goulven<br\/>10 Photos<\/p><\/li><li><a href=\"https:\/\/mhyrdin.fr\/blog\/archives-numeriques\/2020-2\/mars-2020\/lanzarote\/\" title=\"1 Photo\"><img loading=\"lazy\" decoding=\"async\" src=\"https:\/\/i0.wp.com\/mhyrdin.fr\/blog\/wordpress\/wp-content\/gallery\/lanzarote\/Timanfaya_5714.JPG?h=170\" alt=\"Lanzarote\" width=\"255\" height=\"170\" \/><\/a><p class=\"jig-HTMLdescription\">Lanzarote<br\/>1 Photo<\/p><\/li><li><a href=\"https:\/\/mhyrdin.fr\/blog\/archives-numeriques\/2020-2\/mars-2020\/mars2020-2\/\" title=\"9 Photos\"><img loading=\"lazy\" decoding=\"async\" src=\"https:\/\/i0.wp.com\/mhyrdin.fr\/blog\/wordpress\/wp-content\/gallery\/mars2020-2\/Tarier%20p%C3%A2tre_6493.JPG?h=170\" alt=\"Veille de confinement\" width=\"255\" height=\"170\" \/><\/a><p class=\"jig-HTMLdescription\">Veille de confinement<br\/>9 Photos<\/p><\/li><\/ul><\/noscript><\/div><div id=\"jig1-developerLink\" class=\"jig-developerLink\"><a href=\"https:\/\/justifiedgrid.com\/\" target=\"_blank\" title=\"Justified Image Grid - Premium WordPress Gallery\">powered by Justified Image Grid<\/a><\/div>\n<h3>Related Images:<\/h3>","protected":false},"excerpt":{"rendered":"<p>Deux balades en totale libert\u00e9, encadrent un s\u00e9jour \u00e0 Lanzarote Related Images:<\/p>\n","protected":false},"author":4,"featured_media":0,"parent":18366,"menu_order":3,"comment_status":"closed","ping_status":"closed","template":"","meta":{"ngg_post_thumbnail":0,"jetpack_post_was_ever_published":false,"footnotes":"","_links_to":"","_links_to_target":""},"class_list":["post-18482","page","type-page","status-publish","hentry"],"jetpack_shortlink":"https:\/\/wp.me\/P9lSZN-4O6","jetpack_sharing_enabled":true,"_links":{"self":[{"href":"https:\/\/mhyrdin.fr\/blog\/wp-json\/wp\/v2\/pages\/18482","targetHints":{"allow":["GET"]}}],"collection":[{"href":"https:\/\/mhyrdin.fr\/blog\/wp-json\/wp\/v2\/pages"}],"about":[{"href":"https:\/\/mhyrdin.fr\/blog\/wp-json\/wp\/v2\/types\/page"}],"author":[{"embeddable":true,"href":"https:\/\/mhyrdin.fr\/blog\/wp-json\/wp\/v2\/users\/4"}],"replies":[{"embeddable":true,"href":"https:\/\/mhyrdin.fr\/blog\/wp-json\/wp\/v2\/comments?post=18482"}],"version-history":[{"count":1,"href":"https:\/\/mhyrdin.fr\/blog\/wp-json\/wp\/v2\/pages\/18482\/revisions"}],"predecessor-version":[{"id":23771,"href":"https:\/\/mhyrdin.fr\/blog\/wp-json\/wp\/v2\/pages\/18482\/revisions\/23771"}],"up":[{"embeddable":true,"href":"https:\/\/mhyrdin.fr\/blog\/wp-json\/wp\/v2\/pages\/18366"}],"wp:attachment":[{"href":"https:\/\/mhyrdin.fr\/blog\/wp-json\/wp\/v2\/media?parent=18482"}],"curies":[{"name":"wp","href":"https:\/\/api.w.org\/{rel}","templated":true}]}}