{"id":18463,"date":"2020-03-04T00:23:30","date_gmt":"2020-03-03T23:23:30","guid":{"rendered":"https:\/\/mhyrdin.fr\/blog\/2020-2\/fevrier2020\/"},"modified":"2021-01-21T00:52:18","modified_gmt":"2021-01-20T23:52:18","slug":"fevrier2020","status":"publish","type":"page","link":"https:\/\/mhyrdin.fr\/blog\/archives-numeriques\/2020-2\/fevrier2020\/","title":{"rendered":"F\u00e9vrier"},"content":{"rendered":"<div id=\"jig1\" class=\"justified-image-grid jig-6cbb67724293bedf34b396f53a2ba8b4 jig-preset-global jig-source-nextgen\"><div class=\"jig-clearfix\"><\/div><noscript id=\"jig1-html\" class=\"justified-image-grid-html\" data-lazy-src=\"skiplazyload\" data-src=\"skipunveillazyload\"><ul><li><a href=\"https:\/\/i0.wp.com\/mhyrdin.fr\/blog\/wordpress\/wp-content\/gallery\/fevrier2020\/M%C3%A9sange-%C3%A0-longue-queue_3361.JPG?ssl=1\"><img loading=\"lazy\" decoding=\"async\" src=\"https:\/\/i0.wp.com\/mhyrdin.fr\/blog\/wordpress\/wp-content\/gallery\/fevrier2020\/M%C3%A9sange-%C3%A0-longue-queue_3361.JPG?h=170\" alt=\"M\u00e9sange \u00e0 longue queue\" width=\"255\" height=\"170\" \/><\/a><p class=\"jig-HTMLdescription\">M\u00e9sange \u00e0 longue queue<\/p><\/li><li><a href=\"https:\/\/i0.wp.com\/mhyrdin.fr\/blog\/wordpress\/wp-content\/gallery\/fevrier2020\/M%C3%A9sange-bleue_3364.JPG?ssl=1\"><img loading=\"lazy\" decoding=\"async\" src=\"https:\/\/i0.wp.com\/mhyrdin.fr\/blog\/wordpress\/wp-content\/gallery\/fevrier2020\/M%C3%A9sange-bleue_3364.JPG?h=170\" alt=\"M\u00e9sange bleue\" width=\"255\" height=\"170\" \/><\/a><p class=\"jig-HTMLdescription\">M\u00e9sange bleue<\/p><\/li><li><a href=\"https:\/\/i0.wp.com\/mhyrdin.fr\/blog\/wordpress\/wp-content\/gallery\/fevrier2020\/Tarin-des-aulnes_3339.JPG?ssl=1\"><img loading=\"lazy\" decoding=\"async\" src=\"https:\/\/i0.wp.com\/mhyrdin.fr\/blog\/wordpress\/wp-content\/gallery\/fevrier2020\/Tarin-des-aulnes_3339.JPG?h=170\" alt=\"Tarin des aulnes\" width=\"255\" height=\"170\" \/><\/a><p class=\"jig-HTMLdescription\">Tarin des aulnes<\/p><\/li><li><a href=\"https:\/\/i0.wp.com\/mhyrdin.fr\/blog\/wordpress\/wp-content\/gallery\/fevrier2020\/Rougegorge_3345.JPG?ssl=1\" title=\"Rougegorge_3345\"><img loading=\"lazy\" decoding=\"async\" src=\"https:\/\/i0.wp.com\/mhyrdin.fr\/blog\/wordpress\/wp-content\/gallery\/fevrier2020\/Rougegorge_3345.JPG?h=170\" alt=\"Rougegorge familier\" width=\"113\" height=\"170\" \/><\/a><p class=\"jig-HTMLdescription\">Rougegorge familier<br\/>Rougegorge_3345<\/p><\/li><li><a href=\"https:\/\/i0.wp.com\/mhyrdin.fr\/blog\/wordpress\/wp-content\/gallery\/fevrier2020\/IMG_3374NB.jpg?ssl=1\" title=\"IMG_3374NB\"><img loading=\"lazy\" decoding=\"async\" src=\"https:\/\/i0.wp.com\/mhyrdin.fr\/blog\/wordpress\/wp-content\/gallery\/fevrier2020\/IMG_3374NB.jpg?h=170\" alt=\"Prunellier en NB\" width=\"170\" height=\"170\" \/><\/a><p class=\"jig-HTMLdescription\">Prunellier en NB<br\/>IMG_3374NB<\/p><\/li><li><a href=\"https:\/\/i0.wp.com\/mhyrdin.fr\/blog\/wordpress\/wp-content\/gallery\/fevrier2020\/Prunellier_3374.JPG?ssl=1\" title=\"Prunellier_3374\"><img loading=\"lazy\" decoding=\"async\" src=\"https:\/\/i0.wp.com\/mhyrdin.fr\/blog\/wordpress\/wp-content\/gallery\/fevrier2020\/Prunellier_3374.JPG?h=170\" alt=\"Prunellier\" width=\"170\" height=\"170\" \/><\/a><p class=\"jig-HTMLdescription\">Prunellier<br\/>Prunellier_3374<\/p><\/li><li><a href=\"https:\/\/i0.wp.com\/mhyrdin.fr\/blog\/wordpress\/wp-content\/gallery\/fevrier2020\/20200209_163000-Copie.jpg?ssl=1\"><img loading=\"lazy\" decoding=\"async\" src=\"https:\/\/i0.wp.com\/mhyrdin.fr\/blog\/wordpress\/wp-content\/gallery\/fevrier2020\/20200209_163000-Copie.jpg?h=170\" alt=\"Pointe Saint Mathieu\" width=\"342\" height=\"170\" \/><\/a><p class=\"jig-HTMLdescription\">Pointe Saint Mathieu<\/p><\/li><li><a href=\"https:\/\/i0.wp.com\/mhyrdin.fr\/blog\/wordpress\/wp-content\/gallery\/fevrier2020\/IMG_4194.JPG?ssl=1\" title=\"IMG_4194\"><img loading=\"lazy\" decoding=\"async\" src=\"https:\/\/i0.wp.com\/mhyrdin.fr\/blog\/wordpress\/wp-content\/gallery\/fevrier2020\/IMG_4194.JPG?h=170\" alt=\"Le Conquet\" width=\"255\" height=\"170\" \/><\/a><p class=\"jig-HTMLdescription\">Le Conquet<br\/>IMG_4194<\/p><\/li><li><a href=\"https:\/\/i0.wp.com\/mhyrdin.fr\/blog\/wordpress\/wp-content\/gallery\/fevrier2020\/IMG_4215.JPG?ssl=1\" title=\"IMG_4215\"><img loading=\"lazy\" decoding=\"async\" src=\"https:\/\/i0.wp.com\/mhyrdin.fr\/blog\/wordpress\/wp-content\/gallery\/fevrier2020\/IMG_4215.JPG?h=170\" alt=\"Le Conquet\" width=\"309\" height=\"170\" \/><\/a><p class=\"jig-HTMLdescription\">Le Conquet<br\/>IMG_4215<\/p><\/li><li><a href=\"https:\/\/i0.wp.com\/mhyrdin.fr\/blog\/wordpress\/wp-content\/gallery\/fevrier2020\/IMG_4278.JPG?ssl=1\" title=\"IMG_4278\"><img loading=\"lazy\" decoding=\"async\" src=\"https:\/\/i0.wp.com\/mhyrdin.fr\/blog\/wordpress\/wp-content\/gallery\/fevrier2020\/IMG_4278.JPG?h=170\" alt=\"Pointe Saint Mathieu\" width=\"255\" height=\"170\" \/><\/a><p class=\"jig-HTMLdescription\">Pointe Saint Mathieu<br\/>IMG_4278<\/p><\/li><li><a href=\"https:\/\/i0.wp.com\/mhyrdin.fr\/blog\/wordpress\/wp-content\/gallery\/fevrier2020\/IMG_4207.JPG?ssl=1\" title=\"IMG_4207\"><img loading=\"lazy\" decoding=\"async\" src=\"https:\/\/i0.wp.com\/mhyrdin.fr\/blog\/wordpress\/wp-content\/gallery\/fevrier2020\/IMG_4207.JPG?h=170\" alt=\"Le Conquet\" width=\"255\" height=\"170\" \/><\/a><p class=\"jig-HTMLdescription\">Le Conquet<br\/>IMG_4207<\/p><\/li><li><a href=\"https:\/\/i0.wp.com\/mhyrdin.fr\/blog\/wordpress\/wp-content\/gallery\/fevrier2020\/MG_1440.JPG?ssl=1\" title=\"MG_1440\"><img loading=\"lazy\" decoding=\"async\" src=\"https:\/\/i0.wp.com\/mhyrdin.fr\/blog\/wordpress\/wp-content\/gallery\/fevrier2020\/MG_1440.JPG?h=170\" alt=\"Porspoder\" width=\"331\" height=\"170\" \/><\/a><p class=\"jig-HTMLdescription\">Porspoder<br\/>MG_1440<\/p><\/li><li><a href=\"https:\/\/i0.wp.com\/mhyrdin.fr\/blog\/wordpress\/wp-content\/gallery\/fevrier2020\/IMG_4401.JPG?ssl=1\" title=\"IMG_4401\"><img loading=\"lazy\" decoding=\"async\" src=\"https:\/\/i0.wp.com\/mhyrdin.fr\/blog\/wordpress\/wp-content\/gallery\/fevrier2020\/IMG_4401.JPG?h=170\" alt=\"Porspoder\" width=\"337\" height=\"170\" \/><\/a><p class=\"jig-HTMLdescription\">Porspoder<br\/>IMG_4401<\/p><\/li><li><a href=\"https:\/\/i0.wp.com\/mhyrdin.fr\/blog\/wordpress\/wp-content\/gallery\/fevrier2020\/IMG_4316.JPG?ssl=1\" title=\"IMG_4316\"><img loading=\"lazy\" decoding=\"async\" src=\"https:\/\/i0.wp.com\/mhyrdin.fr\/blog\/wordpress\/wp-content\/gallery\/fevrier2020\/IMG_4316.JPG?h=170\" alt=\"Porspoder\" width=\"347\" height=\"170\" \/><\/a><p class=\"jig-HTMLdescription\">Porspoder<br\/>IMG_4316<\/p><\/li><li><a href=\"https:\/\/i0.wp.com\/mhyrdin.fr\/blog\/wordpress\/wp-content\/gallery\/fevrier2020\/IMG_4452.JPG?ssl=1\" title=\"IMG_4452\"><img loading=\"lazy\" decoding=\"async\" src=\"https:\/\/i0.wp.com\/mhyrdin.fr\/blog\/wordpress\/wp-content\/gallery\/fevrier2020\/IMG_4452.JPG?h=170\" alt=\"Porspoder\" width=\"348\" height=\"170\" \/><\/a><p class=\"jig-HTMLdescription\">Porspoder<br\/>IMG_4452<\/p><\/li><li><a href=\"https:\/\/i0.wp.com\/mhyrdin.fr\/blog\/wordpress\/wp-content\/gallery\/fevrier2020\/MG_1372.JPG?ssl=1\" title=\"MG_1372\"><img loading=\"lazy\" decoding=\"async\" src=\"https:\/\/i0.wp.com\/mhyrdin.fr\/blog\/wordpress\/wp-content\/gallery\/fevrier2020\/MG_1372.JPG?h=170\" alt=\"Porspoder\" width=\"296\" height=\"170\" \/><\/a><p class=\"jig-HTMLdescription\">Porspoder<br\/>MG_1372<\/p><\/li><li><a href=\"https:\/\/i0.wp.com\/mhyrdin.fr\/blog\/wordpress\/wp-content\/gallery\/fevrier2020\/IMG_4314.JPG?ssl=1\" title=\"IMG_4314\"><img loading=\"lazy\" decoding=\"async\" src=\"https:\/\/i0.wp.com\/mhyrdin.fr\/blog\/wordpress\/wp-content\/gallery\/fevrier2020\/IMG_4314.JPG?h=170\" alt=\"Porspoder\" width=\"284\" height=\"170\" \/><\/a><p class=\"jig-HTMLdescription\">Porspoder<br\/>IMG_4314<\/p><\/li><li><a href=\"https:\/\/i0.wp.com\/mhyrdin.fr\/blog\/wordpress\/wp-content\/gallery\/fevrier2020\/IMG_4558.JPG?ssl=1\" title=\"IMG_4558\"><img loading=\"lazy\" decoding=\"async\" src=\"https:\/\/i0.wp.com\/mhyrdin.fr\/blog\/wordpress\/wp-content\/gallery\/fevrier2020\/IMG_4558.JPG?h=170\" alt=\"Porspoder\" width=\"298\" height=\"170\" \/><\/a><p class=\"jig-HTMLdescription\">Porspoder<br\/>IMG_4558<\/p><\/li><li><a href=\"https:\/\/i0.wp.com\/mhyrdin.fr\/blog\/wordpress\/wp-content\/gallery\/fevrier2020\/IMG_4454.JPG?ssl=1\" title=\"IMG_4454\"><img loading=\"lazy\" decoding=\"async\" src=\"https:\/\/i0.wp.com\/mhyrdin.fr\/blog\/wordpress\/wp-content\/gallery\/fevrier2020\/IMG_4454.JPG?h=170\" alt=\"Porspoder\" width=\"268\" height=\"170\" \/><\/a><p class=\"jig-HTMLdescription\">Porspoder<br\/>IMG_4454<\/p><\/li><li><a href=\"https:\/\/i0.wp.com\/mhyrdin.fr\/blog\/wordpress\/wp-content\/gallery\/fevrier2020\/Pointe-du-Ch%C3%A2teau.jpg?ssl=1\"><img loading=\"lazy\" decoding=\"async\" src=\"https:\/\/i0.wp.com\/mhyrdin.fr\/blog\/wordpress\/wp-content\/gallery\/fevrier2020\/Pointe-du-Ch%C3%A2teau.jpg?h=170\" alt=\"Pointe du Ch\u00e2teau\" width=\"651\" height=\"170\" \/><\/a><p class=\"jig-HTMLdescription\">Pointe du Ch\u00e2teau<\/p><\/li><li><a href=\"https:\/\/i0.wp.com\/mhyrdin.fr\/blog\/wordpress\/wp-content\/gallery\/fevrier2020\/Harle-hupp%C3%A9_4710.JPG?ssl=1\"><img loading=\"lazy\" decoding=\"async\" src=\"https:\/\/i0.wp.com\/mhyrdin.fr\/blog\/wordpress\/wp-content\/gallery\/fevrier2020\/Harle-hupp%C3%A9_4710.JPG?h=170\" alt=\"Harle hupp\u00e9\" width=\"255\" height=\"170\" \/><\/a><p class=\"jig-HTMLdescription\">Harle hupp\u00e9<\/p><\/li><li><a href=\"https:\/\/i0.wp.com\/mhyrdin.fr\/blog\/wordpress\/wp-content\/gallery\/fevrier2020\/Go%C3%A9land-argent%C3%A9_4715.JPG?ssl=1\"><img loading=\"lazy\" decoding=\"async\" src=\"https:\/\/i0.wp.com\/mhyrdin.fr\/blog\/wordpress\/wp-content\/gallery\/fevrier2020\/Go%C3%A9land-argent%C3%A9_4715.JPG?h=170\" alt=\"Go\u00e9land argent\u00e9\" width=\"255\" height=\"170\" \/><\/a><p class=\"jig-HTMLdescription\">Go\u00e9land argent\u00e9<\/p><\/li><li><a href=\"https:\/\/i0.wp.com\/mhyrdin.fr\/blog\/wordpress\/wp-content\/gallery\/fevrier2020\/Harle-hupp%C3%A9_4693.JPG?ssl=1\"><img loading=\"lazy\" decoding=\"async\" src=\"https:\/\/i0.wp.com\/mhyrdin.fr\/blog\/wordpress\/wp-content\/gallery\/fevrier2020\/Harle-hupp%C3%A9_4693.JPG?h=170\" alt=\"Harles hupp\u00e9s\" width=\"255\" height=\"170\" \/><\/a><p class=\"jig-HTMLdescription\">Harles hupp\u00e9s<\/p><\/li><li><a href=\"https:\/\/i0.wp.com\/mhyrdin.fr\/blog\/wordpress\/wp-content\/gallery\/fevrier2020\/Canard-siffleur_4796.JPG?ssl=1\"><img loading=\"lazy\" decoding=\"async\" src=\"https:\/\/i0.wp.com\/mhyrdin.fr\/blog\/wordpress\/wp-content\/gallery\/fevrier2020\/Canard-siffleur_4796.JPG?h=170\" alt=\"Canards siffleurs\" width=\"255\" height=\"170\" \/><\/a><p class=\"jig-HTMLdescription\">Canards siffleurs<\/p><\/li><li><a href=\"https:\/\/i0.wp.com\/mhyrdin.fr\/blog\/wordpress\/wp-content\/gallery\/fevrier2020\/Canard-siffleur_4801.JPG?ssl=1\"><img loading=\"lazy\" decoding=\"async\" src=\"https:\/\/i0.wp.com\/mhyrdin.fr\/blog\/wordpress\/wp-content\/gallery\/fevrier2020\/Canard-siffleur_4801.JPG?h=170\" alt=\"Canards siffleurs\" width=\"255\" height=\"170\" \/><\/a><p class=\"jig-HTMLdescription\">Canards siffleurs<\/p><\/li><li><a href=\"https:\/\/i0.wp.com\/mhyrdin.fr\/blog\/wordpress\/wp-content\/gallery\/fevrier2020\/Harle-hupp%C3%A9_4699.JPG?ssl=1\"><img loading=\"lazy\" decoding=\"async\" src=\"https:\/\/i0.wp.com\/mhyrdin.fr\/blog\/wordpress\/wp-content\/gallery\/fevrier2020\/Harle-hupp%C3%A9_4699.JPG?h=170\" alt=\"Harle hupp\u00e9\" width=\"255\" height=\"170\" \/><\/a><p class=\"jig-HTMLdescription\">Harle hupp\u00e9<\/p><\/li><li><a href=\"https:\/\/i0.wp.com\/mhyrdin.fr\/blog\/wordpress\/wp-content\/gallery\/fevrier2020\/Ploun%C3%A9our-Trez_20200218_172637R.jpg?ssl=1\"><img loading=\"lazy\" decoding=\"async\" src=\"https:\/\/i0.wp.com\/mhyrdin.fr\/blog\/wordpress\/wp-content\/gallery\/fevrier2020\/Ploun%C3%A9our-Trez_20200218_172637R.jpg?h=170\" alt=\"Ploun\u00e9our-Trez\" width=\"302\" height=\"170\" \/><\/a><p class=\"jig-HTMLdescription\">Ploun\u00e9our-Trez<\/p><\/li><li><a href=\"https:\/\/i0.wp.com\/mhyrdin.fr\/blog\/wordpress\/wp-content\/gallery\/fevrier2020\/Pluvier-dor%C3%A9_4813.JPG?ssl=1\"><img loading=\"lazy\" decoding=\"async\" src=\"https:\/\/i0.wp.com\/mhyrdin.fr\/blog\/wordpress\/wp-content\/gallery\/fevrier2020\/Pluvier-dor%C3%A9_4813.JPG?h=170\" alt=\"Pluviers dor\u00e9s\" width=\"389\" height=\"170\" \/><\/a><p class=\"jig-HTMLdescription\">Pluviers dor\u00e9s<\/p><\/li><li><a href=\"https:\/\/i0.wp.com\/mhyrdin.fr\/blog\/wordpress\/wp-content\/gallery\/fevrier2020\/Ploun%C3%A9our-Trez_20200218_172636R.jpg?ssl=1\"><img loading=\"lazy\" decoding=\"async\" src=\"https:\/\/i0.wp.com\/mhyrdin.fr\/blog\/wordpress\/wp-content\/gallery\/fevrier2020\/Ploun%C3%A9our-Trez_20200218_172636R.jpg?h=170\" alt=\"Ploun\u00e9our-Trez\" width=\"294\" height=\"170\" \/><\/a><p class=\"jig-HTMLdescription\">Ploun\u00e9our-Trez<\/p><\/li><li><a href=\"https:\/\/i0.wp.com\/mhyrdin.fr\/blog\/wordpress\/wp-content\/gallery\/fevrier2020\/Spatule-blanche_4856.JPG?ssl=1\"><img loading=\"lazy\" decoding=\"async\" src=\"https:\/\/i0.wp.com\/mhyrdin.fr\/blog\/wordpress\/wp-content\/gallery\/fevrier2020\/Spatule-blanche_4856.JPG?h=170\" alt=\"Spatules blanches\" width=\"255\" height=\"170\" \/><\/a><p class=\"jig-HTMLdescription\">Spatules blanches<\/p><\/li><li><a href=\"https:\/\/i0.wp.com\/mhyrdin.fr\/blog\/wordpress\/wp-content\/gallery\/fevrier2020\/Pluvier-dor%C3%A9_4825.JPG?ssl=1\"><img loading=\"lazy\" decoding=\"async\" src=\"https:\/\/i0.wp.com\/mhyrdin.fr\/blog\/wordpress\/wp-content\/gallery\/fevrier2020\/Pluvier-dor%C3%A9_4825.JPG?h=170\" alt=\"Pluviers dor\u00e9s\" width=\"312\" height=\"170\" \/><\/a><p class=\"jig-HTMLdescription\">Pluviers dor\u00e9s<\/p><\/li><li><a href=\"https:\/\/i0.wp.com\/mhyrdin.fr\/blog\/wordpress\/wp-content\/gallery\/fevrier2020\/Pluvier-dor%C3%A9_4873.JPG?ssl=1\"><img loading=\"lazy\" decoding=\"async\" src=\"https:\/\/i0.wp.com\/mhyrdin.fr\/blog\/wordpress\/wp-content\/gallery\/fevrier2020\/Pluvier-dor%C3%A9_4873.JPG?h=170\" alt=\"Pluviers dor\u00e9s\" width=\"255\" height=\"170\" \/><\/a><p class=\"jig-HTMLdescription\">Pluviers dor\u00e9s<\/p><\/li><li><a href=\"https:\/\/i0.wp.com\/mhyrdin.fr\/blog\/wordpress\/wp-content\/gallery\/fevrier2020\/Grand-Gravelot_4886.JPG?ssl=1\"><img loading=\"lazy\" decoding=\"async\" src=\"https:\/\/i0.wp.com\/mhyrdin.fr\/blog\/wordpress\/wp-content\/gallery\/fevrier2020\/Grand-Gravelot_4886.JPG?h=170\" alt=\"Grand Gravelot\" width=\"255\" height=\"170\" \/><\/a><p class=\"jig-HTMLdescription\">Grand Gravelot<\/p><\/li><li><a href=\"https:\/\/i0.wp.com\/mhyrdin.fr\/blog\/wordpress\/wp-content\/gallery\/fevrier2020\/Pluvier-argent%C3%A9_4819.JPG?ssl=1\"><img loading=\"lazy\" decoding=\"async\" src=\"https:\/\/i0.wp.com\/mhyrdin.fr\/blog\/wordpress\/wp-content\/gallery\/fevrier2020\/Pluvier-argent%C3%A9_4819.JPG?h=170\" alt=\"Pluvier argent\u00e9\" width=\"255\" height=\"170\" \/><\/a><p class=\"jig-HTMLdescription\">Pluvier argent\u00e9<\/p><\/li><li><a href=\"https:\/\/i0.wp.com\/mhyrdin.fr\/blog\/wordpress\/wp-content\/gallery\/fevrier2020\/Pluvier-dor%C3%A9_4868.JPG?ssl=1\"><img loading=\"lazy\" decoding=\"async\" src=\"https:\/\/i0.wp.com\/mhyrdin.fr\/blog\/wordpress\/wp-content\/gallery\/fevrier2020\/Pluvier-dor%C3%A9_4868.JPG?h=170\" alt=\"Pluviers dor\u00e9s\" width=\"255\" height=\"170\" \/><\/a><p class=\"jig-HTMLdescription\">Pluviers dor\u00e9s<\/p><\/li><li><a href=\"https:\/\/i0.wp.com\/mhyrdin.fr\/blog\/wordpress\/wp-content\/gallery\/fevrier2020\/Buse-variable_4920.JPG?ssl=1\"><img loading=\"lazy\" decoding=\"async\" src=\"https:\/\/i0.wp.com\/mhyrdin.fr\/blog\/wordpress\/wp-content\/gallery\/fevrier2020\/Buse-variable_4920.JPG?h=170\" alt=\"Buse variable\" width=\"255\" height=\"170\" \/><\/a><p class=\"jig-HTMLdescription\">Buse variable<\/p><\/li><li><a href=\"https:\/\/i0.wp.com\/mhyrdin.fr\/blog\/wordpress\/wp-content\/gallery\/fevrier2020\/Rade_4961.JPG?ssl=1\" title=\"Rade_4961\"><img loading=\"lazy\" decoding=\"async\" src=\"https:\/\/i0.wp.com\/mhyrdin.fr\/blog\/wordpress\/wp-content\/gallery\/fevrier2020\/Rade_4961.JPG?h=170\" alt=\"Rade de Brest\" width=\"255\" height=\"170\" \/><\/a><p class=\"jig-HTMLdescription\">Rade de Brest<br\/>Rade_4961<\/p><\/li><li><a href=\"https:\/\/i0.wp.com\/mhyrdin.fr\/blog\/wordpress\/wp-content\/gallery\/fevrier2020\/20200221_171557R.jpg?ssl=1\" title=\"20200221_171557R\"><img loading=\"lazy\" decoding=\"async\" src=\"https:\/\/i0.wp.com\/mhyrdin.fr\/blog\/wordpress\/wp-content\/gallery\/fevrier2020\/20200221_171557R.jpg?h=170\" alt=\"Rade de Brest\" width=\"305\" height=\"170\" \/><\/a><p class=\"jig-HTMLdescription\">Rade de Brest<br\/>20200221_171557R<\/p><\/li><li><a href=\"https:\/\/i0.wp.com\/mhyrdin.fr\/blog\/wordpress\/wp-content\/gallery\/fevrier2020\/Aigrette-garzette_4964.JPG?ssl=1\"><img loading=\"lazy\" decoding=\"async\" src=\"https:\/\/i0.wp.com\/mhyrdin.fr\/blog\/wordpress\/wp-content\/gallery\/fevrier2020\/Aigrette-garzette_4964.JPG?h=170\" alt=\"Aigrette garzette\" width=\"255\" height=\"170\" \/><\/a><p class=\"jig-HTMLdescription\">Aigrette garzette<\/p><\/li><li><a href=\"https:\/\/i0.wp.com\/mhyrdin.fr\/blog\/wordpress\/wp-content\/gallery\/fevrier2020\/Gr%C3%A8be-%C3%A0-cou-noir_4917.JPG?ssl=1\"><img loading=\"lazy\" decoding=\"async\" src=\"https:\/\/i0.wp.com\/mhyrdin.fr\/blog\/wordpress\/wp-content\/gallery\/fevrier2020\/Gr%C3%A8be-%C3%A0-cou-noir_4917.JPG?h=170\" alt=\"Gr\u00e8be \u00e0 cou noir\" width=\"255\" height=\"170\" \/><\/a><p class=\"jig-HTMLdescription\">Gr\u00e8be \u00e0 cou noir<\/p><\/li><li><a href=\"https:\/\/i0.wp.com\/mhyrdin.fr\/blog\/wordpress\/wp-content\/gallery\/fevrier2020\/Gr%C3%A8be-hupp%C3%A9_4933.JPG?ssl=1\"><img loading=\"lazy\" decoding=\"async\" src=\"https:\/\/i0.wp.com\/mhyrdin.fr\/blog\/wordpress\/wp-content\/gallery\/fevrier2020\/Gr%C3%A8be-hupp%C3%A9_4933.JPG?h=170\" alt=\"Gr\u00e8be hupp\u00e9\" width=\"255\" height=\"170\" \/><\/a><p class=\"jig-HTMLdescription\">Gr\u00e8be hupp\u00e9<\/p><\/li><li><a href=\"https:\/\/i0.wp.com\/mhyrdin.fr\/blog\/wordpress\/wp-content\/gallery\/fevrier2020\/Gr%C3%A8be-castagneux_4955.JPG?ssl=1\"><img loading=\"lazy\" decoding=\"async\" src=\"https:\/\/i0.wp.com\/mhyrdin.fr\/blog\/wordpress\/wp-content\/gallery\/fevrier2020\/Gr%C3%A8be-castagneux_4955.JPG?h=170\" alt=\"Gr\u00e8be castagneux\" width=\"255\" height=\"170\" \/><\/a><p class=\"jig-HTMLdescription\">Gr\u00e8be castagneux<\/p><\/li><li><a href=\"https:\/\/i0.wp.com\/mhyrdin.fr\/blog\/wordpress\/wp-content\/gallery\/fevrier2020\/Chevalier-gambette_4975.JPG?ssl=1\"><img loading=\"lazy\" decoding=\"async\" src=\"https:\/\/i0.wp.com\/mhyrdin.fr\/blog\/wordpress\/wp-content\/gallery\/fevrier2020\/Chevalier-gambette_4975.JPG?h=170\" alt=\"Chevalier gambette\" width=\"255\" height=\"170\" \/><\/a><p class=\"jig-HTMLdescription\">Chevalier gambette<\/p><\/li><li><a href=\"https:\/\/i0.wp.com\/mhyrdin.fr\/blog\/wordpress\/wp-content\/gallery\/fevrier2020\/Mouette-rieuse_4927.JPG?ssl=1\"><img loading=\"lazy\" decoding=\"async\" src=\"https:\/\/i0.wp.com\/mhyrdin.fr\/blog\/wordpress\/wp-content\/gallery\/fevrier2020\/Mouette-rieuse_4927.JPG?h=170\" alt=\"Mouette rieuse\" width=\"255\" height=\"170\" \/><\/a><p class=\"jig-HTMLdescription\">Mouette rieuse<\/p><\/li><li><a href=\"https:\/\/i0.wp.com\/mhyrdin.fr\/blog\/wordpress\/wp-content\/gallery\/fevrier2020\/Sarcelle-d-hiver_4924.JPG?ssl=1\"><img loading=\"lazy\" decoding=\"async\" src=\"https:\/\/i0.wp.com\/mhyrdin.fr\/blog\/wordpress\/wp-content\/gallery\/fevrier2020\/Sarcelle-d-hiver_4924.JPG?h=170\" alt=\"Sarcelles d&#039;hiver\" width=\"255\" height=\"170\" \/><\/a><p class=\"jig-HTMLdescription\">Sarcelles d'hiver<\/p><\/li><li><a href=\"https:\/\/i0.wp.com\/mhyrdin.fr\/blog\/wordpress\/wp-content\/gallery\/fevrier2020\/Porspoder-Phare-du-four_4987.JPG?ssl=1\"><img loading=\"lazy\" decoding=\"async\" src=\"https:\/\/i0.wp.com\/mhyrdin.fr\/blog\/wordpress\/wp-content\/gallery\/fevrier2020\/Porspoder-Phare-du-four_4987.JPG?h=170\" alt=\"Porspoder, le phare du Four\" width=\"255\" height=\"170\" \/><\/a><p class=\"jig-HTMLdescription\">Porspoder, le phare du Four<\/p><\/li><li><a href=\"https:\/\/i0.wp.com\/mhyrdin.fr\/blog\/wordpress\/wp-content\/gallery\/fevrier2020\/Porspoder-Brividic_5066.JPG?ssl=1\"><img loading=\"lazy\" decoding=\"async\" src=\"https:\/\/i0.wp.com\/mhyrdin.fr\/blog\/wordpress\/wp-content\/gallery\/fevrier2020\/Porspoder-Brividic_5066.JPG?h=170\" alt=\"Porspoder, Brividic\" width=\"255\" height=\"170\" \/><\/a><p class=\"jig-HTMLdescription\">Porspoder, Brividic<\/p><\/li><li><a href=\"https:\/\/i0.wp.com\/mhyrdin.fr\/blog\/wordpress\/wp-content\/gallery\/fevrier2020\/Porspoder_5004.JPG?ssl=1\" title=\"Porspoder_5004\"><img loading=\"lazy\" decoding=\"async\" src=\"https:\/\/i0.wp.com\/mhyrdin.fr\/blog\/wordpress\/wp-content\/gallery\/fevrier2020\/Porspoder_5004.JPG?h=170\" alt=\"Porspoder\" width=\"255\" height=\"170\" \/><\/a><p class=\"jig-HTMLdescription\">Porspoder<br\/>Porspoder_5004<\/p><\/li><li><a href=\"https:\/\/i0.wp.com\/mhyrdin.fr\/blog\/wordpress\/wp-content\/gallery\/fevrier2020\/Faucon-cr%C3%A9cerelle_5098.JPG?ssl=1\"><img loading=\"lazy\" decoding=\"async\" src=\"https:\/\/i0.wp.com\/mhyrdin.fr\/blog\/wordpress\/wp-content\/gallery\/fevrier2020\/Faucon-cr%C3%A9cerelle_5098.JPG?h=170\" alt=\"Faucon cr\u00e9cerelle\" width=\"113\" height=\"170\" \/><\/a><p class=\"jig-HTMLdescription\">Faucon cr\u00e9cerelle<\/p><\/li><li><a href=\"https:\/\/i0.wp.com\/mhyrdin.fr\/blog\/wordpress\/wp-content\/gallery\/fevrier2020\/Tarier-p%C3%A2tre_5081.JPG?ssl=1\"><img loading=\"lazy\" decoding=\"async\" src=\"https:\/\/i0.wp.com\/mhyrdin.fr\/blog\/wordpress\/wp-content\/gallery\/fevrier2020\/Tarier-p%C3%A2tre_5081.JPG?h=170\" alt=\"Tarier p\u00e2tre\" width=\"255\" height=\"170\" \/><\/a><p class=\"jig-HTMLdescription\">Tarier p\u00e2tre<\/p><\/li><li><a href=\"https:\/\/i0.wp.com\/mhyrdin.fr\/blog\/wordpress\/wp-content\/gallery\/fevrier2020\/Faucon-cr%C3%A9cerelle_5130.JPG?ssl=1\"><img loading=\"lazy\" decoding=\"async\" src=\"https:\/\/i0.wp.com\/mhyrdin.fr\/blog\/wordpress\/wp-content\/gallery\/fevrier2020\/Faucon-cr%C3%A9cerelle_5130.JPG?h=170\" alt=\"Faucon cr\u00e9cerelle\" width=\"255\" height=\"170\" \/><\/a><p class=\"jig-HTMLdescription\">Faucon cr\u00e9cerelle<\/p><\/li><li><a href=\"https:\/\/i0.wp.com\/mhyrdin.fr\/blog\/wordpress\/wp-content\/gallery\/fevrier2020\/Faucon-cr%C3%A9cerelle_5121.JPG?ssl=1\"><img loading=\"lazy\" decoding=\"async\" src=\"https:\/\/i0.wp.com\/mhyrdin.fr\/blog\/wordpress\/wp-content\/gallery\/fevrier2020\/Faucon-cr%C3%A9cerelle_5121.JPG?h=170\" alt=\"Faucon cr\u00e9cerelle\" width=\"255\" height=\"170\" \/><\/a><p class=\"jig-HTMLdescription\">Faucon cr\u00e9cerelle<\/p><\/li><li><a href=\"https:\/\/i0.wp.com\/mhyrdin.fr\/blog\/wordpress\/wp-content\/gallery\/fevrier2020\/Faucon-cr%C3%A9cerelle_5131.JPG?ssl=1\" title=\"Le couple\"><img loading=\"lazy\" decoding=\"async\" src=\"https:\/\/i0.wp.com\/mhyrdin.fr\/blog\/wordpress\/wp-content\/gallery\/fevrier2020\/Faucon-cr%C3%A9cerelle_5131.JPG?h=170\" alt=\"Faucon cr\u00e9cerelle\" width=\"170\" height=\"170\" \/><\/a><p class=\"jig-HTMLdescription\">Faucon cr\u00e9cerelle<br\/>Le couple<\/p><\/li><\/ul><\/noscript><\/div><div id=\"jig1-developerLink\" class=\"jig-developerLink\"><a href=\"https:\/\/justifiedgrid.com\/\" target=\"_blank\" title=\"Justified Image Grid - Premium WordPress Gallery\">powered by Justified Image Grid<\/a><\/div>\n<h3>Related Images:<\/h3>","protected":false},"excerpt":{"rendered":"<p>M\u00e9sange \u00e0 longue queueM\u00e9sange bleueTarin des aulnesRougegorge familierRougegorge_3345Prunellier en NBIMG_3374NBPrunellierPrunellier_3374Pointe Saint MathieuLe ConquetIMG_4194Le ConquetIMG_4215Pointe Saint MathieuIMG_4278Le ConquetIMG_4207PorspoderMG_1440PorspoderIMG_4401PorspoderIMG_4316PorspoderIMG_4452PorspoderMG_1372PorspoderIMG_4314PorspoderIMG_4558PorspoderIMG_4454Pointe du Ch\u00e2teauHarle hupp\u00e9Go\u00e9land argent\u00e9Harles hupp\u00e9sCanards siffleursCanards siffleursHarle hupp\u00e9Ploun\u00e9our-TrezPluviers dor\u00e9sPloun\u00e9our-TrezSpatules blanchesPluviers dor\u00e9sPluviers dor\u00e9sGrand GravelotPluvier argent\u00e9Pluviers dor\u00e9sBuse variableRade de BrestRade_4961Rade de Brest20200221_171557RAigrette garzetteGr\u00e8be \u00e0 cou noirGr\u00e8be hupp\u00e9Gr\u00e8be castagneuxChevalier gambetteMouette rieuseSarcelles d&rsquo;hiverPorspoder, le phare du FourPorspoder, BrividicPorspoderPorspoder_5004Faucon cr\u00e9cerelleTarier p\u00e2treFaucon cr\u00e9cerelleFaucon cr\u00e9cerelleFaucon [&hellip;]<\/p>\n","protected":false},"author":4,"featured_media":0,"parent":18366,"menu_order":2,"comment_status":"closed","ping_status":"closed","template":"templates\/full-width-page.php","meta":{"ngg_post_thumbnail":0,"jetpack_post_was_ever_published":false,"footnotes":"","_links_to":"","_links_to_target":""},"class_list":["post-18463","page","type-page","status-publish","hentry"],"jetpack_shortlink":"https:\/\/wp.me\/P9lSZN-4NN","jetpack_sharing_enabled":true,"_links":{"self":[{"href":"https:\/\/mhyrdin.fr\/blog\/wp-json\/wp\/v2\/pages\/18463","targetHints":{"allow":["GET"]}}],"collection":[{"href":"https:\/\/mhyrdin.fr\/blog\/wp-json\/wp\/v2\/pages"}],"about":[{"href":"https:\/\/mhyrdin.fr\/blog\/wp-json\/wp\/v2\/types\/page"}],"author":[{"embeddable":true,"href":"https:\/\/mhyrdin.fr\/blog\/wp-json\/wp\/v2\/users\/4"}],"replies":[{"embeddable":true,"href":"https:\/\/mhyrdin.fr\/blog\/wp-json\/wp\/v2\/comments?post=18463"}],"version-history":[{"count":0,"href":"https:\/\/mhyrdin.fr\/blog\/wp-json\/wp\/v2\/pages\/18463\/revisions"}],"up":[{"embeddable":true,"href":"https:\/\/mhyrdin.fr\/blog\/wp-json\/wp\/v2\/pages\/18366"}],"wp:attachment":[{"href":"https:\/\/mhyrdin.fr\/blog\/wp-json\/wp\/v2\/media?parent=18463"}],"curies":[{"name":"wp","href":"https:\/\/api.w.org\/{rel}","templated":true}]}}