{"id":18296,"date":"2019-12-16T18:16:09","date_gmt":"2019-12-16T17:16:09","guid":{"rendered":"https:\/\/mhyrdin.fr\/blog\/2019-2\/octobre-2019\/"},"modified":"2022-10-18T01:03:42","modified_gmt":"2022-10-17T23:03:42","slug":"octobre-2019","status":"publish","type":"page","link":"https:\/\/mhyrdin.fr\/blog\/archives-numeriques\/2019-2\/octobre-2019\/","title":{"rendered":"Octobre-2019"},"content":{"rendered":"<div id=\"jig1\" class=\"justified-image-grid jig-6bcc9592790439412f029513815f6eba jig-preset-global jig-source-nextgen\"><div class=\"jig-clearfix\"><\/div><noscript id=\"jig1-html\" class=\"justified-image-grid-html\" data-lazy-src=\"skiplazyload\" data-src=\"skipunveillazyload\"><ul><li><a href=\"https:\/\/i0.wp.com\/mhyrdin.fr\/blog\/wordpress\/wp-content\/gallery\/octobre-2019\/Ara%20Libertad_1530.JPG?ssl=1\" title=\"Cap vers Antverpen\"><img loading=\"lazy\" decoding=\"async\" src=\"https:\/\/i0.wp.com\/mhyrdin.fr\/blog\/wordpress\/wp-content\/gallery\/octobre-2019\/Ara%20Libertad_1530.JPG?h=170\" alt=\"Ara Libertad\" width=\"255\" height=\"170\" \/><\/a><p class=\"jig-HTMLdescription\">Ara Libertad<br\/>Cap vers Antverpen<\/p><\/li><li><a href=\"https:\/\/i0.wp.com\/mhyrdin.fr\/blog\/wordpress\/wp-content\/gallery\/octobre-2019\/Ara%20Libertad_1534.JPG?ssl=1\" title=\"Cap vers Antverpen\"><img loading=\"lazy\" decoding=\"async\" src=\"https:\/\/i0.wp.com\/mhyrdin.fr\/blog\/wordpress\/wp-content\/gallery\/octobre-2019\/Ara%20Libertad_1534.JPG?h=170\" alt=\"Ara Libertad\" width=\"255\" height=\"170\" \/><\/a><p class=\"jig-HTMLdescription\">Ara Libertad<br\/>Cap vers Antverpen<\/p><\/li><li><a href=\"https:\/\/i0.wp.com\/mhyrdin.fr\/blog\/wordpress\/wp-content\/gallery\/octobre-2019\/Ara%20Libertad_1590.JPG?ssl=1\" title=\"Cap vers Antverpen\"><img loading=\"lazy\" decoding=\"async\" src=\"https:\/\/i0.wp.com\/mhyrdin.fr\/blog\/wordpress\/wp-content\/gallery\/octobre-2019\/Ara%20Libertad_1590.JPG?h=170\" alt=\"Ara Libertad\" width=\"255\" height=\"170\" \/><\/a><p class=\"jig-HTMLdescription\">Ara Libertad<br\/>Cap vers Antverpen<\/p><\/li><li><a href=\"https:\/\/i0.wp.com\/mhyrdin.fr\/blog\/wordpress\/wp-content\/gallery\/octobre-2019\/Courlis%20cendr%C3%A9_1191.JPG?ssl=1\" title=\"Goulven, entre deux averses...\"><img loading=\"lazy\" decoding=\"async\" src=\"https:\/\/i0.wp.com\/mhyrdin.fr\/blog\/wordpress\/wp-content\/gallery\/octobre-2019\/Courlis%20cendr%C3%A9_1191.JPG?h=170\" alt=\"Courlis cendr\u00e9\" width=\"255\" height=\"170\" \/><\/a><p class=\"jig-HTMLdescription\">Courlis cendr\u00e9<br\/>Goulven, entre deux averses...<\/p><\/li><li><a href=\"https:\/\/i0.wp.com\/mhyrdin.fr\/blog\/wordpress\/wp-content\/gallery\/octobre-2019\/Barge%20rousse_1247.JPG?ssl=1\" title=\"\u00c9claircie dominicale \u00e0 Tr\u00e9ompan\"><img loading=\"lazy\" decoding=\"async\" src=\"https:\/\/i0.wp.com\/mhyrdin.fr\/blog\/wordpress\/wp-content\/gallery\/octobre-2019\/Barge%20rousse_1247.JPG?h=170\" alt=\"Barge rousse\" width=\"255\" height=\"170\" \/><\/a><p class=\"jig-HTMLdescription\">Barge rousse<br\/>\u00c9claircie dominicale \u00e0 Tr\u00e9ompan<\/p><\/li><li><a href=\"https:\/\/i0.wp.com\/mhyrdin.fr\/blog\/wordpress\/wp-content\/gallery\/octobre-2019\/Barge%20rousse_1259.JPG?ssl=1\" title=\"\u00c9claircie dominicale \u00e0 Tr\u00e9ompan\"><img loading=\"lazy\" decoding=\"async\" src=\"https:\/\/i0.wp.com\/mhyrdin.fr\/blog\/wordpress\/wp-content\/gallery\/octobre-2019\/Barge%20rousse_1259.JPG?h=170\" alt=\"Barge rousse\" width=\"255\" height=\"170\" \/><\/a><p class=\"jig-HTMLdescription\">Barge rousse<br\/>\u00c9claircie dominicale \u00e0 Tr\u00e9ompan<\/p><\/li><li><a href=\"https:\/\/i0.wp.com\/mhyrdin.fr\/blog\/wordpress\/wp-content\/gallery\/octobre-2019\/B%C3%A9casseau%20sanderling_1279.JPG?ssl=1\" title=\"\u00c9claircie dominicale \u00e0 Tr\u00e9ompan\"><img loading=\"lazy\" decoding=\"async\" src=\"https:\/\/i0.wp.com\/mhyrdin.fr\/blog\/wordpress\/wp-content\/gallery\/octobre-2019\/B%C3%A9casseau%20sanderling_1279.JPG?h=170\" alt=\"B\u00e9casseau sanderling\" width=\"255\" height=\"170\" \/><\/a><p class=\"jig-HTMLdescription\">B\u00e9casseau sanderling<br\/>\u00c9claircie dominicale \u00e0 Tr\u00e9ompan<\/p><\/li><li><a href=\"https:\/\/i0.wp.com\/mhyrdin.fr\/blog\/wordpress\/wp-content\/gallery\/octobre-2019\/B%C3%A9casseau%20variable_1285.JPG?ssl=1\" title=\"\u00c9claircie dominicale \u00e0 Tr\u00e9ompan\"><img loading=\"lazy\" decoding=\"async\" src=\"https:\/\/i0.wp.com\/mhyrdin.fr\/blog\/wordpress\/wp-content\/gallery\/octobre-2019\/B%C3%A9casseau%20variable_1285.JPG?h=170\" alt=\"B\u00e9casseau variable\" width=\"255\" height=\"170\" \/><\/a><p class=\"jig-HTMLdescription\">B\u00e9casseau variable<br\/>\u00c9claircie dominicale \u00e0 Tr\u00e9ompan<\/p><\/li><li><a href=\"https:\/\/i0.wp.com\/mhyrdin.fr\/blog\/wordpress\/wp-content\/gallery\/octobre-2019\/Grand%20Gravelot_1266.JPG?ssl=1\" title=\"\u00c9claircie dominicale \u00e0 Tr\u00e9ompan\"><img loading=\"lazy\" decoding=\"async\" src=\"https:\/\/i0.wp.com\/mhyrdin.fr\/blog\/wordpress\/wp-content\/gallery\/octobre-2019\/Grand%20Gravelot_1266.JPG?h=170\" alt=\"Grand Gravelot\" width=\"255\" height=\"170\" \/><\/a><p class=\"jig-HTMLdescription\">Grand Gravelot<br\/>\u00c9claircie dominicale \u00e0 Tr\u00e9ompan<\/p><\/li><li><a href=\"https:\/\/i0.wp.com\/mhyrdin.fr\/blog\/wordpress\/wp-content\/gallery\/octobre-2019\/Grand%20Gravelot_1317.JPG?ssl=1\" title=\"\u00c9claircie dominicale \u00e0 Tr\u00e9ompan\"><img loading=\"lazy\" decoding=\"async\" src=\"https:\/\/i0.wp.com\/mhyrdin.fr\/blog\/wordpress\/wp-content\/gallery\/octobre-2019\/Grand%20Gravelot_1317.JPG?h=170\" alt=\"Grand Gravelot\" width=\"255\" height=\"170\" \/><\/a><p class=\"jig-HTMLdescription\">Grand Gravelot<br\/>\u00c9claircie dominicale \u00e0 Tr\u00e9ompan<\/p><\/li><li><a href=\"https:\/\/i0.wp.com\/mhyrdin.fr\/blog\/wordpress\/wp-content\/gallery\/octobre-2019\/H%C3%A9ron%20cendr%C3%A9_1202.JPG?ssl=1\" title=\"\u00c9claircie dominicale \u00e0 Tr\u00e9ompan\"><img loading=\"lazy\" decoding=\"async\" src=\"https:\/\/i0.wp.com\/mhyrdin.fr\/blog\/wordpress\/wp-content\/gallery\/octobre-2019\/H%C3%A9ron%20cendr%C3%A9_1202.JPG?h=170\" alt=\"H\u00e9ron cendr\u00e9\" width=\"113\" height=\"170\" \/><\/a><p class=\"jig-HTMLdescription\">H\u00e9ron cendr\u00e9<br\/>\u00c9claircie dominicale \u00e0 Tr\u00e9ompan<\/p><\/li><li><a href=\"https:\/\/i0.wp.com\/mhyrdin.fr\/blog\/wordpress\/wp-content\/gallery\/octobre-2019\/Pipit%20maritime_1198.JPG?ssl=1\" title=\"\u00c9claircie dominicale \u00e0 Tr\u00e9ompan\"><img loading=\"lazy\" decoding=\"async\" src=\"https:\/\/i0.wp.com\/mhyrdin.fr\/blog\/wordpress\/wp-content\/gallery\/octobre-2019\/Pipit%20maritime_1198.JPG?h=170\" alt=\"Pipit maritime\" width=\"255\" height=\"170\" \/><\/a><p class=\"jig-HTMLdescription\">Pipit maritime<br\/>\u00c9claircie dominicale \u00e0 Tr\u00e9ompan<\/p><\/li><li><a href=\"https:\/\/i0.wp.com\/mhyrdin.fr\/blog\/wordpress\/wp-content\/gallery\/octobre-2019\/Tournepierre%20%C3%A0%20collier_1227.JPG?ssl=1\" title=\"\u00c9claircie dominicale \u00e0 Tr\u00e9ompan\"><img loading=\"lazy\" decoding=\"async\" src=\"https:\/\/i0.wp.com\/mhyrdin.fr\/blog\/wordpress\/wp-content\/gallery\/octobre-2019\/Tournepierre%20%C3%A0%20collier_1227.JPG?h=170\" alt=\"Tournepierre \u00e0 collier\" width=\"255\" height=\"170\" \/><\/a><p class=\"jig-HTMLdescription\">Tournepierre \u00e0 collier<br\/>\u00c9claircie dominicale \u00e0 Tr\u00e9ompan<\/p><\/li><li><a href=\"https:\/\/i0.wp.com\/mhyrdin.fr\/blog\/wordpress\/wp-content\/gallery\/octobre-2019\/Crave%20%C3%A0%20bec%20rouge_1447.JPG?ssl=1\" title=\"A la pointe de Keryunan (Plougonvelin)\"><img loading=\"lazy\" decoding=\"async\" src=\"https:\/\/i0.wp.com\/mhyrdin.fr\/blog\/wordpress\/wp-content\/gallery\/octobre-2019\/Crave%20%C3%A0%20bec%20rouge_1447.JPG?h=170\" alt=\"Craves \u00e0 bec rouge\" width=\"305\" height=\"170\" \/><\/a><p class=\"jig-HTMLdescription\">Craves \u00e0 bec rouge<br\/>A la pointe de Keryunan (Plougonvelin)<\/p><\/li><li><a href=\"https:\/\/i0.wp.com\/mhyrdin.fr\/blog\/wordpress\/wp-content\/gallery\/octobre-2019\/Crave%20%C3%A0%20bec%20rouge_1429.JPG?ssl=1\" title=\"A la pointe de Keryunan (Plougonvelin)\"><img loading=\"lazy\" decoding=\"async\" src=\"https:\/\/i0.wp.com\/mhyrdin.fr\/blog\/wordpress\/wp-content\/gallery\/octobre-2019\/Crave%20%C3%A0%20bec%20rouge_1429.JPG?h=170\" alt=\"Craves \u00e0 bec rouge\" width=\"255\" height=\"170\" \/><\/a><p class=\"jig-HTMLdescription\">Craves \u00e0 bec rouge<br\/>A la pointe de Keryunan (Plougonvelin)<\/p><\/li><li><a href=\"https:\/\/i0.wp.com\/mhyrdin.fr\/blog\/wordpress\/wp-content\/gallery\/octobre-2019\/Crave%20%C3%A0%20bec%20rouge_1396.JPG?ssl=1\" title=\"A la pointe de Keryunan (Plougonvelin)\"><img loading=\"lazy\" decoding=\"async\" src=\"https:\/\/i0.wp.com\/mhyrdin.fr\/blog\/wordpress\/wp-content\/gallery\/octobre-2019\/Crave%20%C3%A0%20bec%20rouge_1396.JPG?h=170\" alt=\"Crave \u00e0 bec rouge\" width=\"255\" height=\"170\" \/><\/a><p class=\"jig-HTMLdescription\">Crave \u00e0 bec rouge<br\/>A la pointe de Keryunan (Plougonvelin)<\/p><\/li><li><a href=\"https:\/\/i0.wp.com\/mhyrdin.fr\/blog\/wordpress\/wp-content\/gallery\/octobre-2019\/Crave%20%C3%A0%20bec%20rouge_1553.JPG?ssl=1\" title=\"A la pointe de Keryunan (Plougonvelin)\"><img loading=\"lazy\" decoding=\"async\" src=\"https:\/\/i0.wp.com\/mhyrdin.fr\/blog\/wordpress\/wp-content\/gallery\/octobre-2019\/Crave%20%C3%A0%20bec%20rouge_1553.JPG?h=170\" alt=\"Crave \u00e0 bec rouge\" width=\"255\" height=\"170\" \/><\/a><p class=\"jig-HTMLdescription\">Crave \u00e0 bec rouge<br\/>A la pointe de Keryunan (Plougonvelin)<\/p><\/li><li><a href=\"https:\/\/i0.wp.com\/mhyrdin.fr\/blog\/wordpress\/wp-content\/gallery\/octobre-2019\/Crave%20%C3%A0%20bec%20rouge_1401.JPG?ssl=1\" title=\"A la pointe de Keryunan (Plougonvelin)\"><img loading=\"lazy\" decoding=\"async\" src=\"https:\/\/i0.wp.com\/mhyrdin.fr\/blog\/wordpress\/wp-content\/gallery\/octobre-2019\/Crave%20%C3%A0%20bec%20rouge_1401.JPG?h=170\" alt=\"Crave \u00e0 bec rouge\" width=\"113\" height=\"170\" \/><\/a><p class=\"jig-HTMLdescription\">Crave \u00e0 bec rouge<br\/>A la pointe de Keryunan (Plougonvelin)<\/p><\/li><li><a href=\"https:\/\/i0.wp.com\/mhyrdin.fr\/blog\/wordpress\/wp-content\/gallery\/octobre-2019\/Faucon%20p%C3%A9lerin_1410.JPG?ssl=1\" title=\"A la pointe de Keryunan (Plougonvelin)\"><img loading=\"lazy\" decoding=\"async\" src=\"https:\/\/i0.wp.com\/mhyrdin.fr\/blog\/wordpress\/wp-content\/gallery\/octobre-2019\/Faucon%20p%C3%A9lerin_1410.JPG?h=170\" alt=\"Faucon p\u00e9lerin\" width=\"255\" height=\"170\" \/><\/a><p class=\"jig-HTMLdescription\">Faucon p\u00e9lerin<br\/>A la pointe de Keryunan (Plougonvelin)<\/p><\/li><li><a href=\"https:\/\/i0.wp.com\/mhyrdin.fr\/blog\/wordpress\/wp-content\/gallery\/octobre-2019\/Faucon%20p%C3%A9lerin_1411.JPG?ssl=1\" title=\"A la pointe de Keryunan (Plougonvelin)\"><img loading=\"lazy\" decoding=\"async\" src=\"https:\/\/i0.wp.com\/mhyrdin.fr\/blog\/wordpress\/wp-content\/gallery\/octobre-2019\/Faucon%20p%C3%A9lerin_1411.JPG?h=170\" alt=\"Faucon p\u00e9lerin\" width=\"255\" height=\"170\" \/><\/a><p class=\"jig-HTMLdescription\">Faucon p\u00e9lerin<br\/>A la pointe de Keryunan (Plougonvelin)<\/p><\/li><\/ul><\/noscript><\/div><div id=\"jig1-developerLink\" class=\"jig-developerLink\"><a href=\"https:\/\/justifiedgrid.com\/\" target=\"_blank\" title=\"Justified Image Grid - Premium WordPress Gallery\">powered by Justified Image Grid<\/a><\/div>\n<h3>Related Images:<\/h3>","protected":false},"excerpt":{"rendered":"<p>Ara LibertadCap vers AntverpenAra LibertadCap vers AntverpenAra LibertadCap vers AntverpenCourlis cendr\u00e9Goulven, entre deux averses&#8230;Barge rousse\u00c9claircie dominicale \u00e0 Tr\u00e9ompanBarge rousse\u00c9claircie dominicale \u00e0 Tr\u00e9ompanB\u00e9casseau sanderling\u00c9claircie dominicale \u00e0 Tr\u00e9ompanB\u00e9casseau variable\u00c9claircie dominicale \u00e0 Tr\u00e9ompanGrand Gravelot\u00c9claircie dominicale \u00e0 Tr\u00e9ompanGrand Gravelot\u00c9claircie dominicale \u00e0 Tr\u00e9ompanH\u00e9ron cendr\u00e9\u00c9claircie dominicale \u00e0 Tr\u00e9ompanPipit maritime\u00c9claircie dominicale \u00e0 Tr\u00e9ompanTournepierre \u00e0 collier\u00c9claircie dominicale \u00e0 Tr\u00e9ompanCraves \u00e0 bec rougeA la [&hellip;]<\/p>\n","protected":false},"author":4,"featured_media":0,"parent":16637,"menu_order":10,"comment_status":"closed","ping_status":"closed","template":"","meta":{"ngg_post_thumbnail":0,"jetpack_post_was_ever_published":false,"footnotes":"","_links_to":"","_links_to_target":""},"class_list":["post-18296","page","type-page","status-publish","hentry"],"jetpack_shortlink":"https:\/\/wp.me\/P9lSZN-4L6","jetpack_sharing_enabled":true,"_links":{"self":[{"href":"https:\/\/mhyrdin.fr\/blog\/wp-json\/wp\/v2\/pages\/18296","targetHints":{"allow":["GET"]}}],"collection":[{"href":"https:\/\/mhyrdin.fr\/blog\/wp-json\/wp\/v2\/pages"}],"about":[{"href":"https:\/\/mhyrdin.fr\/blog\/wp-json\/wp\/v2\/types\/page"}],"author":[{"embeddable":true,"href":"https:\/\/mhyrdin.fr\/blog\/wp-json\/wp\/v2\/users\/4"}],"replies":[{"embeddable":true,"href":"https:\/\/mhyrdin.fr\/blog\/wp-json\/wp\/v2\/comments?post=18296"}],"version-history":[{"count":1,"href":"https:\/\/mhyrdin.fr\/blog\/wp-json\/wp\/v2\/pages\/18296\/revisions"}],"predecessor-version":[{"id":23645,"href":"https:\/\/mhyrdin.fr\/blog\/wp-json\/wp\/v2\/pages\/18296\/revisions\/23645"}],"up":[{"embeddable":true,"href":"https:\/\/mhyrdin.fr\/blog\/wp-json\/wp\/v2\/pages\/16637"}],"wp:attachment":[{"href":"https:\/\/mhyrdin.fr\/blog\/wp-json\/wp\/v2\/media?parent=18296"}],"curies":[{"name":"wp","href":"https:\/\/api.w.org\/{rel}","templated":true}]}}