{"id":17962,"date":"2019-10-22T23:59:16","date_gmt":"2019-10-22T21:59:16","guid":{"rendered":"https:\/\/mhyrdin.fr\/blog\/2019-2\/aout-2019\/aout-montagne\/"},"modified":"2022-10-18T01:03:40","modified_gmt":"2022-10-17T23:03:40","slug":"aout-montagne","status":"publish","type":"page","link":"https:\/\/mhyrdin.fr\/blog\/archives-numeriques\/2019-2\/aout-2019\/aout-montagne-2\/aout-montagne\/","title":{"rendered":"Des fleurs et des paysages"},"content":{"rendered":"<div id=\"jig1\" class=\"justified-image-grid jig-5682d89bd39d54d6aac90c66ffbbcb7e jig-preset-global jig-source-nextgen\"><div class=\"jig-clearfix\"><\/div><noscript id=\"jig1-html\" class=\"justified-image-grid-html\" data-lazy-src=\"skiplazyload\" data-src=\"skipunveillazyload\"><ul><li><a href=\"https:\/\/i0.wp.com\/mhyrdin.fr\/blog\/wordpress\/wp-content\/gallery\/aout-montagne\/Luchon_0546.JPG?ssl=1\" title=\"Luchon_0546\"><img loading=\"lazy\" decoding=\"async\" src=\"https:\/\/i0.wp.com\/mhyrdin.fr\/blog\/wordpress\/wp-content\/gallery\/aout-montagne\/Luchon_0546.JPG?h=170\" alt=\"Luchon\" width=\"113\" height=\"170\" \/><\/a><p class=\"jig-HTMLdescription\">Luchon<br\/>Luchon_0546<\/p><\/li><li><a href=\"https:\/\/i0.wp.com\/mhyrdin.fr\/blog\/wordpress\/wp-content\/gallery\/aout-montagne\/Luchon_0553.JPG?ssl=1\" title=\"Luchon_0553\"><img loading=\"lazy\" decoding=\"async\" src=\"https:\/\/i0.wp.com\/mhyrdin.fr\/blog\/wordpress\/wp-content\/gallery\/aout-montagne\/Luchon_0553.JPG?h=170\" alt=\"Luchon\" width=\"113\" height=\"170\" \/><\/a><p class=\"jig-HTMLdescription\">Luchon<br\/>Luchon_0553<\/p><\/li><li><a href=\"https:\/\/i0.wp.com\/mhyrdin.fr\/blog\/wordpress\/wp-content\/gallery\/aout-montagne\/Luchon_0557.JPG?ssl=1\" title=\"Luchon_0557\"><img loading=\"lazy\" decoding=\"async\" src=\"https:\/\/i0.wp.com\/mhyrdin.fr\/blog\/wordpress\/wp-content\/gallery\/aout-montagne\/Luchon_0557.JPG?h=170\" alt=\"Luchon\" width=\"255\" height=\"170\" \/><\/a><p class=\"jig-HTMLdescription\">Luchon<br\/>Luchon_0557<\/p><\/li><li><a href=\"https:\/\/i0.wp.com\/mhyrdin.fr\/blog\/wordpress\/wp-content\/gallery\/aout-montagne\/Luchon_0558.JPG?ssl=1\" title=\"Luchon_0558\"><img loading=\"lazy\" decoding=\"async\" src=\"https:\/\/i0.wp.com\/mhyrdin.fr\/blog\/wordpress\/wp-content\/gallery\/aout-montagne\/Luchon_0558.JPG?h=170\" alt=\"Luchon\" width=\"307\" height=\"170\" \/><\/a><p class=\"jig-HTMLdescription\">Luchon<br\/>Luchon_0558<\/p><\/li><li><a href=\"https:\/\/i0.wp.com\/mhyrdin.fr\/blog\/wordpress\/wp-content\/gallery\/aout-montagne\/Super-Bagn%C3%A8res_0601.JPG?ssl=1\"><img loading=\"lazy\" decoding=\"async\" src=\"https:\/\/i0.wp.com\/mhyrdin.fr\/blog\/wordpress\/wp-content\/gallery\/aout-montagne\/Super-Bagn%C3%A8res_0601.JPG?h=170\" alt=\"Super-Bagn\u00e8res\" width=\"358\" height=\"170\" \/><\/a><p class=\"jig-HTMLdescription\">Super-Bagn\u00e8res<\/p><\/li><li><a href=\"https:\/\/i0.wp.com\/mhyrdin.fr\/blog\/wordpress\/wp-content\/gallery\/aout-montagne\/Super-Bagn%C3%A8res_0602.JPG?ssl=1\"><img loading=\"lazy\" decoding=\"async\" src=\"https:\/\/i0.wp.com\/mhyrdin.fr\/blog\/wordpress\/wp-content\/gallery\/aout-montagne\/Super-Bagn%C3%A8res_0602.JPG?h=170\" alt=\"Super-Bagn\u00e8res\" width=\"255\" height=\"170\" \/><\/a><p class=\"jig-HTMLdescription\">Super-Bagn\u00e8res<\/p><\/li><li><a href=\"https:\/\/i0.wp.com\/mhyrdin.fr\/blog\/wordpress\/wp-content\/gallery\/aout-montagne\/Campanule_0619.JPG?ssl=1\" title=\"Campanule_0619\"><img loading=\"lazy\" decoding=\"async\" src=\"https:\/\/i0.wp.com\/mhyrdin.fr\/blog\/wordpress\/wp-content\/gallery\/aout-montagne\/Campanule_0619.JPG?h=170\" alt=\"Campanule_\" width=\"255\" height=\"170\" \/><\/a><p class=\"jig-HTMLdescription\">Campanule_<br\/>Campanule_0619<\/p><\/li><li><a href=\"https:\/\/i0.wp.com\/mhyrdin.fr\/blog\/wordpress\/wp-content\/gallery\/aout-montagne\/Parnassie%20des%20marais_0626.JPG?ssl=1\"><img loading=\"lazy\" decoding=\"async\" src=\"https:\/\/i0.wp.com\/mhyrdin.fr\/blog\/wordpress\/wp-content\/gallery\/aout-montagne\/Parnassie%20des%20marais_0626.JPG?h=170\" alt=\"Parnassie des marais\" width=\"170\" height=\"170\" \/><\/a><p class=\"jig-HTMLdescription\">Parnassie des marais<\/p><\/li><li><a href=\"https:\/\/i0.wp.com\/mhyrdin.fr\/blog\/wordpress\/wp-content\/gallery\/aout-montagne\/Cirse%20aran%C3%A9eux_8617.JPG?ssl=1\"><img loading=\"lazy\" decoding=\"async\" src=\"https:\/\/i0.wp.com\/mhyrdin.fr\/blog\/wordpress\/wp-content\/gallery\/aout-montagne\/Cirse%20aran%C3%A9eux_8617.JPG?h=170\" alt=\"Cirse aran\u00e9eux\" width=\"255\" height=\"170\" \/><\/a><p class=\"jig-HTMLdescription\">Cirse aran\u00e9eux<\/p><\/li><li><a href=\"https:\/\/i0.wp.com\/mhyrdin.fr\/blog\/wordpress\/wp-content\/gallery\/aout-montagne\/Cascade%20enfer_0645.JPG?ssl=1\"><img loading=\"lazy\" decoding=\"async\" src=\"https:\/\/i0.wp.com\/mhyrdin.fr\/blog\/wordpress\/wp-content\/gallery\/aout-montagne\/Cascade%20enfer_0645.JPG?h=170\" alt=\"Cascade de l&#039;enfer\" width=\"255\" height=\"170\" \/><\/a><p class=\"jig-HTMLdescription\">Cascade de l'enfer<\/p><\/li><li><a href=\"https:\/\/i0.wp.com\/mhyrdin.fr\/blog\/wordpress\/wp-content\/gallery\/aout-montagne\/Cascade%20enfer_0653.JPG?ssl=1\"><img loading=\"lazy\" decoding=\"async\" src=\"https:\/\/i0.wp.com\/mhyrdin.fr\/blog\/wordpress\/wp-content\/gallery\/aout-montagne\/Cascade%20enfer_0653.JPG?h=170\" alt=\"Cascade de l&#039;enfer\" width=\"113\" height=\"170\" \/><\/a><p class=\"jig-HTMLdescription\">Cascade de l'enfer<\/p><\/li><li><a href=\"https:\/\/i0.wp.com\/mhyrdin.fr\/blog\/wordpress\/wp-content\/gallery\/aout-montagne\/St-Bertrand%20de%20Comminges_0669.JPG?ssl=1\"><img loading=\"lazy\" decoding=\"async\" src=\"https:\/\/i0.wp.com\/mhyrdin.fr\/blog\/wordpress\/wp-content\/gallery\/aout-montagne\/St-Bertrand%20de%20Comminges_0669.JPG?h=170\" alt=\"St-Bertrand de Comminges\" width=\"255\" height=\"170\" \/><\/a><p class=\"jig-HTMLdescription\">St-Bertrand de Comminges<\/p><\/li><li><a href=\"https:\/\/i0.wp.com\/mhyrdin.fr\/blog\/wordpress\/wp-content\/gallery\/aout-montagne\/St-Bertrand%20de%20Comminges_0670.JPG?ssl=1\"><img loading=\"lazy\" decoding=\"async\" src=\"https:\/\/i0.wp.com\/mhyrdin.fr\/blog\/wordpress\/wp-content\/gallery\/aout-montagne\/St-Bertrand%20de%20Comminges_0670.JPG?h=170\" alt=\"St-Bertrand de Comminges\" width=\"255\" height=\"170\" \/><\/a><p class=\"jig-HTMLdescription\">St-Bertrand de Comminges<\/p><\/li><li><a href=\"https:\/\/i0.wp.com\/mhyrdin.fr\/blog\/wordpress\/wp-content\/gallery\/aout-montagne\/St-Bertrand%20de%20Comminges_0688.JPG?ssl=1\"><img loading=\"lazy\" decoding=\"async\" src=\"https:\/\/i0.wp.com\/mhyrdin.fr\/blog\/wordpress\/wp-content\/gallery\/aout-montagne\/St-Bertrand%20de%20Comminges_0688.JPG?h=170\" alt=\"St-Bertrand de Comminges\" width=\"113\" height=\"170\" \/><\/a><p class=\"jig-HTMLdescription\">St-Bertrand de Comminges<\/p><\/li><li><a href=\"https:\/\/i0.wp.com\/mhyrdin.fr\/blog\/wordpress\/wp-content\/gallery\/aout-montagne\/St-Bertrand%20de%20Comminges_0703.JPG?ssl=1\"><img loading=\"lazy\" decoding=\"async\" src=\"https:\/\/i0.wp.com\/mhyrdin.fr\/blog\/wordpress\/wp-content\/gallery\/aout-montagne\/St-Bertrand%20de%20Comminges_0703.JPG?h=170\" alt=\"St-Bertrand de Comminges\" width=\"113\" height=\"170\" \/><\/a><p class=\"jig-HTMLdescription\">St-Bertrand de Comminges<\/p><\/li><li><a href=\"https:\/\/i0.wp.com\/mhyrdin.fr\/blog\/wordpress\/wp-content\/gallery\/aout-montagne\/St-Bertrand%20de%20Comminges_0707.JPG?ssl=1\"><img loading=\"lazy\" decoding=\"async\" src=\"https:\/\/i0.wp.com\/mhyrdin.fr\/blog\/wordpress\/wp-content\/gallery\/aout-montagne\/St-Bertrand%20de%20Comminges_0707.JPG?h=170\" alt=\"St-Bertrand de Comminges\" width=\"255\" height=\"170\" \/><\/a><p class=\"jig-HTMLdescription\">St-Bertrand de Comminges<\/p><\/li><li><a href=\"https:\/\/i0.wp.com\/mhyrdin.fr\/blog\/wordpress\/wp-content\/gallery\/aout-montagne\/St-Bertrand%20de%20Comminges_0743_0755.jpg?ssl=1\"><img loading=\"lazy\" decoding=\"async\" src=\"https:\/\/i0.wp.com\/mhyrdin.fr\/blog\/wordpress\/wp-content\/gallery\/aout-montagne\/St-Bertrand%20de%20Comminges_0743_0755.jpg?h=170\" alt=\"St-Bertrand de Comminges\" width=\"339\" height=\"170\" \/><\/a><p class=\"jig-HTMLdescription\">St-Bertrand de Comminges<\/p><\/li><li><a href=\"https:\/\/i0.wp.com\/mhyrdin.fr\/blog\/wordpress\/wp-content\/gallery\/aout-montagne\/Luchon_8759.JPG?ssl=1\" title=\"Luchon_8759\"><img loading=\"lazy\" decoding=\"async\" src=\"https:\/\/i0.wp.com\/mhyrdin.fr\/blog\/wordpress\/wp-content\/gallery\/aout-montagne\/Luchon_8759.JPG?h=170\" alt=\"Comme un air de banjo...\" width=\"255\" height=\"170\" \/><\/a><p class=\"jig-HTMLdescription\">Comme un air de banjo...<br\/>Luchon_8759<\/p><\/li><li><a href=\"https:\/\/i0.wp.com\/mhyrdin.fr\/blog\/wordpress\/wp-content\/gallery\/aout-montagne\/Luchon_8764.JPG?ssl=1\" title=\"Luchon_8764\"><img loading=\"lazy\" decoding=\"async\" src=\"https:\/\/i0.wp.com\/mhyrdin.fr\/blog\/wordpress\/wp-content\/gallery\/aout-montagne\/Luchon_8764.JPG?h=170\" alt=\"Comme un air de banjo...\" width=\"255\" height=\"170\" \/><\/a><p class=\"jig-HTMLdescription\">Comme un air de banjo...<br\/>Luchon_8764<\/p><\/li><li><a href=\"https:\/\/i0.wp.com\/mhyrdin.fr\/blog\/wordpress\/wp-content\/gallery\/aout-montagne\/Val%20Aran_0780.JPG?ssl=1\"><img loading=\"lazy\" decoding=\"async\" src=\"https:\/\/i0.wp.com\/mhyrdin.fr\/blog\/wordpress\/wp-content\/gallery\/aout-montagne\/Val%20Aran_0780.JPG?h=170\" alt=\"Le Val d&#039;Aran\" width=\"255\" height=\"170\" \/><\/a><p class=\"jig-HTMLdescription\">Le Val d'Aran<\/p><\/li><li><a href=\"https:\/\/i0.wp.com\/mhyrdin.fr\/blog\/wordpress\/wp-content\/gallery\/aout-montagne\/Val%20Aran_0784.JPG?ssl=1\"><img loading=\"lazy\" decoding=\"async\" src=\"https:\/\/i0.wp.com\/mhyrdin.fr\/blog\/wordpress\/wp-content\/gallery\/aout-montagne\/Val%20Aran_0784.JPG?h=170\" alt=\"Le Val d&#039;Aran\" width=\"113\" height=\"170\" \/><\/a><p class=\"jig-HTMLdescription\">Le Val d'Aran<\/p><\/li><li><a href=\"https:\/\/i0.wp.com\/mhyrdin.fr\/blog\/wordpress\/wp-content\/gallery\/aout-montagne\/Val%20Aran_0785.JPG?ssl=1\"><img loading=\"lazy\" decoding=\"async\" src=\"https:\/\/i0.wp.com\/mhyrdin.fr\/blog\/wordpress\/wp-content\/gallery\/aout-montagne\/Val%20Aran_0785.JPG?h=170\" alt=\"Le Val d&#039;Aran\" width=\"255\" height=\"170\" \/><\/a><p class=\"jig-HTMLdescription\">Le Val d'Aran<\/p><\/li><li><a href=\"https:\/\/i0.wp.com\/mhyrdin.fr\/blog\/wordpress\/wp-content\/gallery\/aout-montagne\/Val%20Aran_0790.JPG?ssl=1\"><img loading=\"lazy\" decoding=\"async\" src=\"https:\/\/i0.wp.com\/mhyrdin.fr\/blog\/wordpress\/wp-content\/gallery\/aout-montagne\/Val%20Aran_0790.JPG?h=170\" alt=\"Le Val d&#039;Aran\" width=\"255\" height=\"170\" \/><\/a><p class=\"jig-HTMLdescription\">Le Val d'Aran<\/p><\/li><li><a href=\"https:\/\/i0.wp.com\/mhyrdin.fr\/blog\/wordpress\/wp-content\/gallery\/aout-montagne\/Val%20Aran_0791.JPG?ssl=1\"><img loading=\"lazy\" decoding=\"async\" src=\"https:\/\/i0.wp.com\/mhyrdin.fr\/blog\/wordpress\/wp-content\/gallery\/aout-montagne\/Val%20Aran_0791.JPG?h=170\" alt=\"Le Val d&#039;Aran\" width=\"255\" height=\"170\" \/><\/a><p class=\"jig-HTMLdescription\">Le Val d'Aran<\/p><\/li><li><a href=\"https:\/\/i0.wp.com\/mhyrdin.fr\/blog\/wordpress\/wp-content\/gallery\/aout-montagne\/Orpin%20reprise%20-%20Hylotelephium%20telephium_0800.JPG?ssl=1\" title=\"Hylotelephium telephium\"><img loading=\"lazy\" decoding=\"async\" src=\"https:\/\/i0.wp.com\/mhyrdin.fr\/blog\/wordpress\/wp-content\/gallery\/aout-montagne\/Orpin%20reprise%20-%20Hylotelephium%20telephium_0800.JPG?h=170\" alt=\"Orpin reprise\" width=\"255\" height=\"170\" \/><\/a><p class=\"jig-HTMLdescription\">Orpin reprise<br\/>Hylotelephium telephium<\/p><\/li><li><a href=\"https:\/\/i0.wp.com\/mhyrdin.fr\/blog\/wordpress\/wp-content\/gallery\/aout-montagne\/Laitue%20de%20Plumier_0861.JPG?ssl=1\"><img loading=\"lazy\" decoding=\"async\" src=\"https:\/\/i0.wp.com\/mhyrdin.fr\/blog\/wordpress\/wp-content\/gallery\/aout-montagne\/Laitue%20de%20Plumier_0861.JPG?h=170\" alt=\"Laitue de Plumier\" width=\"230\" height=\"170\" \/><\/a><p class=\"jig-HTMLdescription\">Laitue de Plumier<\/p><\/li><li><a href=\"https:\/\/i0.wp.com\/mhyrdin.fr\/blog\/wordpress\/wp-content\/gallery\/aout-montagne\/Oeillet%20de%20Montpellier%20-%20Dianthus%20hyssopifolius_0863.JPG?ssl=1\" title=\"Dianthus hyssopifolius\"><img loading=\"lazy\" decoding=\"async\" src=\"https:\/\/i0.wp.com\/mhyrdin.fr\/blog\/wordpress\/wp-content\/gallery\/aout-montagne\/Oeillet%20de%20Montpellier%20-%20Dianthus%20hyssopifolius_0863.JPG?h=170\" alt=\"Oeillet de Montpellier\" width=\"170\" height=\"170\" \/><\/a><p class=\"jig-HTMLdescription\">Oeillet de Montpellier<br\/>Dianthus hyssopifolius<\/p><\/li><li><a href=\"https:\/\/i0.wp.com\/mhyrdin.fr\/blog\/wordpress\/wp-content\/gallery\/aout-montagne\/Peyragude-20190821_163343R.jpg?ssl=1\"><img loading=\"lazy\" decoding=\"async\" src=\"https:\/\/i0.wp.com\/mhyrdin.fr\/blog\/wordpress\/wp-content\/gallery\/aout-montagne\/Peyragude-20190821_163343R.jpg?h=170\" alt=\"Peyragude\" width=\"881\" height=\"170\" \/><\/a><p class=\"jig-HTMLdescription\">Peyragude<\/p><\/li><li><a href=\"https:\/\/i0.wp.com\/mhyrdin.fr\/blog\/wordpress\/wp-content\/gallery\/aout-montagne\/Parnassie%20des%20marais_9333.JPG?ssl=1\"><img loading=\"lazy\" decoding=\"async\" src=\"https:\/\/i0.wp.com\/mhyrdin.fr\/blog\/wordpress\/wp-content\/gallery\/aout-montagne\/Parnassie%20des%20marais_9333.JPG?h=170\" alt=\"Parnassie des marais\" width=\"255\" height=\"170\" \/><\/a><p class=\"jig-HTMLdescription\">Parnassie des marais<\/p><\/li><li><a href=\"https:\/\/i0.wp.com\/mhyrdin.fr\/blog\/wordpress\/wp-content\/gallery\/aout-montagne\/Bareilles-panorama.jpg?ssl=1\"><img loading=\"lazy\" decoding=\"async\" src=\"https:\/\/i0.wp.com\/mhyrdin.fr\/blog\/wordpress\/wp-content\/gallery\/aout-montagne\/Bareilles-panorama.jpg?h=170\" alt=\"La vall\u00e9e d&#039;Oueil\" width=\"486\" height=\"170\" \/><\/a><p class=\"jig-HTMLdescription\">La vall\u00e9e d'Oueil<\/p><\/li><li><a href=\"https:\/\/i0.wp.com\/mhyrdin.fr\/blog\/wordpress\/wp-content\/gallery\/aout-montagne\/Bareilles%20Lac_140643R.jpg?ssl=1\"><img loading=\"lazy\" decoding=\"async\" src=\"https:\/\/i0.wp.com\/mhyrdin.fr\/blog\/wordpress\/wp-content\/gallery\/aout-montagne\/Bareilles%20Lac_140643R.jpg?h=170\" alt=\"Le lac de Bareilles\" width=\"502\" height=\"170\" \/><\/a><p class=\"jig-HTMLdescription\">Le lac de Bareilles<\/p><\/li><li><a href=\"https:\/\/i0.wp.com\/mhyrdin.fr\/blog\/wordpress\/wp-content\/gallery\/aout-montagne\/Bareilles-Pic%20du%20Midi_9567.JPG?ssl=1\"><img loading=\"lazy\" decoding=\"async\" src=\"https:\/\/i0.wp.com\/mhyrdin.fr\/blog\/wordpress\/wp-content\/gallery\/aout-montagne\/Bareilles-Pic%20du%20Midi_9567.JPG?h=170\" alt=\"Le Pic du Midi\" width=\"255\" height=\"170\" \/><\/a><p class=\"jig-HTMLdescription\">Le Pic du Midi<\/p><\/li><li><a href=\"https:\/\/i0.wp.com\/mhyrdin.fr\/blog\/wordpress\/wp-content\/gallery\/aout-montagne\/Faucon%20cr%C3%A9cerelle_9639.JPG?ssl=1\"><img loading=\"lazy\" decoding=\"async\" src=\"https:\/\/i0.wp.com\/mhyrdin.fr\/blog\/wordpress\/wp-content\/gallery\/aout-montagne\/Faucon%20cr%C3%A9cerelle_9639.JPG?h=170\" alt=\"Faucon cr\u00e9cerelle\" width=\"255\" height=\"170\" \/><\/a><p class=\"jig-HTMLdescription\">Faucon cr\u00e9cerelle<\/p><\/li><li><a href=\"https:\/\/i0.wp.com\/mhyrdin.fr\/blog\/wordpress\/wp-content\/gallery\/aout-montagne\/Bareilles-port%20de%20V%C3%A9nasque_9724.JPG?ssl=1\"><img loading=\"lazy\" decoding=\"async\" src=\"https:\/\/i0.wp.com\/mhyrdin.fr\/blog\/wordpress\/wp-content\/gallery\/aout-montagne\/Bareilles-port%20de%20V%C3%A9nasque_9724.JPG?h=170\" alt=\"Port de V\u00e9nasque\" width=\"255\" height=\"170\" \/><\/a><p class=\"jig-HTMLdescription\">Port de V\u00e9nasque<\/p><\/li><li><a href=\"https:\/\/i0.wp.com\/mhyrdin.fr\/blog\/wordpress\/wp-content\/gallery\/aout-montagne\/Aneto_9780.JPG?ssl=1\" title=\"Aneto_9780\"><img loading=\"lazy\" decoding=\"async\" src=\"https:\/\/i0.wp.com\/mhyrdin.fr\/blog\/wordpress\/wp-content\/gallery\/aout-montagne\/Aneto_9780.JPG?h=170\" alt=\"Le Pic d&#039;Aneto\" width=\"255\" height=\"170\" \/><\/a><p class=\"jig-HTMLdescription\">Le Pic d'Aneto<br\/>Aneto_9780<\/p><\/li><li><a href=\"https:\/\/i0.wp.com\/mhyrdin.fr\/blog\/wordpress\/wp-content\/gallery\/aout-montagne\/Aneto_9781.JPG?ssl=1\" title=\"Aneto_9781\"><img loading=\"lazy\" decoding=\"async\" src=\"https:\/\/i0.wp.com\/mhyrdin.fr\/blog\/wordpress\/wp-content\/gallery\/aout-montagne\/Aneto_9781.JPG?h=170\" alt=\"Le Pic d&#039;Aneto\" width=\"255\" height=\"170\" \/><\/a><p class=\"jig-HTMLdescription\">Le Pic d'Aneto<br\/>Aneto_9781<\/p><\/li><li><a href=\"https:\/\/i0.wp.com\/mhyrdin.fr\/blog\/wordpress\/wp-content\/gallery\/aout-montagne\/Super%20Bagn%C3%A8res-panorama2000px_9782_9918.jpg?ssl=1\"><img loading=\"lazy\" decoding=\"async\" src=\"https:\/\/i0.wp.com\/mhyrdin.fr\/blog\/wordpress\/wp-content\/gallery\/aout-montagne\/Super%20Bagn%C3%A8res-panorama2000px_9782_9918.jpg?h=170\" alt=\"Panorama \u00e0 Super-Bagn\u00e8res\" width=\"1388\" height=\"170\" \/><\/a><p class=\"jig-HTMLdescription\">Panorama \u00e0 Super-Bagn\u00e8res<\/p><\/li><li><a href=\"https:\/\/i0.wp.com\/mhyrdin.fr\/blog\/wordpress\/wp-content\/gallery\/aout-montagne\/Vaches_9922.JPG?ssl=1\" title=\"Vaches_9922\"><img loading=\"lazy\" decoding=\"async\" src=\"https:\/\/i0.wp.com\/mhyrdin.fr\/blog\/wordpress\/wp-content\/gallery\/aout-montagne\/Vaches_9922.JPG?h=170\" alt=\"Carte postale montagnarde\" width=\"255\" height=\"170\" \/><\/a><p class=\"jig-HTMLdescription\">Carte postale montagnarde<br\/>Vaches_9922<\/p><\/li><\/ul><\/noscript><\/div><div id=\"jig1-developerLink\" class=\"jig-developerLink\"><a href=\"https:\/\/justifiedgrid.com\/\" target=\"_blank\" title=\"Justified Image Grid - Premium WordPress Gallery\">powered by Justified Image Grid<\/a><\/div>\n<h3>Related Images:<\/h3>","protected":false},"excerpt":{"rendered":"<p>LuchonLuchon_0546LuchonLuchon_0553LuchonLuchon_0557LuchonLuchon_0558Super-Bagn\u00e8resSuper-Bagn\u00e8resCampanule_Campanule_0619Parnassie des maraisCirse aran\u00e9euxCascade de l&rsquo;enferCascade de l&rsquo;enferSt-Bertrand de CommingesSt-Bertrand de CommingesSt-Bertrand de CommingesSt-Bertrand de CommingesSt-Bertrand de CommingesSt-Bertrand de CommingesComme un air de banjo&#8230;Luchon_8759Comme un air de banjo&#8230;Luchon_8764Le Val d&rsquo;AranLe Val d&rsquo;AranLe Val d&rsquo;AranLe Val d&rsquo;AranLe Val d&rsquo;AranOrpin repriseHylotelephium telephiumLaitue de PlumierOeillet de MontpellierDianthus hyssopifoliusPeyragudeParnassie des maraisLa vall\u00e9e d&rsquo;OueilLe lac de BareillesLe Pic du MidiFaucon [&hellip;]<\/p>\n","protected":false},"author":4,"featured_media":0,"parent":17947,"menu_order":2,"comment_status":"closed","ping_status":"closed","template":"","meta":{"ngg_post_thumbnail":0,"jetpack_post_was_ever_published":false,"footnotes":"","_links_to":"","_links_to_target":""},"class_list":["post-17962","page","type-page","status-publish","hentry"],"jetpack_shortlink":"https:\/\/wp.me\/P9lSZN-4FI","jetpack_sharing_enabled":true,"_links":{"self":[{"href":"https:\/\/mhyrdin.fr\/blog\/wp-json\/wp\/v2\/pages\/17962","targetHints":{"allow":["GET"]}}],"collection":[{"href":"https:\/\/mhyrdin.fr\/blog\/wp-json\/wp\/v2\/pages"}],"about":[{"href":"https:\/\/mhyrdin.fr\/blog\/wp-json\/wp\/v2\/types\/page"}],"author":[{"embeddable":true,"href":"https:\/\/mhyrdin.fr\/blog\/wp-json\/wp\/v2\/users\/4"}],"replies":[{"embeddable":true,"href":"https:\/\/mhyrdin.fr\/blog\/wp-json\/wp\/v2\/comments?post=17962"}],"version-history":[{"count":1,"href":"https:\/\/mhyrdin.fr\/blog\/wp-json\/wp\/v2\/pages\/17962\/revisions"}],"predecessor-version":[{"id":23632,"href":"https:\/\/mhyrdin.fr\/blog\/wp-json\/wp\/v2\/pages\/17962\/revisions\/23632"}],"up":[{"embeddable":true,"href":"https:\/\/mhyrdin.fr\/blog\/wp-json\/wp\/v2\/pages\/17947"}],"wp:attachment":[{"href":"https:\/\/mhyrdin.fr\/blog\/wp-json\/wp\/v2\/media?parent=17962"}],"curies":[{"name":"wp","href":"https:\/\/api.w.org\/{rel}","templated":true}]}}