{"id":17957,"date":"2019-10-22T23:49:23","date_gmt":"2019-10-22T21:49:23","guid":{"rendered":"https:\/\/mhyrdin.fr\/blog\/2019-2\/juillet-2019\/juillet-2019-1\/"},"modified":"2020-10-23T23:11:38","modified_gmt":"2020-10-23T21:11:38","slug":"juillet-2019-1","status":"publish","type":"page","link":"https:\/\/mhyrdin.fr\/blog\/archives-numeriques\/2019-2\/juillet-2019\/juillet-2019-1\/","title":{"rendered":"Gruissan &#8211; premi\u00e8re s\u00e9rie"},"content":{"rendered":"<div id=\"jig1\" class=\"justified-image-grid jig-c987949b2a3e12511593e1e308481d78 jig-preset-global jig-source-nextgen\"><div class=\"jig-clearfix\"><\/div><noscript id=\"jig1-html\" class=\"justified-image-grid-html\" data-lazy-src=\"skiplazyload\" data-src=\"skipunveillazyload\"><ul><li><a href=\"https:\/\/i0.wp.com\/mhyrdin.fr\/blog\/wordpress\/wp-content\/gallery\/juillet-2019-1\/Agiorpe_7493.JPG?ssl=1\" title=\"Agiorpe_7493\"><img loading=\"lazy\" decoding=\"async\" src=\"https:\/\/i0.wp.com\/mhyrdin.fr\/blog\/wordpress\/wp-content\/gallery\/juillet-2019-1\/Agiorpe_7493.JPG?h=170\" alt=\"Argiope fasci\u00e9e\" width=\"255\" height=\"170\" \/><\/a><p class=\"jig-HTMLdescription\">Argiope fasci\u00e9e<br\/>Agiorpe_7493<\/p><\/li><li><a href=\"https:\/\/i0.wp.com\/mhyrdin.fr\/blog\/wordpress\/wp-content\/gallery\/juillet-2019-1\/Ail_7563.JPG?ssl=1\" title=\"Ail_7563\"><img loading=\"lazy\" decoding=\"async\" src=\"https:\/\/i0.wp.com\/mhyrdin.fr\/blog\/wordpress\/wp-content\/gallery\/juillet-2019-1\/Ail_7563.JPG?h=170\" alt=\"Ail\" width=\"170\" height=\"170\" \/><\/a><p class=\"jig-HTMLdescription\">Ail<br\/>Ail_7563<\/p><\/li><li><a href=\"https:\/\/i0.wp.com\/mhyrdin.fr\/blog\/wordpress\/wp-content\/gallery\/juillet-2019-1\/Amandier_0310.JPG?ssl=1\" title=\"Amandier_0310\"><img loading=\"lazy\" decoding=\"async\" src=\"https:\/\/i0.wp.com\/mhyrdin.fr\/blog\/wordpress\/wp-content\/gallery\/juillet-2019-1\/Amandier_0310.JPG?h=170\" alt=\"Amandier\" width=\"113\" height=\"170\" \/><\/a><p class=\"jig-HTMLdescription\">Amandier<br\/>Amandier_0310<\/p><\/li><li><a href=\"https:\/\/i0.wp.com\/mhyrdin.fr\/blog\/wordpress\/wp-content\/gallery\/juillet-2019-1\/Amaryllis-de-Vallentin_7511.JPG?ssl=1\"><img loading=\"lazy\" decoding=\"async\" src=\"https:\/\/i0.wp.com\/mhyrdin.fr\/blog\/wordpress\/wp-content\/gallery\/juillet-2019-1\/Amaryllis-de-Vallentin_7511.JPG?h=170\" alt=\"Amaryllis de Vallentin\" width=\"113\" height=\"170\" \/><\/a><p class=\"jig-HTMLdescription\">Amaryllis de Vallentin<\/p><\/li><li><a href=\"https:\/\/i0.wp.com\/mhyrdin.fr\/blog\/wordpress\/wp-content\/gallery\/juillet-2019-1\/Buprestis-octoguttata_0224.JPG?ssl=1\"><img loading=\"lazy\" decoding=\"async\" src=\"https:\/\/i0.wp.com\/mhyrdin.fr\/blog\/wordpress\/wp-content\/gallery\/juillet-2019-1\/Buprestis-octoguttata_0224.JPG?h=170\" alt=\"Buprestis octoguttata\" width=\"255\" height=\"170\" \/><\/a><p class=\"jig-HTMLdescription\">Buprestis octoguttata<\/p><\/li><li><a href=\"https:\/\/i0.wp.com\/mhyrdin.fr\/blog\/wordpress\/wp-content\/gallery\/juillet-2019-1\/Buprestis-octoguttata_0231.JPG?ssl=1\"><img loading=\"lazy\" decoding=\"async\" src=\"https:\/\/i0.wp.com\/mhyrdin.fr\/blog\/wordpress\/wp-content\/gallery\/juillet-2019-1\/Buprestis-octoguttata_0231.JPG?h=170\" alt=\"Buprestis octoguttata\" width=\"113\" height=\"170\" \/><\/a><p class=\"jig-HTMLdescription\">Buprestis octoguttata<\/p><\/li><li><a href=\"https:\/\/i0.wp.com\/mhyrdin.fr\/blog\/wordpress\/wp-content\/gallery\/juillet-2019-1\/Chardonneret-%C3%A9l%C3%A9gant_7302.JPG?ssl=1\"><img loading=\"lazy\" decoding=\"async\" src=\"https:\/\/i0.wp.com\/mhyrdin.fr\/blog\/wordpress\/wp-content\/gallery\/juillet-2019-1\/Chardonneret-%C3%A9l%C3%A9gant_7302.JPG?h=170\" alt=\"Chardonneret \u00e9l\u00e9gant\" width=\"113\" height=\"170\" \/><\/a><p class=\"jig-HTMLdescription\">Chardonneret \u00e9l\u00e9gant<\/p><\/li><li><a href=\"https:\/\/i0.wp.com\/mhyrdin.fr\/blog\/wordpress\/wp-content\/gallery\/juillet-2019-1\/Chevron-blanc_7477.JPG?ssl=1\"><img loading=\"lazy\" decoding=\"async\" src=\"https:\/\/i0.wp.com\/mhyrdin.fr\/blog\/wordpress\/wp-content\/gallery\/juillet-2019-1\/Chevron-blanc_7477.JPG?h=170\" alt=\"Chevron blanc\" width=\"255\" height=\"170\" \/><\/a><p class=\"jig-HTMLdescription\">Chevron blanc<\/p><\/li><li><a href=\"https:\/\/i0.wp.com\/mhyrdin.fr\/blog\/wordpress\/wp-content\/gallery\/juillet-2019-1\/Chlorophore-soufr%C3%A9_0362.JPG?ssl=1\"><img loading=\"lazy\" decoding=\"async\" src=\"https:\/\/i0.wp.com\/mhyrdin.fr\/blog\/wordpress\/wp-content\/gallery\/juillet-2019-1\/Chlorophore-soufr%C3%A9_0362.JPG?h=170\" alt=\"Chlorophore soufr\u00e9\" width=\"255\" height=\"170\" \/><\/a><p class=\"jig-HTMLdescription\">Chlorophore soufr\u00e9<\/p><\/li><li><a href=\"https:\/\/i0.wp.com\/mhyrdin.fr\/blog\/wordpress\/wp-content\/gallery\/juillet-2019-1\/Chlorophore-soufr%C3%A9_0371.JPG?ssl=1\"><img loading=\"lazy\" decoding=\"async\" src=\"https:\/\/i0.wp.com\/mhyrdin.fr\/blog\/wordpress\/wp-content\/gallery\/juillet-2019-1\/Chlorophore-soufr%C3%A9_0371.JPG?h=170\" alt=\"Chlorophore soufr\u00e9\" width=\"113\" height=\"170\" \/><\/a><p class=\"jig-HTMLdescription\">Chlorophore soufr\u00e9<\/p><\/li><li><a href=\"https:\/\/i0.wp.com\/mhyrdin.fr\/blog\/wordpress\/wp-content\/gallery\/juillet-2019-1\/Cigale-Cicada-orni_0208.JPG?ssl=1\" title=\"Cicada orni\"><img loading=\"lazy\" decoding=\"async\" src=\"https:\/\/i0.wp.com\/mhyrdin.fr\/blog\/wordpress\/wp-content\/gallery\/juillet-2019-1\/Cigale-Cicada-orni_0208.JPG?h=170\" alt=\"Cigale\" width=\"113\" height=\"170\" \/><\/a><p class=\"jig-HTMLdescription\">Cigale<br\/>Cicada orni<\/p><\/li><li><a href=\"https:\/\/i0.wp.com\/mhyrdin.fr\/blog\/wordpress\/wp-content\/gallery\/juillet-2019-1\/Cigale-Cicada-orni_7309.JPG?ssl=1\" title=\"Cicada orni\"><img loading=\"lazy\" decoding=\"async\" src=\"https:\/\/i0.wp.com\/mhyrdin.fr\/blog\/wordpress\/wp-content\/gallery\/juillet-2019-1\/Cigale-Cicada-orni_7309.JPG?h=170\" alt=\"Cigale\" width=\"113\" height=\"170\" \/><\/a><p class=\"jig-HTMLdescription\">Cigale<br\/>Cicada orni<\/p><\/li><li><a href=\"https:\/\/i0.wp.com\/mhyrdin.fr\/blog\/wordpress\/wp-content\/gallery\/juillet-2019-1\/Cigogne-blanche-bague_7185.JPG?ssl=1\" title=\"bagu\u00e9e  sur la r\u00e9serve africaine de Sigean (11) le 8 juin 2018\"><img loading=\"lazy\" decoding=\"async\" src=\"https:\/\/i0.wp.com\/mhyrdin.fr\/blog\/wordpress\/wp-content\/gallery\/juillet-2019-1\/Cigogne-blanche-bague_7185.JPG?h=170\" alt=\"Cigogne blanche\" width=\"113\" height=\"170\" \/><\/a><p class=\"jig-HTMLdescription\">Cigogne blanche<br\/>bagu\u00e9e  sur la r\u00e9serve africaine de Sigean (11) le 8 juin 2018<\/p><\/li><li><a href=\"https:\/\/i0.wp.com\/mhyrdin.fr\/blog\/wordpress\/wp-content\/gallery\/juillet-2019-1\/Circa%C3%A8te-Jean-le-Blanc_7247.JPG?ssl=1\"><img loading=\"lazy\" decoding=\"async\" src=\"https:\/\/i0.wp.com\/mhyrdin.fr\/blog\/wordpress\/wp-content\/gallery\/juillet-2019-1\/Circa%C3%A8te-Jean-le-Blanc_7247.JPG?h=170\" alt=\"Circa\u00e8te Jean-le-Blanc\" width=\"121\" height=\"170\" \/><\/a><p class=\"jig-HTMLdescription\">Circa\u00e8te Jean-le-Blanc<\/p><\/li><li><a href=\"https:\/\/i0.wp.com\/mhyrdin.fr\/blog\/wordpress\/wp-content\/gallery\/juillet-2019-1\/Circa%C3%A8te-Jean-le-Blanc_7255.JPG?ssl=1\"><img loading=\"lazy\" decoding=\"async\" src=\"https:\/\/i0.wp.com\/mhyrdin.fr\/blog\/wordpress\/wp-content\/gallery\/juillet-2019-1\/Circa%C3%A8te-Jean-le-Blanc_7255.JPG?h=170\" alt=\"Circa\u00e8te Jean-le-Blanc\" width=\"255\" height=\"170\" \/><\/a><p class=\"jig-HTMLdescription\">Circa\u00e8te Jean-le-Blanc<\/p><\/li><li><a href=\"https:\/\/i0.wp.com\/mhyrdin.fr\/blog\/wordpress\/wp-content\/gallery\/juillet-2019-1\/Circa%C3%A8te-Jean-le-Blanc_7257.JPG?ssl=1\"><img loading=\"lazy\" decoding=\"async\" src=\"https:\/\/i0.wp.com\/mhyrdin.fr\/blog\/wordpress\/wp-content\/gallery\/juillet-2019-1\/Circa%C3%A8te-Jean-le-Blanc_7257.JPG?h=170\" alt=\"Circa\u00e8te Jean-le-Blanc\" width=\"113\" height=\"170\" \/><\/a><p class=\"jig-HTMLdescription\">Circa\u00e8te Jean-le-Blanc<\/p><\/li><li><a href=\"https:\/\/i0.wp.com\/mhyrdin.fr\/blog\/wordpress\/wp-content\/gallery\/juillet-2019-1\/Fadet-des-garrigues_0215.JPG?ssl=1\"><img loading=\"lazy\" decoding=\"async\" src=\"https:\/\/i0.wp.com\/mhyrdin.fr\/blog\/wordpress\/wp-content\/gallery\/juillet-2019-1\/Fadet-des-garrigues_0215.JPG?h=170\" alt=\"Fadet des garrigues\" width=\"255\" height=\"170\" \/><\/a><p class=\"jig-HTMLdescription\">Fadet des garrigues<\/p><\/li><li><a href=\"https:\/\/i0.wp.com\/mhyrdin.fr\/blog\/wordpress\/wp-content\/gallery\/juillet-2019-1\/Fadet-des-garrigues_0235.JPG?ssl=1\"><img loading=\"lazy\" decoding=\"async\" src=\"https:\/\/i0.wp.com\/mhyrdin.fr\/blog\/wordpress\/wp-content\/gallery\/juillet-2019-1\/Fadet-des-garrigues_0235.JPG?h=170\" alt=\"Fadet des garrigues\" width=\"113\" height=\"170\" \/><\/a><p class=\"jig-HTMLdescription\">Fadet des garrigues<\/p><\/li><li><a href=\"https:\/\/i0.wp.com\/mhyrdin.fr\/blog\/wordpress\/wp-content\/gallery\/juillet-2019-1\/Fadet-des-garrigues_7241.JPG?ssl=1\"><img loading=\"lazy\" decoding=\"async\" src=\"https:\/\/i0.wp.com\/mhyrdin.fr\/blog\/wordpress\/wp-content\/gallery\/juillet-2019-1\/Fadet-des-garrigues_7241.JPG?h=170\" alt=\"Fadet des garrigues\" width=\"113\" height=\"170\" \/><\/a><p class=\"jig-HTMLdescription\">Fadet des garrigues<\/p><\/li><li><a href=\"https:\/\/i0.wp.com\/mhyrdin.fr\/blog\/wordpress\/wp-content\/gallery\/juillet-2019-1\/Figuier-de-barbarie_0315.JPG?ssl=1\"><img loading=\"lazy\" decoding=\"async\" src=\"https:\/\/i0.wp.com\/mhyrdin.fr\/blog\/wordpress\/wp-content\/gallery\/juillet-2019-1\/Figuier-de-barbarie_0315.JPG?h=170\" alt=\"Figuier de barbarie\" width=\"170\" height=\"170\" \/><\/a><p class=\"jig-HTMLdescription\">Figuier de barbarie<\/p><\/li><li><a href=\"https:\/\/i0.wp.com\/mhyrdin.fr\/blog\/wordpress\/wp-content\/gallery\/juillet-2019-1\/Figuier-de-barbarie_0316.JPG?ssl=1\"><img loading=\"lazy\" decoding=\"async\" src=\"https:\/\/i0.wp.com\/mhyrdin.fr\/blog\/wordpress\/wp-content\/gallery\/juillet-2019-1\/Figuier-de-barbarie_0316.JPG?h=170\" alt=\"Figuier de barbarie\" width=\"255\" height=\"170\" \/><\/a><p class=\"jig-HTMLdescription\">Figuier de barbarie<\/p><\/li><li><a href=\"https:\/\/i0.wp.com\/mhyrdin.fr\/blog\/wordpress\/wp-content\/gallery\/juillet-2019-1\/Figuier-de-barbarie_7483.JPG?ssl=1\"><img loading=\"lazy\" decoding=\"async\" src=\"https:\/\/i0.wp.com\/mhyrdin.fr\/blog\/wordpress\/wp-content\/gallery\/juillet-2019-1\/Figuier-de-barbarie_7483.JPG?h=170\" alt=\"Figuier de barbarie\" width=\"255\" height=\"170\" \/><\/a><p class=\"jig-HTMLdescription\">Figuier de barbarie<\/p><\/li><li><a href=\"https:\/\/i0.wp.com\/mhyrdin.fr\/blog\/wordpress\/wp-content\/gallery\/juillet-2019-1\/Fourmilion_7539.JPG?ssl=1\" title=\"Fourmilion_7539\"><img loading=\"lazy\" decoding=\"async\" src=\"https:\/\/i0.wp.com\/mhyrdin.fr\/blog\/wordpress\/wp-content\/gallery\/juillet-2019-1\/Fourmilion_7539.JPG?h=170\" alt=\"Fourmilion\" width=\"113\" height=\"170\" \/><\/a><p class=\"jig-HTMLdescription\">Fourmilion<br\/>Fourmilion_7539<\/p><\/li><li><a href=\"https:\/\/i0.wp.com\/mhyrdin.fr\/blog\/wordpress\/wp-content\/gallery\/juillet-2019-1\/Fourmilion_7543.JPG?ssl=1\" title=\"Fourmilion_7543\"><img loading=\"lazy\" decoding=\"async\" src=\"https:\/\/i0.wp.com\/mhyrdin.fr\/blog\/wordpress\/wp-content\/gallery\/juillet-2019-1\/Fourmilion_7543.JPG?h=170\" alt=\"Fourmilion\" width=\"113\" height=\"170\" \/><\/a><p class=\"jig-HTMLdescription\">Fourmilion<br\/>Fourmilion_7543<\/p><\/li><li><a href=\"https:\/\/i0.wp.com\/mhyrdin.fr\/blog\/wordpress\/wp-content\/gallery\/juillet-2019-1\/Go%C3%A9land-plumes_0197.JPG?ssl=1\"><img loading=\"lazy\" decoding=\"async\" src=\"https:\/\/i0.wp.com\/mhyrdin.fr\/blog\/wordpress\/wp-content\/gallery\/juillet-2019-1\/Go%C3%A9land-plumes_0197.JPG?h=170\" alt=\"Plume de jeune go\u00e9land\" width=\"255\" height=\"170\" \/><\/a><p class=\"jig-HTMLdescription\">Plume de jeune go\u00e9land<\/p><\/li><li><a href=\"https:\/\/i0.wp.com\/mhyrdin.fr\/blog\/wordpress\/wp-content\/gallery\/juillet-2019-1\/Go%C3%A9land-railleur_7322.JPG?ssl=1\"><img loading=\"lazy\" decoding=\"async\" src=\"https:\/\/i0.wp.com\/mhyrdin.fr\/blog\/wordpress\/wp-content\/gallery\/juillet-2019-1\/Go%C3%A9land-railleur_7322.JPG?h=170\" alt=\"Go\u00e9land railleur\" width=\"255\" height=\"170\" \/><\/a><p class=\"jig-HTMLdescription\">Go\u00e9land railleur<\/p><\/li><li><a href=\"https:\/\/i0.wp.com\/mhyrdin.fr\/blog\/wordpress\/wp-content\/gallery\/juillet-2019-1\/Go%C3%A9land-railleur_7326.JPG?ssl=1\"><img loading=\"lazy\" decoding=\"async\" src=\"https:\/\/i0.wp.com\/mhyrdin.fr\/blog\/wordpress\/wp-content\/gallery\/juillet-2019-1\/Go%C3%A9land-railleur_7326.JPG?h=170\" alt=\"Go\u00e9land railleur\" width=\"255\" height=\"170\" \/><\/a><p class=\"jig-HTMLdescription\">Go\u00e9land railleur<\/p><\/li><li><a href=\"https:\/\/i0.wp.com\/mhyrdin.fr\/blog\/wordpress\/wp-content\/gallery\/juillet-2019-1\/Goules_3530R.jpg?ssl=1\" title=\"Goules_3530R\"><img loading=\"lazy\" decoding=\"async\" src=\"https:\/\/i0.wp.com\/mhyrdin.fr\/blog\/wordpress\/wp-content\/gallery\/juillet-2019-1\/Goules_3530R.jpg?h=170\" alt=\"Les Goules\" width=\"255\" height=\"170\" \/><\/a><p class=\"jig-HTMLdescription\">Les Goules<br\/>Goules_3530R<\/p><\/li><li><a href=\"https:\/\/i0.wp.com\/mhyrdin.fr\/blog\/wordpress\/wp-content\/gallery\/juillet-2019-1\/Goules_7348.JPG?ssl=1\" title=\"Goules_7348\"><img loading=\"lazy\" decoding=\"async\" src=\"https:\/\/i0.wp.com\/mhyrdin.fr\/blog\/wordpress\/wp-content\/gallery\/juillet-2019-1\/Goules_7348.JPG?h=170\" alt=\"Les Goules\" width=\"255\" height=\"170\" \/><\/a><p class=\"jig-HTMLdescription\">Les Goules<br\/>Goules_7348<\/p><\/li><li><a href=\"https:\/\/i0.wp.com\/mhyrdin.fr\/blog\/wordpress\/wp-content\/gallery\/juillet-2019-1\/Grande-Aigrette_7368.JPG?ssl=1\"><img loading=\"lazy\" decoding=\"async\" src=\"https:\/\/i0.wp.com\/mhyrdin.fr\/blog\/wordpress\/wp-content\/gallery\/juillet-2019-1\/Grande-Aigrette_7368.JPG?h=170\" alt=\"Grande Aigrette\" width=\"255\" height=\"170\" \/><\/a><p class=\"jig-HTMLdescription\">Grande Aigrette<\/p><\/li><li><a href=\"https:\/\/i0.wp.com\/mhyrdin.fr\/blog\/wordpress\/wp-content\/gallery\/juillet-2019-1\/Gravelot-CI_7275.JPG?ssl=1\"><img loading=\"lazy\" decoding=\"async\" src=\"https:\/\/i0.wp.com\/mhyrdin.fr\/blog\/wordpress\/wp-content\/gallery\/juillet-2019-1\/Gravelot-CI_7275.JPG?h=170\" alt=\"Gravelot \u00e0 collier interrompu\" width=\"113\" height=\"170\" \/><\/a><p class=\"jig-HTMLdescription\">Gravelot \u00e0 collier interrompu<\/p><\/li><li><a href=\"https:\/\/i0.wp.com\/mhyrdin.fr\/blog\/wordpress\/wp-content\/gallery\/juillet-2019-1\/Gravelot-CI_7277.JPG?ssl=1\"><img loading=\"lazy\" decoding=\"async\" src=\"https:\/\/i0.wp.com\/mhyrdin.fr\/blog\/wordpress\/wp-content\/gallery\/juillet-2019-1\/Gravelot-CI_7277.JPG?h=170\" alt=\"Gravelot \u00e0 collier interrompu\" width=\"255\" height=\"170\" \/><\/a><p class=\"jig-HTMLdescription\">Gravelot \u00e0 collier interrompu<\/p><\/li><li><a href=\"https:\/\/i0.wp.com\/mhyrdin.fr\/blog\/wordpress\/wp-content\/gallery\/juillet-2019-1\/H%C3%A9ron-cendr%C3%A9_7394.JPG?ssl=1\"><img loading=\"lazy\" decoding=\"async\" src=\"https:\/\/i0.wp.com\/mhyrdin.fr\/blog\/wordpress\/wp-content\/gallery\/juillet-2019-1\/H%C3%A9ron-cendr%C3%A9_7394.JPG?h=170\" alt=\"H\u00e9ron cendr\u00e9\" width=\"255\" height=\"170\" \/><\/a><p class=\"jig-HTMLdescription\">H\u00e9ron cendr\u00e9<\/p><\/li><li><a href=\"https:\/\/i0.wp.com\/mhyrdin.fr\/blog\/wordpress\/wp-content\/gallery\/juillet-2019-1\/Hirondelle-rustique_7394.JPG?ssl=1\"><img loading=\"lazy\" decoding=\"async\" src=\"https:\/\/i0.wp.com\/mhyrdin.fr\/blog\/wordpress\/wp-content\/gallery\/juillet-2019-1\/Hirondelle-rustique_7394.JPG?h=170\" alt=\"Hirondelle rustique\" width=\"255\" height=\"170\" \/><\/a><p class=\"jig-HTMLdescription\">Hirondelle rustique<\/p><\/li><li><a href=\"https:\/\/i0.wp.com\/mhyrdin.fr\/blog\/wordpress\/wp-content\/gallery\/juillet-2019-1\/Ibis-falcinelle_7169.JPG?ssl=1\"><img loading=\"lazy\" decoding=\"async\" src=\"https:\/\/i0.wp.com\/mhyrdin.fr\/blog\/wordpress\/wp-content\/gallery\/juillet-2019-1\/Ibis-falcinelle_7169.JPG?h=170\" alt=\"Ibis falcinelles\" width=\"390\" height=\"170\" \/><\/a><p class=\"jig-HTMLdescription\">Ibis falcinelles<\/p><\/li><li><a href=\"https:\/\/i0.wp.com\/mhyrdin.fr\/blog\/wordpress\/wp-content\/gallery\/juillet-2019-1\/Ibis-falcinelle_7170.JPG?ssl=1\"><img loading=\"lazy\" decoding=\"async\" src=\"https:\/\/i0.wp.com\/mhyrdin.fr\/blog\/wordpress\/wp-content\/gallery\/juillet-2019-1\/Ibis-falcinelle_7170.JPG?h=170\" alt=\"Ibis falcinelles\" width=\"405\" height=\"170\" \/><\/a><p class=\"jig-HTMLdescription\">Ibis falcinelles<\/p><\/li><li><a href=\"https:\/\/i0.wp.com\/mhyrdin.fr\/blog\/wordpress\/wp-content\/gallery\/juillet-2019-1\/Martinet-noir_7343.JPG?ssl=1\"><img loading=\"lazy\" decoding=\"async\" src=\"https:\/\/i0.wp.com\/mhyrdin.fr\/blog\/wordpress\/wp-content\/gallery\/juillet-2019-1\/Martinet-noir_7343.JPG?h=170\" alt=\"Martinet noir\" width=\"113\" height=\"170\" \/><\/a><p class=\"jig-HTMLdescription\">Martinet noir<\/p><\/li><li><a href=\"https:\/\/i0.wp.com\/mhyrdin.fr\/blog\/wordpress\/wp-content\/gallery\/juillet-2019-1\/Mylabris-quadripunctata_0219.JPG?ssl=1\"><img loading=\"lazy\" decoding=\"async\" src=\"https:\/\/i0.wp.com\/mhyrdin.fr\/blog\/wordpress\/wp-content\/gallery\/juillet-2019-1\/Mylabris-quadripunctata_0219.JPG?h=170\" alt=\"Mylabris quadripunctata\" width=\"170\" height=\"170\" \/><\/a><p class=\"jig-HTMLdescription\">Mylabris quadripunctata<\/p><\/li><li><a href=\"https:\/\/i0.wp.com\/mhyrdin.fr\/blog\/wordpress\/wp-content\/gallery\/juillet-2019-1\/Pentatome-ray%C3%A9_0349.JPG?ssl=1\"><img loading=\"lazy\" decoding=\"async\" src=\"https:\/\/i0.wp.com\/mhyrdin.fr\/blog\/wordpress\/wp-content\/gallery\/juillet-2019-1\/Pentatome-ray%C3%A9_0349.JPG?h=170\" alt=\"Pentatome ray\u00e9\" width=\"255\" height=\"170\" \/><\/a><p class=\"jig-HTMLdescription\">Pentatome ray\u00e9<\/p><\/li><li><a href=\"https:\/\/i0.wp.com\/mhyrdin.fr\/blog\/wordpress\/wp-content\/gallery\/juillet-2019-1\/Pentatome-semi-ponctu%C3%A9_0354.JPG?ssl=1\"><img loading=\"lazy\" decoding=\"async\" src=\"https:\/\/i0.wp.com\/mhyrdin.fr\/blog\/wordpress\/wp-content\/gallery\/juillet-2019-1\/Pentatome-semi-ponctu%C3%A9_0354.JPG?h=170\" alt=\"Pentatome semi-ponctu\u00e9\" width=\"255\" height=\"170\" \/><\/a><p class=\"jig-HTMLdescription\">Pentatome semi-ponctu\u00e9<\/p><\/li><li><a href=\"https:\/\/i0.wp.com\/mhyrdin.fr\/blog\/wordpress\/wp-content\/gallery\/juillet-2019-1\/Pentatome-semi-ponctu%C3%A9_7235.JPG?ssl=1\"><img loading=\"lazy\" decoding=\"async\" src=\"https:\/\/i0.wp.com\/mhyrdin.fr\/blog\/wordpress\/wp-content\/gallery\/juillet-2019-1\/Pentatome-semi-ponctu%C3%A9_7235.JPG?h=170\" alt=\"Pentatome semi-ponctu\u00e9\" width=\"113\" height=\"170\" \/><\/a><p class=\"jig-HTMLdescription\">Pentatome semi-ponctu\u00e9<\/p><\/li><li><a href=\"https:\/\/i0.wp.com\/mhyrdin.fr\/blog\/wordpress\/wp-content\/gallery\/juillet-2019-1\/Petite-Coronide_0185.JPG?ssl=1\"><img loading=\"lazy\" decoding=\"async\" src=\"https:\/\/i0.wp.com\/mhyrdin.fr\/blog\/wordpress\/wp-content\/gallery\/juillet-2019-1\/Petite-Coronide_0185.JPG?h=170\" alt=\"Petite Coronide\" width=\"255\" height=\"170\" \/><\/a><p class=\"jig-HTMLdescription\">Petite Coronide<\/p><\/li><li><a href=\"https:\/\/i0.wp.com\/mhyrdin.fr\/blog\/wordpress\/wp-content\/gallery\/juillet-2019-1\/Petite-Coronide_0192.JPG?ssl=1\"><img loading=\"lazy\" decoding=\"async\" src=\"https:\/\/i0.wp.com\/mhyrdin.fr\/blog\/wordpress\/wp-content\/gallery\/juillet-2019-1\/Petite-Coronide_0192.JPG?h=170\" alt=\"Petite Coronide\" width=\"255\" height=\"170\" \/><\/a><p class=\"jig-HTMLdescription\">Petite Coronide<\/p><\/li><li><a href=\"https:\/\/i0.wp.com\/mhyrdin.fr\/blog\/wordpress\/wp-content\/gallery\/juillet-2019-1\/Petite-Coronide_7295.JPG?ssl=1\"><img loading=\"lazy\" decoding=\"async\" src=\"https:\/\/i0.wp.com\/mhyrdin.fr\/blog\/wordpress\/wp-content\/gallery\/juillet-2019-1\/Petite-Coronide_7295.JPG?h=170\" alt=\"Petite Coronide\" width=\"255\" height=\"170\" \/><\/a><p class=\"jig-HTMLdescription\">Petite Coronide<\/p><\/li><li><a href=\"https:\/\/i0.wp.com\/mhyrdin.fr\/blog\/wordpress\/wp-content\/gallery\/juillet-2019-1\/Pie-gri%C3%A8che-%C3%A0-t%C3%AAte-rousse_7209.JPG?ssl=1\"><img loading=\"lazy\" decoding=\"async\" src=\"https:\/\/i0.wp.com\/mhyrdin.fr\/blog\/wordpress\/wp-content\/gallery\/juillet-2019-1\/Pie-gri%C3%A8che-%C3%A0-t%C3%AAte-rousse_7209.JPG?h=170\" alt=\"Pie gri\u00e8che \u00e0 t\u00eate rousse\" width=\"113\" height=\"170\" \/><\/a><p class=\"jig-HTMLdescription\">Pie gri\u00e8che \u00e0 t\u00eate rousse<\/p><\/li><li><a href=\"https:\/\/i0.wp.com\/mhyrdin.fr\/blog\/wordpress\/wp-content\/gallery\/juillet-2019-1\/Psyllobora-vigintiduopunctata_0304.JPG?ssl=1\" title=\"Psyllobora vigintiduopunctata\"><img loading=\"lazy\" decoding=\"async\" src=\"https:\/\/i0.wp.com\/mhyrdin.fr\/blog\/wordpress\/wp-content\/gallery\/juillet-2019-1\/Psyllobora-vigintiduopunctata_0304.JPG?h=170\" alt=\"Coccinelle \u00e0 vingt-deux points\" width=\"255\" height=\"170\" \/><\/a><p class=\"jig-HTMLdescription\">Coccinelle \u00e0 vingt-deux points<br\/>Psyllobora vigintiduopunctata<\/p><\/li><li><a href=\"https:\/\/i0.wp.com\/mhyrdin.fr\/blog\/wordpress\/wp-content\/gallery\/juillet-2019-1\/Scolie-hisurte_7233.JPG?ssl=1\"><img loading=\"lazy\" decoding=\"async\" src=\"https:\/\/i0.wp.com\/mhyrdin.fr\/blog\/wordpress\/wp-content\/gallery\/juillet-2019-1\/Scolie-hisurte_7233.JPG?h=170\" alt=\"Scolie hisurte\" width=\"255\" height=\"170\" \/><\/a><p class=\"jig-HTMLdescription\">Scolie hisurte<\/p><\/li><li><a href=\"https:\/\/i0.wp.com\/mhyrdin.fr\/blog\/wordpress\/wp-content\/gallery\/juillet-2019-1\/Sympetrum-%C3%A0-nervures-rouges_7503.JPG?ssl=1\"><img loading=\"lazy\" decoding=\"async\" src=\"https:\/\/i0.wp.com\/mhyrdin.fr\/blog\/wordpress\/wp-content\/gallery\/juillet-2019-1\/Sympetrum-%C3%A0-nervures-rouges_7503.JPG?h=170\" alt=\"Sympetrum \u00e0 nervures rouges\" width=\"255\" height=\"170\" \/><\/a><p class=\"jig-HTMLdescription\">Sympetrum \u00e0 nervures rouges<\/p><\/li><li><a href=\"https:\/\/i0.wp.com\/mhyrdin.fr\/blog\/wordpress\/wp-content\/gallery\/juillet-2019-1\/Sympetrum-%C3%A0-nervures-rouges_7509.JPG?ssl=1\"><img loading=\"lazy\" decoding=\"async\" src=\"https:\/\/i0.wp.com\/mhyrdin.fr\/blog\/wordpress\/wp-content\/gallery\/juillet-2019-1\/Sympetrum-%C3%A0-nervures-rouges_7509.JPG?h=170\" alt=\"Sympetrum \u00e0 nervures rouges\" width=\"255\" height=\"170\" \/><\/a><p class=\"jig-HTMLdescription\">Sympetrum \u00e0 nervures rouges<\/p><\/li><li><a href=\"https:\/\/i0.wp.com\/mhyrdin.fr\/blog\/wordpress\/wp-content\/gallery\/juillet-2019-1\/Sympetrum-%C3%A0-nervures-rouges_7527.JPG?ssl=1\"><img loading=\"lazy\" decoding=\"async\" src=\"https:\/\/i0.wp.com\/mhyrdin.fr\/blog\/wordpress\/wp-content\/gallery\/juillet-2019-1\/Sympetrum-%C3%A0-nervures-rouges_7527.JPG?h=170\" alt=\"Sympetrum \u00e0 nervures rouges\" width=\"255\" height=\"170\" \/><\/a><p class=\"jig-HTMLdescription\">Sympetrum \u00e0 nervures rouges<\/p><\/li><li><a href=\"https:\/\/i0.wp.com\/mhyrdin.fr\/blog\/wordpress\/wp-content\/gallery\/juillet-2019-1\/Sympetrum-%C3%A0-nervures-rouges_7559.JPG?ssl=1\"><img loading=\"lazy\" decoding=\"async\" src=\"https:\/\/i0.wp.com\/mhyrdin.fr\/blog\/wordpress\/wp-content\/gallery\/juillet-2019-1\/Sympetrum-%C3%A0-nervures-rouges_7559.JPG?h=170\" alt=\"Sympetrum \u00e0 nervures rouges\" width=\"255\" height=\"170\" \/><\/a><p class=\"jig-HTMLdescription\">Sympetrum \u00e0 nervures rouges<\/p><\/li><li><a href=\"https:\/\/i0.wp.com\/mhyrdin.fr\/blog\/wordpress\/wp-content\/gallery\/juillet-2019-1\/Tarente-de-Maur%C3%A9tanie_7364.JPG?ssl=1\"><img loading=\"lazy\" decoding=\"async\" src=\"https:\/\/i0.wp.com\/mhyrdin.fr\/blog\/wordpress\/wp-content\/gallery\/juillet-2019-1\/Tarente-de-Maur%C3%A9tanie_7364.JPG?h=170\" alt=\"Tarente de Maur\u00e9tanie\" width=\"113\" height=\"170\" \/><\/a><p class=\"jig-HTMLdescription\">Tarente de Maur\u00e9tanie<\/p><\/li><li><a href=\"https:\/\/i0.wp.com\/mhyrdin.fr\/blog\/wordpress\/wp-content\/gallery\/juillet-2019-1\/Voilier-blanc_0241.JPG?ssl=1\"><img loading=\"lazy\" decoding=\"async\" src=\"https:\/\/i0.wp.com\/mhyrdin.fr\/blog\/wordpress\/wp-content\/gallery\/juillet-2019-1\/Voilier-blanc_0241.JPG?h=170\" alt=\"Voilier blanc\" width=\"113\" height=\"170\" \/><\/a><p class=\"jig-HTMLdescription\">Voilier blanc<\/p><\/li><li><a href=\"https:\/\/i0.wp.com\/mhyrdin.fr\/blog\/wordpress\/wp-content\/gallery\/juillet-2019-1\/Voilier-blanc_0244.JPG?ssl=1\"><img loading=\"lazy\" decoding=\"async\" src=\"https:\/\/i0.wp.com\/mhyrdin.fr\/blog\/wordpress\/wp-content\/gallery\/juillet-2019-1\/Voilier-blanc_0244.JPG?h=170\" alt=\"Voilier blanc\" width=\"113\" height=\"170\" \/><\/a><p class=\"jig-HTMLdescription\">Voilier blanc<\/p><\/li><\/ul><\/noscript><\/div><div id=\"jig1-developerLink\" class=\"jig-developerLink\"><a href=\"https:\/\/justifiedgrid.com\/\" target=\"_blank\" title=\"Justified Image Grid - Premium WordPress Gallery\">powered by Justified Image Grid<\/a><\/div>\n<h3>Related Images:<\/h3>","protected":false},"excerpt":{"rendered":"<p>Argiope fasci\u00e9eAgiorpe_7493AilAil_7563AmandierAmandier_0310Amaryllis de VallentinBuprestis octoguttataBuprestis octoguttataChardonneret \u00e9l\u00e9gantChevron blancChlorophore soufr\u00e9Chlorophore soufr\u00e9CigaleCicada orniCigaleCicada orniCigogne blanchebagu\u00e9e sur la r\u00e9serve africaine de Sigean (11) le 8 juin 2018Circa\u00e8te Jean-le-BlancCirca\u00e8te Jean-le-BlancCirca\u00e8te Jean-le-BlancFadet des garriguesFadet des garriguesFadet des garriguesFiguier de barbarieFiguier de barbarieFiguier de barbarieFourmilionFourmilion_7539FourmilionFourmilion_7543Plume de jeune go\u00e9landGo\u00e9land railleurGo\u00e9land railleurLes GoulesGoules_3530RLes GoulesGoules_7348Grande AigretteGravelot \u00e0 collier interrompuGravelot \u00e0 collier interrompuH\u00e9ron cendr\u00e9Hirondelle rustiqueIbis [&hellip;]<\/p>\n","protected":false},"author":4,"featured_media":0,"parent":17742,"menu_order":0,"comment_status":"closed","ping_status":"closed","template":"","meta":{"ngg_post_thumbnail":0,"jetpack_post_was_ever_published":false,"footnotes":"","_links_to":"","_links_to_target":""},"class_list":["post-17957","page","type-page","status-publish","hentry"],"jetpack_shortlink":"https:\/\/wp.me\/P9lSZN-4FD","jetpack_sharing_enabled":true,"_links":{"self":[{"href":"https:\/\/mhyrdin.fr\/blog\/wp-json\/wp\/v2\/pages\/17957","targetHints":{"allow":["GET"]}}],"collection":[{"href":"https:\/\/mhyrdin.fr\/blog\/wp-json\/wp\/v2\/pages"}],"about":[{"href":"https:\/\/mhyrdin.fr\/blog\/wp-json\/wp\/v2\/types\/page"}],"author":[{"embeddable":true,"href":"https:\/\/mhyrdin.fr\/blog\/wp-json\/wp\/v2\/users\/4"}],"replies":[{"embeddable":true,"href":"https:\/\/mhyrdin.fr\/blog\/wp-json\/wp\/v2\/comments?post=17957"}],"version-history":[{"count":0,"href":"https:\/\/mhyrdin.fr\/blog\/wp-json\/wp\/v2\/pages\/17957\/revisions"}],"up":[{"embeddable":true,"href":"https:\/\/mhyrdin.fr\/blog\/wp-json\/wp\/v2\/pages\/17742"}],"wp:attachment":[{"href":"https:\/\/mhyrdin.fr\/blog\/wp-json\/wp\/v2\/media?parent=17957"}],"curies":[{"name":"wp","href":"https:\/\/api.w.org\/{rel}","templated":true}]}}