{"id":17956,"date":"2019-10-22T23:48:29","date_gmt":"2019-10-22T21:48:29","guid":{"rendered":"https:\/\/mhyrdin.fr\/blog\/2019-2\/juillet-2019\/juillet2019-2\/"},"modified":"2020-10-23T23:11:48","modified_gmt":"2020-10-23T21:11:48","slug":"juillet2019-2","status":"publish","type":"page","link":"https:\/\/mhyrdin.fr\/blog\/archives-numeriques\/2019-2\/juillet-2019\/juillet2019-2\/","title":{"rendered":"Gruissan &#8211; deuxi\u00e8me s\u00e9rie"},"content":{"rendered":"<div id=\"jig1\" class=\"justified-image-grid jig-54fb01109b783ae2385637dc995a7e34 jig-preset-global jig-source-nextgen\"><div class=\"jig-clearfix\"><\/div><noscript id=\"jig1-html\" class=\"justified-image-grid-html\" data-lazy-src=\"skiplazyload\" data-src=\"skipunveillazyload\"><ul><li><a href=\"https:\/\/i0.wp.com\/mhyrdin.fr\/blog\/wordpress\/wp-content\/gallery\/juillet2019-2-6\/Gruissan_0377.JPG?ssl=1\" title=\"Gruissan_0377\"><img loading=\"lazy\" decoding=\"async\" src=\"https:\/\/i0.wp.com\/mhyrdin.fr\/blog\/wordpress\/wp-content\/gallery\/juillet2019-2-6\/Gruissan_0377.JPG?h=170\" alt=\"Vendredi, avant l&#039;orage\" width=\"255\" height=\"170\" \/><\/a><p class=\"jig-HTMLdescription\">Vendredi, avant l'orage<br\/>Gruissan_0377<\/p><\/li><li><a href=\"https:\/\/i0.wp.com\/mhyrdin.fr\/blog\/wordpress\/wp-content\/gallery\/juillet2019-2-6\/Grande-aigrette_7569.JPG?ssl=1\"><img loading=\"lazy\" decoding=\"async\" src=\"https:\/\/i0.wp.com\/mhyrdin.fr\/blog\/wordpress\/wp-content\/gallery\/juillet2019-2-6\/Grande-aigrette_7569.JPG?h=170\" alt=\"Grande Aigrette\" width=\"255\" height=\"170\" \/><\/a><p class=\"jig-HTMLdescription\">Grande Aigrette<\/p><\/li><li><a href=\"https:\/\/i0.wp.com\/mhyrdin.fr\/blog\/wordpress\/wp-content\/gallery\/juillet2019-2-6\/H%C3%A9ron-cendr%C3%A9_7574.JPG?ssl=1\"><img loading=\"lazy\" decoding=\"async\" src=\"https:\/\/i0.wp.com\/mhyrdin.fr\/blog\/wordpress\/wp-content\/gallery\/juillet2019-2-6\/H%C3%A9ron-cendr%C3%A9_7574.JPG?h=170\" alt=\"H\u00e9ron cendr\u00e9\" width=\"113\" height=\"170\" \/><\/a><p class=\"jig-HTMLdescription\">H\u00e9ron cendr\u00e9<\/p><\/li><li><a href=\"https:\/\/i0.wp.com\/mhyrdin.fr\/blog\/wordpress\/wp-content\/gallery\/juillet2019-2-6\/Grande-aigrette_7579.JPG?ssl=1\"><img loading=\"lazy\" decoding=\"async\" src=\"https:\/\/i0.wp.com\/mhyrdin.fr\/blog\/wordpress\/wp-content\/gallery\/juillet2019-2-6\/Grande-aigrette_7579.JPG?h=170\" alt=\"Grande Aigrette\" width=\"113\" height=\"170\" \/><\/a><p class=\"jig-HTMLdescription\">Grande Aigrette<\/p><\/li><li><a href=\"https:\/\/i0.wp.com\/mhyrdin.fr\/blog\/wordpress\/wp-content\/gallery\/juillet2019-2-6\/Grande-aigrette_7593.JPG?ssl=1\"><img loading=\"lazy\" decoding=\"async\" src=\"https:\/\/i0.wp.com\/mhyrdin.fr\/blog\/wordpress\/wp-content\/gallery\/juillet2019-2-6\/Grande-aigrette_7593.JPG?h=170\" alt=\"Cigogne, Grande Aigrette et H\u00e9ron\" width=\"255\" height=\"170\" \/><\/a><p class=\"jig-HTMLdescription\">Cigogne, Grande Aigrette et H\u00e9ron<\/p><\/li><li><a href=\"https:\/\/i0.wp.com\/mhyrdin.fr\/blog\/wordpress\/wp-content\/gallery\/juillet2019-2-6\/Valsesia_7598.JPG?ssl=1\" title=\"Grau de la Vieille-Nouvelle\"><img loading=\"lazy\" decoding=\"async\" src=\"https:\/\/i0.wp.com\/mhyrdin.fr\/blog\/wordpress\/wp-content\/gallery\/juillet2019-2-6\/Valsesia_7598.JPG?h=170\" alt=\"Le Valsesia\" width=\"255\" height=\"170\" \/><\/a><p class=\"jig-HTMLdescription\">Le Valsesia<br\/>Grau de la Vieille-Nouvelle<\/p><\/li><li><a href=\"https:\/\/i0.wp.com\/mhyrdin.fr\/blog\/wordpress\/wp-content\/gallery\/juillet2019-2-6\/Valsesia_7599.JPG?ssl=1\" title=\"Grau de la Vieille-Nouvelle\"><img loading=\"lazy\" decoding=\"async\" src=\"https:\/\/i0.wp.com\/mhyrdin.fr\/blog\/wordpress\/wp-content\/gallery\/juillet2019-2-6\/Valsesia_7599.JPG?h=170\" alt=\"Le Valsesia\" width=\"255\" height=\"170\" \/><\/a><p class=\"jig-HTMLdescription\">Le Valsesia<br\/>Grau de la Vieille-Nouvelle<\/p><\/li><li><a href=\"https:\/\/i0.wp.com\/mhyrdin.fr\/blog\/wordpress\/wp-content\/gallery\/juillet2019-2-6\/Cabanes-de-l-Ayrolles_7600.JPG?ssl=1\"><img loading=\"lazy\" decoding=\"async\" src=\"https:\/\/i0.wp.com\/mhyrdin.fr\/blog\/wordpress\/wp-content\/gallery\/juillet2019-2-6\/Cabanes-de-l-Ayrolles_7600.JPG?h=170\" alt=\"Les Cabanes de l&#039;Ayrolle\" width=\"255\" height=\"170\" \/><\/a><p class=\"jig-HTMLdescription\">Les Cabanes de l'Ayrolle<\/p><\/li><li><a href=\"https:\/\/i0.wp.com\/mhyrdin.fr\/blog\/wordpress\/wp-content\/gallery\/juillet2019-2-6\/Gruissan_7601.JPG?ssl=1\" title=\"Gruissan_7601\"><img loading=\"lazy\" decoding=\"async\" src=\"https:\/\/i0.wp.com\/mhyrdin.fr\/blog\/wordpress\/wp-content\/gallery\/juillet2019-2-6\/Gruissan_7601.JPG?h=170\" alt=\"Gruissan\" width=\"255\" height=\"170\" \/><\/a><p class=\"jig-HTMLdescription\">Gruissan<br\/>Gruissan_7601<\/p><\/li><li><a href=\"https:\/\/i0.wp.com\/mhyrdin.fr\/blog\/wordpress\/wp-content\/gallery\/juillet2019-2-6\/Gruissan_20190727_175431R.jpg?ssl=1\" title=\"Gruissan_20190727_175431R\"><img loading=\"lazy\" decoding=\"async\" src=\"https:\/\/i0.wp.com\/mhyrdin.fr\/blog\/wordpress\/wp-content\/gallery\/juillet2019-2-6\/Gruissan_20190727_175431R.jpg?h=170\" alt=\"Gruissan\" width=\"315\" height=\"170\" \/><\/a><p class=\"jig-HTMLdescription\">Gruissan<br\/>Gruissan_20190727_175431R<\/p><\/li><li><a href=\"https:\/\/i0.wp.com\/mhyrdin.fr\/blog\/wordpress\/wp-content\/gallery\/juillet2019-2-6\/Tournebelle_20190727_182529R.jpg?ssl=1\" title=\"Tournebelle_20190727_182529R\"><img loading=\"lazy\" decoding=\"async\" src=\"https:\/\/i0.wp.com\/mhyrdin.fr\/blog\/wordpress\/wp-content\/gallery\/juillet2019-2-6\/Tournebelle_20190727_182529R.jpg?h=170\" alt=\"Samedi, avant l&#039;orage\" width=\"302\" height=\"170\" \/><\/a><p class=\"jig-HTMLdescription\">Samedi, avant l'orage<br\/>Tournebelle_20190727_182529R<\/p><\/li><li><a href=\"https:\/\/i0.wp.com\/mhyrdin.fr\/blog\/wordpress\/wp-content\/gallery\/juillet2019-2-6\/Corbi%C3%A8res_0477.JPG?ssl=1\"><img loading=\"lazy\" decoding=\"async\" src=\"https:\/\/i0.wp.com\/mhyrdin.fr\/blog\/wordpress\/wp-content\/gallery\/juillet2019-2-6\/Corbi%C3%A8res_0477.JPG?h=170\" alt=\"Dans les Corbi\u00e8res\" width=\"255\" height=\"170\" \/><\/a><p class=\"jig-HTMLdescription\">Dans les Corbi\u00e8res<\/p><\/li><li><a href=\"https:\/\/i0.wp.com\/mhyrdin.fr\/blog\/wordpress\/wp-content\/gallery\/juillet2019-2-6\/Corbi%C3%A8res_0476.JPG?ssl=1\"><img loading=\"lazy\" decoding=\"async\" src=\"https:\/\/i0.wp.com\/mhyrdin.fr\/blog\/wordpress\/wp-content\/gallery\/juillet2019-2-6\/Corbi%C3%A8res_0476.JPG?h=170\" alt=\"Dans les Corbi\u00e8res\" width=\"255\" height=\"170\" \/><\/a><p class=\"jig-HTMLdescription\">Dans les Corbi\u00e8res<\/p><\/li><li><a href=\"https:\/\/i0.wp.com\/mhyrdin.fr\/blog\/wordpress\/wp-content\/gallery\/juillet2019-2-6\/Corbi%C3%A8res_0381.JPG?ssl=1\"><img loading=\"lazy\" decoding=\"async\" src=\"https:\/\/i0.wp.com\/mhyrdin.fr\/blog\/wordpress\/wp-content\/gallery\/juillet2019-2-6\/Corbi%C3%A8res_0381.JPG?h=170\" alt=\"Dans les Corbi\u00e8res\" width=\"255\" height=\"170\" \/><\/a><p class=\"jig-HTMLdescription\">Dans les Corbi\u00e8res<\/p><\/li><li><a href=\"https:\/\/i0.wp.com\/mhyrdin.fr\/blog\/wordpress\/wp-content\/gallery\/juillet2019-2-6\/Corbi%C3%A8res_0385.JPG?ssl=1\"><img loading=\"lazy\" decoding=\"async\" src=\"https:\/\/i0.wp.com\/mhyrdin.fr\/blog\/wordpress\/wp-content\/gallery\/juillet2019-2-6\/Corbi%C3%A8res_0385.JPG?h=170\" alt=\"Dans les Corbi\u00e8res\" width=\"255\" height=\"170\" \/><\/a><p class=\"jig-HTMLdescription\">Dans les Corbi\u00e8res<\/p><\/li><li><a href=\"https:\/\/i0.wp.com\/mhyrdin.fr\/blog\/wordpress\/wp-content\/gallery\/juillet2019-2-6\/Corbi%C3%A8res_0386.JPG?ssl=1\"><img loading=\"lazy\" decoding=\"async\" src=\"https:\/\/i0.wp.com\/mhyrdin.fr\/blog\/wordpress\/wp-content\/gallery\/juillet2019-2-6\/Corbi%C3%A8res_0386.JPG?h=170\" alt=\"Dans les Corbi\u00e8res\" width=\"311\" height=\"170\" \/><\/a><p class=\"jig-HTMLdescription\">Dans les Corbi\u00e8res<\/p><\/li><li><a href=\"https:\/\/i0.wp.com\/mhyrdin.fr\/blog\/wordpress\/wp-content\/gallery\/juillet2019-2-6\/Corbi%C3%A8res-pano.jpg?ssl=1\"><img loading=\"lazy\" decoding=\"async\" src=\"https:\/\/i0.wp.com\/mhyrdin.fr\/blog\/wordpress\/wp-content\/gallery\/juillet2019-2-6\/Corbi%C3%A8res-pano.jpg?h=170\" alt=\"Dans les Corbi\u00e8res\" width=\"531\" height=\"170\" \/><\/a><p class=\"jig-HTMLdescription\">Dans les Corbi\u00e8res<\/p><\/li><li><a href=\"https:\/\/i0.wp.com\/mhyrdin.fr\/blog\/wordpress\/wp-content\/gallery\/juillet2019-2-6\/Marnes_7655.JPG?ssl=1\" title=\"Marnes_7655\"><img loading=\"lazy\" decoding=\"async\" src=\"https:\/\/i0.wp.com\/mhyrdin.fr\/blog\/wordpress\/wp-content\/gallery\/juillet2019-2-6\/Marnes_7655.JPG?h=170\" alt=\"Marnes multicolores\" width=\"255\" height=\"170\" \/><\/a><p class=\"jig-HTMLdescription\">Marnes multicolores<br\/>Marnes_7655<\/p><\/li><li><a href=\"https:\/\/i0.wp.com\/mhyrdin.fr\/blog\/wordpress\/wp-content\/gallery\/juillet2019-2-6\/Marnes_0383.JPG?ssl=1\" title=\"Marnes_0383\"><img loading=\"lazy\" decoding=\"async\" src=\"https:\/\/i0.wp.com\/mhyrdin.fr\/blog\/wordpress\/wp-content\/gallery\/juillet2019-2-6\/Marnes_0383.JPG?h=170\" alt=\"Marnes multicolores\" width=\"113\" height=\"170\" \/><\/a><p class=\"jig-HTMLdescription\">Marnes multicolores<br\/>Marnes_0383<\/p><\/li><li><a href=\"https:\/\/i0.wp.com\/mhyrdin.fr\/blog\/wordpress\/wp-content\/gallery\/juillet2019-2-6\/Chardon_0452.JPG?ssl=1\" title=\"Chardon_0452\"><img loading=\"lazy\" decoding=\"async\" src=\"https:\/\/i0.wp.com\/mhyrdin.fr\/blog\/wordpress\/wp-content\/gallery\/juillet2019-2-6\/Chardon_0452.JPG?h=170\" alt=\"\u00c7a pique !!!\" width=\"170\" height=\"170\" \/><\/a><p class=\"jig-HTMLdescription\">\u00c7a pique !!!<br\/>Chardon_0452<\/p><\/li><li><a href=\"https:\/\/i0.wp.com\/mhyrdin.fr\/blog\/wordpress\/wp-content\/gallery\/juillet2019-2-6\/Ch%C3%AAne-kerm%C3%A8s_7650.JPG?ssl=1\"><img loading=\"lazy\" decoding=\"async\" src=\"https:\/\/i0.wp.com\/mhyrdin.fr\/blog\/wordpress\/wp-content\/gallery\/juillet2019-2-6\/Ch%C3%AAne-kerm%C3%A8s_7650.JPG?h=170\" alt=\"Gland du Ch\u00eane kerm\u00e8s\" width=\"255\" height=\"170\" \/><\/a><p class=\"jig-HTMLdescription\">Gland du Ch\u00eane kerm\u00e8s<\/p><\/li><li><a href=\"https:\/\/i0.wp.com\/mhyrdin.fr\/blog\/wordpress\/wp-content\/gallery\/juillet2019-2-6\/Amaryllis-de-Vallentin_7661.JPG?ssl=1\"><img loading=\"lazy\" decoding=\"async\" src=\"https:\/\/i0.wp.com\/mhyrdin.fr\/blog\/wordpress\/wp-content\/gallery\/juillet2019-2-6\/Amaryllis-de-Vallentin_7661.JPG?h=170\" alt=\"Amaryllis de Vallentin\" width=\"255\" height=\"170\" \/><\/a><p class=\"jig-HTMLdescription\">Amaryllis de Vallentin<\/p><\/li><li><a href=\"https:\/\/i0.wp.com\/mhyrdin.fr\/blog\/wordpress\/wp-content\/gallery\/juillet2019-2-6\/Amaryllis-de-Vallentin_7667.JPG?ssl=1\"><img loading=\"lazy\" decoding=\"async\" src=\"https:\/\/i0.wp.com\/mhyrdin.fr\/blog\/wordpress\/wp-content\/gallery\/juillet2019-2-6\/Amaryllis-de-Vallentin_7667.JPG?h=170\" alt=\"Amaryllis de Vallentin\" width=\"255\" height=\"170\" \/><\/a><p class=\"jig-HTMLdescription\">Amaryllis de Vallentin<\/p><\/li><li><a href=\"https:\/\/i0.wp.com\/mhyrdin.fr\/blog\/wordpress\/wp-content\/gallery\/juillet2019-2-6\/Oedipode-turquoise_7638.JPG?ssl=1\"><img loading=\"lazy\" decoding=\"async\" src=\"https:\/\/i0.wp.com\/mhyrdin.fr\/blog\/wordpress\/wp-content\/gallery\/juillet2019-2-6\/Oedipode-turquoise_7638.JPG?h=170\" alt=\"Oedipode turquoise\" width=\"255\" height=\"170\" \/><\/a><p class=\"jig-HTMLdescription\">Oedipode turquoise<\/p><\/li><li><a href=\"https:\/\/i0.wp.com\/mhyrdin.fr\/blog\/wordpress\/wp-content\/gallery\/juillet2019-2-6\/Fourmi_0465.JPG?ssl=1\" title=\"Fourmi_0465\"><img loading=\"lazy\" decoding=\"async\" src=\"https:\/\/i0.wp.com\/mhyrdin.fr\/blog\/wordpress\/wp-content\/gallery\/juillet2019-2-6\/Fourmi_0465.JPG?h=170\" alt=\"Une fourmi\" width=\"113\" height=\"170\" \/><\/a><p class=\"jig-HTMLdescription\">Une fourmi<br\/>Fourmi_0465<\/p><\/li><li><a href=\"https:\/\/i0.wp.com\/mhyrdin.fr\/blog\/wordpress\/wp-content\/gallery\/juillet2019-2-6\/Fourmi_0458.JPG?ssl=1\" title=\"Fourmi_0458\"><img loading=\"lazy\" decoding=\"async\" src=\"https:\/\/i0.wp.com\/mhyrdin.fr\/blog\/wordpress\/wp-content\/gallery\/juillet2019-2-6\/Fourmi_0458.JPG?h=170\" alt=\"La fourmi et le cristal\" width=\"255\" height=\"170\" \/><\/a><p class=\"jig-HTMLdescription\">La fourmi et le cristal<br\/>Fourmi_0458<\/p><\/li><li><a href=\"https:\/\/i0.wp.com\/mhyrdin.fr\/blog\/wordpress\/wp-content\/gallery\/juillet2019-2-6\/Fourmi_0462.JPG?ssl=1\" title=\"Fourmi_0462\"><img loading=\"lazy\" decoding=\"async\" src=\"https:\/\/i0.wp.com\/mhyrdin.fr\/blog\/wordpress\/wp-content\/gallery\/juillet2019-2-6\/Fourmi_0462.JPG?h=170\" alt=\"La fourmi et le cristal\" width=\"255\" height=\"170\" \/><\/a><p class=\"jig-HTMLdescription\">La fourmi et le cristal<br\/>Fourmi_0462<\/p><\/li><li><a href=\"https:\/\/i0.wp.com\/mhyrdin.fr\/blog\/wordpress\/wp-content\/gallery\/juillet2019-2-6\/Quartz_7642.JPG?ssl=1\" title=\"Quartz_7642\"><img loading=\"lazy\" decoding=\"async\" src=\"https:\/\/i0.wp.com\/mhyrdin.fr\/blog\/wordpress\/wp-content\/gallery\/juillet2019-2-6\/Quartz_7642.JPG?h=170\" alt=\"Quartz\" width=\"170\" height=\"170\" \/><\/a><p class=\"jig-HTMLdescription\">Quartz<br\/>Quartz_7642<\/p><\/li><li><a href=\"https:\/\/i0.wp.com\/mhyrdin.fr\/blog\/wordpress\/wp-content\/gallery\/juillet2019-2-6\/Quartz_0443.JPG?ssl=1\" title=\"Quartz_0443\"><img loading=\"lazy\" decoding=\"async\" src=\"https:\/\/i0.wp.com\/mhyrdin.fr\/blog\/wordpress\/wp-content\/gallery\/juillet2019-2-6\/Quartz_0443.JPG?h=170\" alt=\"Quartz\" width=\"113\" height=\"170\" \/><\/a><p class=\"jig-HTMLdescription\">Quartz<br\/>Quartz_0443<\/p><\/li><li><a href=\"https:\/\/i0.wp.com\/mhyrdin.fr\/blog\/wordpress\/wp-content\/gallery\/juillet2019-2-6\/Quartz_0444.JPG?ssl=1\" title=\"Quartz_0444\"><img loading=\"lazy\" decoding=\"async\" src=\"https:\/\/i0.wp.com\/mhyrdin.fr\/blog\/wordpress\/wp-content\/gallery\/juillet2019-2-6\/Quartz_0444.JPG?h=170\" alt=\"Quartz\" width=\"255\" height=\"170\" \/><\/a><p class=\"jig-HTMLdescription\">Quartz<br\/>Quartz_0444<\/p><\/li><li><a href=\"https:\/\/i0.wp.com\/mhyrdin.fr\/blog\/wordpress\/wp-content\/gallery\/juillet2019-2-6\/Quartz_0445.JPG?ssl=1\" title=\"Quartz_0445\"><img loading=\"lazy\" decoding=\"async\" src=\"https:\/\/i0.wp.com\/mhyrdin.fr\/blog\/wordpress\/wp-content\/gallery\/juillet2019-2-6\/Quartz_0445.JPG?h=170\" alt=\"Quartz\" width=\"113\" height=\"170\" \/><\/a><p class=\"jig-HTMLdescription\">Quartz<br\/>Quartz_0445<\/p><\/li><li><a href=\"https:\/\/i0.wp.com\/mhyrdin.fr\/blog\/wordpress\/wp-content\/gallery\/juillet2019-2-6\/Quartz_0448.JPG?ssl=1\" title=\"Quartz_0448\"><img loading=\"lazy\" decoding=\"async\" src=\"https:\/\/i0.wp.com\/mhyrdin.fr\/blog\/wordpress\/wp-content\/gallery\/juillet2019-2-6\/Quartz_0448.JPG?h=170\" alt=\"Quartz\" width=\"113\" height=\"170\" \/><\/a><p class=\"jig-HTMLdescription\">Quartz<br\/>Quartz_0448<\/p><\/li><li><a href=\"https:\/\/i0.wp.com\/mhyrdin.fr\/blog\/wordpress\/wp-content\/gallery\/juillet2019-2-6\/Quartz_0449.JPG?ssl=1\" title=\"Quartz_0449\"><img loading=\"lazy\" decoding=\"async\" src=\"https:\/\/i0.wp.com\/mhyrdin.fr\/blog\/wordpress\/wp-content\/gallery\/juillet2019-2-6\/Quartz_0449.JPG?h=170\" alt=\"Quartz\" width=\"255\" height=\"170\" \/><\/a><p class=\"jig-HTMLdescription\">Quartz<br\/>Quartz_0449<\/p><\/li><li><a href=\"https:\/\/i0.wp.com\/mhyrdin.fr\/blog\/wordpress\/wp-content\/gallery\/juillet2019-2-6\/Gypse_0424.JPG?ssl=1\" title=\"Gypse_0424\"><img loading=\"lazy\" decoding=\"async\" src=\"https:\/\/i0.wp.com\/mhyrdin.fr\/blog\/wordpress\/wp-content\/gallery\/juillet2019-2-6\/Gypse_0424.JPG?h=170\" alt=\"Gypse\" width=\"255\" height=\"170\" \/><\/a><p class=\"jig-HTMLdescription\">Gypse<br\/>Gypse_0424<\/p><\/li><li><a href=\"https:\/\/i0.wp.com\/mhyrdin.fr\/blog\/wordpress\/wp-content\/gallery\/juillet2019-2-6\/Gypse_0473.JPG?ssl=1\" title=\"Gypse_0473\"><img loading=\"lazy\" decoding=\"async\" src=\"https:\/\/i0.wp.com\/mhyrdin.fr\/blog\/wordpress\/wp-content\/gallery\/juillet2019-2-6\/Gypse_0473.JPG?h=170\" alt=\"Gypse\" width=\"113\" height=\"170\" \/><\/a><p class=\"jig-HTMLdescription\">Gypse<br\/>Gypse_0473<\/p><\/li><li><a href=\"https:\/\/i0.wp.com\/mhyrdin.fr\/blog\/wordpress\/wp-content\/gallery\/juillet2019-2-6\/Gypse_0474.JPG?ssl=1\" title=\"Gypse_0474\"><img loading=\"lazy\" decoding=\"async\" src=\"https:\/\/i0.wp.com\/mhyrdin.fr\/blog\/wordpress\/wp-content\/gallery\/juillet2019-2-6\/Gypse_0474.JPG?h=170\" alt=\"Gypse\" width=\"255\" height=\"170\" \/><\/a><p class=\"jig-HTMLdescription\">Gypse<br\/>Gypse_0474<\/p><\/li><li><a href=\"https:\/\/i0.wp.com\/mhyrdin.fr\/blog\/wordpress\/wp-content\/gallery\/juillet2019-2-6\/Gypse_0475.JPG?ssl=1\" title=\"Gypse_0475\"><img loading=\"lazy\" decoding=\"async\" src=\"https:\/\/i0.wp.com\/mhyrdin.fr\/blog\/wordpress\/wp-content\/gallery\/juillet2019-2-6\/Gypse_0475.JPG?h=170\" alt=\"Gypse\" width=\"113\" height=\"170\" \/><\/a><p class=\"jig-HTMLdescription\">Gypse<br\/>Gypse_0475<\/p><\/li><li><a href=\"https:\/\/i0.wp.com\/mhyrdin.fr\/blog\/wordpress\/wp-content\/gallery\/juillet2019-2-6\/Moineau-domestique_7730.jpg?ssl=1\"><img loading=\"lazy\" decoding=\"async\" src=\"https:\/\/i0.wp.com\/mhyrdin.fr\/blog\/wordpress\/wp-content\/gallery\/juillet2019-2-6\/Moineau-domestique_7730.jpg?h=170\" alt=\"La toilette des Moineaux domestiques\" width=\"255\" height=\"170\" \/><\/a><p class=\"jig-HTMLdescription\">La toilette des Moineaux domestiques<\/p><\/li><li><a href=\"https:\/\/i0.wp.com\/mhyrdin.fr\/blog\/wordpress\/wp-content\/gallery\/juillet2019-2-6\/Moineau-domestique_7765.jpg?ssl=1\"><img loading=\"lazy\" decoding=\"async\" src=\"https:\/\/i0.wp.com\/mhyrdin.fr\/blog\/wordpress\/wp-content\/gallery\/juillet2019-2-6\/Moineau-domestique_7765.jpg?h=170\" alt=\"La toilette des Moineaux domestiques\" width=\"255\" height=\"170\" \/><\/a><p class=\"jig-HTMLdescription\">La toilette des Moineaux domestiques<\/p><\/li><li><a href=\"https:\/\/i0.wp.com\/mhyrdin.fr\/blog\/wordpress\/wp-content\/gallery\/juillet2019-2-6\/Moineau-domestique_7699.jpg?ssl=1\"><img loading=\"lazy\" decoding=\"async\" src=\"https:\/\/i0.wp.com\/mhyrdin.fr\/blog\/wordpress\/wp-content\/gallery\/juillet2019-2-6\/Moineau-domestique_7699.jpg?h=170\" alt=\"La toilette des Moineaux domestiques\" width=\"255\" height=\"170\" \/><\/a><p class=\"jig-HTMLdescription\">La toilette des Moineaux domestiques<\/p><\/li><li><a href=\"https:\/\/i0.wp.com\/mhyrdin.fr\/blog\/wordpress\/wp-content\/gallery\/juillet2019-2-6\/Moineau-domestique_7713.jpg?ssl=1\"><img loading=\"lazy\" decoding=\"async\" src=\"https:\/\/i0.wp.com\/mhyrdin.fr\/blog\/wordpress\/wp-content\/gallery\/juillet2019-2-6\/Moineau-domestique_7713.jpg?h=170\" alt=\"La toilette des Moineaux domestiques\" width=\"255\" height=\"170\" \/><\/a><p class=\"jig-HTMLdescription\">La toilette des Moineaux domestiques<\/p><\/li><li><a href=\"https:\/\/i0.wp.com\/mhyrdin.fr\/blog\/wordpress\/wp-content\/gallery\/juillet2019-2-6\/Moineau-domestique_7721.jpg?ssl=1\"><img loading=\"lazy\" decoding=\"async\" src=\"https:\/\/i0.wp.com\/mhyrdin.fr\/blog\/wordpress\/wp-content\/gallery\/juillet2019-2-6\/Moineau-domestique_7721.jpg?h=170\" alt=\"La toilette des Moineaux domestiques\" width=\"255\" height=\"170\" \/><\/a><p class=\"jig-HTMLdescription\">La toilette des Moineaux domestiques<\/p><\/li><li><a href=\"https:\/\/i0.wp.com\/mhyrdin.fr\/blog\/wordpress\/wp-content\/gallery\/juillet2019-2-6\/Moineau-domestique_7765V.jpg?ssl=1\"><img loading=\"lazy\" decoding=\"async\" src=\"https:\/\/i0.wp.com\/mhyrdin.fr\/blog\/wordpress\/wp-content\/gallery\/juillet2019-2-6\/Moineau-domestique_7765V.jpg?h=170\" alt=\"La toilette des Moineaux domestiques\" width=\"113\" height=\"170\" \/><\/a><p class=\"jig-HTMLdescription\">La toilette des Moineaux domestiques<\/p><\/li><li><a href=\"https:\/\/i0.wp.com\/mhyrdin.fr\/blog\/wordpress\/wp-content\/gallery\/juillet2019-2-6\/Moineau-domestique_7772.jpg?ssl=1\"><img loading=\"lazy\" decoding=\"async\" src=\"https:\/\/i0.wp.com\/mhyrdin.fr\/blog\/wordpress\/wp-content\/gallery\/juillet2019-2-6\/Moineau-domestique_7772.jpg?h=170\" alt=\"La toilette des Moineaux domestiques\" width=\"255\" height=\"170\" \/><\/a><p class=\"jig-HTMLdescription\">La toilette des Moineaux domestiques<\/p><\/li><\/ul><\/noscript><\/div><div id=\"jig1-developerLink\" class=\"jig-developerLink\"><a href=\"https:\/\/justifiedgrid.com\/\" target=\"_blank\" title=\"Justified Image Grid - Premium WordPress Gallery\">powered by Justified Image Grid<\/a><\/div>\n<h3>Related Images:<\/h3>","protected":false},"excerpt":{"rendered":"<p>Vendredi, avant l&rsquo;orageGruissan_0377Grande AigretteH\u00e9ron cendr\u00e9Grande AigretteCigogne, Grande Aigrette et H\u00e9ronLe ValsesiaGrau de la Vieille-NouvelleLe ValsesiaGrau de la Vieille-NouvelleLes Cabanes de l&rsquo;AyrolleGruissanGruissan_7601GruissanGruissan_20190727_175431RSamedi, avant l&rsquo;orageTournebelle_20190727_182529RDans les Corbi\u00e8resDans les Corbi\u00e8resDans les Corbi\u00e8resDans les Corbi\u00e8resDans les Corbi\u00e8resDans les Corbi\u00e8resMarnes multicoloresMarnes_7655Marnes multicoloresMarnes_0383\u00c7a pique !!!Chardon_0452Gland du Ch\u00eane kerm\u00e8sAmaryllis de VallentinAmaryllis de VallentinOedipode turquoiseUne fourmiFourmi_0465La fourmi et le cristalFourmi_0458La fourmi et le [&hellip;]<\/p>\n","protected":false},"author":4,"featured_media":0,"parent":17742,"menu_order":1,"comment_status":"closed","ping_status":"closed","template":"","meta":{"ngg_post_thumbnail":0,"jetpack_post_was_ever_published":false,"footnotes":"","_links_to":"","_links_to_target":""},"class_list":["post-17956","page","type-page","status-publish","hentry"],"jetpack_shortlink":"https:\/\/wp.me\/P9lSZN-4FC","jetpack_sharing_enabled":true,"_links":{"self":[{"href":"https:\/\/mhyrdin.fr\/blog\/wp-json\/wp\/v2\/pages\/17956","targetHints":{"allow":["GET"]}}],"collection":[{"href":"https:\/\/mhyrdin.fr\/blog\/wp-json\/wp\/v2\/pages"}],"about":[{"href":"https:\/\/mhyrdin.fr\/blog\/wp-json\/wp\/v2\/types\/page"}],"author":[{"embeddable":true,"href":"https:\/\/mhyrdin.fr\/blog\/wp-json\/wp\/v2\/users\/4"}],"replies":[{"embeddable":true,"href":"https:\/\/mhyrdin.fr\/blog\/wp-json\/wp\/v2\/comments?post=17956"}],"version-history":[{"count":0,"href":"https:\/\/mhyrdin.fr\/blog\/wp-json\/wp\/v2\/pages\/17956\/revisions"}],"up":[{"embeddable":true,"href":"https:\/\/mhyrdin.fr\/blog\/wp-json\/wp\/v2\/pages\/17742"}],"wp:attachment":[{"href":"https:\/\/mhyrdin.fr\/blog\/wp-json\/wp\/v2\/media?parent=17956"}],"curies":[{"name":"wp","href":"https:\/\/api.w.org\/{rel}","templated":true}]}}