{"id":17948,"date":"2019-10-05T00:00:49","date_gmt":"2019-10-04T22:00:49","guid":{"rendered":"https:\/\/mhyrdin.fr\/blog\/2019-2\/oiseaux-et-autres\/"},"modified":"2022-10-18T09:09:25","modified_gmt":"2022-10-18T07:09:25","slug":"oiseaux-et-autres","status":"publish","type":"page","link":"https:\/\/mhyrdin.fr\/blog\/archives-numeriques\/2019-2\/aout-2019\/aout-montagne-2\/oiseaux-et-autres\/","title":{"rendered":"Quelques oiseaux et d&rsquo;autres animaux"},"content":{"rendered":"<div id=\"jig1\" class=\"justified-image-grid jig-625a13123a323a00431017a9e0003f66 jig-preset-global jig-source-nextgen\"><div class=\"jig-clearfix\"><\/div><noscript id=\"jig1-html\" class=\"justified-image-grid-html\" data-lazy-src=\"skiplazyload\" data-src=\"skipunveillazyload\"><ul><li><a href=\"https:\/\/i0.wp.com\/mhyrdin.fr\/blog\/wordpress\/wp-content\/gallery\/aout2019montagneanimaux\/Vautour-fauve_8472.JPG?ssl=1\"><img loading=\"lazy\" decoding=\"async\" src=\"https:\/\/i0.wp.com\/mhyrdin.fr\/blog\/wordpress\/wp-content\/gallery\/aout2019montagneanimaux\/Vautour-fauve_8472.JPG?h=170\" alt=\"Vautour fauve\" width=\"255\" height=\"170\" \/><\/a><p class=\"jig-HTMLdescription\">Vautour fauve<\/p><\/li><li><a href=\"https:\/\/i0.wp.com\/mhyrdin.fr\/blog\/wordpress\/wp-content\/gallery\/aout2019montagneanimaux\/Bondr%C3%A9e-apivore_8530.JPG?ssl=1\"><img loading=\"lazy\" decoding=\"async\" src=\"https:\/\/i0.wp.com\/mhyrdin.fr\/blog\/wordpress\/wp-content\/gallery\/aout2019montagneanimaux\/Bondr%C3%A9e-apivore_8530.JPG?h=170\" alt=\"Bondr\u00e9e apivore\" width=\"255\" height=\"170\" \/><\/a><p class=\"jig-HTMLdescription\">Bondr\u00e9e apivore<\/p><\/li><li><a href=\"https:\/\/i0.wp.com\/mhyrdin.fr\/blog\/wordpress\/wp-content\/gallery\/aout2019montagneanimaux\/Buse-variable_8552.JPG?ssl=1\"><img loading=\"lazy\" decoding=\"async\" src=\"https:\/\/i0.wp.com\/mhyrdin.fr\/blog\/wordpress\/wp-content\/gallery\/aout2019montagneanimaux\/Buse-variable_8552.JPG?h=170\" alt=\"Buse variable\" width=\"255\" height=\"170\" \/><\/a><p class=\"jig-HTMLdescription\">Buse variable<\/p><\/li><li><a href=\"https:\/\/i0.wp.com\/mhyrdin.fr\/blog\/wordpress\/wp-content\/gallery\/aout2019montagneanimaux\/Corneille-noire_8654.JPG?ssl=1\"><img loading=\"lazy\" decoding=\"async\" src=\"https:\/\/i0.wp.com\/mhyrdin.fr\/blog\/wordpress\/wp-content\/gallery\/aout2019montagneanimaux\/Corneille-noire_8654.JPG?h=170\" alt=\"Corneille noire\" width=\"255\" height=\"170\" \/><\/a><p class=\"jig-HTMLdescription\">Corneille noire<\/p><\/li><li><a href=\"https:\/\/i0.wp.com\/mhyrdin.fr\/blog\/wordpress\/wp-content\/gallery\/aout2019montagneanimaux\/L%C3%A9zard-des-murailles_9041.JPG?ssl=1\"><img loading=\"lazy\" decoding=\"async\" src=\"https:\/\/i0.wp.com\/mhyrdin.fr\/blog\/wordpress\/wp-content\/gallery\/aout2019montagneanimaux\/L%C3%A9zard-des-murailles_9041.JPG?h=170\" alt=\"L\u00e9zard des murailles_\" width=\"255\" height=\"170\" \/><\/a><p class=\"jig-HTMLdescription\">L\u00e9zard des murailles_<\/p><\/li><li><a href=\"https:\/\/i0.wp.com\/mhyrdin.fr\/blog\/wordpress\/wp-content\/gallery\/aout2019montagneanimaux\/L%C3%A9zard-3_9066.JPG?ssl=1\"><img loading=\"lazy\" decoding=\"async\" src=\"https:\/\/i0.wp.com\/mhyrdin.fr\/blog\/wordpress\/wp-content\/gallery\/aout2019montagneanimaux\/L%C3%A9zard-3_9066.JPG?h=170\" alt=\"L\u00e9zard du val d&#039;Aran\" width=\"255\" height=\"170\" \/><\/a><p class=\"jig-HTMLdescription\">L\u00e9zard du val d'Aran<\/p><\/li><li><a href=\"https:\/\/i0.wp.com\/mhyrdin.fr\/blog\/wordpress\/wp-content\/gallery\/aout2019montagneanimaux\/Cerf-elaphe_9228.JPG?ssl=1\"><img loading=\"lazy\" decoding=\"async\" src=\"https:\/\/i0.wp.com\/mhyrdin.fr\/blog\/wordpress\/wp-content\/gallery\/aout2019montagneanimaux\/Cerf-elaphe_9228.JPG?h=170\" alt=\"Cerf elaphe\" width=\"255\" height=\"170\" \/><\/a><p class=\"jig-HTMLdescription\">Cerf elaphe<\/p><\/li><li><a href=\"https:\/\/i0.wp.com\/mhyrdin.fr\/blog\/wordpress\/wp-content\/gallery\/aout2019montagneanimaux\/Cerf-elaphe_9234.JPG?ssl=1\"><img loading=\"lazy\" decoding=\"async\" src=\"https:\/\/i0.wp.com\/mhyrdin.fr\/blog\/wordpress\/wp-content\/gallery\/aout2019montagneanimaux\/Cerf-elaphe_9234.JPG?h=170\" alt=\"Cerf elaphe\" width=\"255\" height=\"170\" \/><\/a><p class=\"jig-HTMLdescription\">Cerf elaphe<\/p><\/li><li><a href=\"https:\/\/i0.wp.com\/mhyrdin.fr\/blog\/wordpress\/wp-content\/gallery\/aout2019montagneanimaux\/Cerf-elaphe_9238.JPG?ssl=1\"><img loading=\"lazy\" decoding=\"async\" src=\"https:\/\/i0.wp.com\/mhyrdin.fr\/blog\/wordpress\/wp-content\/gallery\/aout2019montagneanimaux\/Cerf-elaphe_9238.JPG?h=170\" alt=\"Cerf elaphe\" width=\"255\" height=\"170\" \/><\/a><p class=\"jig-HTMLdescription\">Cerf elaphe<\/p><\/li><li><a href=\"https:\/\/i0.wp.com\/mhyrdin.fr\/blog\/wordpress\/wp-content\/gallery\/aout2019montagneanimaux\/L%C3%A9zard-des-murailles_9396.JPG?ssl=1\"><img loading=\"lazy\" decoding=\"async\" src=\"https:\/\/i0.wp.com\/mhyrdin.fr\/blog\/wordpress\/wp-content\/gallery\/aout2019montagneanimaux\/L%C3%A9zard-des-murailles_9396.JPG?h=170\" alt=\"L\u00e9zard des murailles\" width=\"255\" height=\"170\" \/><\/a><p class=\"jig-HTMLdescription\">L\u00e9zard des murailles<\/p><\/li><li><a href=\"https:\/\/i0.wp.com\/mhyrdin.fr\/blog\/wordpress\/wp-content\/gallery\/aout2019montagneanimaux\/Grand-Corbeau_9725.JPG?ssl=1\"><img loading=\"lazy\" decoding=\"async\" src=\"https:\/\/i0.wp.com\/mhyrdin.fr\/blog\/wordpress\/wp-content\/gallery\/aout2019montagneanimaux\/Grand-Corbeau_9725.JPG?h=170\" alt=\"Grand Corbeau\" width=\"255\" height=\"170\" \/><\/a><p class=\"jig-HTMLdescription\">Grand Corbeau<\/p><\/li><li><a href=\"https:\/\/i0.wp.com\/mhyrdin.fr\/blog\/wordpress\/wp-content\/gallery\/aout2019montagneanimaux\/Milan-royal_9769.JPG?ssl=1\"><img loading=\"lazy\" decoding=\"async\" src=\"https:\/\/i0.wp.com\/mhyrdin.fr\/blog\/wordpress\/wp-content\/gallery\/aout2019montagneanimaux\/Milan-royal_9769.JPG?h=170\" alt=\"Milan royal\" width=\"255\" height=\"170\" \/><\/a><p class=\"jig-HTMLdescription\">Milan royal<\/p><\/li><li><a href=\"https:\/\/i0.wp.com\/mhyrdin.fr\/blog\/wordpress\/wp-content\/gallery\/aout2019montagneanimaux\/Traquet-motteux_9994.JPG?ssl=1\"><img loading=\"lazy\" decoding=\"async\" src=\"https:\/\/i0.wp.com\/mhyrdin.fr\/blog\/wordpress\/wp-content\/gallery\/aout2019montagneanimaux\/Traquet-motteux_9994.JPG?h=170\" alt=\"Traquet motteux\" width=\"255\" height=\"170\" \/><\/a><p class=\"jig-HTMLdescription\">Traquet motteux<\/p><\/li><li><a href=\"https:\/\/i0.wp.com\/mhyrdin.fr\/blog\/wordpress\/wp-content\/gallery\/aout2019montagneanimaux\/Pipit-spioncelle_9999.JPG?ssl=1\"><img loading=\"lazy\" decoding=\"async\" src=\"https:\/\/i0.wp.com\/mhyrdin.fr\/blog\/wordpress\/wp-content\/gallery\/aout2019montagneanimaux\/Pipit-spioncelle_9999.JPG?h=170\" alt=\"Pipit spioncelle\" width=\"255\" height=\"170\" \/><\/a><p class=\"jig-HTMLdescription\">Pipit spioncelle<\/p><\/li><\/ul><\/noscript><\/div><div id=\"jig1-developerLink\" class=\"jig-developerLink\"><a href=\"https:\/\/justifiedgrid.com\/\" target=\"_blank\" title=\"Justified Image Grid - Premium WordPress Gallery\">powered by Justified Image Grid<\/a><\/div>\n<h3>Related Images:<\/h3>","protected":false},"excerpt":{"rendered":"<p>Vautour fauveBondr\u00e9e apivoreBuse variableCorneille noireL\u00e9zard des murailles_L\u00e9zard du val d&rsquo;AranCerf elapheCerf elapheCerf elapheL\u00e9zard des muraillesGrand CorbeauMilan royalTraquet motteuxPipit spioncellepowered by Justified Image Grid Related Images:<\/p>\n","protected":false},"author":4,"featured_media":0,"parent":17947,"menu_order":2,"comment_status":"closed","ping_status":"closed","template":"","meta":{"ngg_post_thumbnail":0,"jetpack_post_was_ever_published":false,"footnotes":"","_links_to":"","_links_to_target":""},"class_list":["post-17948","page","type-page","status-publish","hentry"],"jetpack_shortlink":"https:\/\/wp.me\/P9lSZN-4Fu","jetpack_sharing_enabled":true,"_links":{"self":[{"href":"https:\/\/mhyrdin.fr\/blog\/wp-json\/wp\/v2\/pages\/17948","targetHints":{"allow":["GET"]}}],"collection":[{"href":"https:\/\/mhyrdin.fr\/blog\/wp-json\/wp\/v2\/pages"}],"about":[{"href":"https:\/\/mhyrdin.fr\/blog\/wp-json\/wp\/v2\/types\/page"}],"author":[{"embeddable":true,"href":"https:\/\/mhyrdin.fr\/blog\/wp-json\/wp\/v2\/users\/4"}],"replies":[{"embeddable":true,"href":"https:\/\/mhyrdin.fr\/blog\/wp-json\/wp\/v2\/comments?post=17948"}],"version-history":[{"count":1,"href":"https:\/\/mhyrdin.fr\/blog\/wp-json\/wp\/v2\/pages\/17948\/revisions"}],"predecessor-version":[{"id":23646,"href":"https:\/\/mhyrdin.fr\/blog\/wp-json\/wp\/v2\/pages\/17948\/revisions\/23646"}],"up":[{"embeddable":true,"href":"https:\/\/mhyrdin.fr\/blog\/wp-json\/wp\/v2\/pages\/17947"}],"wp:attachment":[{"href":"https:\/\/mhyrdin.fr\/blog\/wp-json\/wp\/v2\/media?parent=17948"}],"curies":[{"name":"wp","href":"https:\/\/api.w.org\/{rel}","templated":true}]}}