{"id":17741,"date":"2019-09-02T19:42:25","date_gmt":"2019-09-02T17:42:25","guid":{"rendered":"https:\/\/mhyrdin.fr\/blog\/2019-2\/debut-de-sejour-a-gruissan\/"},"modified":"2022-10-18T00:33:39","modified_gmt":"2022-10-17T22:33:39","slug":"debut-de-sejour-a-gruissan","status":"publish","type":"page","link":"https:\/\/mhyrdin.fr\/blog\/archives-numeriques\/2019-2\/juin-2019\/debut-de-sejour-a-gruissan\/","title":{"rendered":"D\u00e9but de s\u00e9jour \u00e0 Gruissan"},"content":{"rendered":"<div id=\"jig1\" class=\"justified-image-grid jig-a4550c46c0cc29b7af932c27dc9344d6 jig-preset-global jig-source-nextgen\"><div class=\"jig-clearfix\"><\/div><noscript id=\"jig1-html\" class=\"justified-image-grid-html\" data-lazy-src=\"skiplazyload\" data-src=\"skipunveillazyload\"><ul><li><a href=\"https:\/\/i0.wp.com\/mhyrdin.fr\/blog\/wordpress\/wp-content\/gallery\/gruissan2019-1\/GCU-20190621_200811R.jpg?ssl=1\"><img loading=\"lazy\" decoding=\"async\" src=\"https:\/\/i0.wp.com\/mhyrdin.fr\/blog\/wordpress\/wp-content\/gallery\/gruissan2019-1\/GCU-20190621_200811R.jpg?h=170\" alt=\"Le camping apr\u00e8s l&#039;orage\" width=\"255\" height=\"170\" \/><\/a><p class=\"jig-HTMLdescription\">Le camping apr\u00e8s l'orage<\/p><\/li><li><a href=\"https:\/\/i0.wp.com\/mhyrdin.fr\/blog\/wordpress\/wp-content\/gallery\/gruissan2019-1\/GCU_6567.JPG?ssl=1\" title=\"GCU_6567\"><img loading=\"lazy\" decoding=\"async\" src=\"https:\/\/i0.wp.com\/mhyrdin.fr\/blog\/wordpress\/wp-content\/gallery\/gruissan2019-1\/GCU_6567.JPG?h=170\" alt=\"Balise est des Ayguades\" width=\"255\" height=\"170\" \/><\/a><p class=\"jig-HTMLdescription\">Balise est des Ayguades<br\/>GCU_6567<\/p><\/li><li><a href=\"https:\/\/i0.wp.com\/mhyrdin.fr\/blog\/wordpress\/wp-content\/gallery\/gruissan2019-1\/Ayrolles-20190622_111552R.jpg?ssl=1\"><img loading=\"lazy\" decoding=\"async\" src=\"https:\/\/i0.wp.com\/mhyrdin.fr\/blog\/wordpress\/wp-content\/gallery\/gruissan2019-1\/Ayrolles-20190622_111552R.jpg?h=170\" alt=\"\u00c9tang de l&#039;Ayrolles\" width=\"515\" height=\"170\" \/><\/a><p class=\"jig-HTMLdescription\">\u00c9tang de l'Ayrolles<\/p><\/li><li><a href=\"https:\/\/i0.wp.com\/mhyrdin.fr\/blog\/wordpress\/wp-content\/gallery\/gruissan2019-1\/Canigou_6572.JPG?ssl=1\" title=\"Canigou_6572\"><img loading=\"lazy\" decoding=\"async\" src=\"https:\/\/i0.wp.com\/mhyrdin.fr\/blog\/wordpress\/wp-content\/gallery\/gruissan2019-1\/Canigou_6572.JPG?h=170\" alt=\"Le Canigou\" width=\"255\" height=\"170\" \/><\/a><p class=\"jig-HTMLdescription\">Le Canigou<br\/>Canigou_6572<\/p><\/li><li><a href=\"https:\/\/i0.wp.com\/mhyrdin.fr\/blog\/wordpress\/wp-content\/gallery\/gruissan2019-1\/Bergeronnette%20printani%C3%A8re_6651.JPG?ssl=1\"><img loading=\"lazy\" decoding=\"async\" src=\"https:\/\/i0.wp.com\/mhyrdin.fr\/blog\/wordpress\/wp-content\/gallery\/gruissan2019-1\/Bergeronnette%20printani%C3%A8re_6651.JPG?h=170\" alt=\"Bergeronnette printani\u00e8re\" width=\"255\" height=\"170\" \/><\/a><p class=\"jig-HTMLdescription\">Bergeronnette printani\u00e8re<\/p><\/li><li><a href=\"https:\/\/i0.wp.com\/mhyrdin.fr\/blog\/wordpress\/wp-content\/gallery\/gruissan2019-1\/Flamant%20rose%20_6129.JPG?ssl=1\"><img loading=\"lazy\" decoding=\"async\" src=\"https:\/\/i0.wp.com\/mhyrdin.fr\/blog\/wordpress\/wp-content\/gallery\/gruissan2019-1\/Flamant%20rose%20_6129.JPG?h=170\" alt=\"Flamant rose\" width=\"447\" height=\"170\" \/><\/a><p class=\"jig-HTMLdescription\">Flamant rose<\/p><\/li><li><a href=\"https:\/\/i0.wp.com\/mhyrdin.fr\/blog\/wordpress\/wp-content\/gallery\/gruissan2019-1\/Flamant%20rose%20_6131.JPG?ssl=1\"><img loading=\"lazy\" decoding=\"async\" src=\"https:\/\/i0.wp.com\/mhyrdin.fr\/blog\/wordpress\/wp-content\/gallery\/gruissan2019-1\/Flamant%20rose%20_6131.JPG?h=170\" alt=\"Flamant rose\" width=\"266\" height=\"170\" \/><\/a><p class=\"jig-HTMLdescription\">Flamant rose<\/p><\/li><li><a href=\"https:\/\/i0.wp.com\/mhyrdin.fr\/blog\/wordpress\/wp-content\/gallery\/gruissan2019-1\/Flamant%20rose%20_6197.JPG?ssl=1\"><img loading=\"lazy\" decoding=\"async\" src=\"https:\/\/i0.wp.com\/mhyrdin.fr\/blog\/wordpress\/wp-content\/gallery\/gruissan2019-1\/Flamant%20rose%20_6197.JPG?h=170\" alt=\"Flamant rose\" width=\"255\" height=\"170\" \/><\/a><p class=\"jig-HTMLdescription\">Flamant rose<\/p><\/li><li><a href=\"https:\/\/i0.wp.com\/mhyrdin.fr\/blog\/wordpress\/wp-content\/gallery\/gruissan2019-1\/Flamant%20rose%20_6214.JPG?ssl=1\"><img loading=\"lazy\" decoding=\"async\" src=\"https:\/\/i0.wp.com\/mhyrdin.fr\/blog\/wordpress\/wp-content\/gallery\/gruissan2019-1\/Flamant%20rose%20_6214.JPG?h=170\" alt=\"Flamant rose\" width=\"255\" height=\"170\" \/><\/a><p class=\"jig-HTMLdescription\">Flamant rose<\/p><\/li><li><a href=\"https:\/\/i0.wp.com\/mhyrdin.fr\/blog\/wordpress\/wp-content\/gallery\/gruissan2019-1\/Fauvette%20m%C3%A9lanoc%C3%A9phale_6548.JPG?ssl=1\"><img loading=\"lazy\" decoding=\"async\" src=\"https:\/\/i0.wp.com\/mhyrdin.fr\/blog\/wordpress\/wp-content\/gallery\/gruissan2019-1\/Fauvette%20m%C3%A9lanoc%C3%A9phale_6548.JPG?h=170\" alt=\"Fauvette m\u00e9lanoc\u00e9phale\" width=\"255\" height=\"170\" \/><\/a><p class=\"jig-HTMLdescription\">Fauvette m\u00e9lanoc\u00e9phale<\/p><\/li><li><a href=\"https:\/\/i0.wp.com\/mhyrdin.fr\/blog\/wordpress\/wp-content\/gallery\/gruissan2019-1\/Fauvette%20m%C3%A9lanoc%C3%A9phale_6550.JPG?ssl=1\"><img loading=\"lazy\" decoding=\"async\" src=\"https:\/\/i0.wp.com\/mhyrdin.fr\/blog\/wordpress\/wp-content\/gallery\/gruissan2019-1\/Fauvette%20m%C3%A9lanoc%C3%A9phale_6550.JPG?h=170\" alt=\"Fauvette m\u00e9lanoc\u00e9phale\" width=\"255\" height=\"170\" \/><\/a><p class=\"jig-HTMLdescription\">Fauvette m\u00e9lanoc\u00e9phale<\/p><\/li><li><a href=\"https:\/\/i0.wp.com\/mhyrdin.fr\/blog\/wordpress\/wp-content\/gallery\/gruissan2019-1\/Go%C3%A9land%20railleur_6664.JPG?ssl=1\"><img loading=\"lazy\" decoding=\"async\" src=\"https:\/\/i0.wp.com\/mhyrdin.fr\/blog\/wordpress\/wp-content\/gallery\/gruissan2019-1\/Go%C3%A9land%20railleur_6664.JPG?h=170\" alt=\"Go\u00e9land railleur\" width=\"255\" height=\"170\" \/><\/a><p class=\"jig-HTMLdescription\">Go\u00e9land railleur<\/p><\/li><li><a href=\"https:\/\/i0.wp.com\/mhyrdin.fr\/blog\/wordpress\/wp-content\/gallery\/gruissan2019-1\/Gravelot%20%C3%A0%20collier%20interrompu_6632.JPG?ssl=1\"><img loading=\"lazy\" decoding=\"async\" src=\"https:\/\/i0.wp.com\/mhyrdin.fr\/blog\/wordpress\/wp-content\/gallery\/gruissan2019-1\/Gravelot%20%C3%A0%20collier%20interrompu_6632.JPG?h=170\" alt=\"Gravelot \u00e0 collier interrompu\" width=\"255\" height=\"170\" \/><\/a><p class=\"jig-HTMLdescription\">Gravelot \u00e0 collier interrompu<\/p><\/li><li><a href=\"https:\/\/i0.wp.com\/mhyrdin.fr\/blog\/wordpress\/wp-content\/gallery\/gruissan2019-1\/Pie%20gri%C3%A8che%20%C3%A0%20t%C3%AAte%20rousse_6341.JPG?ssl=1\"><img loading=\"lazy\" decoding=\"async\" src=\"https:\/\/i0.wp.com\/mhyrdin.fr\/blog\/wordpress\/wp-content\/gallery\/gruissan2019-1\/Pie%20gri%C3%A8che%20%C3%A0%20t%C3%AAte%20rousse_6341.JPG?h=170\" alt=\"Pie gri\u00e8che \u00e0 t\u00eate rousse\" width=\"113\" height=\"170\" \/><\/a><p class=\"jig-HTMLdescription\">Pie gri\u00e8che \u00e0 t\u00eate rousse<\/p><\/li><li><a href=\"https:\/\/i0.wp.com\/mhyrdin.fr\/blog\/wordpress\/wp-content\/gallery\/gruissan2019-1\/Pie%20gri%C3%A8che%20%C3%A0%20t%C3%AAte%20rousse_6367.JPG?ssl=1\"><img loading=\"lazy\" decoding=\"async\" src=\"https:\/\/i0.wp.com\/mhyrdin.fr\/blog\/wordpress\/wp-content\/gallery\/gruissan2019-1\/Pie%20gri%C3%A8che%20%C3%A0%20t%C3%AAte%20rousse_6367.JPG?h=170\" alt=\"Pie gri\u00e8che \u00e0 t\u00eate rousse\" width=\"255\" height=\"170\" \/><\/a><p class=\"jig-HTMLdescription\">Pie gri\u00e8che \u00e0 t\u00eate rousse<\/p><\/li><li><a href=\"https:\/\/i0.wp.com\/mhyrdin.fr\/blog\/wordpress\/wp-content\/gallery\/gruissan2019-1\/Sterne%20naine_6958.JPG?ssl=1\"><img loading=\"lazy\" decoding=\"async\" src=\"https:\/\/i0.wp.com\/mhyrdin.fr\/blog\/wordpress\/wp-content\/gallery\/gruissan2019-1\/Sterne%20naine_6958.JPG?h=170\" alt=\"Sterne naine\" width=\"255\" height=\"170\" \/><\/a><p class=\"jig-HTMLdescription\">Sterne naine<\/p><\/li><li><a href=\"https:\/\/i0.wp.com\/mhyrdin.fr\/blog\/wordpress\/wp-content\/gallery\/gruissan2019-1\/Sterne%20naine_7005.JPG?ssl=1\"><img loading=\"lazy\" decoding=\"async\" src=\"https:\/\/i0.wp.com\/mhyrdin.fr\/blog\/wordpress\/wp-content\/gallery\/gruissan2019-1\/Sterne%20naine_7005.JPG?h=170\" alt=\"Sterne naine\" width=\"255\" height=\"170\" \/><\/a><p class=\"jig-HTMLdescription\">Sterne naine<\/p><\/li><li><a href=\"https:\/\/i0.wp.com\/mhyrdin.fr\/blog\/wordpress\/wp-content\/gallery\/gruissan2019-1\/Sterne%20naine_7118.JPG?ssl=1\"><img loading=\"lazy\" decoding=\"async\" src=\"https:\/\/i0.wp.com\/mhyrdin.fr\/blog\/wordpress\/wp-content\/gallery\/gruissan2019-1\/Sterne%20naine_7118.JPG?h=170\" alt=\"Sterne naine\" width=\"255\" height=\"170\" \/><\/a><p class=\"jig-HTMLdescription\">Sterne naine<\/p><\/li><li><a href=\"https:\/\/i0.wp.com\/mhyrdin.fr\/blog\/wordpress\/wp-content\/gallery\/gruissan2019-1\/Sterne%20naine_7090.JPG?ssl=1\"><img loading=\"lazy\" decoding=\"async\" src=\"https:\/\/i0.wp.com\/mhyrdin.fr\/blog\/wordpress\/wp-content\/gallery\/gruissan2019-1\/Sterne%20naine_7090.JPG?h=170\" alt=\"Sterne naine\" width=\"255\" height=\"170\" \/><\/a><p class=\"jig-HTMLdescription\">Sterne naine<\/p><\/li><li><a href=\"https:\/\/i0.wp.com\/mhyrdin.fr\/blog\/wordpress\/wp-content\/gallery\/gruissan2019-1\/Sterne%20naine_7165.JPG?ssl=1\"><img loading=\"lazy\" decoding=\"async\" src=\"https:\/\/i0.wp.com\/mhyrdin.fr\/blog\/wordpress\/wp-content\/gallery\/gruissan2019-1\/Sterne%20naine_7165.JPG?h=170\" alt=\"Sterne naine\" width=\"255\" height=\"170\" \/><\/a><p class=\"jig-HTMLdescription\">Sterne naine<\/p><\/li><li><a href=\"https:\/\/i0.wp.com\/mhyrdin.fr\/blog\/wordpress\/wp-content\/gallery\/gruissan2019-1\/Sterne%20naine_6950.JPG?ssl=1\"><img loading=\"lazy\" decoding=\"async\" src=\"https:\/\/i0.wp.com\/mhyrdin.fr\/blog\/wordpress\/wp-content\/gallery\/gruissan2019-1\/Sterne%20naine_6950.JPG?h=170\" alt=\"Sterne naine\" width=\"255\" height=\"170\" \/><\/a><p class=\"jig-HTMLdescription\">Sterne naine<\/p><\/li><li><a href=\"https:\/\/i0.wp.com\/mhyrdin.fr\/blog\/wordpress\/wp-content\/gallery\/gruissan2019-1\/Sterne%20naine_7048.JPG?ssl=1\"><img loading=\"lazy\" decoding=\"async\" src=\"https:\/\/i0.wp.com\/mhyrdin.fr\/blog\/wordpress\/wp-content\/gallery\/gruissan2019-1\/Sterne%20naine_7048.JPG?h=170\" alt=\"Sterne naine\" width=\"255\" height=\"170\" \/><\/a><p class=\"jig-HTMLdescription\">Sterne naine<\/p><\/li><li><a href=\"https:\/\/i0.wp.com\/mhyrdin.fr\/blog\/wordpress\/wp-content\/gallery\/gruissan2019-1\/Sterne%20naine_7141.JPG?ssl=1\"><img loading=\"lazy\" decoding=\"async\" src=\"https:\/\/i0.wp.com\/mhyrdin.fr\/blog\/wordpress\/wp-content\/gallery\/gruissan2019-1\/Sterne%20naine_7141.JPG?h=170\" alt=\"Sterne naine\" width=\"255\" height=\"170\" \/><\/a><p class=\"jig-HTMLdescription\">Sterne naine<\/p><\/li><li><a href=\"https:\/\/i0.wp.com\/mhyrdin.fr\/blog\/wordpress\/wp-content\/gallery\/gruissan2019-1\/Agreste-Hipparchia%20semele_6245.JPG?ssl=1\" title=\"Hipparchia semele\"><img loading=\"lazy\" decoding=\"async\" src=\"https:\/\/i0.wp.com\/mhyrdin.fr\/blog\/wordpress\/wp-content\/gallery\/gruissan2019-1\/Agreste-Hipparchia%20semele_6245.JPG?h=170\" alt=\"Agreste\" width=\"128\" height=\"170\" \/><\/a><p class=\"jig-HTMLdescription\">Agreste<br\/>Hipparchia semele<\/p><\/li><li><a href=\"https:\/\/i0.wp.com\/mhyrdin.fr\/blog\/wordpress\/wp-content\/gallery\/gruissan2019-1\/Agreste-Hipparchia%20semele_6464.JPG?ssl=1\" title=\"Hipparchia semele\"><img loading=\"lazy\" decoding=\"async\" src=\"https:\/\/i0.wp.com\/mhyrdin.fr\/blog\/wordpress\/wp-content\/gallery\/gruissan2019-1\/Agreste-Hipparchia%20semele_6464.JPG?h=170\" alt=\"Agreste\" width=\"255\" height=\"170\" \/><\/a><p class=\"jig-HTMLdescription\">Agreste<br\/>Hipparchia semele<\/p><\/li><li><a href=\"https:\/\/i0.wp.com\/mhyrdin.fr\/blog\/wordpress\/wp-content\/gallery\/gruissan2019-1\/Amryllis%20de%20Vallentin_6592.JPG?ssl=1\" title=\"Pyronia cecilia\"><img loading=\"lazy\" decoding=\"async\" src=\"https:\/\/i0.wp.com\/mhyrdin.fr\/blog\/wordpress\/wp-content\/gallery\/gruissan2019-1\/Amryllis%20de%20Vallentin_6592.JPG?h=170\" alt=\"Amaryllis de Vallentin\" width=\"255\" height=\"170\" \/><\/a><p class=\"jig-HTMLdescription\">Amaryllis de Vallentin<br\/>Pyronia cecilia<\/p><\/li><li><a href=\"https:\/\/i0.wp.com\/mhyrdin.fr\/blog\/wordpress\/wp-content\/gallery\/gruissan2019-1\/Amryllis%20de%20Vallentin_6596.JPG?ssl=1\" title=\"Pyronia cecilia\"><img loading=\"lazy\" decoding=\"async\" src=\"https:\/\/i0.wp.com\/mhyrdin.fr\/blog\/wordpress\/wp-content\/gallery\/gruissan2019-1\/Amryllis%20de%20Vallentin_6596.JPG?h=170\" alt=\"Amaryllis de Vallentin\" width=\"255\" height=\"170\" \/><\/a><p class=\"jig-HTMLdescription\">Amaryllis de Vallentin<br\/>Pyronia cecilia<\/p><\/li><li><a href=\"https:\/\/i0.wp.com\/mhyrdin.fr\/blog\/wordpress\/wp-content\/gallery\/gruissan2019-1\/Argus%20brun-Aricia%20agestis_6393.JPG?ssl=1\" title=\"Aricia agestis\"><img loading=\"lazy\" decoding=\"async\" src=\"https:\/\/i0.wp.com\/mhyrdin.fr\/blog\/wordpress\/wp-content\/gallery\/gruissan2019-1\/Argus%20brun-Aricia%20agestis_6393.JPG?h=170\" alt=\"Argus brun\" width=\"255\" height=\"170\" \/><\/a><p class=\"jig-HTMLdescription\">Argus brun<br\/>Aricia agestis<\/p><\/li><li><a href=\"https:\/\/i0.wp.com\/mhyrdin.fr\/blog\/wordpress\/wp-content\/gallery\/gruissan2019-1\/Argus%20brun-Aricia%20agestis_6522.JPG?ssl=1\" title=\"Aricia agestis\"><img loading=\"lazy\" decoding=\"async\" src=\"https:\/\/i0.wp.com\/mhyrdin.fr\/blog\/wordpress\/wp-content\/gallery\/gruissan2019-1\/Argus%20brun-Aricia%20agestis_6522.JPG?h=170\" alt=\"Argus brun\" width=\"113\" height=\"170\" \/><\/a><p class=\"jig-HTMLdescription\">Argus brun<br\/>Aricia agestis<\/p><\/li><li><a href=\"https:\/\/i0.wp.com\/mhyrdin.fr\/blog\/wordpress\/wp-content\/gallery\/gruissan2019-1\/Citron%20de%20Provence-Gonopteryx%20cleopatra_9968.JPG?ssl=1\" title=\"Gonopteryx cleopatra\"><img loading=\"lazy\" decoding=\"async\" src=\"https:\/\/i0.wp.com\/mhyrdin.fr\/blog\/wordpress\/wp-content\/gallery\/gruissan2019-1\/Citron%20de%20Provence-Gonopteryx%20cleopatra_9968.JPG?h=170\" alt=\"Citron de Provence\" width=\"255\" height=\"170\" \/><\/a><p class=\"jig-HTMLdescription\">Citron de Provence<br\/>Gonopteryx cleopatra<\/p><\/li><li><a href=\"https:\/\/i0.wp.com\/mhyrdin.fr\/blog\/wordpress\/wp-content\/gallery\/gruissan2019-1\/Citron%20de%20Provence-Gonopteryx%20cleopatra_9973.JPG?ssl=1\" title=\"Gonopteryx cleopatra\"><img loading=\"lazy\" decoding=\"async\" src=\"https:\/\/i0.wp.com\/mhyrdin.fr\/blog\/wordpress\/wp-content\/gallery\/gruissan2019-1\/Citron%20de%20Provence-Gonopteryx%20cleopatra_9973.JPG?h=170\" alt=\"Citron de Provence\" width=\"255\" height=\"170\" \/><\/a><p class=\"jig-HTMLdescription\">Citron de Provence<br\/>Gonopteryx cleopatra<\/p><\/li><li><a href=\"https:\/\/i0.wp.com\/mhyrdin.fr\/blog\/wordpress\/wp-content\/gallery\/gruissan2019-1\/%C3%89chiquier%20ib%C3%A9rique_6498.JPG?ssl=1\" title=\"Melanargia lachesis\"><img loading=\"lazy\" decoding=\"async\" src=\"https:\/\/i0.wp.com\/mhyrdin.fr\/blog\/wordpress\/wp-content\/gallery\/gruissan2019-1\/%C3%89chiquier%20ib%C3%A9rique_6498.JPG?h=170\" alt=\"\u00c9chiquier ib\u00e9rique\" width=\"113\" height=\"170\" \/><\/a><p class=\"jig-HTMLdescription\">\u00c9chiquier ib\u00e9rique<br\/>Melanargia lachesis<\/p><\/li><li><a href=\"https:\/\/i0.wp.com\/mhyrdin.fr\/blog\/wordpress\/wp-content\/gallery\/gruissan2019-1\/%C3%89chiquier%20ib%C3%A9rique_6505.JPG?ssl=1\" title=\"Melanargia lachesis\"><img loading=\"lazy\" decoding=\"async\" src=\"https:\/\/i0.wp.com\/mhyrdin.fr\/blog\/wordpress\/wp-content\/gallery\/gruissan2019-1\/%C3%89chiquier%20ib%C3%A9rique_6505.JPG?h=170\" alt=\"\u00c9chiquier ib\u00e9rique\" width=\"113\" height=\"170\" \/><\/a><p class=\"jig-HTMLdescription\">\u00c9chiquier ib\u00e9rique<br\/>Melanargia lachesis<\/p><\/li><li><a href=\"https:\/\/i0.wp.com\/mhyrdin.fr\/blog\/wordpress\/wp-content\/gallery\/gruissan2019-1\/Marbr%C3%A9%20de%20vert_6626.JPG?ssl=1\"><img loading=\"lazy\" decoding=\"async\" src=\"https:\/\/i0.wp.com\/mhyrdin.fr\/blog\/wordpress\/wp-content\/gallery\/gruissan2019-1\/Marbr%C3%A9%20de%20vert_6626.JPG?h=170\" alt=\"Marbr\u00e9 de vert\" width=\"255\" height=\"170\" \/><\/a><p class=\"jig-HTMLdescription\">Marbr\u00e9 de vert<\/p><\/li><li><a href=\"https:\/\/i0.wp.com\/mhyrdin.fr\/blog\/wordpress\/wp-content\/gallery\/gruissan2019-1\/M%C3%A9lit%C3%A9e%20orang%C3%A9e-Melitaea%20didyma_6331.JPG?ssl=1\" title=\"Melitaea didyma\"><img loading=\"lazy\" decoding=\"async\" src=\"https:\/\/i0.wp.com\/mhyrdin.fr\/blog\/wordpress\/wp-content\/gallery\/gruissan2019-1\/M%C3%A9lit%C3%A9e%20orang%C3%A9e-Melitaea%20didyma_6331.JPG?h=170\" alt=\"M\u00e9lit\u00e9e orang\u00e9e\" width=\"255\" height=\"170\" \/><\/a><p class=\"jig-HTMLdescription\">M\u00e9lit\u00e9e orang\u00e9e<br\/>Melitaea didyma<\/p><\/li><li><a href=\"https:\/\/i0.wp.com\/mhyrdin.fr\/blog\/wordpress\/wp-content\/gallery\/gruissan2019-1\/M%C3%A9lit%C3%A9e%20orang%C3%A9e-Melitaea%20didyma_6300.JPG?ssl=1\" title=\"Melitaea didyma\"><img loading=\"lazy\" decoding=\"async\" src=\"https:\/\/i0.wp.com\/mhyrdin.fr\/blog\/wordpress\/wp-content\/gallery\/gruissan2019-1\/M%C3%A9lit%C3%A9e%20orang%C3%A9e-Melitaea%20didyma_6300.JPG?h=170\" alt=\"M\u00e9lit\u00e9e orang\u00e9e\" width=\"113\" height=\"170\" \/><\/a><p class=\"jig-HTMLdescription\">M\u00e9lit\u00e9e orang\u00e9e<br\/>Melitaea didyma<\/p><\/li><li><a href=\"https:\/\/i0.wp.com\/mhyrdin.fr\/blog\/wordpress\/wp-content\/gallery\/gruissan2019-1\/Noctuelle%20en%20deuil-Tyta%20luctuosa_6277.JPG?ssl=1\" title=\"Tyta luctuosa\"><img loading=\"lazy\" decoding=\"async\" src=\"https:\/\/i0.wp.com\/mhyrdin.fr\/blog\/wordpress\/wp-content\/gallery\/gruissan2019-1\/Noctuelle%20en%20deuil-Tyta%20luctuosa_6277.JPG?h=170\" alt=\"Noctuelle en deuil\" width=\"255\" height=\"170\" \/><\/a><p class=\"jig-HTMLdescription\">Noctuelle en deuil<br\/>Tyta luctuosa<\/p><\/li><li><a href=\"https:\/\/i0.wp.com\/mhyrdin.fr\/blog\/wordpress\/wp-content\/gallery\/gruissan2019-1\/Ocell%C3%A9%20rubann%C3%A9-Pyronia%20bathseba_6285.JPG?ssl=1\" title=\"Pyronia bathseba\"><img loading=\"lazy\" decoding=\"async\" src=\"https:\/\/i0.wp.com\/mhyrdin.fr\/blog\/wordpress\/wp-content\/gallery\/gruissan2019-1\/Ocell%C3%A9%20rubann%C3%A9-Pyronia%20bathseba_6285.JPG?h=170\" alt=\"Ocell\u00e9 rubann\u00e9\" width=\"255\" height=\"170\" \/><\/a><p class=\"jig-HTMLdescription\">Ocell\u00e9 rubann\u00e9<br\/>Pyronia bathseba<\/p><\/li><li><a href=\"https:\/\/i0.wp.com\/mhyrdin.fr\/blog\/wordpress\/wp-content\/gallery\/gruissan2019-1\/Silene-Brintesia%20circe_6481.JPG?ssl=1\" title=\"Brintesia circe\"><img loading=\"lazy\" decoding=\"async\" src=\"https:\/\/i0.wp.com\/mhyrdin.fr\/blog\/wordpress\/wp-content\/gallery\/gruissan2019-1\/Silene-Brintesia%20circe_6481.JPG?h=170\" alt=\"Silene\" width=\"255\" height=\"170\" \/><\/a><p class=\"jig-HTMLdescription\">Silene<br\/>Brintesia circe<\/p><\/li><li><a href=\"https:\/\/i0.wp.com\/mhyrdin.fr\/blog\/wordpress\/wp-content\/gallery\/gruissan2019-1\/Th%C3%A9cla%20du%20kerm%C3%A8s-Satyrium%20esculi_6239.JPG?ssl=1\" title=\"Satyrium esculi\"><img loading=\"lazy\" decoding=\"async\" src=\"https:\/\/i0.wp.com\/mhyrdin.fr\/blog\/wordpress\/wp-content\/gallery\/gruissan2019-1\/Th%C3%A9cla%20du%20kerm%C3%A8s-Satyrium%20esculi_6239.JPG?h=170\" alt=\"Th\u00e9cla du kerm\u00e8s\" width=\"255\" height=\"170\" \/><\/a><p class=\"jig-HTMLdescription\">Th\u00e9cla du kerm\u00e8s<br\/>Satyrium esculi<\/p><\/li><li><a href=\"https:\/\/i0.wp.com\/mhyrdin.fr\/blog\/wordpress\/wp-content\/gallery\/gruissan2019-1\/Zyg%C3%A8ne%20erythrus_6454.JPG?ssl=1\"><img loading=\"lazy\" decoding=\"async\" src=\"https:\/\/i0.wp.com\/mhyrdin.fr\/blog\/wordpress\/wp-content\/gallery\/gruissan2019-1\/Zyg%C3%A8ne%20erythrus_6454.JPG?h=170\" alt=\"Zyg\u00e8ne erythrus\" width=\"255\" height=\"170\" \/><\/a><p class=\"jig-HTMLdescription\">Zyg\u00e8ne erythrus<\/p><\/li><li><a href=\"https:\/\/i0.wp.com\/mhyrdin.fr\/blog\/wordpress\/wp-content\/gallery\/gruissan2019-1\/Zygena%20erythrus_6515.JPG?ssl=1\"><img loading=\"lazy\" decoding=\"async\" src=\"https:\/\/i0.wp.com\/mhyrdin.fr\/blog\/wordpress\/wp-content\/gallery\/gruissan2019-1\/Zygena%20erythrus_6515.JPG?h=170\" alt=\"Zygena erythrus\" width=\"113\" height=\"170\" \/><\/a><p class=\"jig-HTMLdescription\">Zygena erythrus<\/p><\/li><li><a href=\"https:\/\/i0.wp.com\/mhyrdin.fr\/blog\/wordpress\/wp-content\/gallery\/gruissan2019-1\/Libello%C3%AFdes%20ictericus_6375.JPG?ssl=1\"><img loading=\"lazy\" decoding=\"async\" src=\"https:\/\/i0.wp.com\/mhyrdin.fr\/blog\/wordpress\/wp-content\/gallery\/gruissan2019-1\/Libello%C3%AFdes%20ictericus_6375.JPG?h=170\" alt=\"Libello\u00efdes ictericus\" width=\"113\" height=\"170\" \/><\/a><p class=\"jig-HTMLdescription\">Libello\u00efdes ictericus<\/p><\/li><li><a href=\"https:\/\/i0.wp.com\/mhyrdin.fr\/blog\/wordpress\/wp-content\/gallery\/gruissan2019-1\/Libello%C3%AFdes%20ictericus_6382.JPG?ssl=1\"><img loading=\"lazy\" decoding=\"async\" src=\"https:\/\/i0.wp.com\/mhyrdin.fr\/blog\/wordpress\/wp-content\/gallery\/gruissan2019-1\/Libello%C3%AFdes%20ictericus_6382.JPG?h=170\" alt=\"Libello\u00efdes ictericus\" width=\"170\" height=\"170\" \/><\/a><p class=\"jig-HTMLdescription\">Libello\u00efdes ictericus<\/p><\/li><\/ul><\/noscript><\/div><div id=\"jig1-developerLink\" class=\"jig-developerLink\"><a href=\"https:\/\/justifiedgrid.com\/\" target=\"_blank\" title=\"Justified Image Grid - Premium WordPress Gallery\">powered by Justified Image Grid<\/a><\/div>\n<h3>Related Images:<\/h3>","protected":false},"excerpt":{"rendered":"<p>Le camping apr\u00e8s l&rsquo;orageBalise est des AyguadesGCU_6567\u00c9tang de l&rsquo;AyrollesLe CanigouCanigou_6572Bergeronnette printani\u00e8reFlamant roseFlamant roseFlamant roseFlamant roseFauvette m\u00e9lanoc\u00e9phaleFauvette m\u00e9lanoc\u00e9phaleGo\u00e9land railleurGravelot \u00e0 collier interrompuPie gri\u00e8che \u00e0 t\u00eate roussePie gri\u00e8che \u00e0 t\u00eate rousseSterne naineSterne naineSterne naineSterne naineSterne naineSterne naineSterne naineSterne naineAgresteHipparchia semeleAgresteHipparchia semeleAmaryllis de VallentinPyronia ceciliaAmaryllis de VallentinPyronia ceciliaArgus brunAricia agestisArgus brunAricia agestisCitron de ProvenceGonopteryx cleopatraCitron de ProvenceGonopteryx cleopatra\u00c9chiquier [&hellip;]<\/p>\n","protected":false},"author":4,"featured_media":0,"parent":17205,"menu_order":10,"comment_status":"closed","ping_status":"closed","template":"","meta":{"ngg_post_thumbnail":0,"jetpack_post_was_ever_published":false,"footnotes":"","_links_to":"","_links_to_target":""},"class_list":["post-17741","page","type-page","status-publish","hentry"],"jetpack_shortlink":"https:\/\/wp.me\/P9lSZN-4C9","jetpack_sharing_enabled":true,"_links":{"self":[{"href":"https:\/\/mhyrdin.fr\/blog\/wp-json\/wp\/v2\/pages\/17741","targetHints":{"allow":["GET"]}}],"collection":[{"href":"https:\/\/mhyrdin.fr\/blog\/wp-json\/wp\/v2\/pages"}],"about":[{"href":"https:\/\/mhyrdin.fr\/blog\/wp-json\/wp\/v2\/types\/page"}],"author":[{"embeddable":true,"href":"https:\/\/mhyrdin.fr\/blog\/wp-json\/wp\/v2\/users\/4"}],"replies":[{"embeddable":true,"href":"https:\/\/mhyrdin.fr\/blog\/wp-json\/wp\/v2\/comments?post=17741"}],"version-history":[{"count":1,"href":"https:\/\/mhyrdin.fr\/blog\/wp-json\/wp\/v2\/pages\/17741\/revisions"}],"predecessor-version":[{"id":23625,"href":"https:\/\/mhyrdin.fr\/blog\/wp-json\/wp\/v2\/pages\/17741\/revisions\/23625"}],"up":[{"embeddable":true,"href":"https:\/\/mhyrdin.fr\/blog\/wp-json\/wp\/v2\/pages\/17205"}],"wp:attachment":[{"href":"https:\/\/mhyrdin.fr\/blog\/wp-json\/wp\/v2\/media?parent=17741"}],"curies":[{"name":"wp","href":"https:\/\/api.w.org\/{rel}","templated":true}]}}