{"id":17740,"date":"2019-09-02T19:41:35","date_gmt":"2019-09-02T17:41:35","guid":{"rendered":"https:\/\/mhyrdin.fr\/blog\/2019-2\/le-bateau-fantome\/"},"modified":"2022-10-18T00:32:23","modified_gmt":"2022-10-17T22:32:23","slug":"le-bateau-fantome","status":"publish","type":"page","link":"https:\/\/mhyrdin.fr\/blog\/archives-numeriques\/2019-2\/juin-2019\/le-bateau-fantome\/","title":{"rendered":"Le b\u00e2teau fant\u00f4me"},"content":{"rendered":"<div id=\"jig1\" class=\"justified-image-grid jig-e77a7da3c329ad777dd1c4dc12e811b8 jig-preset-global jig-source-nextgen\"><div class=\"jig-clearfix\"><\/div><noscript id=\"jig1-html\" class=\"justified-image-grid-html\" data-lazy-src=\"skiplazyload\" data-src=\"skipunveillazyload\"><ul><li><a href=\"https:\/\/i0.wp.com\/mhyrdin.fr\/blog\/wordpress\/wp-content\/gallery\/cisne-branco\/Cisne-Branco_6010R.jpg?ssl=1\"><img loading=\"lazy\" decoding=\"async\" src=\"https:\/\/i0.wp.com\/mhyrdin.fr\/blog\/wordpress\/wp-content\/gallery\/cisne-branco\/Cisne-Branco_6010R.jpg?h=170\" alt=\"A quai\" width=\"113\" height=\"170\" \/><\/a><p class=\"jig-HTMLdescription\">A quai<\/p><\/li><li><a href=\"https:\/\/i0.wp.com\/mhyrdin.fr\/blog\/wordpress\/wp-content\/gallery\/cisne-branco\/Cisne-Branco_6014R.jpg?ssl=1\"><img loading=\"lazy\" decoding=\"async\" src=\"https:\/\/i0.wp.com\/mhyrdin.fr\/blog\/wordpress\/wp-content\/gallery\/cisne-branco\/Cisne-Branco_6014R.jpg?h=170\" alt=\"Relevage de la passerelle\" width=\"113\" height=\"170\" \/><\/a><p class=\"jig-HTMLdescription\">Relevage de la passerelle<\/p><\/li><li><a href=\"https:\/\/i0.wp.com\/mhyrdin.fr\/blog\/wordpress\/wp-content\/gallery\/cisne-branco\/Cisne-Branco_6020R.jpg?ssl=1\" title=\"&quot;Pilote \u00e0 bord&quot;\"><img loading=\"lazy\" decoding=\"async\" src=\"https:\/\/i0.wp.com\/mhyrdin.fr\/blog\/wordpress\/wp-content\/gallery\/cisne-branco\/Cisne-Branco_6020R.jpg?h=170\" alt=\"Pavillons hiss\u00e9s\" width=\"113\" height=\"170\" \/><\/a><p class=\"jig-HTMLdescription\">Pavillons hiss\u00e9s<br\/>\"Pilote \u00e0 bord\"<\/p><\/li><li><a href=\"https:\/\/i0.wp.com\/mhyrdin.fr\/blog\/wordpress\/wp-content\/gallery\/cisne-branco\/Cisne-Branco_6028R.jpg?ssl=1\"><img loading=\"lazy\" decoding=\"async\" src=\"https:\/\/i0.wp.com\/mhyrdin.fr\/blog\/wordpress\/wp-content\/gallery\/cisne-branco\/Cisne-Branco_6028R.jpg?h=170\" alt=\"Installation des \u00e9lingues\" width=\"113\" height=\"170\" \/><\/a><p class=\"jig-HTMLdescription\">Installation des \u00e9lingues<\/p><\/li><li><a href=\"https:\/\/i0.wp.com\/mhyrdin.fr\/blog\/wordpress\/wp-content\/gallery\/cisne-branco\/Cisne-Branco_6034R.jpg?ssl=1\" title=\"bleu marine et 21 \u00e9toiles\"><img loading=\"lazy\" decoding=\"async\" src=\"https:\/\/i0.wp.com\/mhyrdin.fr\/blog\/wordpress\/wp-content\/gallery\/cisne-branco\/Cisne-Branco_6034R.jpg?h=170\" alt=\"Pavillon de proue\" width=\"113\" height=\"170\" \/><\/a><p class=\"jig-HTMLdescription\">Pavillon de proue<br\/>bleu marine et 21 \u00e9toiles<\/p><\/li><li><a href=\"https:\/\/i0.wp.com\/mhyrdin.fr\/blog\/wordpress\/wp-content\/gallery\/cisne-branco\/Cisne-Branco_6038R.jpg?ssl=1\"><img loading=\"lazy\" decoding=\"async\" src=\"https:\/\/i0.wp.com\/mhyrdin.fr\/blog\/wordpress\/wp-content\/gallery\/cisne-branco\/Cisne-Branco_6038R.jpg?h=170\" alt=\"\u00c9lingues en tension\" width=\"255\" height=\"170\" \/><\/a><p class=\"jig-HTMLdescription\">\u00c9lingues en tension<\/p><\/li><li><a href=\"https:\/\/i0.wp.com\/mhyrdin.fr\/blog\/wordpress\/wp-content\/gallery\/cisne-branco\/Cisne-Branco_6041R.jpg?ssl=1\"><img loading=\"lazy\" decoding=\"async\" src=\"https:\/\/i0.wp.com\/mhyrdin.fr\/blog\/wordpress\/wp-content\/gallery\/cisne-branco\/Cisne-Branco_6041R.jpg?h=170\" alt=\"Pavillon affal\u00e9\" width=\"113\" height=\"170\" \/><\/a><p class=\"jig-HTMLdescription\">Pavillon affal\u00e9<\/p><\/li><li><a href=\"https:\/\/i0.wp.com\/mhyrdin.fr\/blog\/wordpress\/wp-content\/gallery\/cisne-branco\/Cisne-Branco_6045R.jpg?ssl=1\"><img loading=\"lazy\" decoding=\"async\" src=\"https:\/\/i0.wp.com\/mhyrdin.fr\/blog\/wordpress\/wp-content\/gallery\/cisne-branco\/Cisne-Branco_6045R.jpg?h=170\" alt=\"D\u00e9bordement du quai\" width=\"113\" height=\"170\" \/><\/a><p class=\"jig-HTMLdescription\">D\u00e9bordement du quai<\/p><\/li><li><a href=\"https:\/\/i0.wp.com\/mhyrdin.fr\/blog\/wordpress\/wp-content\/gallery\/cisne-branco\/Cisne-Branco_6048R.jpg?ssl=1\"><img loading=\"lazy\" decoding=\"async\" src=\"https:\/\/i0.wp.com\/mhyrdin.fr\/blog\/wordpress\/wp-content\/gallery\/cisne-branco\/Cisne-Branco_6048R.jpg?h=170\" alt=\"Petit pavois hiss\u00e9\" width=\"113\" height=\"170\" \/><\/a><p class=\"jig-HTMLdescription\">Petit pavois hiss\u00e9<\/p><\/li><li><a href=\"https:\/\/i0.wp.com\/mhyrdin.fr\/blog\/wordpress\/wp-content\/gallery\/cisne-branco\/Cisne-Branco_6051R.jpg?ssl=1\"><img loading=\"lazy\" decoding=\"async\" src=\"https:\/\/i0.wp.com\/mhyrdin.fr\/blog\/wordpress\/wp-content\/gallery\/cisne-branco\/Cisne-Branco_6051R.jpg?h=170\" alt=\"man\u0153uvre \u00e0 deux remorqueurs\" width=\"113\" height=\"170\" \/><\/a><p class=\"jig-HTMLdescription\">man\u0153uvre \u00e0 deux remorqueurs<\/p><\/li><li><a href=\"https:\/\/i0.wp.com\/mhyrdin.fr\/blog\/wordpress\/wp-content\/gallery\/cisne-branco\/Cisne-Branco_6057R.jpg?ssl=1\"><img loading=\"lazy\" decoding=\"async\" src=\"https:\/\/i0.wp.com\/mhyrdin.fr\/blog\/wordpress\/wp-content\/gallery\/cisne-branco\/Cisne-Branco_6057R.jpg?h=170\" alt=\"premi\u00e8re \u00e9lingue largu\u00e9e\" width=\"255\" height=\"170\" \/><\/a><p class=\"jig-HTMLdescription\">premi\u00e8re \u00e9lingue largu\u00e9e<\/p><\/li><li><a href=\"https:\/\/i0.wp.com\/mhyrdin.fr\/blog\/wordpress\/wp-content\/gallery\/cisne-branco\/Cisne-Branco_6061R.jpg?ssl=1\"><img loading=\"lazy\" decoding=\"async\" src=\"https:\/\/i0.wp.com\/mhyrdin.fr\/blog\/wordpress\/wp-content\/gallery\/cisne-branco\/Cisne-Branco_6061R.jpg?h=170\" alt=\"Fin de man\u0153uvre\" width=\"255\" height=\"170\" \/><\/a><p class=\"jig-HTMLdescription\">Fin de man\u0153uvre<\/p><\/li><li><a href=\"https:\/\/i0.wp.com\/mhyrdin.fr\/blog\/wordpress\/wp-content\/gallery\/cisne-branco\/Cisne-Branco_6065R.jpg?ssl=1\"><img loading=\"lazy\" decoding=\"async\" src=\"https:\/\/i0.wp.com\/mhyrdin.fr\/blog\/wordpress\/wp-content\/gallery\/cisne-branco\/Cisne-Branco_6065R.jpg?h=170\" alt=\"Autonome\" width=\"255\" height=\"170\" \/><\/a><p class=\"jig-HTMLdescription\">Autonome<\/p><\/li><li><a href=\"https:\/\/i0.wp.com\/mhyrdin.fr\/blog\/wordpress\/wp-content\/gallery\/cisne-branco\/Cisne-Branco_6069R.jpg?ssl=1\"><img loading=\"lazy\" decoding=\"async\" src=\"https:\/\/i0.wp.com\/mhyrdin.fr\/blog\/wordpress\/wp-content\/gallery\/cisne-branco\/Cisne-Branco_6069R.jpg?h=170\" alt=\"ancien et moderne\" width=\"113\" height=\"170\" \/><\/a><p class=\"jig-HTMLdescription\">ancien et moderne<\/p><\/li><li><a href=\"https:\/\/i0.wp.com\/mhyrdin.fr\/blog\/wordpress\/wp-content\/gallery\/cisne-branco\/Cisne-Branco_6074R.jpg?ssl=1\"><img loading=\"lazy\" decoding=\"async\" src=\"https:\/\/i0.wp.com\/mhyrdin.fr\/blog\/wordpress\/wp-content\/gallery\/cisne-branco\/Cisne-Branco_6074R.jpg?h=170\" alt=\"En route vers la passe ouest\" width=\"255\" height=\"170\" \/><\/a><p class=\"jig-HTMLdescription\">En route vers la passe ouest<\/p><\/li><li><a href=\"https:\/\/i0.wp.com\/mhyrdin.fr\/blog\/wordpress\/wp-content\/gallery\/cisne-branco\/Cisne-Branco_6076R.jpg?ssl=1\" title=\"Depuis les &quot;quatre pompes&quot;\"><img loading=\"lazy\" decoding=\"async\" src=\"https:\/\/i0.wp.com\/mhyrdin.fr\/blog\/wordpress\/wp-content\/gallery\/cisne-branco\/Cisne-Branco_6076R.jpg?h=170\" alt=\"Cap vers le Goulet\" width=\"255\" height=\"170\" \/><\/a><p class=\"jig-HTMLdescription\">Cap vers le Goulet<br\/>Depuis les \"quatre pompes\"<\/p><\/li><li><a href=\"https:\/\/i0.wp.com\/mhyrdin.fr\/blog\/wordpress\/wp-content\/gallery\/cisne-branco\/Cisne-Branco_6078R.jpg?ssl=1\" title=\"Depuis les &quot;quatre pompes&quot;\"><img loading=\"lazy\" decoding=\"async\" src=\"https:\/\/i0.wp.com\/mhyrdin.fr\/blog\/wordpress\/wp-content\/gallery\/cisne-branco\/Cisne-Branco_6078R.jpg?h=170\" alt=\"Dans la rade\" width=\"255\" height=\"170\" \/><\/a><p class=\"jig-HTMLdescription\">Dans la rade<br\/>Depuis les \"quatre pompes\"<\/p><\/li><li><a href=\"https:\/\/i0.wp.com\/mhyrdin.fr\/blog\/wordpress\/wp-content\/gallery\/cisne-branco\/Cisne-Branco_6081R.jpg?ssl=1\" title=\"Depuis les &quot;quatre pompes&quot;\"><img loading=\"lazy\" decoding=\"async\" src=\"https:\/\/i0.wp.com\/mhyrdin.fr\/blog\/wordpress\/wp-content\/gallery\/cisne-branco\/Cisne-Branco_6081R.jpg?h=170\" alt=\"Dans la rade\" width=\"255\" height=\"170\" \/><\/a><p class=\"jig-HTMLdescription\">Dans la rade<br\/>Depuis les \"quatre pompes\"<\/p><\/li><li><a href=\"https:\/\/i0.wp.com\/mhyrdin.fr\/blog\/wordpress\/wp-content\/gallery\/cisne-branco\/Cisne-Branco_6083R.jpg?ssl=1\" title=\"Depuis les &quot;quatre pompes&quot;\"><img loading=\"lazy\" decoding=\"async\" src=\"https:\/\/i0.wp.com\/mhyrdin.fr\/blog\/wordpress\/wp-content\/gallery\/cisne-branco\/Cisne-Branco_6083R.jpg?h=170\" alt=\"Dans la rade\" width=\"113\" height=\"170\" \/><\/a><p class=\"jig-HTMLdescription\">Dans la rade<br\/>Depuis les \"quatre pompes\"<\/p><\/li><li><a href=\"https:\/\/i0.wp.com\/mhyrdin.fr\/blog\/wordpress\/wp-content\/gallery\/cisne-branco\/Cisne-Branco_6091R.jpg?ssl=1\" title=\"Depuis les &quot;quatre pompes&quot;\"><img loading=\"lazy\" decoding=\"async\" src=\"https:\/\/i0.wp.com\/mhyrdin.fr\/blog\/wordpress\/wp-content\/gallery\/cisne-branco\/Cisne-Branco_6091R.jpg?h=170\" alt=\"Dans la rade\" width=\"255\" height=\"170\" \/><\/a><p class=\"jig-HTMLdescription\">Dans la rade<br\/>Depuis les \"quatre pompes\"<\/p><\/li><li><a href=\"https:\/\/i0.wp.com\/mhyrdin.fr\/blog\/wordpress\/wp-content\/gallery\/cisne-branco\/Cisne-Branco_6093R.jpg?ssl=1\" title=\"Depuis les &quot;quatre pompes&quot;\"><img loading=\"lazy\" decoding=\"async\" src=\"https:\/\/i0.wp.com\/mhyrdin.fr\/blog\/wordpress\/wp-content\/gallery\/cisne-branco\/Cisne-Branco_6093R.jpg?h=170\" alt=\"Vers la Pointe des espagnols\" width=\"113\" height=\"170\" \/><\/a><p class=\"jig-HTMLdescription\">Vers la Pointe des espagnols<br\/>Depuis les \"quatre pompes\"<\/p><\/li><li><a href=\"https:\/\/i0.wp.com\/mhyrdin.fr\/blog\/wordpress\/wp-content\/gallery\/cisne-branco\/Cisne-Branco_6094R.jpg?ssl=1\" title=\"Depuis les &quot;quatre pompes&quot;\"><img loading=\"lazy\" decoding=\"async\" src=\"https:\/\/i0.wp.com\/mhyrdin.fr\/blog\/wordpress\/wp-content\/gallery\/cisne-branco\/Cisne-Branco_6094R.jpg?h=170\" alt=\"Vers la Pointe des espagnols\" width=\"255\" height=\"170\" \/><\/a><p class=\"jig-HTMLdescription\">Vers la Pointe des espagnols<br\/>Depuis les \"quatre pompes\"<\/p><\/li><li><a href=\"https:\/\/i0.wp.com\/mhyrdin.fr\/blog\/wordpress\/wp-content\/gallery\/cisne-branco\/Cisne-Branco_6092R.jpg?ssl=1\"><img loading=\"lazy\" decoding=\"async\" src=\"https:\/\/i0.wp.com\/mhyrdin.fr\/blog\/wordpress\/wp-content\/gallery\/cisne-branco\/Cisne-Branco_6092R.jpg?h=170\" alt=\"Le phare de Ste Anne du Portzic\" width=\"113\" height=\"170\" \/><\/a><p class=\"jig-HTMLdescription\">Le phare de Ste Anne du Portzic<\/p><\/li><\/ul><\/noscript><\/div><div id=\"jig1-developerLink\" class=\"jig-developerLink\"><a href=\"https:\/\/justifiedgrid.com\/\" target=\"_blank\" title=\"Justified Image Grid - Premium WordPress Gallery\">powered by Justified Image Grid<\/a><\/div>\n<h3>Related Images:<\/h3>","protected":false},"excerpt":{"rendered":"<p>A quaiRelevage de la passerellePavillons hiss\u00e9s\u00a0\u00bbPilote \u00e0 bord\u00a0\u00bbInstallation des \u00e9linguesPavillon de prouebleu marine et 21 \u00e9toiles\u00c9lingues en tensionPavillon affal\u00e9D\u00e9bordement du quaiPetit pavois hiss\u00e9man\u0153uvre \u00e0 deux remorqueurspremi\u00e8re \u00e9lingue largu\u00e9eFin de man\u0153uvreAutonomeancien et moderneEn route vers la passe ouestCap vers le GouletDepuis les \u00ab\u00a0quatre pompes\u00a0\u00bbDans la radeDepuis les \u00ab\u00a0quatre pompes\u00a0\u00bbDans la radeDepuis les \u00ab\u00a0quatre pompes\u00a0\u00bbDans la radeDepuis [&hellip;]<\/p>\n","protected":false},"author":4,"featured_media":0,"parent":17205,"menu_order":9,"comment_status":"closed","ping_status":"closed","template":"templates\/full-width-page.php","meta":{"ngg_post_thumbnail":0,"jetpack_post_was_ever_published":false,"footnotes":"","_links_to":"","_links_to_target":""},"class_list":["post-17740","page","type-page","status-publish","hentry"],"jetpack_shortlink":"https:\/\/wp.me\/P9lSZN-4C8","jetpack_sharing_enabled":true,"_links":{"self":[{"href":"https:\/\/mhyrdin.fr\/blog\/wp-json\/wp\/v2\/pages\/17740","targetHints":{"allow":["GET"]}}],"collection":[{"href":"https:\/\/mhyrdin.fr\/blog\/wp-json\/wp\/v2\/pages"}],"about":[{"href":"https:\/\/mhyrdin.fr\/blog\/wp-json\/wp\/v2\/types\/page"}],"author":[{"embeddable":true,"href":"https:\/\/mhyrdin.fr\/blog\/wp-json\/wp\/v2\/users\/4"}],"replies":[{"embeddable":true,"href":"https:\/\/mhyrdin.fr\/blog\/wp-json\/wp\/v2\/comments?post=17740"}],"version-history":[{"count":1,"href":"https:\/\/mhyrdin.fr\/blog\/wp-json\/wp\/v2\/pages\/17740\/revisions"}],"predecessor-version":[{"id":23624,"href":"https:\/\/mhyrdin.fr\/blog\/wp-json\/wp\/v2\/pages\/17740\/revisions\/23624"}],"up":[{"embeddable":true,"href":"https:\/\/mhyrdin.fr\/blog\/wp-json\/wp\/v2\/pages\/17205"}],"wp:attachment":[{"href":"https:\/\/mhyrdin.fr\/blog\/wp-json\/wp\/v2\/media?parent=17740"}],"curies":[{"name":"wp","href":"https:\/\/api.w.org\/{rel}","templated":true}]}}