{"id":17214,"date":"2019-06-06T17:41:17","date_gmt":"2019-06-06T15:41:17","guid":{"rendered":"https:\/\/mhyrdin.fr\/blog\/2019-2\/avril\/gruissan-avril209-2\/"},"modified":"2022-10-18T00:10:59","modified_gmt":"2022-10-17T22:10:59","slug":"gruissan-avril209-2","status":"publish","type":"page","link":"https:\/\/mhyrdin.fr\/blog\/archives-numeriques\/2019-2\/avril\/gruissan-avril209-2\/","title":{"rendered":"Gruissan, \u00e9pisode II"},"content":{"rendered":"<div id=\"jig1\" class=\"justified-image-grid jig-cbb0ea8c0cc3c7e5254580e67007a7f6 jig-preset-global jig-source-nextgen\"><div class=\"jig-clearfix\"><\/div><noscript id=\"jig1-html\" class=\"justified-image-grid-html\" data-lazy-src=\"skiplazyload\" data-src=\"skipunveillazyload\"><ul><li><a href=\"https:\/\/i0.wp.com\/mhyrdin.fr\/blog\/wordpress\/wp-content\/gallery\/gruissan-avril209-2\/20190422_131849.jpg?ssl=1\" title=\"20190422_131849\"><img loading=\"lazy\" decoding=\"async\" src=\"https:\/\/i0.wp.com\/mhyrdin.fr\/blog\/wordpress\/wp-content\/gallery\/gruissan-avril209-2\/20190422_131849.jpg?h=170\" alt=\"Gruissan\" width=\"285\" height=\"170\" \/><\/a><p class=\"jig-HTMLdescription\">Gruissan<br\/>20190422_131849<\/p><\/li><li><a href=\"https:\/\/i0.wp.com\/mhyrdin.fr\/blog\/wordpress\/wp-content\/gallery\/gruissan-avril209-2\/Gcu_9303.jpg?ssl=1\" title=\"Gcu_9303\"><img loading=\"lazy\" decoding=\"async\" src=\"https:\/\/i0.wp.com\/mhyrdin.fr\/blog\/wordpress\/wp-content\/gallery\/gruissan-avril209-2\/Gcu_9303.jpg?h=170\" alt=\"Quand la M\u00e9diterran\u00e9e se f\u00e2che\" width=\"255\" height=\"170\" \/><\/a><p class=\"jig-HTMLdescription\">Quand la M\u00e9diterran\u00e9e se f\u00e2che<br\/>Gcu_9303<\/p><\/li><li><a href=\"https:\/\/i0.wp.com\/mhyrdin.fr\/blog\/wordpress\/wp-content\/gallery\/gruissan-avril209-2\/Gcu_9306.jpg?ssl=1\" title=\"Gcu_9306\"><img loading=\"lazy\" decoding=\"async\" src=\"https:\/\/i0.wp.com\/mhyrdin.fr\/blog\/wordpress\/wp-content\/gallery\/gruissan-avril209-2\/Gcu_9306.jpg?h=170\" alt=\"Quand la M\u00e9diterran\u00e9e se f\u00e2che\" width=\"255\" height=\"170\" \/><\/a><p class=\"jig-HTMLdescription\">Quand la M\u00e9diterran\u00e9e se f\u00e2che<br\/>Gcu_9306<\/p><\/li><li><a href=\"https:\/\/i0.wp.com\/mhyrdin.fr\/blog\/wordpress\/wp-content\/gallery\/gruissan-avril209-2\/Gcu_9310.jpg?ssl=1\" title=\"Gcu_9310\"><img loading=\"lazy\" decoding=\"async\" src=\"https:\/\/i0.wp.com\/mhyrdin.fr\/blog\/wordpress\/wp-content\/gallery\/gruissan-avril209-2\/Gcu_9310.jpg?h=170\" alt=\"Quand la M\u00e9diterran\u00e9e se f\u00e2che\" width=\"255\" height=\"170\" \/><\/a><p class=\"jig-HTMLdescription\">Quand la M\u00e9diterran\u00e9e se f\u00e2che<br\/>Gcu_9310<\/p><\/li><li><a href=\"https:\/\/i0.wp.com\/mhyrdin.fr\/blog\/wordpress\/wp-content\/gallery\/gruissan-avril209-2\/Gruissan_9380.jpg?ssl=1\" title=\"Gruissan_9380\"><img loading=\"lazy\" decoding=\"async\" src=\"https:\/\/i0.wp.com\/mhyrdin.fr\/blog\/wordpress\/wp-content\/gallery\/gruissan-avril209-2\/Gruissan_9380.jpg?h=170\" alt=\"Quand la M\u00e9diterran\u00e9e se f\u00e2che\" width=\"328\" height=\"170\" \/><\/a><p class=\"jig-HTMLdescription\">Quand la M\u00e9diterran\u00e9e se f\u00e2che<br\/>Gruissan_9380<\/p><\/li><li><a href=\"https:\/\/i0.wp.com\/mhyrdin.fr\/blog\/wordpress\/wp-content\/gallery\/gruissan-avril209-2\/Gruissan_1879.jpg?ssl=1\" title=\"Gruissan_1879\"><img loading=\"lazy\" decoding=\"async\" src=\"https:\/\/i0.wp.com\/mhyrdin.fr\/blog\/wordpress\/wp-content\/gallery\/gruissan-avril209-2\/Gruissan_1879.jpg?h=170\" alt=\"Quand la M\u00e9diterran\u00e9e se f\u00e2che\" width=\"320\" height=\"170\" \/><\/a><p class=\"jig-HTMLdescription\">Quand la M\u00e9diterran\u00e9e se f\u00e2che<br\/>Gruissan_1879<\/p><\/li><li><a href=\"https:\/\/i0.wp.com\/mhyrdin.fr\/blog\/wordpress\/wp-content\/gallery\/gruissan-avril209-2\/Gruissan_2099.jpg?ssl=1\" title=\"Gruissan_2099\"><img loading=\"lazy\" decoding=\"async\" src=\"https:\/\/i0.wp.com\/mhyrdin.fr\/blog\/wordpress\/wp-content\/gallery\/gruissan-avril209-2\/Gruissan_2099.jpg?h=170\" alt=\"Quand la M\u00e9diterran\u00e9e se f\u00e2che\" width=\"290\" height=\"170\" \/><\/a><p class=\"jig-HTMLdescription\">Quand la M\u00e9diterran\u00e9e se f\u00e2che<br\/>Gruissan_2099<\/p><\/li><li><a href=\"https:\/\/i0.wp.com\/mhyrdin.fr\/blog\/wordpress\/wp-content\/gallery\/gruissan-avril209-2\/Mateille_9332.jpg?ssl=1\" title=\"Mateille_9332\"><img loading=\"lazy\" decoding=\"async\" src=\"https:\/\/i0.wp.com\/mhyrdin.fr\/blog\/wordpress\/wp-content\/gallery\/gruissan-avril209-2\/Mateille_9332.jpg?h=170\" alt=\"Quand la M\u00e9diterran\u00e9e se f\u00e2che\" width=\"255\" height=\"170\" \/><\/a><p class=\"jig-HTMLdescription\">Quand la M\u00e9diterran\u00e9e se f\u00e2che<br\/>Mateille_9332<\/p><\/li><li><a href=\"https:\/\/i0.wp.com\/mhyrdin.fr\/blog\/wordpress\/wp-content\/gallery\/gruissan-avril209-2\/Mateille_9333.jpg?ssl=1\" title=\"Mateille_9333\"><img loading=\"lazy\" decoding=\"async\" src=\"https:\/\/i0.wp.com\/mhyrdin.fr\/blog\/wordpress\/wp-content\/gallery\/gruissan-avril209-2\/Mateille_9333.jpg?h=170\" alt=\"Quand la M\u00e9diterran\u00e9e se f\u00e2che\" width=\"255\" height=\"170\" \/><\/a><p class=\"jig-HTMLdescription\">Quand la M\u00e9diterran\u00e9e se f\u00e2che<br\/>Mateille_9333<\/p><\/li><li><a href=\"https:\/\/i0.wp.com\/mhyrdin.fr\/blog\/wordpress\/wp-content\/gallery\/gruissan-avril209-2\/Crabe_2255.jpg?ssl=1\" title=\"Crabe_2255\"><img loading=\"lazy\" decoding=\"async\" src=\"https:\/\/i0.wp.com\/mhyrdin.fr\/blog\/wordpress\/wp-content\/gallery\/gruissan-avril209-2\/Crabe_2255.jpg?h=170\" alt=\"Crabe sp.\" width=\"255\" height=\"170\" \/><\/a><p class=\"jig-HTMLdescription\">Crabe sp.<br\/>Crabe_2255<\/p><\/li><li><a href=\"https:\/\/i0.wp.com\/mhyrdin.fr\/blog\/wordpress\/wp-content\/gallery\/gruissan-avril209-2\/Aphyllanthe-de-Montpellier_2147.jpg?ssl=1\"><img loading=\"lazy\" decoding=\"async\" src=\"https:\/\/i0.wp.com\/mhyrdin.fr\/blog\/wordpress\/wp-content\/gallery\/gruissan-avril209-2\/Aphyllanthe-de-Montpellier_2147.jpg?h=170\" alt=\"Aphyllanthe de Montpellier\" width=\"255\" height=\"170\" \/><\/a><p class=\"jig-HTMLdescription\">Aphyllanthe de Montpellier<\/p><\/li><li><a href=\"https:\/\/i0.wp.com\/mhyrdin.fr\/blog\/wordpress\/wp-content\/gallery\/gruissan-avril209-2\/Laitue-vivace-Lactuca-perennis_0843.jpg?ssl=1\" title=\"Lactuca perennis\"><img loading=\"lazy\" decoding=\"async\" src=\"https:\/\/i0.wp.com\/mhyrdin.fr\/blog\/wordpress\/wp-content\/gallery\/gruissan-avril209-2\/Laitue-vivace-Lactuca-perennis_0843.jpg?h=170\" alt=\"Laitue vivace\" width=\"255\" height=\"170\" \/><\/a><p class=\"jig-HTMLdescription\">Laitue vivace<br\/>Lactuca perennis<\/p><\/li><li><a href=\"https:\/\/i0.wp.com\/mhyrdin.fr\/blog\/wordpress\/wp-content\/gallery\/gruissan-avril209-2\/Ophrys-scolopax_2186.jpg?ssl=1\"><img loading=\"lazy\" decoding=\"async\" src=\"https:\/\/i0.wp.com\/mhyrdin.fr\/blog\/wordpress\/wp-content\/gallery\/gruissan-avril209-2\/Ophrys-scolopax_2186.jpg?h=170\" alt=\"Ophrys scolopax\" width=\"255\" height=\"170\" \/><\/a><p class=\"jig-HTMLdescription\">Ophrys scolopax<\/p><\/li><li><a href=\"https:\/\/i0.wp.com\/mhyrdin.fr\/blog\/wordpress\/wp-content\/gallery\/gruissan-avril209-2\/C%C3%A9toine-h%C3%A9riss%C3%A9_2191.jpg?ssl=1\"><img loading=\"lazy\" decoding=\"async\" src=\"https:\/\/i0.wp.com\/mhyrdin.fr\/blog\/wordpress\/wp-content\/gallery\/gruissan-avril209-2\/C%C3%A9toine-h%C3%A9riss%C3%A9_2191.jpg?h=170\" alt=\"C\u00e9toine h\u00e9riss\u00e9\" width=\"255\" height=\"170\" \/><\/a><p class=\"jig-HTMLdescription\">C\u00e9toine h\u00e9riss\u00e9<\/p><\/li><li><a href=\"https:\/\/i0.wp.com\/mhyrdin.fr\/blog\/wordpress\/wp-content\/gallery\/gruissan-avril209-2\/%C3%89chiquier-dOccitanie_2195.jpg?ssl=1\"><img loading=\"lazy\" decoding=\"async\" src=\"https:\/\/i0.wp.com\/mhyrdin.fr\/blog\/wordpress\/wp-content\/gallery\/gruissan-avril209-2\/%C3%89chiquier-dOccitanie_2195.jpg?h=170\" alt=\"\u00c9chiquier d&#039;Occitanie\" width=\"255\" height=\"170\" \/><\/a><p class=\"jig-HTMLdescription\">\u00c9chiquier d'Occitanie<\/p><\/li><li><a href=\"https:\/\/i0.wp.com\/mhyrdin.fr\/blog\/wordpress\/wp-content\/gallery\/gruissan-avril209-2\/%C3%89chiquier-dOccitanie_2198.jpg?ssl=1\"><img loading=\"lazy\" decoding=\"async\" src=\"https:\/\/i0.wp.com\/mhyrdin.fr\/blog\/wordpress\/wp-content\/gallery\/gruissan-avril209-2\/%C3%89chiquier-dOccitanie_2198.jpg?h=170\" alt=\"\u00c9chiquier d&#039;Occitanie\" width=\"113\" height=\"170\" \/><\/a><p class=\"jig-HTMLdescription\">\u00c9chiquier d'Occitanie<\/p><\/li><li><a href=\"https:\/\/i0.wp.com\/mhyrdin.fr\/blog\/wordpress\/wp-content\/gallery\/gruissan-avril209-2\/Gaz%C3%A9_2279.jpg?ssl=1\"><img loading=\"lazy\" decoding=\"async\" src=\"https:\/\/i0.wp.com\/mhyrdin.fr\/blog\/wordpress\/wp-content\/gallery\/gruissan-avril209-2\/Gaz%C3%A9_2279.jpg?h=170\" alt=\"Gaz\u00e9\" width=\"255\" height=\"170\" \/><\/a><p class=\"jig-HTMLdescription\">Gaz\u00e9<\/p><\/li><li><a href=\"https:\/\/i0.wp.com\/mhyrdin.fr\/blog\/wordpress\/wp-content\/gallery\/gruissan-avril209-2\/M%C3%A9lit%C3%A9e-du-plantain-Melitaea-cinxia_0863.jpg?ssl=1\" title=\"Melitaea cinxia\"><img loading=\"lazy\" decoding=\"async\" src=\"https:\/\/i0.wp.com\/mhyrdin.fr\/blog\/wordpress\/wp-content\/gallery\/gruissan-avril209-2\/M%C3%A9lit%C3%A9e-du-plantain-Melitaea-cinxia_0863.jpg?h=170\" alt=\"M\u00e9lit\u00e9e du plantain\" width=\"255\" height=\"170\" \/><\/a><p class=\"jig-HTMLdescription\">M\u00e9lit\u00e9e du plantain<br\/>Melitaea cinxia<\/p><\/li><li><a href=\"https:\/\/i0.wp.com\/mhyrdin.fr\/blog\/wordpress\/wp-content\/gallery\/gruissan-avril209-2\/Souci_2141.jpg?ssl=1\" title=\"Souci_2141\"><img loading=\"lazy\" decoding=\"async\" src=\"https:\/\/i0.wp.com\/mhyrdin.fr\/blog\/wordpress\/wp-content\/gallery\/gruissan-avril209-2\/Souci_2141.jpg?h=170\" alt=\"Souci\" width=\"255\" height=\"170\" \/><\/a><p class=\"jig-HTMLdescription\">Souci<br\/>Souci_2141<\/p><\/li><li><a href=\"https:\/\/i0.wp.com\/mhyrdin.fr\/blog\/wordpress\/wp-content\/gallery\/gruissan-avril209-2\/Bruant-proyer_1121.jpg?ssl=1\"><img loading=\"lazy\" decoding=\"async\" src=\"https:\/\/i0.wp.com\/mhyrdin.fr\/blog\/wordpress\/wp-content\/gallery\/gruissan-avril209-2\/Bruant-proyer_1121.jpg?h=170\" alt=\"Bruant proyer\" width=\"255\" height=\"170\" \/><\/a><p class=\"jig-HTMLdescription\">Bruant proyer<\/p><\/li><li><a href=\"https:\/\/i0.wp.com\/mhyrdin.fr\/blog\/wordpress\/wp-content\/gallery\/gruissan-avril209-2\/Gobemouche-noir_0876.jpg?ssl=1\"><img loading=\"lazy\" decoding=\"async\" src=\"https:\/\/i0.wp.com\/mhyrdin.fr\/blog\/wordpress\/wp-content\/gallery\/gruissan-avril209-2\/Gobemouche-noir_0876.jpg?h=170\" alt=\"Gobemouche noir\" width=\"113\" height=\"170\" \/><\/a><p class=\"jig-HTMLdescription\">Gobemouche noir<\/p><\/li><li><a href=\"https:\/\/i0.wp.com\/mhyrdin.fr\/blog\/wordpress\/wp-content\/gallery\/gruissan-avril209-2\/Coucou-gris_1176.jpg?ssl=1\"><img loading=\"lazy\" decoding=\"async\" src=\"https:\/\/i0.wp.com\/mhyrdin.fr\/blog\/wordpress\/wp-content\/gallery\/gruissan-avril209-2\/Coucou-gris_1176.jpg?h=170\" alt=\"Coucou gris\" width=\"255\" height=\"170\" \/><\/a><p class=\"jig-HTMLdescription\">Coucou gris<\/p><\/li><li><a href=\"https:\/\/i0.wp.com\/mhyrdin.fr\/blog\/wordpress\/wp-content\/gallery\/gruissan-avril209-2\/Gobemouche-%C3%A0-collier_0919.jpg?ssl=1\"><img loading=\"lazy\" decoding=\"async\" src=\"https:\/\/i0.wp.com\/mhyrdin.fr\/blog\/wordpress\/wp-content\/gallery\/gruissan-avril209-2\/Gobemouche-%C3%A0-collier_0919.jpg?h=170\" alt=\"Gobemouche \u00e0 collier\" width=\"255\" height=\"170\" \/><\/a><p class=\"jig-HTMLdescription\">Gobemouche \u00e0 collier<\/p><\/li><li><a href=\"https:\/\/i0.wp.com\/mhyrdin.fr\/blog\/wordpress\/wp-content\/gallery\/gruissan-avril209-2\/Gobemouche-%C3%A0-collier_1033.jpg?ssl=1\"><img loading=\"lazy\" decoding=\"async\" src=\"https:\/\/i0.wp.com\/mhyrdin.fr\/blog\/wordpress\/wp-content\/gallery\/gruissan-avril209-2\/Gobemouche-%C3%A0-collier_1033.jpg?h=170\" alt=\"Gobemouche \u00e0 collier\" width=\"255\" height=\"170\" \/><\/a><p class=\"jig-HTMLdescription\">Gobemouche \u00e0 collier<\/p><\/li><li><a href=\"https:\/\/i0.wp.com\/mhyrdin.fr\/blog\/wordpress\/wp-content\/gallery\/gruissan-avril209-2\/Hu%C3%AEtrier-pie_2208.jpg?ssl=1\"><img loading=\"lazy\" decoding=\"async\" src=\"https:\/\/i0.wp.com\/mhyrdin.fr\/blog\/wordpress\/wp-content\/gallery\/gruissan-avril209-2\/Hu%C3%AEtrier-pie_2208.jpg?h=170\" alt=\"Hu\u00eetrier pie\" width=\"255\" height=\"170\" \/><\/a><p class=\"jig-HTMLdescription\">Hu\u00eetrier pie<\/p><\/li><li><a href=\"https:\/\/i0.wp.com\/mhyrdin.fr\/blog\/wordpress\/wp-content\/gallery\/gruissan-avril209-2\/Moineau-soulcie_2166.jpg?ssl=1\"><img loading=\"lazy\" decoding=\"async\" src=\"https:\/\/i0.wp.com\/mhyrdin.fr\/blog\/wordpress\/wp-content\/gallery\/gruissan-avril209-2\/Moineau-soulcie_2166.jpg?h=170\" alt=\"Moineau-soulcie_2166\" width=\"255\" height=\"170\" \/><\/a><p class=\"jig-HTMLdescription\">Moineau-soulcie_2166<\/p><\/li><li><a href=\"https:\/\/i0.wp.com\/mhyrdin.fr\/blog\/wordpress\/wp-content\/gallery\/gruissan-avril209-2\/Moineau-soulcie_2172.jpg?ssl=1\"><img loading=\"lazy\" decoding=\"async\" src=\"https:\/\/i0.wp.com\/mhyrdin.fr\/blog\/wordpress\/wp-content\/gallery\/gruissan-avril209-2\/Moineau-soulcie_2172.jpg?h=170\" alt=\"Moineau soulcie\" width=\"255\" height=\"170\" \/><\/a><p class=\"jig-HTMLdescription\">Moineau soulcie<\/p><\/li><li><a href=\"https:\/\/i0.wp.com\/mhyrdin.fr\/blog\/wordpress\/wp-content\/gallery\/gruissan-avril209-2\/Pipit-rousseline_2268.jpg?ssl=1\"><img loading=\"lazy\" decoding=\"async\" src=\"https:\/\/i0.wp.com\/mhyrdin.fr\/blog\/wordpress\/wp-content\/gallery\/gruissan-avril209-2\/Pipit-rousseline_2268.jpg?h=170\" alt=\"Pipit rousseline\" width=\"255\" height=\"170\" \/><\/a><p class=\"jig-HTMLdescription\">Pipit rousseline<\/p><\/li><li><a href=\"https:\/\/i0.wp.com\/mhyrdin.fr\/blog\/wordpress\/wp-content\/gallery\/gruissan-avril209-2\/Rougequeue-%C3%A0-front-blanc_1074.jpg?ssl=1\"><img loading=\"lazy\" decoding=\"async\" src=\"https:\/\/i0.wp.com\/mhyrdin.fr\/blog\/wordpress\/wp-content\/gallery\/gruissan-avril209-2\/Rougequeue-%C3%A0-front-blanc_1074.jpg?h=170\" alt=\"Rougequeue \u00e0 front blanc\" width=\"255\" height=\"170\" \/><\/a><p class=\"jig-HTMLdescription\">Rougequeue \u00e0 front blanc<\/p><\/li><li><a href=\"https:\/\/i0.wp.com\/mhyrdin.fr\/blog\/wordpress\/wp-content\/gallery\/gruissan-avril209-2\/Sterne-naine_2212.jpg?ssl=1\"><img loading=\"lazy\" decoding=\"async\" src=\"https:\/\/i0.wp.com\/mhyrdin.fr\/blog\/wordpress\/wp-content\/gallery\/gruissan-avril209-2\/Sterne-naine_2212.jpg?h=170\" alt=\"Sterne naine\" width=\"255\" height=\"170\" \/><\/a><p class=\"jig-HTMLdescription\">Sterne naine<\/p><\/li><li><a href=\"https:\/\/i0.wp.com\/mhyrdin.fr\/blog\/wordpress\/wp-content\/gallery\/gruissan-avril209-2\/Sterne-naine_2245.jpg?ssl=1\"><img loading=\"lazy\" decoding=\"async\" src=\"https:\/\/i0.wp.com\/mhyrdin.fr\/blog\/wordpress\/wp-content\/gallery\/gruissan-avril209-2\/Sterne-naine_2245.jpg?h=170\" alt=\"Sterne naine\" width=\"255\" height=\"170\" \/><\/a><p class=\"jig-HTMLdescription\">Sterne naine<\/p><\/li><li><a href=\"https:\/\/i0.wp.com\/mhyrdin.fr\/blog\/wordpress\/wp-content\/gallery\/gruissan-avril209-2\/Sterne-naine_2251.jpg?ssl=1\"><img loading=\"lazy\" decoding=\"async\" src=\"https:\/\/i0.wp.com\/mhyrdin.fr\/blog\/wordpress\/wp-content\/gallery\/gruissan-avril209-2\/Sterne-naine_2251.jpg?h=170\" alt=\"Sterne naine\" width=\"255\" height=\"170\" \/><\/a><p class=\"jig-HTMLdescription\">Sterne naine<\/p><\/li><li><a href=\"https:\/\/i0.wp.com\/mhyrdin.fr\/blog\/wordpress\/wp-content\/gallery\/gruissan-avril209-2\/Tarier-des-pr%C3%A9s_0994.jpg?ssl=1\"><img loading=\"lazy\" decoding=\"async\" src=\"https:\/\/i0.wp.com\/mhyrdin.fr\/blog\/wordpress\/wp-content\/gallery\/gruissan-avril209-2\/Tarier-des-pr%C3%A9s_0994.jpg?h=170\" alt=\"Tarier des pr\u00e9s\" width=\"113\" height=\"170\" \/><\/a><p class=\"jig-HTMLdescription\">Tarier des pr\u00e9s<\/p><\/li><li><a href=\"https:\/\/i0.wp.com\/mhyrdin.fr\/blog\/wordpress\/wp-content\/gallery\/gruissan-avril209-2\/Tarier-des-pr%C3%A9s_1010.jpg?ssl=1\"><img loading=\"lazy\" decoding=\"async\" src=\"https:\/\/i0.wp.com\/mhyrdin.fr\/blog\/wordpress\/wp-content\/gallery\/gruissan-avril209-2\/Tarier-des-pr%C3%A9s_1010.jpg?h=170\" alt=\"Tarier des pr\u00e9s\" width=\"113\" height=\"170\" \/><\/a><p class=\"jig-HTMLdescription\">Tarier des pr\u00e9s<\/p><\/li><li><a href=\"https:\/\/i0.wp.com\/mhyrdin.fr\/blog\/wordpress\/wp-content\/gallery\/gruissan-avril209-2\/Tarier-des-pr%C3%A9s_2159.jpg?ssl=1\"><img loading=\"lazy\" decoding=\"async\" src=\"https:\/\/i0.wp.com\/mhyrdin.fr\/blog\/wordpress\/wp-content\/gallery\/gruissan-avril209-2\/Tarier-des-pr%C3%A9s_2159.jpg?h=170\" alt=\"Tarier des pr\u00e9s\" width=\"255\" height=\"170\" \/><\/a><p class=\"jig-HTMLdescription\">Tarier des pr\u00e9s<\/p><\/li><\/ul><\/noscript><\/div><div id=\"jig1-developerLink\" class=\"jig-developerLink\"><a href=\"https:\/\/justifiedgrid.com\/\" target=\"_blank\" title=\"Justified Image Grid - Premium WordPress Gallery\">powered by Justified Image Grid<\/a><\/div>\n<h3>Related Images:<\/h3>","protected":false},"excerpt":{"rendered":"<p>Gruissan20190422_131849Quand la M\u00e9diterran\u00e9e se f\u00e2cheGcu_9303Quand la M\u00e9diterran\u00e9e se f\u00e2cheGcu_9306Quand la M\u00e9diterran\u00e9e se f\u00e2cheGcu_9310Quand la M\u00e9diterran\u00e9e se f\u00e2cheGruissan_9380Quand la M\u00e9diterran\u00e9e se f\u00e2cheGruissan_1879Quand la M\u00e9diterran\u00e9e se f\u00e2cheGruissan_2099Quand la M\u00e9diterran\u00e9e se f\u00e2cheMateille_9332Quand la M\u00e9diterran\u00e9e se f\u00e2cheMateille_9333Crabe sp.Crabe_2255Aphyllanthe de MontpellierLaitue vivaceLactuca perennisOphrys scolopaxC\u00e9toine h\u00e9riss\u00e9\u00c9chiquier d&rsquo;Occitanie\u00c9chiquier d&rsquo;OccitanieGaz\u00e9M\u00e9lit\u00e9e du plantainMelitaea cinxiaSouciSouci_2141Bruant proyerGobemouche noirCoucou grisGobemouche \u00e0 collierGobemouche \u00e0 collierHu\u00eetrier pieMoineau-soulcie_2166Moineau soulciePipit rousselineRougequeue [&hellip;]<\/p>\n","protected":false},"author":4,"featured_media":0,"parent":17201,"menu_order":0,"comment_status":"closed","ping_status":"closed","template":"","meta":{"ngg_post_thumbnail":0,"jetpack_post_was_ever_published":false,"footnotes":"","_links_to":"","_links_to_target":""},"class_list":["post-17214","page","type-page","status-publish","hentry"],"jetpack_shortlink":"https:\/\/wp.me\/P9lSZN-4tE","jetpack_sharing_enabled":true,"_links":{"self":[{"href":"https:\/\/mhyrdin.fr\/blog\/wp-json\/wp\/v2\/pages\/17214","targetHints":{"allow":["GET"]}}],"collection":[{"href":"https:\/\/mhyrdin.fr\/blog\/wp-json\/wp\/v2\/pages"}],"about":[{"href":"https:\/\/mhyrdin.fr\/blog\/wp-json\/wp\/v2\/types\/page"}],"author":[{"embeddable":true,"href":"https:\/\/mhyrdin.fr\/blog\/wp-json\/wp\/v2\/users\/4"}],"replies":[{"embeddable":true,"href":"https:\/\/mhyrdin.fr\/blog\/wp-json\/wp\/v2\/comments?post=17214"}],"version-history":[{"count":2,"href":"https:\/\/mhyrdin.fr\/blog\/wp-json\/wp\/v2\/pages\/17214\/revisions"}],"predecessor-version":[{"id":23619,"href":"https:\/\/mhyrdin.fr\/blog\/wp-json\/wp\/v2\/pages\/17214\/revisions\/23619"}],"up":[{"embeddable":true,"href":"https:\/\/mhyrdin.fr\/blog\/wp-json\/wp\/v2\/pages\/17201"}],"wp:attachment":[{"href":"https:\/\/mhyrdin.fr\/blog\/wp-json\/wp\/v2\/media?parent=17214"}],"curies":[{"name":"wp","href":"https:\/\/api.w.org\/{rel}","templated":true}]}}