{"id":16753,"date":"2019-02-28T09:11:00","date_gmt":"2019-02-28T08:11:00","guid":{"rendered":"https:\/\/mhyrdin.fr\/blog\/fevrier-2019\/"},"modified":"2019-02-28T23:50:45","modified_gmt":"2019-02-28T22:50:45","slug":"fevrier-2019","status":"publish","type":"page","link":"https:\/\/mhyrdin.fr\/blog\/archives-numeriques\/2019-2\/fevrier-2019\/","title":{"rendered":"F\u00e9vrier 2019"},"content":{"rendered":"<div id=\"jig1\" class=\"justified-image-grid jig-6bdd584deef9b0495673ab07691cd869 jig-preset-global jig-source-nextgen\"><div class=\"jig-clearfix\"><\/div><noscript id=\"jig1-html\" class=\"justified-image-grid-html\" data-lazy-src=\"skiplazyload\" data-src=\"skipunveillazyload\"><ul><li><a href=\"https:\/\/i0.wp.com\/mhyrdin.fr\/blog\/wordpress\/wp-content\/gallery\/fevrier-2019\/20190216_110043.jpg?ssl=1\" title=\"20190216_110043\"><img loading=\"lazy\" decoding=\"async\" src=\"https:\/\/i0.wp.com\/mhyrdin.fr\/blog\/wordpress\/wp-content\/gallery\/fevrier-2019\/20190216_110043.jpg?h=170\" alt=\"Le Port du Ch\u00e2teau\" width=\"350\" height=\"170\" \/><\/a><p class=\"jig-HTMLdescription\">Le Port du Ch\u00e2teau<br\/>20190216_110043<\/p><\/li><li><a href=\"https:\/\/i0.wp.com\/mhyrdin.fr\/blog\/wordpress\/wp-content\/gallery\/fevrier-2019\/20190216_104949.jpg?ssl=1\" title=\"20190216_104949\"><img loading=\"lazy\" decoding=\"async\" src=\"https:\/\/i0.wp.com\/mhyrdin.fr\/blog\/wordpress\/wp-content\/gallery\/fevrier-2019\/20190216_104949.jpg?h=170\" alt=\"Le Port du Ch\u00e2teau\" width=\"350\" height=\"170\" \/><\/a><p class=\"jig-HTMLdescription\">Le Port du Ch\u00e2teau<br\/>20190216_104949<\/p><\/li><li><a href=\"https:\/\/i0.wp.com\/mhyrdin.fr\/blog\/wordpress\/wp-content\/gallery\/fevrier-2019\/20190216_104632.jpg?ssl=1\" title=\"20190216_104632\"><img loading=\"lazy\" decoding=\"async\" src=\"https:\/\/i0.wp.com\/mhyrdin.fr\/blog\/wordpress\/wp-content\/gallery\/fevrier-2019\/20190216_104632.jpg?h=170\" alt=\"Le Port du Ch\u00e2teau\" width=\"350\" height=\"170\" \/><\/a><p class=\"jig-HTMLdescription\">Le Port du Ch\u00e2teau<br\/>20190216_104632<\/p><\/li><li><a href=\"https:\/\/i0.wp.com\/mhyrdin.fr\/blog\/wordpress\/wp-content\/gallery\/fevrier-2019\/Tr%C3%A9gana_0318.jpg?ssl=1\"><img loading=\"lazy\" decoding=\"async\" src=\"https:\/\/i0.wp.com\/mhyrdin.fr\/blog\/wordpress\/wp-content\/gallery\/fevrier-2019\/Tr%C3%A9gana_0318.jpg?h=170\" alt=\"Tr\u00e9gana\" width=\"350\" height=\"170\" \/><\/a><p class=\"jig-HTMLdescription\">Tr\u00e9gana<\/p><\/li><li><a href=\"https:\/\/i0.wp.com\/mhyrdin.fr\/blog\/wordpress\/wp-content\/gallery\/fevrier-2019\/Tr%C3%A9gana_0345.jpg?ssl=1\"><img loading=\"lazy\" decoding=\"async\" src=\"https:\/\/i0.wp.com\/mhyrdin.fr\/blog\/wordpress\/wp-content\/gallery\/fevrier-2019\/Tr%C3%A9gana_0345.jpg?h=170\" alt=\"Tr\u00e9gana\" width=\"350\" height=\"170\" \/><\/a><p class=\"jig-HTMLdescription\">Tr\u00e9gana<\/p><\/li><li><a href=\"https:\/\/i0.wp.com\/mhyrdin.fr\/blog\/wordpress\/wp-content\/gallery\/fevrier-2019\/Tr%C3%A9gana_0359.jpg?ssl=1\"><img loading=\"lazy\" decoding=\"async\" src=\"https:\/\/i0.wp.com\/mhyrdin.fr\/blog\/wordpress\/wp-content\/gallery\/fevrier-2019\/Tr%C3%A9gana_0359.jpg?h=170\" alt=\"Tr\u00e9gana\" width=\"350\" height=\"170\" \/><\/a><p class=\"jig-HTMLdescription\">Tr\u00e9gana<\/p><\/li><li><a href=\"https:\/\/i0.wp.com\/mhyrdin.fr\/blog\/wordpress\/wp-content\/gallery\/fevrier-2019\/Tr%C3%A9gana_0364.jpg?ssl=1\"><img loading=\"lazy\" decoding=\"async\" src=\"https:\/\/i0.wp.com\/mhyrdin.fr\/blog\/wordpress\/wp-content\/gallery\/fevrier-2019\/Tr%C3%A9gana_0364.jpg?h=170\" alt=\"Tr\u00e9gana\" width=\"350\" height=\"170\" \/><\/a><p class=\"jig-HTMLdescription\">Tr\u00e9gana<\/p><\/li><li><a href=\"https:\/\/i0.wp.com\/mhyrdin.fr\/blog\/wordpress\/wp-content\/gallery\/fevrier-2019\/Coucou-geai_7458.jpg?ssl=1\" title=\"Treffiagat\"><img loading=\"lazy\" decoding=\"async\" src=\"https:\/\/i0.wp.com\/mhyrdin.fr\/blog\/wordpress\/wp-content\/gallery\/fevrier-2019\/Coucou-geai_7458.jpg?h=170\" alt=\"Coucou geai\" width=\"255\" height=\"170\" \/><\/a><p class=\"jig-HTMLdescription\">Coucou geai<br\/>Treffiagat<\/p><\/li><li><a href=\"https:\/\/i0.wp.com\/mhyrdin.fr\/blog\/wordpress\/wp-content\/gallery\/fevrier-2019\/Grand-Cormoran_7405.jpg?ssl=1\" title=\"Ty-Colo St Renan\"><img loading=\"lazy\" decoding=\"async\" src=\"https:\/\/i0.wp.com\/mhyrdin.fr\/blog\/wordpress\/wp-content\/gallery\/fevrier-2019\/Grand-Cormoran_7405.jpg?h=170\" alt=\"Grand Cormoran\" width=\"255\" height=\"170\" \/><\/a><p class=\"jig-HTMLdescription\">Grand Cormoran<br\/>Ty-Colo St Renan<\/p><\/li><li><a href=\"https:\/\/i0.wp.com\/mhyrdin.fr\/blog\/wordpress\/wp-content\/gallery\/fevrier-2019\/%C3%89tourneau-sansonnet_6991.jpg?ssl=1\"><img loading=\"lazy\" decoding=\"async\" src=\"https:\/\/i0.wp.com\/mhyrdin.fr\/blog\/wordpress\/wp-content\/gallery\/fevrier-2019\/%C3%89tourneau-sansonnet_6991.jpg?h=170\" alt=\"\u00c9tourneau sansonnet\" width=\"255\" height=\"170\" \/><\/a><p class=\"jig-HTMLdescription\">\u00c9tourneau sansonnet<\/p><\/li><li><a href=\"https:\/\/i0.wp.com\/mhyrdin.fr\/blog\/wordpress\/wp-content\/gallery\/fevrier-2019\/%C3%89tourneau-sansonnet_7002.jpg?ssl=1\"><img loading=\"lazy\" decoding=\"async\" src=\"https:\/\/i0.wp.com\/mhyrdin.fr\/blog\/wordpress\/wp-content\/gallery\/fevrier-2019\/%C3%89tourneau-sansonnet_7002.jpg?h=170\" alt=\"\u00c9tourneau sansonnet\" width=\"255\" height=\"170\" \/><\/a><p class=\"jig-HTMLdescription\">\u00c9tourneau sansonnet<\/p><\/li><li><a href=\"https:\/\/i0.wp.com\/mhyrdin.fr\/blog\/wordpress\/wp-content\/gallery\/fevrier-2019\/Fauvette-%C3%A0-t%C3%AAte-noire_7004.jpg?ssl=1\"><img loading=\"lazy\" decoding=\"async\" src=\"https:\/\/i0.wp.com\/mhyrdin.fr\/blog\/wordpress\/wp-content\/gallery\/fevrier-2019\/Fauvette-%C3%A0-t%C3%AAte-noire_7004.jpg?h=170\" alt=\"Fauvette \u00e0 t\u00eate noire\" width=\"255\" height=\"170\" \/><\/a><p class=\"jig-HTMLdescription\">Fauvette \u00e0 t\u00eate noire<\/p><\/li><li><a href=\"https:\/\/i0.wp.com\/mhyrdin.fr\/blog\/wordpress\/wp-content\/gallery\/fevrier-2019\/Fauvette-%C3%A0-t%C3%AAte-noire_7017.jpg?ssl=1\"><img loading=\"lazy\" decoding=\"async\" src=\"https:\/\/i0.wp.com\/mhyrdin.fr\/blog\/wordpress\/wp-content\/gallery\/fevrier-2019\/Fauvette-%C3%A0-t%C3%AAte-noire_7017.jpg?h=170\" alt=\"Fauvette \u00e0 t\u00eate noire\" width=\"113\" height=\"170\" \/><\/a><p class=\"jig-HTMLdescription\">Fauvette \u00e0 t\u00eate noire<\/p><\/li><li><a href=\"https:\/\/i0.wp.com\/mhyrdin.fr\/blog\/wordpress\/wp-content\/gallery\/fevrier-2019\/Gr%C3%A8be-%C3%A0-cou-noir_7025.jpg?ssl=1\"><img loading=\"lazy\" decoding=\"async\" src=\"https:\/\/i0.wp.com\/mhyrdin.fr\/blog\/wordpress\/wp-content\/gallery\/fevrier-2019\/Gr%C3%A8be-%C3%A0-cou-noir_7025.jpg?h=170\" alt=\"Gr\u00e8be \u00e0 cou noir\" width=\"255\" height=\"170\" \/><\/a><p class=\"jig-HTMLdescription\">Gr\u00e8be \u00e0 cou noir<\/p><\/li><li><a href=\"https:\/\/i0.wp.com\/mhyrdin.fr\/blog\/wordpress\/wp-content\/gallery\/fevrier-2019\/Gr%C3%A8be-%C3%A0-cou-noir_7032.jpg?ssl=1\"><img loading=\"lazy\" decoding=\"async\" src=\"https:\/\/i0.wp.com\/mhyrdin.fr\/blog\/wordpress\/wp-content\/gallery\/fevrier-2019\/Gr%C3%A8be-%C3%A0-cou-noir_7032.jpg?h=170\" alt=\"Gr\u00e8be \u00e0 cou noir\" width=\"255\" height=\"170\" \/><\/a><p class=\"jig-HTMLdescription\">Gr\u00e8be \u00e0 cou noir<\/p><\/li><li><a href=\"https:\/\/i0.wp.com\/mhyrdin.fr\/blog\/wordpress\/wp-content\/gallery\/fevrier-2019\/Grive-mauvis_6979.jpg?ssl=1\"><img loading=\"lazy\" decoding=\"async\" src=\"https:\/\/i0.wp.com\/mhyrdin.fr\/blog\/wordpress\/wp-content\/gallery\/fevrier-2019\/Grive-mauvis_6979.jpg?h=170\" alt=\"Grive mauvis\" width=\"255\" height=\"170\" \/><\/a><p class=\"jig-HTMLdescription\">Grive mauvis<\/p><\/li><li><a href=\"https:\/\/i0.wp.com\/mhyrdin.fr\/blog\/wordpress\/wp-content\/gallery\/fevrier-2019\/Grive-mauvis_7090.jpg?ssl=1\"><img loading=\"lazy\" decoding=\"async\" src=\"https:\/\/i0.wp.com\/mhyrdin.fr\/blog\/wordpress\/wp-content\/gallery\/fevrier-2019\/Grive-mauvis_7090.jpg?h=170\" alt=\"Grive mauvis\" width=\"255\" height=\"170\" \/><\/a><p class=\"jig-HTMLdescription\">Grive mauvis<\/p><\/li><li><a href=\"https:\/\/i0.wp.com\/mhyrdin.fr\/blog\/wordpress\/wp-content\/gallery\/fevrier-2019\/Grive-mauvis_7096.jpg?ssl=1\"><img loading=\"lazy\" decoding=\"async\" src=\"https:\/\/i0.wp.com\/mhyrdin.fr\/blog\/wordpress\/wp-content\/gallery\/fevrier-2019\/Grive-mauvis_7096.jpg?h=170\" alt=\"Grive mauvis\" width=\"255\" height=\"170\" \/><\/a><p class=\"jig-HTMLdescription\">Grive mauvis<\/p><\/li><li><a href=\"https:\/\/i0.wp.com\/mhyrdin.fr\/blog\/wordpress\/wp-content\/gallery\/fevrier-2019\/Grive-mauvis_7108.jpg?ssl=1\"><img loading=\"lazy\" decoding=\"async\" src=\"https:\/\/i0.wp.com\/mhyrdin.fr\/blog\/wordpress\/wp-content\/gallery\/fevrier-2019\/Grive-mauvis_7108.jpg?h=170\" alt=\"Grive mauvis\" width=\"255\" height=\"170\" \/><\/a><p class=\"jig-HTMLdescription\">Grive mauvis<\/p><\/li><li><a href=\"https:\/\/i0.wp.com\/mhyrdin.fr\/blog\/wordpress\/wp-content\/gallery\/fevrier-2019\/Moineau-domestique_6989.jpg?ssl=1\"><img loading=\"lazy\" decoding=\"async\" src=\"https:\/\/i0.wp.com\/mhyrdin.fr\/blog\/wordpress\/wp-content\/gallery\/fevrier-2019\/Moineau-domestique_6989.jpg?h=170\" alt=\"Moineau domestique\" width=\"255\" height=\"170\" \/><\/a><p class=\"jig-HTMLdescription\">Moineau domestique<\/p><\/li><li><a href=\"https:\/\/i0.wp.com\/mhyrdin.fr\/blog\/wordpress\/wp-content\/gallery\/fevrier-2019\/Pouillot-v%C3%A9loce_7439.jpg?ssl=1\" title=\"Treffiagat\"><img loading=\"lazy\" decoding=\"async\" src=\"https:\/\/i0.wp.com\/mhyrdin.fr\/blog\/wordpress\/wp-content\/gallery\/fevrier-2019\/Pouillot-v%C3%A9loce_7439.jpg?h=170\" alt=\"Pouillot v\u00e9loce\" width=\"255\" height=\"170\" \/><\/a><p class=\"jig-HTMLdescription\">Pouillot v\u00e9loce<br\/>Treffiagat<\/p><\/li><li><a href=\"https:\/\/i0.wp.com\/mhyrdin.fr\/blog\/wordpress\/wp-content\/gallery\/fevrier-2019\/Go%C3%A9land_7135.jpg?ssl=1\"><img loading=\"lazy\" decoding=\"async\" src=\"https:\/\/i0.wp.com\/mhyrdin.fr\/blog\/wordpress\/wp-content\/gallery\/fevrier-2019\/Go%C3%A9land_7135.jpg?h=170\" alt=\"Jeune go\u00e9land\" width=\"255\" height=\"170\" \/><\/a><p class=\"jig-HTMLdescription\">Jeune go\u00e9land<\/p><\/li><li><a href=\"https:\/\/i0.wp.com\/mhyrdin.fr\/blog\/wordpress\/wp-content\/gallery\/fevrier-2019\/Go%C3%A9land_7144.jpg?ssl=1\"><img loading=\"lazy\" decoding=\"async\" src=\"https:\/\/i0.wp.com\/mhyrdin.fr\/blog\/wordpress\/wp-content\/gallery\/fevrier-2019\/Go%C3%A9land_7144.jpg?h=170\" alt=\"Jeune go\u00e9land\" width=\"255\" height=\"170\" \/><\/a><p class=\"jig-HTMLdescription\">Jeune go\u00e9land<\/p><\/li><li><a href=\"https:\/\/i0.wp.com\/mhyrdin.fr\/blog\/wordpress\/wp-content\/gallery\/fevrier-2019\/Tarier-p%C3%A2tre_7468.jpg?ssl=1\" title=\"Treffiagat\"><img loading=\"lazy\" decoding=\"async\" src=\"https:\/\/i0.wp.com\/mhyrdin.fr\/blog\/wordpress\/wp-content\/gallery\/fevrier-2019\/Tarier-p%C3%A2tre_7468.jpg?h=170\" alt=\"Tarier p\u00e2tre\" width=\"113\" height=\"170\" \/><\/a><p class=\"jig-HTMLdescription\">Tarier p\u00e2tre<br\/>Treffiagat<\/p><\/li><li><a href=\"https:\/\/i0.wp.com\/mhyrdin.fr\/blog\/wordpress\/wp-content\/gallery\/fevrier-2019\/MG_8756.jpg?ssl=1\" title=\"MG_8756\"><img loading=\"lazy\" decoding=\"async\" src=\"https:\/\/i0.wp.com\/mhyrdin.fr\/blog\/wordpress\/wp-content\/gallery\/fevrier-2019\/MG_8756.jpg?h=170\" alt=\"La p\u00eache du petit-fils\" width=\"255\" height=\"170\" \/><\/a><p class=\"jig-HTMLdescription\">La p\u00eache du petit-fils<br\/>MG_8756<\/p><\/li><li><a href=\"https:\/\/i0.wp.com\/mhyrdin.fr\/blog\/wordpress\/wp-content\/gallery\/fevrier-2019\/Phare-du-Porzic_7117.jpg?ssl=1\"><img loading=\"lazy\" decoding=\"async\" src=\"https:\/\/i0.wp.com\/mhyrdin.fr\/blog\/wordpress\/wp-content\/gallery\/fevrier-2019\/Phare-du-Porzic_7117.jpg?h=170\" alt=\"Phare du Porzic\" width=\"255\" height=\"170\" \/><\/a><p class=\"jig-HTMLdescription\">Phare du Porzic<\/p><\/li><li><a href=\"https:\/\/i0.wp.com\/mhyrdin.fr\/blog\/wordpress\/wp-content\/gallery\/fevrier-2019\/Accroche-nuages_8721.jpg?ssl=1\"><img loading=\"lazy\" decoding=\"async\" src=\"https:\/\/i0.wp.com\/mhyrdin.fr\/blog\/wordpress\/wp-content\/gallery\/fevrier-2019\/Accroche-nuages_8721.jpg?h=170\" alt=\"&quot;Accroche nuages&quot;\" width=\"113\" height=\"170\" \/><\/a><p class=\"jig-HTMLdescription\">\"Accroche nuages\"<\/p><\/li><li><a href=\"https:\/\/i0.wp.com\/mhyrdin.fr\/blog\/wordpress\/wp-content\/gallery\/fevrier-2019\/Belle-poule_8711.jpg?ssl=1\"><img loading=\"lazy\" decoding=\"async\" src=\"https:\/\/i0.wp.com\/mhyrdin.fr\/blog\/wordpress\/wp-content\/gallery\/fevrier-2019\/Belle-poule_8711.jpg?h=170\" alt=\"La Belle Poule\" width=\"255\" height=\"170\" \/><\/a><p class=\"jig-HTMLdescription\">La Belle Poule<\/p><\/li><li><a href=\"https:\/\/i0.wp.com\/mhyrdin.fr\/blog\/wordpress\/wp-content\/gallery\/fevrier-2019\/Marina_8698.jpg?ssl=1\" title=\"Marina_8698\"><img loading=\"lazy\" decoding=\"async\" src=\"https:\/\/i0.wp.com\/mhyrdin.fr\/blog\/wordpress\/wp-content\/gallery\/fevrier-2019\/Marina_8698.jpg?h=170\" alt=\"Le Port du Ch\u00e2teau\" width=\"295\" height=\"170\" \/><\/a><p class=\"jig-HTMLdescription\">Le Port du Ch\u00e2teau<br\/>Marina_8698<\/p><\/li><li><a href=\"https:\/\/i0.wp.com\/mhyrdin.fr\/blog\/wordpress\/wp-content\/gallery\/fevrier-2019\/Marina_8701.jpg?ssl=1\" title=\"Marina_8701\"><img loading=\"lazy\" decoding=\"async\" src=\"https:\/\/i0.wp.com\/mhyrdin.fr\/blog\/wordpress\/wp-content\/gallery\/fevrier-2019\/Marina_8701.jpg?h=170\" alt=\"Le Port du Ch\u00e2teau\" width=\"255\" height=\"170\" \/><\/a><p class=\"jig-HTMLdescription\">Le Port du Ch\u00e2teau<br\/>Marina_8701<\/p><\/li><li><a href=\"https:\/\/i0.wp.com\/mhyrdin.fr\/blog\/wordpress\/wp-content\/gallery\/fevrier-2019\/Babord_8760.jpg?ssl=1\" title=\"Babord_8760\"><img loading=\"lazy\" decoding=\"async\" src=\"https:\/\/i0.wp.com\/mhyrdin.fr\/blog\/wordpress\/wp-content\/gallery\/fevrier-2019\/Babord_8760.jpg?h=170\" alt=\"Reflets de babord\" width=\"113\" height=\"170\" \/><\/a><p class=\"jig-HTMLdescription\">Reflets de babord<br\/>Babord_8760<\/p><\/li><li><a href=\"https:\/\/i0.wp.com\/mhyrdin.fr\/blog\/wordpress\/wp-content\/gallery\/fevrier-2019\/Voiliers_7182.jpg?ssl=1\" title=\"Voiliers_7182\"><img loading=\"lazy\" decoding=\"async\" src=\"https:\/\/i0.wp.com\/mhyrdin.fr\/blog\/wordpress\/wp-content\/gallery\/fevrier-2019\/Voiliers_7182.jpg?h=170\" alt=\"Voilier\" width=\"255\" height=\"170\" \/><\/a><p class=\"jig-HTMLdescription\">Voilier<br\/>Voiliers_7182<\/p><\/li><li><a href=\"https:\/\/i0.wp.com\/mhyrdin.fr\/blog\/wordpress\/wp-content\/gallery\/fevrier-2019\/Voiliers_7162.jpg?ssl=1\" title=\"Voiliers_7162\"><img loading=\"lazy\" decoding=\"async\" src=\"https:\/\/i0.wp.com\/mhyrdin.fr\/blog\/wordpress\/wp-content\/gallery\/fevrier-2019\/Voiliers_7162.jpg?h=170\" alt=\"Voiliers\" width=\"308\" height=\"170\" \/><\/a><p class=\"jig-HTMLdescription\">Voiliers<br\/>Voiliers_7162<\/p><\/li><\/ul><\/noscript><\/div><div id=\"jig1-developerLink\" class=\"jig-developerLink\"><a href=\"https:\/\/justifiedgrid.com\/\" target=\"_blank\" title=\"Justified Image Grid - Premium WordPress Gallery\">powered by Justified Image Grid<\/a><\/div>\n<h3>Related Images:<\/h3>","protected":false},"excerpt":{"rendered":"<p>Le Port du Ch\u00e2teau20190216_110043Le Port du Ch\u00e2teau20190216_104949Le Port du Ch\u00e2teau20190216_104632Tr\u00e9ganaTr\u00e9ganaTr\u00e9ganaTr\u00e9ganaCoucou geaiTreffiagatGrand CormoranTy-Colo St Renan\u00c9tourneau sansonnet\u00c9tourneau sansonnetFauvette \u00e0 t\u00eate noireFauvette \u00e0 t\u00eate noireGr\u00e8be \u00e0 cou noirGr\u00e8be \u00e0 cou noirGrive mauvisGrive mauvisGrive mauvisGrive mauvisMoineau domestiquePouillot v\u00e9loceTreffiagatJeune go\u00e9landJeune go\u00e9landTarier p\u00e2treTreffiagatLa p\u00eache du petit-filsMG_8756Phare du Porzic\u00a0\u00bbAccroche nuages\u00a0\u00bbLa Belle PouleLe Port du Ch\u00e2teauMarina_8698Le Port du Ch\u00e2teauMarina_8701Reflets de babordBabord_8760VoilierVoiliers_7182VoiliersVoiliers_7162powered by Justified [&hellip;]<\/p>\n","protected":false},"author":4,"featured_media":0,"parent":16637,"menu_order":2,"comment_status":"closed","ping_status":"closed","template":"","meta":{"ngg_post_thumbnail":0,"jetpack_post_was_ever_published":false,"footnotes":"","_links_to":"","_links_to_target":""},"class_list":["post-16753","page","type-page","status-publish","hentry"],"jetpack_shortlink":"https:\/\/wp.me\/P9lSZN-4md","jetpack_sharing_enabled":true,"_links":{"self":[{"href":"https:\/\/mhyrdin.fr\/blog\/wp-json\/wp\/v2\/pages\/16753","targetHints":{"allow":["GET"]}}],"collection":[{"href":"https:\/\/mhyrdin.fr\/blog\/wp-json\/wp\/v2\/pages"}],"about":[{"href":"https:\/\/mhyrdin.fr\/blog\/wp-json\/wp\/v2\/types\/page"}],"author":[{"embeddable":true,"href":"https:\/\/mhyrdin.fr\/blog\/wp-json\/wp\/v2\/users\/4"}],"replies":[{"embeddable":true,"href":"https:\/\/mhyrdin.fr\/blog\/wp-json\/wp\/v2\/comments?post=16753"}],"version-history":[{"count":0,"href":"https:\/\/mhyrdin.fr\/blog\/wp-json\/wp\/v2\/pages\/16753\/revisions"}],"up":[{"embeddable":true,"href":"https:\/\/mhyrdin.fr\/blog\/wp-json\/wp\/v2\/pages\/16637"}],"wp:attachment":[{"href":"https:\/\/mhyrdin.fr\/blog\/wp-json\/wp\/v2\/media?parent=16753"}],"curies":[{"name":"wp","href":"https:\/\/api.w.org\/{rel}","templated":true}]}}