{"id":16749,"date":"2019-02-28T09:05:02","date_gmt":"2019-02-28T08:05:02","guid":{"rendered":"https:\/\/mhyrdin.fr\/blog\/2019-2\/janvier-2019\/"},"modified":"2019-02-28T23:50:56","modified_gmt":"2019-02-28T22:50:56","slug":"janvier-2019","status":"publish","type":"page","link":"https:\/\/mhyrdin.fr\/blog\/archives-numeriques\/2019-2\/janvier-2019\/","title":{"rendered":"Janvier 2019"},"content":{"rendered":"<div id=\"jig1\" class=\"justified-image-grid jig-a75201d2b85b59ef63e92a9cdf83e63d jig-preset-global jig-source-nextgen\"><div class=\"jig-clearfix\"><\/div><noscript id=\"jig1-html\" class=\"justified-image-grid-html\" data-lazy-src=\"skiplazyload\" data-src=\"skipunveillazyload\"><ul><li><a href=\"https:\/\/i0.wp.com\/mhyrdin.fr\/blog\/wordpress\/wp-content\/gallery\/janvier-2019\/20190101_162633.jpg?ssl=1\" title=\"20190101_162633\"><img loading=\"lazy\" decoding=\"async\" src=\"https:\/\/i0.wp.com\/mhyrdin.fr\/blog\/wordpress\/wp-content\/gallery\/janvier-2019\/20190101_162633.jpg?h=170\" alt=\"20190101_162633\" width=\"227\" height=\"170\" \/><\/a><p class=\"jig-HTMLdescription\">20190101_162633<\/p><\/li><li><a href=\"https:\/\/i0.wp.com\/mhyrdin.fr\/blog\/wordpress\/wp-content\/gallery\/janvier-2019\/Bindy_1352.jpg?ssl=1\" title=\"Bindy_1352\"><img loading=\"lazy\" decoding=\"async\" src=\"https:\/\/i0.wp.com\/mhyrdin.fr\/blog\/wordpress\/wp-content\/gallery\/janvier-2019\/Bindy_1352.jpg?h=170\" alt=\"Bindy \u00e0 Logonna-Daoulas\" width=\"255\" height=\"170\" \/><\/a><p class=\"jig-HTMLdescription\">Bindy \u00e0 Logonna-Daoulas<br\/>Bindy_1352<\/p><\/li><li><a href=\"https:\/\/i0.wp.com\/mhyrdin.fr\/blog\/wordpress\/wp-content\/gallery\/janvier-2019\/Moulin-Mer_4430.jpg?ssl=1\"><img loading=\"lazy\" decoding=\"async\" src=\"https:\/\/i0.wp.com\/mhyrdin.fr\/blog\/wordpress\/wp-content\/gallery\/janvier-2019\/Moulin-Mer_4430.jpg?h=170\" alt=\"Moulin-Mer \u00e0 Logonna-Daoulas\" width=\"320\" height=\"170\" \/><\/a><p class=\"jig-HTMLdescription\">Moulin-Mer \u00e0 Logonna-Daoulas<\/p><\/li><li><a href=\"https:\/\/i0.wp.com\/mhyrdin.fr\/blog\/wordpress\/wp-content\/gallery\/janvier-2019\/Moulin-Mer_4432.jpg?ssl=1\"><img loading=\"lazy\" decoding=\"async\" src=\"https:\/\/i0.wp.com\/mhyrdin.fr\/blog\/wordpress\/wp-content\/gallery\/janvier-2019\/Moulin-Mer_4432.jpg?h=170\" alt=\"Moulin-Mer \u00e0 Logonna-Daoulas\" width=\"287\" height=\"170\" \/><\/a><p class=\"jig-HTMLdescription\">Moulin-Mer \u00e0 Logonna-Daoulas<\/p><\/li><li><a href=\"https:\/\/i0.wp.com\/mhyrdin.fr\/blog\/wordpress\/wp-content\/gallery\/janvier-2019\/Moulin-Mer_4436.jpg?ssl=1\"><img loading=\"lazy\" decoding=\"async\" src=\"https:\/\/i0.wp.com\/mhyrdin.fr\/blog\/wordpress\/wp-content\/gallery\/janvier-2019\/Moulin-Mer_4436.jpg?h=170\" alt=\"Moulin-Mer \u00e0 Logonna-Daoulas\" width=\"294\" height=\"170\" \/><\/a><p class=\"jig-HTMLdescription\">Moulin-Mer \u00e0 Logonna-Daoulas<\/p><\/li><li><a href=\"https:\/\/i0.wp.com\/mhyrdin.fr\/blog\/wordpress\/wp-content\/gallery\/janvier-2019\/Eclipse-21janvier_4457.jpg?ssl=1\"><img loading=\"lazy\" decoding=\"async\" src=\"https:\/\/i0.wp.com\/mhyrdin.fr\/blog\/wordpress\/wp-content\/gallery\/janvier-2019\/Eclipse-21janvier_4457.jpg?h=170\" alt=\"\u00c9clipse 21janvier 2019\" width=\"255\" height=\"170\" \/><\/a><p class=\"jig-HTMLdescription\">\u00c9clipse 21janvier 2019<\/p><\/li><li><a href=\"https:\/\/i0.wp.com\/mhyrdin.fr\/blog\/wordpress\/wp-content\/gallery\/janvier-2019\/Porspoder_4429.jpg?ssl=1\" title=\"Porspoder_4429\"><img loading=\"lazy\" decoding=\"async\" src=\"https:\/\/i0.wp.com\/mhyrdin.fr\/blog\/wordpress\/wp-content\/gallery\/janvier-2019\/Porspoder_4429.jpg?h=170\" alt=\"Porspoder\" width=\"255\" height=\"170\" \/><\/a><p class=\"jig-HTMLdescription\">Porspoder<br\/>Porspoder_4429<\/p><\/li><li><a href=\"https:\/\/i0.wp.com\/mhyrdin.fr\/blog\/wordpress\/wp-content\/gallery\/janvier-2019\/Porspoder_4452.jpg?ssl=1\" title=\"Porspoder_4452\"><img loading=\"lazy\" decoding=\"async\" src=\"https:\/\/i0.wp.com\/mhyrdin.fr\/blog\/wordpress\/wp-content\/gallery\/janvier-2019\/Porspoder_4452.jpg?h=170\" alt=\"Porspoder\" width=\"287\" height=\"170\" \/><\/a><p class=\"jig-HTMLdescription\">Porspoder<br\/>Porspoder_4452<\/p><\/li><li><a href=\"https:\/\/i0.wp.com\/mhyrdin.fr\/blog\/wordpress\/wp-content\/gallery\/janvier-2019\/Porspoder-Brividic_6804.jpg?ssl=1\" title=\"Porspoder\"><img loading=\"lazy\" decoding=\"async\" src=\"https:\/\/i0.wp.com\/mhyrdin.fr\/blog\/wordpress\/wp-content\/gallery\/janvier-2019\/Porspoder-Brividic_6804.jpg?h=170\" alt=\"La balise Brividic\" width=\"255\" height=\"170\" \/><\/a><p class=\"jig-HTMLdescription\">La balise Brividic<br\/>Porspoder<\/p><\/li><li><a href=\"https:\/\/i0.wp.com\/mhyrdin.fr\/blog\/wordpress\/wp-content\/gallery\/janvier-2019\/Porspoder-Brividic_6822.jpg?ssl=1\" title=\"Porspoder\"><img loading=\"lazy\" decoding=\"async\" src=\"https:\/\/i0.wp.com\/mhyrdin.fr\/blog\/wordpress\/wp-content\/gallery\/janvier-2019\/Porspoder-Brividic_6822.jpg?h=170\" alt=\"La balise Brividic\" width=\"271\" height=\"170\" \/><\/a><p class=\"jig-HTMLdescription\">La balise Brividic<br\/>Porspoder<\/p><\/li><li><a href=\"https:\/\/i0.wp.com\/mhyrdin.fr\/blog\/wordpress\/wp-content\/gallery\/janvier-2019\/Porspoder-Brividic_6962.jpg?ssl=1\" title=\"Porspoder\"><img loading=\"lazy\" decoding=\"async\" src=\"https:\/\/i0.wp.com\/mhyrdin.fr\/blog\/wordpress\/wp-content\/gallery\/janvier-2019\/Porspoder-Brividic_6962.jpg?h=170\" alt=\"La balise Brividic\" width=\"304\" height=\"170\" \/><\/a><p class=\"jig-HTMLdescription\">La balise Brividic<br\/>Porspoder<\/p><\/li><li><a href=\"https:\/\/i0.wp.com\/mhyrdin.fr\/blog\/wordpress\/wp-content\/gallery\/janvier-2019\/Porspoder-Le-Four_6765.jpg?ssl=1\"><img loading=\"lazy\" decoding=\"async\" src=\"https:\/\/i0.wp.com\/mhyrdin.fr\/blog\/wordpress\/wp-content\/gallery\/janvier-2019\/Porspoder-Le-Four_6765.jpg?h=170\" alt=\"Le phare du Four\" width=\"255\" height=\"170\" \/><\/a><p class=\"jig-HTMLdescription\">Le phare du Four<\/p><\/li><li><a href=\"https:\/\/i0.wp.com\/mhyrdin.fr\/blog\/wordpress\/wp-content\/gallery\/janvier-2019\/Porspoder-Le-Four_6769.jpg?ssl=1\"><img loading=\"lazy\" decoding=\"async\" src=\"https:\/\/i0.wp.com\/mhyrdin.fr\/blog\/wordpress\/wp-content\/gallery\/janvier-2019\/Porspoder-Le-Four_6769.jpg?h=170\" alt=\"Le phare du Four\" width=\"255\" height=\"170\" \/><\/a><p class=\"jig-HTMLdescription\">Le phare du Four<\/p><\/li><li><a href=\"https:\/\/i0.wp.com\/mhyrdin.fr\/blog\/wordpress\/wp-content\/gallery\/janvier-2019\/Porspoder-Le-Four_6847.jpg?ssl=1\"><img loading=\"lazy\" decoding=\"async\" src=\"https:\/\/i0.wp.com\/mhyrdin.fr\/blog\/wordpress\/wp-content\/gallery\/janvier-2019\/Porspoder-Le-Four_6847.jpg?h=170\" alt=\"Le phare du Four\" width=\"255\" height=\"170\" \/><\/a><p class=\"jig-HTMLdescription\">Le phare du Four<\/p><\/li><li><a href=\"https:\/\/i0.wp.com\/mhyrdin.fr\/blog\/wordpress\/wp-content\/gallery\/janvier-2019\/Porspoder-Le-Four_6854.jpg?ssl=1\"><img loading=\"lazy\" decoding=\"async\" src=\"https:\/\/i0.wp.com\/mhyrdin.fr\/blog\/wordpress\/wp-content\/gallery\/janvier-2019\/Porspoder-Le-Four_6854.jpg?h=170\" alt=\"Le phare du Four\" width=\"255\" height=\"170\" \/><\/a><p class=\"jig-HTMLdescription\">Le phare du Four<\/p><\/li><li><a href=\"https:\/\/i0.wp.com\/mhyrdin.fr\/blog\/wordpress\/wp-content\/gallery\/janvier-2019\/Porspoder-Le-Four_6880.jpg?ssl=1\"><img loading=\"lazy\" decoding=\"async\" src=\"https:\/\/i0.wp.com\/mhyrdin.fr\/blog\/wordpress\/wp-content\/gallery\/janvier-2019\/Porspoder-Le-Four_6880.jpg?h=170\" alt=\"Le phare du Four\" width=\"255\" height=\"170\" \/><\/a><p class=\"jig-HTMLdescription\">Le phare du Four<\/p><\/li><\/ul><\/noscript><\/div><div id=\"jig1-developerLink\" class=\"jig-developerLink\"><a href=\"https:\/\/justifiedgrid.com\/\" target=\"_blank\" title=\"Justified Image Grid - Premium WordPress Gallery\">powered by Justified Image Grid<\/a><\/div>\n<h3>Related Images:<\/h3>","protected":false},"excerpt":{"rendered":"<p>20190101_162633Bindy \u00e0 Logonna-DaoulasBindy_1352Moulin-Mer \u00e0 Logonna-DaoulasMoulin-Mer \u00e0 Logonna-DaoulasMoulin-Mer \u00e0 Logonna-Daoulas\u00c9clipse 21janvier 2019PorspoderPorspoder_4429PorspoderPorspoder_4452La balise BrividicPorspoderLa balise BrividicPorspoderLa balise BrividicPorspoderLe phare du FourLe phare du FourLe phare du FourLe phare du FourLe phare du Fourpowered by Justified Image Grid Related Images:<\/p>\n","protected":false},"author":4,"featured_media":0,"parent":16637,"menu_order":1,"comment_status":"closed","ping_status":"closed","template":"","meta":{"ngg_post_thumbnail":0,"jetpack_post_was_ever_published":false,"footnotes":"","_links_to":"","_links_to_target":""},"class_list":["post-16749","page","type-page","status-publish","hentry"],"jetpack_shortlink":"https:\/\/wp.me\/P9lSZN-4m9","jetpack_sharing_enabled":true,"_links":{"self":[{"href":"https:\/\/mhyrdin.fr\/blog\/wp-json\/wp\/v2\/pages\/16749","targetHints":{"allow":["GET"]}}],"collection":[{"href":"https:\/\/mhyrdin.fr\/blog\/wp-json\/wp\/v2\/pages"}],"about":[{"href":"https:\/\/mhyrdin.fr\/blog\/wp-json\/wp\/v2\/types\/page"}],"author":[{"embeddable":true,"href":"https:\/\/mhyrdin.fr\/blog\/wp-json\/wp\/v2\/users\/4"}],"replies":[{"embeddable":true,"href":"https:\/\/mhyrdin.fr\/blog\/wp-json\/wp\/v2\/comments?post=16749"}],"version-history":[{"count":0,"href":"https:\/\/mhyrdin.fr\/blog\/wp-json\/wp\/v2\/pages\/16749\/revisions"}],"up":[{"embeddable":true,"href":"https:\/\/mhyrdin.fr\/blog\/wp-json\/wp\/v2\/pages\/16637"}],"wp:attachment":[{"href":"https:\/\/mhyrdin.fr\/blog\/wp-json\/wp\/v2\/media?parent=16749"}],"curies":[{"name":"wp","href":"https:\/\/api.w.org\/{rel}","templated":true}]}}