{"id":16321,"date":"2018-12-11T19:49:18","date_gmt":"2018-12-11T18:49:18","guid":{"rendered":"https:\/\/mhyrdin.fr\/blog\/2018-2\/decembre\/"},"modified":"2020-10-23T23:04:39","modified_gmt":"2020-10-23T21:04:39","slug":"decembre","status":"publish","type":"page","link":"https:\/\/mhyrdin.fr\/blog\/archives-numeriques\/2018-2\/decembre\/","title":{"rendered":"D\u00e9cembre"},"content":{"rendered":"<div id=\"jig1\" class=\"justified-image-grid jig-3b73f0e6110eb24f761ddf8fbe23acc8 jig-preset-global jig-source-nextgen\"><div class=\"jig-clearfix\"><\/div><noscript id=\"jig1-html\" class=\"justified-image-grid-html\" data-lazy-src=\"skiplazyload\" data-src=\"skipunveillazyload\"><ul><li><a href=\"https:\/\/i0.wp.com\/mhyrdin.fr\/blog\/wordpress\/wp-content\/gallery\/decembre2018\/Brest_4435.jpg?ssl=1\" title=\"Brest_4435\"><img loading=\"lazy\" decoding=\"async\" src=\"https:\/\/i0.wp.com\/mhyrdin.fr\/blog\/wordpress\/wp-content\/gallery\/decembre2018\/Brest_4435.jpg?h=170\" alt=\"Brest\" width=\"255\" height=\"170\" \/><\/a><p class=\"jig-HTMLdescription\">Brest<br\/>Brest_4435<\/p><\/li><li><a href=\"https:\/\/i0.wp.com\/mhyrdin.fr\/blog\/wordpress\/wp-content\/gallery\/decembre2018\/Brest_4431.jpg?ssl=1\" title=\"Le pont de Recouvrance\"><img loading=\"lazy\" decoding=\"async\" src=\"https:\/\/i0.wp.com\/mhyrdin.fr\/blog\/wordpress\/wp-content\/gallery\/decembre2018\/Brest_4431.jpg?h=170\" alt=\"Brest\" width=\"255\" height=\"170\" \/><\/a><p class=\"jig-HTMLdescription\">Brest<br\/>Le pont de Recouvrance<\/p><\/li><li><a href=\"https:\/\/i0.wp.com\/mhyrdin.fr\/blog\/wordpress\/wp-content\/gallery\/decembre2018\/Maison-blanche.jpg?ssl=1\"><img loading=\"lazy\" decoding=\"async\" src=\"https:\/\/i0.wp.com\/mhyrdin.fr\/blog\/wordpress\/wp-content\/gallery\/decembre2018\/Maison-blanche.jpg?h=170\" alt=\"Maison blanche\" width=\"255\" height=\"170\" \/><\/a><p class=\"jig-HTMLdescription\">Maison blanche<\/p><\/li><li><a href=\"https:\/\/i0.wp.com\/mhyrdin.fr\/blog\/wordpress\/wp-content\/gallery\/decembre2018\/Logonna_4651.jpg?ssl=1\" title=\"Logonna_4651\"><img loading=\"lazy\" decoding=\"async\" src=\"https:\/\/i0.wp.com\/mhyrdin.fr\/blog\/wordpress\/wp-content\/gallery\/decembre2018\/Logonna_4651.jpg?h=170\" alt=\"Logonna-Daoulas\" width=\"255\" height=\"170\" \/><\/a><p class=\"jig-HTMLdescription\">Logonna-Daoulas<br\/>Logonna_4651<\/p><\/li><li><a href=\"https:\/\/i0.wp.com\/mhyrdin.fr\/blog\/wordpress\/wp-content\/gallery\/decembre2018\/Logonna_4700.jpg?ssl=1\" title=\"Logonna_4700\"><img loading=\"lazy\" decoding=\"async\" src=\"https:\/\/i0.wp.com\/mhyrdin.fr\/blog\/wordpress\/wp-content\/gallery\/decembre2018\/Logonna_4700.jpg?h=170\" alt=\"Logonna-Daoulas\" width=\"255\" height=\"170\" \/><\/a><p class=\"jig-HTMLdescription\">Logonna-Daoulas<br\/>Logonna_4700<\/p><\/li><li><a href=\"https:\/\/i0.wp.com\/mhyrdin.fr\/blog\/wordpress\/wp-content\/gallery\/decembre2018\/Logonna_5978.jpg?ssl=1\" title=\"Logonna_5978\"><img loading=\"lazy\" decoding=\"async\" src=\"https:\/\/i0.wp.com\/mhyrdin.fr\/blog\/wordpress\/wp-content\/gallery\/decembre2018\/Logonna_5978.jpg?h=170\" alt=\"Logonna-Daoulas\" width=\"255\" height=\"170\" \/><\/a><p class=\"jig-HTMLdescription\">Logonna-Daoulas<br\/>Logonna_5978<\/p><\/li><li><a href=\"https:\/\/i0.wp.com\/mhyrdin.fr\/blog\/wordpress\/wp-content\/gallery\/decembre2018\/Logonna_5981.jpg?ssl=1\" title=\"Logonna_5981\"><img loading=\"lazy\" decoding=\"async\" src=\"https:\/\/i0.wp.com\/mhyrdin.fr\/blog\/wordpress\/wp-content\/gallery\/decembre2018\/Logonna_5981.jpg?h=170\" alt=\"Logonna-Daoulas\" width=\"255\" height=\"170\" \/><\/a><p class=\"jig-HTMLdescription\">Logonna-Daoulas<br\/>Logonna_5981<\/p><\/li><li><a href=\"https:\/\/i0.wp.com\/mhyrdin.fr\/blog\/wordpress\/wp-content\/gallery\/decembre2018\/Chevalier-guignette_5987.jpg?ssl=1\"><img loading=\"lazy\" decoding=\"async\" src=\"https:\/\/i0.wp.com\/mhyrdin.fr\/blog\/wordpress\/wp-content\/gallery\/decembre2018\/Chevalier-guignette_5987.jpg?h=170\" alt=\"Chevalier guignette\" width=\"255\" height=\"170\" \/><\/a><p class=\"jig-HTMLdescription\">Chevalier guignette<\/p><\/li><li><a href=\"https:\/\/i0.wp.com\/mhyrdin.fr\/blog\/wordpress\/wp-content\/gallery\/decembre2018\/20181210_163009.jpg?ssl=1\" title=\"20181210_163009\"><img loading=\"lazy\" decoding=\"async\" src=\"https:\/\/i0.wp.com\/mhyrdin.fr\/blog\/wordpress\/wp-content\/gallery\/decembre2018\/20181210_163009.jpg?h=170\" alt=\"Goulven\" width=\"255\" height=\"170\" \/><\/a><p class=\"jig-HTMLdescription\">Goulven<br\/>20181210_163009<\/p><\/li><li><a href=\"https:\/\/i0.wp.com\/mhyrdin.fr\/blog\/wordpress\/wp-content\/gallery\/decembre2018\/Butor-%C3%A9toil%C3%A9_6104.jpg?ssl=1\"><img loading=\"lazy\" decoding=\"async\" src=\"https:\/\/i0.wp.com\/mhyrdin.fr\/blog\/wordpress\/wp-content\/gallery\/decembre2018\/Butor-%C3%A9toil%C3%A9_6104.jpg?h=170\" alt=\"Butor \u00e9toil\u00e9\" width=\"255\" height=\"170\" \/><\/a><p class=\"jig-HTMLdescription\">Butor \u00e9toil\u00e9<\/p><\/li><li><a href=\"https:\/\/i0.wp.com\/mhyrdin.fr\/blog\/wordpress\/wp-content\/gallery\/decembre2018\/Butor-%C3%A9toil%C3%A9_6111.jpg?ssl=1\"><img loading=\"lazy\" decoding=\"async\" src=\"https:\/\/i0.wp.com\/mhyrdin.fr\/blog\/wordpress\/wp-content\/gallery\/decembre2018\/Butor-%C3%A9toil%C3%A9_6111.jpg?h=170\" alt=\"Butor \u00e9toil\u00e9\" width=\"255\" height=\"170\" \/><\/a><p class=\"jig-HTMLdescription\">Butor \u00e9toil\u00e9<\/p><\/li><li><a href=\"https:\/\/i0.wp.com\/mhyrdin.fr\/blog\/wordpress\/wp-content\/gallery\/decembre2018\/Goulven_6112.jpg?ssl=1\" title=\"Goulven_6112\"><img loading=\"lazy\" decoding=\"async\" src=\"https:\/\/i0.wp.com\/mhyrdin.fr\/blog\/wordpress\/wp-content\/gallery\/decembre2018\/Goulven_6112.jpg?h=170\" alt=\"Goulven\" width=\"255\" height=\"170\" \/><\/a><p class=\"jig-HTMLdescription\">Goulven<br\/>Goulven_6112<\/p><\/li><li><a href=\"https:\/\/i0.wp.com\/mhyrdin.fr\/blog\/wordpress\/wp-content\/gallery\/decembre2018\/Goulven_6114.jpg?ssl=1\" title=\"Goulven_6114\"><img loading=\"lazy\" decoding=\"async\" src=\"https:\/\/i0.wp.com\/mhyrdin.fr\/blog\/wordpress\/wp-content\/gallery\/decembre2018\/Goulven_6114.jpg?h=170\" alt=\"Goulven\" width=\"113\" height=\"170\" \/><\/a><p class=\"jig-HTMLdescription\">Goulven<br\/>Goulven_6114<\/p><\/li><li><a href=\"https:\/\/i0.wp.com\/mhyrdin.fr\/blog\/wordpress\/wp-content\/gallery\/decembre2018\/Martin-p%C3%AAcheur_6026.jpg?ssl=1\"><img loading=\"lazy\" decoding=\"async\" src=\"https:\/\/i0.wp.com\/mhyrdin.fr\/blog\/wordpress\/wp-content\/gallery\/decembre2018\/Martin-p%C3%AAcheur_6026.jpg?h=170\" alt=\"Martin p\u00eacheur\" width=\"255\" height=\"170\" \/><\/a><p class=\"jig-HTMLdescription\">Martin p\u00eacheur<\/p><\/li><li><a href=\"https:\/\/i0.wp.com\/mhyrdin.fr\/blog\/wordpress\/wp-content\/gallery\/decembre2018\/Martin-p%C3%AAcheur_6059.jpg?ssl=1\"><img loading=\"lazy\" decoding=\"async\" src=\"https:\/\/i0.wp.com\/mhyrdin.fr\/blog\/wordpress\/wp-content\/gallery\/decembre2018\/Martin-p%C3%AAcheur_6059.jpg?h=170\" alt=\"Martin p\u00eacheur\" width=\"255\" height=\"170\" \/><\/a><p class=\"jig-HTMLdescription\">Martin p\u00eacheur<\/p><\/li><li><a href=\"https:\/\/i0.wp.com\/mhyrdin.fr\/blog\/wordpress\/wp-content\/gallery\/decembre2018\/Martin-p%C3%AAcheur_6060.jpg?ssl=1\"><img loading=\"lazy\" decoding=\"async\" src=\"https:\/\/i0.wp.com\/mhyrdin.fr\/blog\/wordpress\/wp-content\/gallery\/decembre2018\/Martin-p%C3%AAcheur_6060.jpg?h=170\" alt=\"Martin p\u00eacheur\" width=\"255\" height=\"170\" \/><\/a><p class=\"jig-HTMLdescription\">Martin p\u00eacheur<\/p><\/li><li><a href=\"https:\/\/i0.wp.com\/mhyrdin.fr\/blog\/wordpress\/wp-content\/gallery\/decembre2018\/Spatule-blanche_6189.jpg?ssl=1\"><img loading=\"lazy\" decoding=\"async\" src=\"https:\/\/i0.wp.com\/mhyrdin.fr\/blog\/wordpress\/wp-content\/gallery\/decembre2018\/Spatule-blanche_6189.jpg?h=170\" alt=\"Spatule blanche\" width=\"255\" height=\"170\" \/><\/a><p class=\"jig-HTMLdescription\">Spatule blanche<\/p><\/li><li><a href=\"https:\/\/i0.wp.com\/mhyrdin.fr\/blog\/wordpress\/wp-content\/gallery\/decembre2018\/Spatule-blanche_6195.jpg?ssl=1\"><img loading=\"lazy\" decoding=\"async\" src=\"https:\/\/i0.wp.com\/mhyrdin.fr\/blog\/wordpress\/wp-content\/gallery\/decembre2018\/Spatule-blanche_6195.jpg?h=170\" alt=\"Spatule blanche\" width=\"409\" height=\"170\" \/><\/a><p class=\"jig-HTMLdescription\">Spatule blanche<\/p><\/li><li><a href=\"https:\/\/i0.wp.com\/mhyrdin.fr\/blog\/wordpress\/wp-content\/gallery\/decembre2018\/Spatule-blanche_6197.jpg?ssl=1\"><img loading=\"lazy\" decoding=\"async\" src=\"https:\/\/i0.wp.com\/mhyrdin.fr\/blog\/wordpress\/wp-content\/gallery\/decembre2018\/Spatule-blanche_6197.jpg?h=170\" alt=\"Spatule blanche\" width=\"255\" height=\"170\" \/><\/a><p class=\"jig-HTMLdescription\">Spatule blanche<\/p><\/li><li><a href=\"https:\/\/i0.wp.com\/mhyrdin.fr\/blog\/wordpress\/wp-content\/gallery\/decembre2018\/Spatule-blanche_6210.jpg?ssl=1\"><img loading=\"lazy\" decoding=\"async\" src=\"https:\/\/i0.wp.com\/mhyrdin.fr\/blog\/wordpress\/wp-content\/gallery\/decembre2018\/Spatule-blanche_6210.jpg?h=170\" alt=\"Spatule blanche\" width=\"255\" height=\"170\" \/><\/a><p class=\"jig-HTMLdescription\">Spatule blanche<\/p><\/li><li><a href=\"https:\/\/i0.wp.com\/mhyrdin.fr\/blog\/wordpress\/wp-content\/gallery\/decembre2018\/Spatule-blanche_6211.jpg?ssl=1\"><img loading=\"lazy\" decoding=\"async\" src=\"https:\/\/i0.wp.com\/mhyrdin.fr\/blog\/wordpress\/wp-content\/gallery\/decembre2018\/Spatule-blanche_6211.jpg?h=170\" alt=\"Spatule blanche\" width=\"255\" height=\"170\" \/><\/a><p class=\"jig-HTMLdescription\">Spatule blanche<\/p><\/li><\/ul><\/noscript><\/div><div id=\"jig1-developerLink\" class=\"jig-developerLink\"><a href=\"https:\/\/justifiedgrid.com\/\" target=\"_blank\" title=\"Justified Image Grid - Premium WordPress Gallery\">powered by Justified Image Grid<\/a><\/div>\n<h3>Related Images:<\/h3>","protected":false},"excerpt":{"rendered":"<p>BrestBrest_4435BrestLe pont de RecouvranceMaison blancheLogonna-DaoulasLogonna_4651Logonna-DaoulasLogonna_4700Logonna-DaoulasLogonna_5978Logonna-DaoulasLogonna_5981Chevalier guignetteGoulven20181210_163009Butor \u00e9toil\u00e9Butor \u00e9toil\u00e9GoulvenGoulven_6112GoulvenGoulven_6114Martin p\u00eacheurMartin p\u00eacheurMartin p\u00eacheurSpatule blancheSpatule blancheSpatule blancheSpatule blancheSpatule blanchepowered by Justified Image Grid Related Images:<\/p>\n","protected":false},"author":4,"featured_media":0,"parent":15032,"menu_order":12,"comment_status":"closed","ping_status":"closed","template":"","meta":{"ngg_post_thumbnail":0,"jetpack_post_was_ever_published":false,"footnotes":"","_links_to":"","_links_to_target":""},"class_list":["post-16321","page","type-page","status-publish","hentry"],"jetpack_shortlink":"https:\/\/wp.me\/P9lSZN-4ff","jetpack_sharing_enabled":true,"_links":{"self":[{"href":"https:\/\/mhyrdin.fr\/blog\/wp-json\/wp\/v2\/pages\/16321","targetHints":{"allow":["GET"]}}],"collection":[{"href":"https:\/\/mhyrdin.fr\/blog\/wp-json\/wp\/v2\/pages"}],"about":[{"href":"https:\/\/mhyrdin.fr\/blog\/wp-json\/wp\/v2\/types\/page"}],"author":[{"embeddable":true,"href":"https:\/\/mhyrdin.fr\/blog\/wp-json\/wp\/v2\/users\/4"}],"replies":[{"embeddable":true,"href":"https:\/\/mhyrdin.fr\/blog\/wp-json\/wp\/v2\/comments?post=16321"}],"version-history":[{"count":0,"href":"https:\/\/mhyrdin.fr\/blog\/wp-json\/wp\/v2\/pages\/16321\/revisions"}],"up":[{"embeddable":true,"href":"https:\/\/mhyrdin.fr\/blog\/wp-json\/wp\/v2\/pages\/15032"}],"wp:attachment":[{"href":"https:\/\/mhyrdin.fr\/blog\/wp-json\/wp\/v2\/media?parent=16321"}],"curies":[{"name":"wp","href":"https:\/\/api.w.org\/{rel}","templated":true}]}}