{"id":16306,"date":"2018-12-11T19:43:04","date_gmt":"2018-12-11T18:43:04","guid":{"rendered":"https:\/\/mhyrdin.fr\/blog\/2018-2\/novembre\/"},"modified":"2020-10-23T23:05:08","modified_gmt":"2020-10-23T21:05:08","slug":"novembre","status":"publish","type":"page","link":"https:\/\/mhyrdin.fr\/blog\/archives-numeriques\/2018-2\/novembre\/","title":{"rendered":"novembre"},"content":{"rendered":"<div id=\"jig1\" class=\"justified-image-grid jig-7527290df932173797d949abe24c3fed jig-preset-global jig-source-nextgen\"><div class=\"jig-clearfix\"><\/div><noscript id=\"jig1-html\" class=\"justified-image-grid-html\" data-lazy-src=\"skiplazyload\" data-src=\"skipunveillazyload\"><ul><li><a href=\"https:\/\/i0.wp.com\/mhyrdin.fr\/blog\/wordpress\/wp-content\/gallery\/novembre-2018\/20181110_164026.jpg?ssl=1\" title=\"20181110_164026\"><img loading=\"lazy\" decoding=\"async\" src=\"https:\/\/i0.wp.com\/mhyrdin.fr\/blog\/wordpress\/wp-content\/gallery\/novembre-2018\/20181110_164026.jpg?h=170\" alt=\"Brest -Port de commerce\" width=\"255\" height=\"170\" \/><\/a><p class=\"jig-HTMLdescription\">Brest -Port de commerce<br\/>20181110_164026<\/p><\/li><li><a href=\"https:\/\/i0.wp.com\/mhyrdin.fr\/blog\/wordpress\/wp-content\/gallery\/novembre-2018\/20181110_164747.jpg?ssl=1\" title=\"Halte pour les coureurs du &quot;Rhum&quot;\"><img loading=\"lazy\" decoding=\"async\" src=\"https:\/\/i0.wp.com\/mhyrdin.fr\/blog\/wordpress\/wp-content\/gallery\/novembre-2018\/20181110_164747.jpg?h=170\" alt=\"Brest - Port du Ch\u00e2teau\" width=\"113\" height=\"170\" \/><\/a><p class=\"jig-HTMLdescription\">Brest - Port du Ch\u00e2teau<br\/>Halte pour les coureurs du \"Rhum\"<\/p><\/li><li><a href=\"https:\/\/i0.wp.com\/mhyrdin.fr\/blog\/wordpress\/wp-content\/gallery\/novembre-2018\/20181110_164824.jpg?ssl=1\" title=\"Halte pour les coureurs du &quot;Rhum&quot;\"><img loading=\"lazy\" decoding=\"async\" src=\"https:\/\/i0.wp.com\/mhyrdin.fr\/blog\/wordpress\/wp-content\/gallery\/novembre-2018\/20181110_164824.jpg?h=170\" alt=\"Brest - Port du Ch\u00e2teau\" width=\"128\" height=\"170\" \/><\/a><p class=\"jig-HTMLdescription\">Brest - Port du Ch\u00e2teau<br\/>Halte pour les coureurs du \"Rhum\"<\/p><\/li><li><a href=\"https:\/\/i0.wp.com\/mhyrdin.fr\/blog\/wordpress\/wp-content\/gallery\/novembre-2018\/20181110_170013.jpg?ssl=1\" title=\"Halte pour les coureurs du &quot;Rhum&quot;\"><img loading=\"lazy\" decoding=\"async\" src=\"https:\/\/i0.wp.com\/mhyrdin.fr\/blog\/wordpress\/wp-content\/gallery\/novembre-2018\/20181110_170013.jpg?h=170\" alt=\"Brest - Port du Ch\u00e2teau\" width=\"255\" height=\"170\" \/><\/a><p class=\"jig-HTMLdescription\">Brest - Port du Ch\u00e2teau<br\/>Halte pour les coureurs du \"Rhum\"<\/p><\/li><li><a href=\"https:\/\/i0.wp.com\/mhyrdin.fr\/blog\/wordpress\/wp-content\/gallery\/novembre-2018\/Vagues_5414.jpg?ssl=1\" title=\"Vagues_5414\"><img loading=\"lazy\" decoding=\"async\" src=\"https:\/\/i0.wp.com\/mhyrdin.fr\/blog\/wordpress\/wp-content\/gallery\/novembre-2018\/Vagues_5414.jpg?h=170\" alt=\"Tr\u00e9ompan\" width=\"320\" height=\"170\" \/><\/a><p class=\"jig-HTMLdescription\">Tr\u00e9ompan<br\/>Vagues_5414<\/p><\/li><li><a href=\"https:\/\/i0.wp.com\/mhyrdin.fr\/blog\/wordpress\/wp-content\/gallery\/novembre-2018\/Arc-en-ciel_5403.jpg?ssl=1\"><img loading=\"lazy\" decoding=\"async\" src=\"https:\/\/i0.wp.com\/mhyrdin.fr\/blog\/wordpress\/wp-content\/gallery\/novembre-2018\/Arc-en-ciel_5403.jpg?h=170\" alt=\"Avant le grain\" width=\"113\" height=\"170\" \/><\/a><p class=\"jig-HTMLdescription\">Avant le grain<\/p><\/li><li><a href=\"https:\/\/i0.wp.com\/mhyrdin.fr\/blog\/wordpress\/wp-content\/gallery\/novembre-2018\/Arc-en-ciel_5418.jpg?ssl=1\" title=\"Tr\u00e9ompan\"><img loading=\"lazy\" decoding=\"async\" src=\"https:\/\/i0.wp.com\/mhyrdin.fr\/blog\/wordpress\/wp-content\/gallery\/novembre-2018\/Arc-en-ciel_5418.jpg?h=170\" alt=\"Arc en ciel sur l&#039;\u00eele du Bec\" width=\"113\" height=\"170\" \/><\/a><p class=\"jig-HTMLdescription\">Arc en ciel sur l'\u00eele du Bec<br\/>Tr\u00e9ompan<\/p><\/li><li><a href=\"https:\/\/i0.wp.com\/mhyrdin.fr\/blog\/wordpress\/wp-content\/gallery\/novembre-2018\/Arc-en-ciel_5430.jpg?ssl=1\"><img loading=\"lazy\" decoding=\"async\" src=\"https:\/\/i0.wp.com\/mhyrdin.fr\/blog\/wordpress\/wp-content\/gallery\/novembre-2018\/Arc-en-ciel_5430.jpg?h=170\" alt=\"Tr\u00e9ompan\" width=\"255\" height=\"170\" \/><\/a><p class=\"jig-HTMLdescription\">Tr\u00e9ompan<\/p><\/li><li><a href=\"https:\/\/i0.wp.com\/mhyrdin.fr\/blog\/wordpress\/wp-content\/gallery\/novembre-2018\/Arc-en-ciel_162744.jpg?ssl=1\"><img loading=\"lazy\" decoding=\"async\" src=\"https:\/\/i0.wp.com\/mhyrdin.fr\/blog\/wordpress\/wp-content\/gallery\/novembre-2018\/Arc-en-ciel_162744.jpg?h=170\" alt=\"Tr\u00e9ompan\" width=\"255\" height=\"170\" \/><\/a><p class=\"jig-HTMLdescription\">Tr\u00e9ompan<\/p><\/li><li><a href=\"https:\/\/i0.wp.com\/mhyrdin.fr\/blog\/wordpress\/wp-content\/gallery\/novembre-2018\/Arc-en-ciel_162746.jpg?ssl=1\"><img loading=\"lazy\" decoding=\"async\" src=\"https:\/\/i0.wp.com\/mhyrdin.fr\/blog\/wordpress\/wp-content\/gallery\/novembre-2018\/Arc-en-ciel_162746.jpg?h=170\" alt=\"Tr\u00e9ompan\" width=\"255\" height=\"170\" \/><\/a><p class=\"jig-HTMLdescription\">Tr\u00e9ompan<\/p><\/li><li><a href=\"https:\/\/i0.wp.com\/mhyrdin.fr\/blog\/wordpress\/wp-content\/gallery\/novembre-2018\/Arc-en-ciel_162747.jpg?ssl=1\"><img loading=\"lazy\" decoding=\"async\" src=\"https:\/\/i0.wp.com\/mhyrdin.fr\/blog\/wordpress\/wp-content\/gallery\/novembre-2018\/Arc-en-ciel_162747.jpg?h=170\" alt=\"Tr\u00e9ompan\" width=\"289\" height=\"170\" \/><\/a><p class=\"jig-HTMLdescription\">Tr\u00e9ompan<\/p><\/li><li><a href=\"https:\/\/i0.wp.com\/mhyrdin.fr\/blog\/wordpress\/wp-content\/gallery\/novembre-2018\/Arc-en-ciel_162748.jpg?ssl=1\"><img loading=\"lazy\" decoding=\"async\" src=\"https:\/\/i0.wp.com\/mhyrdin.fr\/blog\/wordpress\/wp-content\/gallery\/novembre-2018\/Arc-en-ciel_162748.jpg?h=170\" alt=\"Tr\u00e9ompan\" width=\"227\" height=\"170\" \/><\/a><p class=\"jig-HTMLdescription\">Tr\u00e9ompan<\/p><\/li><li><a href=\"https:\/\/i0.wp.com\/mhyrdin.fr\/blog\/wordpress\/wp-content\/gallery\/novembre-2018\/Apr%C3%A8s-le-grain_165624.jpg?ssl=1\"><img loading=\"lazy\" decoding=\"async\" src=\"https:\/\/i0.wp.com\/mhyrdin.fr\/blog\/wordpress\/wp-content\/gallery\/novembre-2018\/Apr%C3%A8s-le-grain_165624.jpg?h=170\" alt=\"Tr\u00e9ompan apr\u00e8s le grain\" width=\"255\" height=\"170\" \/><\/a><p class=\"jig-HTMLdescription\">Tr\u00e9ompan apr\u00e8s le grain<\/p><\/li><li><a href=\"https:\/\/i0.wp.com\/mhyrdin.fr\/blog\/wordpress\/wp-content\/gallery\/novembre-2018\/IMG_5434.jpg?ssl=1\" title=\"IMG_5434\"><img loading=\"lazy\" decoding=\"async\" src=\"https:\/\/i0.wp.com\/mhyrdin.fr\/blog\/wordpress\/wp-content\/gallery\/novembre-2018\/IMG_5434.jpg?h=170\" alt=\"Deux hu\u00eetriers\" width=\"255\" height=\"170\" \/><\/a><p class=\"jig-HTMLdescription\">Deux hu\u00eetriers<br\/>IMG_5434<\/p><\/li><li><a href=\"https:\/\/i0.wp.com\/mhyrdin.fr\/blog\/wordpress\/wp-content\/gallery\/novembre-2018\/Tarier-p%C3%A2tre_5429.jpg?ssl=1\"><img loading=\"lazy\" decoding=\"async\" src=\"https:\/\/i0.wp.com\/mhyrdin.fr\/blog\/wordpress\/wp-content\/gallery\/novembre-2018\/Tarier-p%C3%A2tre_5429.jpg?h=170\" alt=\"Tarier p\u00e2tre\" width=\"255\" height=\"170\" \/><\/a><p class=\"jig-HTMLdescription\">Tarier p\u00e2tre<\/p><\/li><li><a href=\"https:\/\/i0.wp.com\/mhyrdin.fr\/blog\/wordpress\/wp-content\/gallery\/novembre-2018\/Sunset_172527.jpg?ssl=1\" title=\"Sunset_172527\"><img loading=\"lazy\" decoding=\"async\" src=\"https:\/\/i0.wp.com\/mhyrdin.fr\/blog\/wordpress\/wp-content\/gallery\/novembre-2018\/Sunset_172527.jpg?h=170\" alt=\"Coucher de soleil sur Tr\u00e9ompan\" width=\"255\" height=\"170\" \/><\/a><p class=\"jig-HTMLdescription\">Coucher de soleil sur Tr\u00e9ompan<br\/>Sunset_172527<\/p><\/li><li><a href=\"https:\/\/i0.wp.com\/mhyrdin.fr\/blog\/wordpress\/wp-content\/gallery\/novembre-2018\/Le-Minou_8556.jpg?ssl=1\"><img loading=\"lazy\" decoding=\"async\" src=\"https:\/\/i0.wp.com\/mhyrdin.fr\/blog\/wordpress\/wp-content\/gallery\/novembre-2018\/Le-Minou_8556.jpg?h=170\" alt=\"Le Minou\" width=\"277\" height=\"170\" \/><\/a><p class=\"jig-HTMLdescription\">Le Minou<\/p><\/li><li><a href=\"https:\/\/i0.wp.com\/mhyrdin.fr\/blog\/wordpress\/wp-content\/gallery\/novembre-2018\/Le-Minou_8563.jpg?ssl=1\"><img loading=\"lazy\" decoding=\"async\" src=\"https:\/\/i0.wp.com\/mhyrdin.fr\/blog\/wordpress\/wp-content\/gallery\/novembre-2018\/Le-Minou_8563.jpg?h=170\" alt=\"Le Minou\" width=\"255\" height=\"170\" \/><\/a><p class=\"jig-HTMLdescription\">Le Minou<\/p><\/li><li><a href=\"https:\/\/i0.wp.com\/mhyrdin.fr\/blog\/wordpress\/wp-content\/gallery\/novembre-2018\/Le-Minou_8565.jpg?ssl=1\"><img loading=\"lazy\" decoding=\"async\" src=\"https:\/\/i0.wp.com\/mhyrdin.fr\/blog\/wordpress\/wp-content\/gallery\/novembre-2018\/Le-Minou_8565.jpg?h=170\" alt=\"Le Minou\" width=\"255\" height=\"170\" \/><\/a><p class=\"jig-HTMLdescription\">Le Minou<\/p><\/li><li><a href=\"https:\/\/i0.wp.com\/mhyrdin.fr\/blog\/wordpress\/wp-content\/gallery\/novembre-2018\/Le-Minou_8569.jpg?ssl=1\"><img loading=\"lazy\" decoding=\"async\" src=\"https:\/\/i0.wp.com\/mhyrdin.fr\/blog\/wordpress\/wp-content\/gallery\/novembre-2018\/Le-Minou_8569.jpg?h=170\" alt=\"Le Minou\" width=\"262\" height=\"170\" \/><\/a><p class=\"jig-HTMLdescription\">Le Minou<\/p><\/li><li><a href=\"https:\/\/i0.wp.com\/mhyrdin.fr\/blog\/wordpress\/wp-content\/gallery\/novembre-2018\/Le-Minou_8573.jpg?ssl=1\"><img loading=\"lazy\" decoding=\"async\" src=\"https:\/\/i0.wp.com\/mhyrdin.fr\/blog\/wordpress\/wp-content\/gallery\/novembre-2018\/Le-Minou_8573.jpg?h=170\" alt=\"Le Minou\" width=\"133\" height=\"170\" \/><\/a><p class=\"jig-HTMLdescription\">Le Minou<\/p><\/li><li><a href=\"https:\/\/i0.wp.com\/mhyrdin.fr\/blog\/wordpress\/wp-content\/gallery\/novembre-2018\/Le-Minou_8582.jpg?ssl=1\"><img loading=\"lazy\" decoding=\"async\" src=\"https:\/\/i0.wp.com\/mhyrdin.fr\/blog\/wordpress\/wp-content\/gallery\/novembre-2018\/Le-Minou_8582.jpg?h=170\" alt=\"Le Minou\" width=\"255\" height=\"170\" \/><\/a><p class=\"jig-HTMLdescription\">Le Minou<\/p><\/li><li><a href=\"https:\/\/i0.wp.com\/mhyrdin.fr\/blog\/wordpress\/wp-content\/gallery\/novembre-2018\/Brividic_5479.jpg?ssl=1\" title=\"Brividic_5479\"><img loading=\"lazy\" decoding=\"async\" src=\"https:\/\/i0.wp.com\/mhyrdin.fr\/blog\/wordpress\/wp-content\/gallery\/novembre-2018\/Brividic_5479.jpg?h=170\" alt=\"Brividic\" width=\"113\" height=\"170\" \/><\/a><p class=\"jig-HTMLdescription\">Brividic<br\/>Brividic_5479<\/p><\/li><li><a href=\"https:\/\/i0.wp.com\/mhyrdin.fr\/blog\/wordpress\/wp-content\/gallery\/novembre-2018\/Le-Four_5469.jpg?ssl=1\"><img loading=\"lazy\" decoding=\"async\" src=\"https:\/\/i0.wp.com\/mhyrdin.fr\/blog\/wordpress\/wp-content\/gallery\/novembre-2018\/Le-Four_5469.jpg?h=170\" alt=\"Le Four\" width=\"334\" height=\"170\" \/><\/a><p class=\"jig-HTMLdescription\">Le Four<\/p><\/li><li><a href=\"https:\/\/i0.wp.com\/mhyrdin.fr\/blog\/wordpress\/wp-content\/gallery\/novembre-2018\/Porspoder_1615.jpg?ssl=1\" title=\"Porspoder_1615\"><img loading=\"lazy\" decoding=\"async\" src=\"https:\/\/i0.wp.com\/mhyrdin.fr\/blog\/wordpress\/wp-content\/gallery\/novembre-2018\/Porspoder_1615.jpg?h=170\" alt=\"Porspoder\" width=\"255\" height=\"170\" \/><\/a><p class=\"jig-HTMLdescription\">Porspoder<br\/>Porspoder_1615<\/p><\/li><li><a href=\"https:\/\/i0.wp.com\/mhyrdin.fr\/blog\/wordpress\/wp-content\/gallery\/novembre-2018\/Porspoder_5462.jpg?ssl=1\" title=\"Porspoder_5462\"><img loading=\"lazy\" decoding=\"async\" src=\"https:\/\/i0.wp.com\/mhyrdin.fr\/blog\/wordpress\/wp-content\/gallery\/novembre-2018\/Porspoder_5462.jpg?h=170\" alt=\"Porspoder\" width=\"362\" height=\"170\" \/><\/a><p class=\"jig-HTMLdescription\">Porspoder<br\/>Porspoder_5462<\/p><\/li><li><a href=\"https:\/\/i0.wp.com\/mhyrdin.fr\/blog\/wordpress\/wp-content\/gallery\/novembre-2018\/Porspoder_5464.jpg?ssl=1\" title=\"Porspoder_5464\"><img loading=\"lazy\" decoding=\"async\" src=\"https:\/\/i0.wp.com\/mhyrdin.fr\/blog\/wordpress\/wp-content\/gallery\/novembre-2018\/Porspoder_5464.jpg?h=170\" alt=\"Porspoder\" width=\"343\" height=\"170\" \/><\/a><p class=\"jig-HTMLdescription\">Porspoder<br\/>Porspoder_5464<\/p><\/li><li><a href=\"https:\/\/i0.wp.com\/mhyrdin.fr\/blog\/wordpress\/wp-content\/gallery\/novembre-2018\/Porspoder_5466.jpg?ssl=1\" title=\"Porspoder_5466\"><img loading=\"lazy\" decoding=\"async\" src=\"https:\/\/i0.wp.com\/mhyrdin.fr\/blog\/wordpress\/wp-content\/gallery\/novembre-2018\/Porspoder_5466.jpg?h=170\" alt=\"Porspoder\" width=\"255\" height=\"170\" \/><\/a><p class=\"jig-HTMLdescription\">Porspoder<br\/>Porspoder_5466<\/p><\/li><li><a href=\"https:\/\/i0.wp.com\/mhyrdin.fr\/blog\/wordpress\/wp-content\/gallery\/novembre-2018\/Porspoder-Le-Four_5941.jpg?ssl=1\"><img loading=\"lazy\" decoding=\"async\" src=\"https:\/\/i0.wp.com\/mhyrdin.fr\/blog\/wordpress\/wp-content\/gallery\/novembre-2018\/Porspoder-Le-Four_5941.jpg?h=170\" alt=\"Porspoder -  Le Four\" width=\"255\" height=\"170\" \/><\/a><p class=\"jig-HTMLdescription\">Porspoder -  Le Four<\/p><\/li><li><a href=\"https:\/\/i0.wp.com\/mhyrdin.fr\/blog\/wordpress\/wp-content\/gallery\/novembre-2018\/Porspoder_5914NB.jpg?ssl=1\" title=\"Porspoder_5914NB\"><img loading=\"lazy\" decoding=\"async\" src=\"https:\/\/i0.wp.com\/mhyrdin.fr\/blog\/wordpress\/wp-content\/gallery\/novembre-2018\/Porspoder_5914NB.jpg?h=170\" alt=\"Porspoder\" width=\"247\" height=\"170\" \/><\/a><p class=\"jig-HTMLdescription\">Porspoder<br\/>Porspoder_5914NB<\/p><\/li><li><a href=\"https:\/\/i0.wp.com\/mhyrdin.fr\/blog\/wordpress\/wp-content\/gallery\/novembre-2018\/Porspoder_5928.jpg?ssl=1\" title=\"Porspoder_5928\"><img loading=\"lazy\" decoding=\"async\" src=\"https:\/\/i0.wp.com\/mhyrdin.fr\/blog\/wordpress\/wp-content\/gallery\/novembre-2018\/Porspoder_5928.jpg?h=170\" alt=\"Porspoder\" width=\"255\" height=\"170\" \/><\/a><p class=\"jig-HTMLdescription\">Porspoder<br\/>Porspoder_5928<\/p><\/li><li><a href=\"https:\/\/i0.wp.com\/mhyrdin.fr\/blog\/wordpress\/wp-content\/gallery\/novembre-2018\/Porspoder_8634.jpg?ssl=1\" title=\"Porspoder_8634\"><img loading=\"lazy\" decoding=\"async\" src=\"https:\/\/i0.wp.com\/mhyrdin.fr\/blog\/wordpress\/wp-content\/gallery\/novembre-2018\/Porspoder_8634.jpg?h=170\" alt=\"Porspoder\" width=\"341\" height=\"170\" \/><\/a><p class=\"jig-HTMLdescription\">Porspoder<br\/>Porspoder_8634<\/p><\/li><li><a href=\"https:\/\/i0.wp.com\/mhyrdin.fr\/blog\/wordpress\/wp-content\/gallery\/novembre-2018\/Porspoder_8639.jpg?ssl=1\" title=\"Porspoder_8639\"><img loading=\"lazy\" decoding=\"async\" src=\"https:\/\/i0.wp.com\/mhyrdin.fr\/blog\/wordpress\/wp-content\/gallery\/novembre-2018\/Porspoder_8639.jpg?h=170\" alt=\"Porspoder\" width=\"311\" height=\"170\" \/><\/a><p class=\"jig-HTMLdescription\">Porspoder<br\/>Porspoder_8639<\/p><\/li><li><a href=\"https:\/\/i0.wp.com\/mhyrdin.fr\/blog\/wordpress\/wp-content\/gallery\/novembre-2018\/Porspoder_8645.jpg?ssl=1\" title=\"Porspoder_8645\"><img loading=\"lazy\" decoding=\"async\" src=\"https:\/\/i0.wp.com\/mhyrdin.fr\/blog\/wordpress\/wp-content\/gallery\/novembre-2018\/Porspoder_8645.jpg?h=170\" alt=\"Porspoder\" width=\"421\" height=\"170\" \/><\/a><p class=\"jig-HTMLdescription\">Porspoder<br\/>Porspoder_8645<\/p><\/li><li><a href=\"https:\/\/i0.wp.com\/mhyrdin.fr\/blog\/wordpress\/wp-content\/gallery\/novembre-2018\/Chevalier-gambette_5935.jpg?ssl=1\"><img loading=\"lazy\" decoding=\"async\" src=\"https:\/\/i0.wp.com\/mhyrdin.fr\/blog\/wordpress\/wp-content\/gallery\/novembre-2018\/Chevalier-gambette_5935.jpg?h=170\" alt=\"Chevalier gambette\" width=\"329\" height=\"170\" \/><\/a><p class=\"jig-HTMLdescription\">Chevalier gambette<\/p><\/li><\/ul><\/noscript><\/div><div id=\"jig1-developerLink\" class=\"jig-developerLink\"><a href=\"https:\/\/justifiedgrid.com\/\" target=\"_blank\" title=\"Justified Image Grid - Premium WordPress Gallery\">powered by Justified Image Grid<\/a><\/div>\n<h3>Related Images:<\/h3>","protected":false},"excerpt":{"rendered":"<p>Brest -Port de commerce20181110_164026Brest &#8211; Port du Ch\u00e2teauHalte pour les coureurs du \u00ab\u00a0Rhum\u00a0\u00bbBrest &#8211; Port du Ch\u00e2teauHalte pour les coureurs du \u00ab\u00a0Rhum\u00a0\u00bbBrest &#8211; Port du Ch\u00e2teauHalte pour les coureurs du \u00ab\u00a0Rhum\u00a0\u00bbTr\u00e9ompanVagues_5414Avant le grainArc en ciel sur l&rsquo;\u00eele du BecTr\u00e9ompanTr\u00e9ompanTr\u00e9ompanTr\u00e9ompanTr\u00e9ompanTr\u00e9ompanTr\u00e9ompan apr\u00e8s le grainDeux hu\u00eetriersIMG_5434Tarier p\u00e2treCoucher de soleil sur Tr\u00e9ompanSunset_172527Le MinouLe MinouLe MinouLe MinouLe MinouLe MinouBrividicBrividic_5479Le FourPorspoderPorspoder_1615PorspoderPorspoder_5462PorspoderPorspoder_5464PorspoderPorspoder_5466Porspoder [&hellip;]<\/p>\n","protected":false},"author":4,"featured_media":0,"parent":15032,"menu_order":11,"comment_status":"closed","ping_status":"closed","template":"","meta":{"ngg_post_thumbnail":0,"jetpack_post_was_ever_published":false,"footnotes":"","_links_to":"","_links_to_target":""},"class_list":["post-16306","page","type-page","status-publish","hentry"],"jetpack_shortlink":"https:\/\/wp.me\/P9lSZN-4f0","jetpack_sharing_enabled":true,"_links":{"self":[{"href":"https:\/\/mhyrdin.fr\/blog\/wp-json\/wp\/v2\/pages\/16306","targetHints":{"allow":["GET"]}}],"collection":[{"href":"https:\/\/mhyrdin.fr\/blog\/wp-json\/wp\/v2\/pages"}],"about":[{"href":"https:\/\/mhyrdin.fr\/blog\/wp-json\/wp\/v2\/types\/page"}],"author":[{"embeddable":true,"href":"https:\/\/mhyrdin.fr\/blog\/wp-json\/wp\/v2\/users\/4"}],"replies":[{"embeddable":true,"href":"https:\/\/mhyrdin.fr\/blog\/wp-json\/wp\/v2\/comments?post=16306"}],"version-history":[{"count":0,"href":"https:\/\/mhyrdin.fr\/blog\/wp-json\/wp\/v2\/pages\/16306\/revisions"}],"up":[{"embeddable":true,"href":"https:\/\/mhyrdin.fr\/blog\/wp-json\/wp\/v2\/pages\/15032"}],"wp:attachment":[{"href":"https:\/\/mhyrdin.fr\/blog\/wp-json\/wp\/v2\/media?parent=16306"}],"curies":[{"name":"wp","href":"https:\/\/api.w.org\/{rel}","templated":true}]}}