{"id":16304,"date":"2018-12-11T19:38:07","date_gmt":"2018-12-11T18:38:07","guid":{"rendered":"https:\/\/mhyrdin.fr\/blog\/octobre\/"},"modified":"2020-10-23T23:34:21","modified_gmt":"2020-10-23T21:34:21","slug":"octobre","status":"publish","type":"page","link":"https:\/\/mhyrdin.fr\/blog\/archives-numeriques\/2018-2\/octobre\/","title":{"rendered":"Octobre"},"content":{"rendered":"<div id=\"jig1\" class=\"justified-image-grid jig-6969cc572a38be9062bc0e541efcc8c7 jig-preset-global jig-source-nextgen\"><div class=\"jig-clearfix\"><\/div><noscript id=\"jig1-html\" class=\"justified-image-grid-html\" data-lazy-src=\"skiplazyload\" data-src=\"skipunveillazyload\"><ul><li><a href=\"https:\/\/i0.wp.com\/mhyrdin.fr\/blog\/wordpress\/wp-content\/gallery\/octobre2018\/Erdeven_131723.jpg?ssl=1\" title=\"Erdeven_131723\"><img loading=\"lazy\" decoding=\"async\" src=\"https:\/\/i0.wp.com\/mhyrdin.fr\/blog\/wordpress\/wp-content\/gallery\/octobre2018\/Erdeven_131723.jpg?h=170\" alt=\"Erdeven\" width=\"283\" height=\"170\" \/><\/a><p class=\"jig-HTMLdescription\">Erdeven<br\/>Erdeven_131723<\/p><\/li><li><a href=\"https:\/\/i0.wp.com\/mhyrdin.fr\/blog\/wordpress\/wp-content\/gallery\/octobre2018\/Erdeven_131733.jpg?ssl=1\" title=\"Erdeven_131733\"><img loading=\"lazy\" decoding=\"async\" src=\"https:\/\/i0.wp.com\/mhyrdin.fr\/blog\/wordpress\/wp-content\/gallery\/octobre2018\/Erdeven_131733.jpg?h=170\" alt=\"Erdeven\" width=\"233\" height=\"170\" \/><\/a><p class=\"jig-HTMLdescription\">Erdeven<br\/>Erdeven_131733<\/p><\/li><li><a href=\"https:\/\/i0.wp.com\/mhyrdin.fr\/blog\/wordpress\/wp-content\/gallery\/octobre2018\/Grand-Cormoran_5104.jpg?ssl=1\" title=\"Mousterlin\"><img loading=\"lazy\" decoding=\"async\" src=\"https:\/\/i0.wp.com\/mhyrdin.fr\/blog\/wordpress\/wp-content\/gallery\/octobre2018\/Grand-Cormoran_5104.jpg?h=170\" alt=\"Grand Cormoran\" width=\"255\" height=\"170\" \/><\/a><p class=\"jig-HTMLdescription\">Grand Cormoran<br\/>Mousterlin<\/p><\/li><li><a href=\"https:\/\/i0.wp.com\/mhyrdin.fr\/blog\/wordpress\/wp-content\/gallery\/octobre2018\/B%C3%A9casseau-sanderling_5144.jpg?ssl=1\" title=\"Mousterlin\"><img loading=\"lazy\" decoding=\"async\" src=\"https:\/\/i0.wp.com\/mhyrdin.fr\/blog\/wordpress\/wp-content\/gallery\/octobre2018\/B%C3%A9casseau-sanderling_5144.jpg?h=170\" alt=\"B\u00e9casseaux sanderlings\" width=\"255\" height=\"170\" \/><\/a><p class=\"jig-HTMLdescription\">B\u00e9casseaux sanderlings<br\/>Mousterlin<\/p><\/li><li><a href=\"https:\/\/i0.wp.com\/mhyrdin.fr\/blog\/wordpress\/wp-content\/gallery\/octobre2018\/B%C3%A9casseau-sanderling_5078.jpg?ssl=1\" title=\"Mousterlin\"><img loading=\"lazy\" decoding=\"async\" src=\"https:\/\/i0.wp.com\/mhyrdin.fr\/blog\/wordpress\/wp-content\/gallery\/octobre2018\/B%C3%A9casseau-sanderling_5078.jpg?h=170\" alt=\"B\u00e9casseau sanderling juv\u00e9nile\" width=\"255\" height=\"170\" \/><\/a><p class=\"jig-HTMLdescription\">B\u00e9casseau sanderling juv\u00e9nile<br\/>Mousterlin<\/p><\/li><li><a href=\"https:\/\/i0.wp.com\/mhyrdin.fr\/blog\/wordpress\/wp-content\/gallery\/octobre2018\/Bergeronnette-de-Yarrell_5147.jpg?ssl=1\" title=\"Mousterlin\"><img loading=\"lazy\" decoding=\"async\" src=\"https:\/\/i0.wp.com\/mhyrdin.fr\/blog\/wordpress\/wp-content\/gallery\/octobre2018\/Bergeronnette-de-Yarrell_5147.jpg?h=170\" alt=\"Bergeronnette de Yarrell\" width=\"255\" height=\"170\" \/><\/a><p class=\"jig-HTMLdescription\">Bergeronnette de Yarrell<br\/>Mousterlin<\/p><\/li><li><a href=\"https:\/\/i0.wp.com\/mhyrdin.fr\/blog\/wordpress\/wp-content\/gallery\/octobre2018\/Symp%C3%A9trum-stri%C3%A9_5168.jpg?ssl=1\" title=\"Mousterlin\"><img loading=\"lazy\" decoding=\"async\" src=\"https:\/\/i0.wp.com\/mhyrdin.fr\/blog\/wordpress\/wp-content\/gallery\/octobre2018\/Symp%C3%A9trum-stri%C3%A9_5168.jpg?h=170\" alt=\"Symp\u00e9trum stri\u00e9\" width=\"255\" height=\"170\" \/><\/a><p class=\"jig-HTMLdescription\">Symp\u00e9trum stri\u00e9<br\/>Mousterlin<\/p><\/li><li><a href=\"https:\/\/i0.wp.com\/mhyrdin.fr\/blog\/wordpress\/wp-content\/gallery\/octobre2018\/B%C3%A9casseau-sanderling-juv%C3%A9nile_5173.jpg?ssl=1\" title=\"La Torche\"><img loading=\"lazy\" decoding=\"async\" src=\"https:\/\/i0.wp.com\/mhyrdin.fr\/blog\/wordpress\/wp-content\/gallery\/octobre2018\/B%C3%A9casseau-sanderling-juv%C3%A9nile_5173.jpg?h=170\" alt=\"B\u00e9casseau sanderling juv\u00e9nile\" width=\"255\" height=\"170\" \/><\/a><p class=\"jig-HTMLdescription\">B\u00e9casseau sanderling juv\u00e9nile<br\/>La Torche<\/p><\/li><li><a href=\"https:\/\/i0.wp.com\/mhyrdin.fr\/blog\/wordpress\/wp-content\/gallery\/octobre2018\/Keryunan_162537.jpg?ssl=1\" title=\"Keryunan_162537\"><img loading=\"lazy\" decoding=\"async\" src=\"https:\/\/i0.wp.com\/mhyrdin.fr\/blog\/wordpress\/wp-content\/gallery\/octobre2018\/Keryunan_162537.jpg?h=170\" alt=\"Keryunan\" width=\"281\" height=\"170\" \/><\/a><p class=\"jig-HTMLdescription\">Keryunan<br\/>Keryunan_162537<\/p><\/li><li><a href=\"https:\/\/i0.wp.com\/mhyrdin.fr\/blog\/wordpress\/wp-content\/gallery\/octobre2018\/Keryunan_5203.jpg?ssl=1\" title=\"Keryunan_5203\"><img loading=\"lazy\" decoding=\"async\" src=\"https:\/\/i0.wp.com\/mhyrdin.fr\/blog\/wordpress\/wp-content\/gallery\/octobre2018\/Keryunan_5203.jpg?h=170\" alt=\"Keryunan\" width=\"113\" height=\"170\" \/><\/a><p class=\"jig-HTMLdescription\">Keryunan<br\/>Keryunan_5203<\/p><\/li><li><a href=\"https:\/\/i0.wp.com\/mhyrdin.fr\/blog\/wordpress\/wp-content\/gallery\/octobre2018\/N%C3%A9buleuse_5176.jpg?ssl=1\"><img loading=\"lazy\" decoding=\"async\" src=\"https:\/\/i0.wp.com\/mhyrdin.fr\/blog\/wordpress\/wp-content\/gallery\/octobre2018\/N%C3%A9buleuse_5176.jpg?h=170\" alt=\"La &quot;N\u00e9buleuse&quot;\" width=\"255\" height=\"170\" \/><\/a><p class=\"jig-HTMLdescription\">La \"N\u00e9buleuse\"<\/p><\/li><li><a href=\"https:\/\/i0.wp.com\/mhyrdin.fr\/blog\/wordpress\/wp-content\/gallery\/octobre2018\/Cuivr%C3%A9_5201.jpg?ssl=1\" title=\"Keryunan\"><img loading=\"lazy\" decoding=\"async\" src=\"https:\/\/i0.wp.com\/mhyrdin.fr\/blog\/wordpress\/wp-content\/gallery\/octobre2018\/Cuivr%C3%A9_5201.jpg?h=170\" alt=\"Cuivr\u00e9\" width=\"255\" height=\"170\" \/><\/a><p class=\"jig-HTMLdescription\">Cuivr\u00e9<br\/>Keryunan<\/p><\/li><li><a href=\"https:\/\/i0.wp.com\/mhyrdin.fr\/blog\/wordpress\/wp-content\/gallery\/octobre2018\/M%C3%A9g%C3%A8re_5212.jpg?ssl=1\" title=\"Lasiommata megera&#013;\nKeryunan\"><img loading=\"lazy\" decoding=\"async\" src=\"https:\/\/i0.wp.com\/mhyrdin.fr\/blog\/wordpress\/wp-content\/gallery\/octobre2018\/M%C3%A9g%C3%A8re_5212.jpg?h=170\" alt=\"M\u00e9g\u00e8re\" width=\"255\" height=\"170\" \/><\/a><p class=\"jig-HTMLdescription\">M\u00e9g\u00e8re<br\/>Lasiommata megera&#013;\nKeryunan<\/p><\/li><li><a href=\"https:\/\/i0.wp.com\/mhyrdin.fr\/blog\/wordpress\/wp-content\/gallery\/octobre2018\/Pieris-rapae_5221.jpg?ssl=1\" title=\"Pieris rapae&#013;\nKeryunan\"><img loading=\"lazy\" decoding=\"async\" src=\"https:\/\/i0.wp.com\/mhyrdin.fr\/blog\/wordpress\/wp-content\/gallery\/octobre2018\/Pieris-rapae_5221.jpg?h=170\" alt=\"Pieride\" width=\"255\" height=\"170\" \/><\/a><p class=\"jig-HTMLdescription\">Pieride<br\/>Pieris rapae&#013;\nKeryunan<\/p><\/li><li><a href=\"https:\/\/i0.wp.com\/mhyrdin.fr\/blog\/wordpress\/wp-content\/gallery\/octobre2018\/Menez-Hom_5226.jpg?ssl=1\"><img loading=\"lazy\" decoding=\"async\" src=\"https:\/\/i0.wp.com\/mhyrdin.fr\/blog\/wordpress\/wp-content\/gallery\/octobre2018\/Menez-Hom_5226.jpg?h=170\" alt=\"Menez Hom\" width=\"332\" height=\"170\" \/><\/a><p class=\"jig-HTMLdescription\">Menez Hom<\/p><\/li><li><a href=\"https:\/\/i0.wp.com\/mhyrdin.fr\/blog\/wordpress\/wp-content\/gallery\/octobre2018\/Tas-de-pois_5239.jpg?ssl=1\"><img loading=\"lazy\" decoding=\"async\" src=\"https:\/\/i0.wp.com\/mhyrdin.fr\/blog\/wordpress\/wp-content\/gallery\/octobre2018\/Tas-de-pois_5239.jpg?h=170\" alt=\"Tas de pois\" width=\"405\" height=\"170\" \/><\/a><p class=\"jig-HTMLdescription\">Tas de pois<\/p><\/li><li><a href=\"https:\/\/i0.wp.com\/mhyrdin.fr\/blog\/wordpress\/wp-content\/gallery\/octobre2018\/Accenteur-mouchet_5245.jpg?ssl=1\" title=\"Tr\u00e9ompan\"><img loading=\"lazy\" decoding=\"async\" src=\"https:\/\/i0.wp.com\/mhyrdin.fr\/blog\/wordpress\/wp-content\/gallery\/octobre2018\/Accenteur-mouchet_5245.jpg?h=170\" alt=\"Accenteur mouchet\" width=\"113\" height=\"170\" \/><\/a><p class=\"jig-HTMLdescription\">Accenteur mouchet<br\/>Tr\u00e9ompan<\/p><\/li><li><a href=\"https:\/\/i0.wp.com\/mhyrdin.fr\/blog\/wordpress\/wp-content\/gallery\/octobre2018\/Cuivr%C3%A9-commun_5259.jpg?ssl=1\" title=\"Tr\u00e9ompan\"><img loading=\"lazy\" decoding=\"async\" src=\"https:\/\/i0.wp.com\/mhyrdin.fr\/blog\/wordpress\/wp-content\/gallery\/octobre2018\/Cuivr%C3%A9-commun_5259.jpg?h=170\" alt=\"Cuivr\u00e9 commun\" width=\"255\" height=\"170\" \/><\/a><p class=\"jig-HTMLdescription\">Cuivr\u00e9 commun<br\/>Tr\u00e9ompan<\/p><\/li><li><a href=\"https:\/\/i0.wp.com\/mhyrdin.fr\/blog\/wordpress\/wp-content\/gallery\/octobre2018\/Courlis-cendr%C3%A9_5360.jpg?ssl=1\" title=\"Le Conquet\"><img loading=\"lazy\" decoding=\"async\" src=\"https:\/\/i0.wp.com\/mhyrdin.fr\/blog\/wordpress\/wp-content\/gallery\/octobre2018\/Courlis-cendr%C3%A9_5360.jpg?h=170\" alt=\"Courlis cendr\u00e9\" width=\"255\" height=\"170\" \/><\/a><p class=\"jig-HTMLdescription\">Courlis cendr\u00e9<br\/>Le Conquet<\/p><\/li><li><a href=\"https:\/\/i0.wp.com\/mhyrdin.fr\/blog\/wordpress\/wp-content\/gallery\/octobre2018\/Courlis-cendr%C3%A9_5350-1.jpg?ssl=1\" title=\"Le Conquet\"><img loading=\"lazy\" decoding=\"async\" src=\"https:\/\/i0.wp.com\/mhyrdin.fr\/blog\/wordpress\/wp-content\/gallery\/octobre2018\/Courlis-cendr%C3%A9_5350-1.jpg?h=170\" alt=\"Le Courlis cendr\u00e9 et... le Crabe vert\" width=\"255\" height=\"170\" \/><\/a><p class=\"jig-HTMLdescription\">Le Courlis cendr\u00e9 et... le Crabe vert<br\/>Le Conquet<\/p><\/li><li><a href=\"https:\/\/i0.wp.com\/mhyrdin.fr\/blog\/wordpress\/wp-content\/gallery\/octobre2018\/Courlis-cendr%C3%A9_5348.jpg?ssl=1\" title=\"Le Conquet\"><img loading=\"lazy\" decoding=\"async\" src=\"https:\/\/i0.wp.com\/mhyrdin.fr\/blog\/wordpress\/wp-content\/gallery\/octobre2018\/Courlis-cendr%C3%A9_5348.jpg?h=170\" alt=\"Le Courlis cendr\u00e9 et... la praire\" width=\"255\" height=\"170\" \/><\/a><p class=\"jig-HTMLdescription\">Le Courlis cendr\u00e9 et... la praire<br\/>Le Conquet<\/p><\/li><li><a href=\"https:\/\/i0.wp.com\/mhyrdin.fr\/blog\/wordpress\/wp-content\/gallery\/octobre2018\/Courlis-cendr%C3%A9_5350.jpg?ssl=1\" title=\"Le Conquet\"><img loading=\"lazy\" decoding=\"async\" src=\"https:\/\/i0.wp.com\/mhyrdin.fr\/blog\/wordpress\/wp-content\/gallery\/octobre2018\/Courlis-cendr%C3%A9_5350.jpg?h=170\" alt=\"Le Courlis cendr\u00e9 et... la praire\" width=\"255\" height=\"170\" \/><\/a><p class=\"jig-HTMLdescription\">Le Courlis cendr\u00e9 et... la praire<br\/>Le Conquet<\/p><\/li><li><a href=\"https:\/\/i0.wp.com\/mhyrdin.fr\/blog\/wordpress\/wp-content\/gallery\/octobre2018\/Courlis-cendr%C3%A9_5302.jpg?ssl=1\" title=\"Le Conquet\"><img loading=\"lazy\" decoding=\"async\" src=\"https:\/\/i0.wp.com\/mhyrdin.fr\/blog\/wordpress\/wp-content\/gallery\/octobre2018\/Courlis-cendr%C3%A9_5302.jpg?h=170\" alt=\"Le Courlis cendr\u00e9 et... l&#039;ar\u00e9nicole\" width=\"113\" height=\"170\" \/><\/a><p class=\"jig-HTMLdescription\">Le Courlis cendr\u00e9 et... l'ar\u00e9nicole<br\/>Le Conquet<\/p><\/li><li><a href=\"https:\/\/i0.wp.com\/mhyrdin.fr\/blog\/wordpress\/wp-content\/gallery\/octobre2018\/Lune_5264.jpg?ssl=1\" title=\"Lune_5264\"><img loading=\"lazy\" decoding=\"async\" src=\"https:\/\/i0.wp.com\/mhyrdin.fr\/blog\/wordpress\/wp-content\/gallery\/octobre2018\/Lune_5264.jpg?h=170\" alt=\"Lune\" width=\"255\" height=\"170\" \/><\/a><p class=\"jig-HTMLdescription\">Lune<br\/>Lune_5264<\/p><\/li><li><a href=\"https:\/\/i0.wp.com\/mhyrdin.fr\/blog\/wordpress\/wp-content\/gallery\/octobre2018\/Lune_5273.jpg?ssl=1\" title=\"Lune_5273\"><img loading=\"lazy\" decoding=\"async\" src=\"https:\/\/i0.wp.com\/mhyrdin.fr\/blog\/wordpress\/wp-content\/gallery\/octobre2018\/Lune_5273.jpg?h=170\" alt=\"Lune... et Mars\" width=\"255\" height=\"170\" \/><\/a><p class=\"jig-HTMLdescription\">Lune... et Mars<br\/>Lune_5273<\/p><\/li><\/ul><\/noscript><\/div><div id=\"jig1-developerLink\" class=\"jig-developerLink\"><a href=\"https:\/\/justifiedgrid.com\/\" target=\"_blank\" title=\"Justified Image Grid - Premium WordPress Gallery\">powered by Justified Image Grid<\/a><\/div>\n<h3>Related Images:<\/h3>","protected":false},"excerpt":{"rendered":"<p>ErdevenErdeven_131723ErdevenErdeven_131733Grand CormoranMousterlinB\u00e9casseaux sanderlingsMousterlinB\u00e9casseau sanderling juv\u00e9nileMousterlinBergeronnette de YarrellMousterlinSymp\u00e9trum stri\u00e9MousterlinB\u00e9casseau sanderling juv\u00e9nileLa TorcheKeryunanKeryunan_162537KeryunanKeryunan_5203La \u00ab\u00a0N\u00e9buleuse\u00a0\u00bbCuivr\u00e9KeryunanM\u00e9g\u00e8reLasiommata megera&#013; KeryunanPieridePieris rapae&#013; KeryunanMenez HomTas de poisAccenteur mouchetTr\u00e9ompanCuivr\u00e9 communTr\u00e9ompanCourlis cendr\u00e9Le ConquetLe Courlis cendr\u00e9 et&#8230; le Crabe vertLe ConquetLe Courlis cendr\u00e9 et&#8230; la praireLe ConquetLe Courlis cendr\u00e9 et&#8230; la praireLe ConquetLe Courlis cendr\u00e9 et&#8230; l&rsquo;ar\u00e9nicoleLe ConquetLuneLune_5264Lune&#8230; et MarsLune_5273powered by Justified Image Grid Related Images:<\/p>\n","protected":false},"author":4,"featured_media":0,"parent":15032,"menu_order":10,"comment_status":"closed","ping_status":"closed","template":"","meta":{"ngg_post_thumbnail":0,"jetpack_post_was_ever_published":false,"footnotes":"","_links_to":"","_links_to_target":""},"class_list":["post-16304","page","type-page","status-publish","hentry"],"jetpack_shortlink":"https:\/\/wp.me\/P9lSZN-4eY","jetpack_sharing_enabled":true,"_links":{"self":[{"href":"https:\/\/mhyrdin.fr\/blog\/wp-json\/wp\/v2\/pages\/16304","targetHints":{"allow":["GET"]}}],"collection":[{"href":"https:\/\/mhyrdin.fr\/blog\/wp-json\/wp\/v2\/pages"}],"about":[{"href":"https:\/\/mhyrdin.fr\/blog\/wp-json\/wp\/v2\/types\/page"}],"author":[{"embeddable":true,"href":"https:\/\/mhyrdin.fr\/blog\/wp-json\/wp\/v2\/users\/4"}],"replies":[{"embeddable":true,"href":"https:\/\/mhyrdin.fr\/blog\/wp-json\/wp\/v2\/comments?post=16304"}],"version-history":[{"count":0,"href":"https:\/\/mhyrdin.fr\/blog\/wp-json\/wp\/v2\/pages\/16304\/revisions"}],"up":[{"embeddable":true,"href":"https:\/\/mhyrdin.fr\/blog\/wp-json\/wp\/v2\/pages\/15032"}],"wp:attachment":[{"href":"https:\/\/mhyrdin.fr\/blog\/wp-json\/wp\/v2\/media?parent=16304"}],"curies":[{"name":"wp","href":"https:\/\/api.w.org\/{rel}","templated":true}]}}