{"id":16272,"date":"2018-12-11T19:09:08","date_gmt":"2018-12-11T18:09:08","guid":{"rendered":"https:\/\/mhyrdin.fr\/blog\/?page_id=16272"},"modified":"2020-10-24T09:41:26","modified_gmt":"2020-10-24T07:41:26","slug":"septembre","status":"publish","type":"page","link":"https:\/\/mhyrdin.fr\/blog\/archives-numeriques\/2018-2\/septembre\/","title":{"rendered":"Septembre"},"content":{"rendered":"\n<p>\nGrande mar\u00e9e en baie de Morlaix et soleil estival \u00e0 l&rsquo;extr\u00eame ouest\n\n<\/p>\n\n\n<div id=\"jig1\" class=\"justified-image-grid jig-d66b6831f60f3e0ee9e60a2d28482992 jig-preset-global jig-source-nextgen\"><div class=\"jig-clearfix\"><\/div><noscript id=\"jig1-html\" class=\"justified-image-grid-html\" data-lazy-src=\"skiplazyload\" data-src=\"skipunveillazyload\"><ul><li><a href=\"https:\/\/mhyrdin.fr\/blog\/wp-json\/wp\/v2\/pages\/16272nggallery\/septembre-2018\/sept2018_gdemar\u00e9e\/\" title=\"16 Photos\"><img loading=\"lazy\" decoding=\"async\" src=\"https:\/\/i0.wp.com\/mhyrdin.fr\/blog\/wordpress\/wp-content\/gallery\/sept2018_gdemaree\/Primel_4221.jpg?h=170\" alt=\"Grande mar\u00e9e\" width=\"341\" height=\"170\" \/><\/a><p class=\"jig-HTMLdescription\">Grande mar\u00e9e<br\/>16 Photos<\/p><\/li><li><a href=\"https:\/\/mhyrdin.fr\/blog\/wp-json\/wp\/v2\/pages\/16272nggallery\/septembre-2018\/Septembre-fin\/\" title=\"25 Photos\"><img loading=\"lazy\" decoding=\"async\" src=\"https:\/\/i0.wp.com\/mhyrdin.fr\/blog\/wordpress\/wp-content\/gallery\/septembre-fin\/Kermorvan_4903.jpg?h=170\" alt=\"Fin septembre\" width=\"363\" height=\"170\" \/><\/a><p class=\"jig-HTMLdescription\">Fin septembre<br\/>25 Photos<\/p><\/li><\/ul><\/noscript><\/div><div id=\"jig1-developerLink\" class=\"jig-developerLink\"><a href=\"https:\/\/justifiedgrid.com\/\" target=\"_blank\" title=\"Justified Image Grid - Premium WordPress Gallery\">powered by Justified Image Grid<\/a><\/div><h3>Related Images:<\/h3>","protected":false},"excerpt":{"rendered":"<p>Grande mar\u00e9e en baie de Morlaix et soleil estival \u00e0 l&rsquo;extr\u00eame ouest Related Images:<\/p>\n","protected":false},"author":4,"featured_media":0,"parent":15032,"menu_order":9,"comment_status":"closed","ping_status":"closed","template":"","meta":{"ngg_post_thumbnail":0,"jetpack_post_was_ever_published":false,"footnotes":"","_links_to":"","_links_to_target":""},"class_list":["post-16272","page","type-page","status-publish","hentry"],"jetpack_shortlink":"https:\/\/wp.me\/P9lSZN-4es","jetpack_sharing_enabled":true,"_links":{"self":[{"href":"https:\/\/mhyrdin.fr\/blog\/wp-json\/wp\/v2\/pages\/16272","targetHints":{"allow":["GET"]}}],"collection":[{"href":"https:\/\/mhyrdin.fr\/blog\/wp-json\/wp\/v2\/pages"}],"about":[{"href":"https:\/\/mhyrdin.fr\/blog\/wp-json\/wp\/v2\/types\/page"}],"author":[{"embeddable":true,"href":"https:\/\/mhyrdin.fr\/blog\/wp-json\/wp\/v2\/users\/4"}],"replies":[{"embeddable":true,"href":"https:\/\/mhyrdin.fr\/blog\/wp-json\/wp\/v2\/comments?post=16272"}],"version-history":[{"count":0,"href":"https:\/\/mhyrdin.fr\/blog\/wp-json\/wp\/v2\/pages\/16272\/revisions"}],"up":[{"embeddable":true,"href":"https:\/\/mhyrdin.fr\/blog\/wp-json\/wp\/v2\/pages\/15032"}],"wp:attachment":[{"href":"https:\/\/mhyrdin.fr\/blog\/wp-json\/wp\/v2\/media?parent=16272"}],"curies":[{"name":"wp","href":"https:\/\/api.w.org\/{rel}","templated":true}]}}