{"id":1562,"date":"2013-02-07T16:13:55","date_gmt":"2013-02-07T15:13:55","guid":{"rendered":"http:\/\/www.mhyrdin.fr\/blog\/2010-2\/juillet-aout-cest-gruissan\/"},"modified":"2015-12-13T08:31:18","modified_gmt":"2015-12-13T07:31:18","slug":"juillet-aout-cest-gruissan","status":"publish","type":"page","link":"https:\/\/mhyrdin.fr\/blog\/archives-numeriques\/2010-2\/juillet-aout-cest-gruissan\/","title":{"rendered":"Juillet-Ao\u00fbt 2010"},"content":{"rendered":"<div id=\"jig1\" class=\"justified-image-grid jig-9ac77fc8568c74d1c399085dbd8ae30d jig-preset-global jig-source-nextgen\"><div class=\"jig-clearfix\"><\/div><noscript id=\"jig1-html\" class=\"justified-image-grid-html\" data-lazy-src=\"skiplazyload\" data-src=\"skipunveillazyload\"><ul><li><a href=\"https:\/\/i0.wp.com\/mhyrdin.fr\/blog\/wordpress\/wp-content\/gallery\/gruissan2010\/Pelican_3327.jpg?ssl=1\" title=\"Pelican_3327\"><img loading=\"lazy\" decoding=\"async\" src=\"https:\/\/i0.wp.com\/mhyrdin.fr\/blog\/wordpress\/wp-content\/gallery\/gruissan2010\/Pelican_3327.jpg?h=170\" alt=\"P\u00e9lican\" width=\"255\" height=\"170\" \/><\/a><p class=\"jig-HTMLdescription\">P\u00e9lican<br\/>Pelican_3327<\/p><\/li><li><a href=\"https:\/\/i0.wp.com\/mhyrdin.fr\/blog\/wordpress\/wp-content\/gallery\/gruissan2010\/Petit-gravelot_3205.jpg?ssl=1\"><img loading=\"lazy\" decoding=\"async\" src=\"https:\/\/i0.wp.com\/mhyrdin.fr\/blog\/wordpress\/wp-content\/gallery\/gruissan2010\/Petit-gravelot_3205.jpg?h=170\" alt=\"Petit gravelot\" width=\"255\" height=\"170\" \/><\/a><p class=\"jig-HTMLdescription\">Petit gravelot<\/p><\/li><li><a href=\"https:\/\/i0.wp.com\/mhyrdin.fr\/blog\/wordpress\/wp-content\/gallery\/gruissan2010\/larmes-du-pin_4152.jpg?ssl=1\"><img loading=\"lazy\" decoding=\"async\" src=\"https:\/\/i0.wp.com\/mhyrdin.fr\/blog\/wordpress\/wp-content\/gallery\/gruissan2010\/larmes-du-pin_4152.jpg?h=170\" alt=\"Les larmes du pin ...\" width=\"251\" height=\"170\" \/><\/a><p class=\"jig-HTMLdescription\">Les larmes du pin ...<\/p><\/li><li><a href=\"https:\/\/i0.wp.com\/mhyrdin.fr\/blog\/wordpress\/wp-content\/gallery\/gruissan2010\/cheveche_5321.jpg?ssl=1\" title=\"cheveche_5321\"><img loading=\"lazy\" decoding=\"async\" src=\"https:\/\/i0.wp.com\/mhyrdin.fr\/blog\/wordpress\/wp-content\/gallery\/gruissan2010\/cheveche_5321.jpg?h=170\" alt=\"Chev\u00eache d&#039;Ath\u00e9na\" width=\"123\" height=\"170\" \/><\/a><p class=\"jig-HTMLdescription\">Chev\u00eache d'Ath\u00e9na<br\/>cheveche_5321<\/p><\/li><li><a href=\"https:\/\/i0.wp.com\/mhyrdin.fr\/blog\/wordpress\/wp-content\/gallery\/gruissan2010\/oedicneme_5391.jpg?ssl=1\" title=\"oedicneme_5391\"><img loading=\"lazy\" decoding=\"async\" src=\"https:\/\/i0.wp.com\/mhyrdin.fr\/blog\/wordpress\/wp-content\/gallery\/gruissan2010\/oedicneme_5391.jpg?h=170\" alt=\"\u0153dicn\u00e8me criard\" width=\"211\" height=\"170\" \/><\/a><p class=\"jig-HTMLdescription\">\u0153dicn\u00e8me criard<br\/>oedicneme_5391<\/p><\/li><li><a href=\"https:\/\/i0.wp.com\/mhyrdin.fr\/blog\/wordpress\/wp-content\/gallery\/gruissan2010\/oedicneme_5395.jpg?ssl=1\" title=\"oedicneme_5395\"><img loading=\"lazy\" decoding=\"async\" src=\"https:\/\/i0.wp.com\/mhyrdin.fr\/blog\/wordpress\/wp-content\/gallery\/gruissan2010\/oedicneme_5395.jpg?h=170\" alt=\"\u0153dicn\u00e8me criard\" width=\"206\" height=\"170\" \/><\/a><p class=\"jig-HTMLdescription\">\u0153dicn\u00e8me criard<br\/>oedicneme_5395<\/p><\/li><li><a href=\"https:\/\/i0.wp.com\/mhyrdin.fr\/blog\/wordpress\/wp-content\/gallery\/gruissan2010\/mouette-rieuse_4235.jpg?ssl=1\"><img loading=\"lazy\" decoding=\"async\" src=\"https:\/\/i0.wp.com\/mhyrdin.fr\/blog\/wordpress\/wp-content\/gallery\/gruissan2010\/mouette-rieuse_4235.jpg?h=170\" alt=\"Mouette rieuse\" width=\"296\" height=\"170\" \/><\/a><p class=\"jig-HTMLdescription\">Mouette rieuse<\/p><\/li><li><a href=\"https:\/\/i0.wp.com\/mhyrdin.fr\/blog\/wordpress\/wp-content\/gallery\/gruissan2010\/goeland-railleur_4385.jpg?ssl=1\"><img loading=\"lazy\" decoding=\"async\" src=\"https:\/\/i0.wp.com\/mhyrdin.fr\/blog\/wordpress\/wp-content\/gallery\/gruissan2010\/goeland-railleur_4385.jpg?h=170\" alt=\"Go\u00e9land railleur\" width=\"247\" height=\"170\" \/><\/a><p class=\"jig-HTMLdescription\">Go\u00e9land railleur<\/p><\/li><li><a href=\"https:\/\/i0.wp.com\/mhyrdin.fr\/blog\/wordpress\/wp-content\/gallery\/gruissan2010\/img_4879.jpg?ssl=1\" title=\"img_4879\"><img loading=\"lazy\" decoding=\"async\" src=\"https:\/\/i0.wp.com\/mhyrdin.fr\/blog\/wordpress\/wp-content\/gallery\/gruissan2010\/img_4879.jpg?h=170\" alt=\"Fauvette pitchou\" width=\"234\" height=\"170\" \/><\/a><p class=\"jig-HTMLdescription\">Fauvette pitchou<br\/>img_4879<\/p><\/li><li><a href=\"https:\/\/i0.wp.com\/mhyrdin.fr\/blog\/wordpress\/wp-content\/gallery\/gruissan2010\/fauvette-melano_6529.jpg?ssl=1\"><img loading=\"lazy\" decoding=\"async\" src=\"https:\/\/i0.wp.com\/mhyrdin.fr\/blog\/wordpress\/wp-content\/gallery\/gruissan2010\/fauvette-melano_6529.jpg?h=170\" alt=\"Fauvette m\u00e9lanoc\u00e9phale\" width=\"228\" height=\"170\" \/><\/a><p class=\"jig-HTMLdescription\">Fauvette m\u00e9lanoc\u00e9phale<\/p><\/li><li><a href=\"https:\/\/i0.wp.com\/mhyrdin.fr\/blog\/wordpress\/wp-content\/gallery\/gruissan2010\/fauvette-melano_6535.jpg?ssl=1\"><img loading=\"lazy\" decoding=\"async\" src=\"https:\/\/i0.wp.com\/mhyrdin.fr\/blog\/wordpress\/wp-content\/gallery\/gruissan2010\/fauvette-melano_6535.jpg?h=170\" alt=\"Fauvette m\u00e9lanoc\u00e9phale\" width=\"237\" height=\"170\" \/><\/a><p class=\"jig-HTMLdescription\">Fauvette m\u00e9lanoc\u00e9phale<\/p><\/li><li><a href=\"https:\/\/i0.wp.com\/mhyrdin.fr\/blog\/wordpress\/wp-content\/gallery\/gruissan2010\/pie-grieche-tr_4547.jpg?ssl=1\"><img loading=\"lazy\" decoding=\"async\" src=\"https:\/\/i0.wp.com\/mhyrdin.fr\/blog\/wordpress\/wp-content\/gallery\/gruissan2010\/pie-grieche-tr_4547.jpg?h=170\" alt=\"Pie gri\u00e8che \u00e0 t\u00eate rousse\" width=\"139\" height=\"170\" \/><\/a><p class=\"jig-HTMLdescription\">Pie gri\u00e8che \u00e0 t\u00eate rousse<\/p><\/li><li><a href=\"https:\/\/i0.wp.com\/mhyrdin.fr\/blog\/wordpress\/wp-content\/gallery\/gruissan2010\/milan-noir_6012.jpg?ssl=1\"><img loading=\"lazy\" decoding=\"async\" src=\"https:\/\/i0.wp.com\/mhyrdin.fr\/blog\/wordpress\/wp-content\/gallery\/gruissan2010\/milan-noir_6012.jpg?h=170\" alt=\"Milan noir\" width=\"201\" height=\"170\" \/><\/a><p class=\"jig-HTMLdescription\">Milan noir<\/p><\/li><li><a href=\"https:\/\/i0.wp.com\/mhyrdin.fr\/blog\/wordpress\/wp-content\/gallery\/gruissan2010\/milan-noir_6019.jpg?ssl=1\"><img loading=\"lazy\" decoding=\"async\" src=\"https:\/\/i0.wp.com\/mhyrdin.fr\/blog\/wordpress\/wp-content\/gallery\/gruissan2010\/milan-noir_6019.jpg?h=170\" alt=\"Milan noir\" width=\"222\" height=\"170\" \/><\/a><p class=\"jig-HTMLdescription\">Milan noir<\/p><\/li><li><a href=\"https:\/\/i0.wp.com\/mhyrdin.fr\/blog\/wordpress\/wp-content\/gallery\/gruissan2010\/milan-noir_6031.jpg?ssl=1\"><img loading=\"lazy\" decoding=\"async\" src=\"https:\/\/i0.wp.com\/mhyrdin.fr\/blog\/wordpress\/wp-content\/gallery\/gruissan2010\/milan-noir_6031.jpg?h=170\" alt=\"Milan noir\" width=\"126\" height=\"170\" \/><\/a><p class=\"jig-HTMLdescription\">Milan noir<\/p><\/li><li><a href=\"https:\/\/i0.wp.com\/mhyrdin.fr\/blog\/wordpress\/wp-content\/gallery\/gruissan2010\/milan-noir_6751.jpg?ssl=1\"><img loading=\"lazy\" decoding=\"async\" src=\"https:\/\/i0.wp.com\/mhyrdin.fr\/blog\/wordpress\/wp-content\/gallery\/gruissan2010\/milan-noir_6751.jpg?h=170\" alt=\"Milan noir\" width=\"283\" height=\"170\" \/><\/a><p class=\"jig-HTMLdescription\">Milan noir<\/p><\/li><li><a href=\"https:\/\/i0.wp.com\/mhyrdin.fr\/blog\/wordpress\/wp-content\/gallery\/gruissan2010\/rollier_4793.jpg?ssl=1\" title=\"rollier_4793\"><img loading=\"lazy\" decoding=\"async\" src=\"https:\/\/i0.wp.com\/mhyrdin.fr\/blog\/wordpress\/wp-content\/gallery\/gruissan2010\/rollier_4793.jpg?h=170\" alt=\"Rollier\" width=\"127\" height=\"170\" \/><\/a><p class=\"jig-HTMLdescription\">Rollier<br\/>rollier_4793<\/p><\/li><li><a href=\"https:\/\/i0.wp.com\/mhyrdin.fr\/blog\/wordpress\/wp-content\/gallery\/gruissan2010\/rollier_4802.jpg?ssl=1\" title=\"rollier_4802\"><img loading=\"lazy\" decoding=\"async\" src=\"https:\/\/i0.wp.com\/mhyrdin.fr\/blog\/wordpress\/wp-content\/gallery\/gruissan2010\/rollier_4802.jpg?h=170\" alt=\"Rollier\" width=\"224\" height=\"170\" \/><\/a><p class=\"jig-HTMLdescription\">Rollier<br\/>rollier_4802<\/p><\/li><li><a href=\"https:\/\/i0.wp.com\/mhyrdin.fr\/blog\/wordpress\/wp-content\/gallery\/gruissan2010\/guepier_5500-r.jpg?ssl=1\"><img loading=\"lazy\" decoding=\"async\" src=\"https:\/\/i0.wp.com\/mhyrdin.fr\/blog\/wordpress\/wp-content\/gallery\/gruissan2010\/guepier_5500-r.jpg?h=170\" alt=\"Gu\u00eapier\" width=\"128\" height=\"170\" \/><\/a><p class=\"jig-HTMLdescription\">Gu\u00eapier<\/p><\/li><li><a href=\"https:\/\/i0.wp.com\/mhyrdin.fr\/blog\/wordpress\/wp-content\/gallery\/gruissan2010\/pouillot_5851.jpg?ssl=1\" title=\"pouillot_5851\"><img loading=\"lazy\" decoding=\"async\" src=\"https:\/\/i0.wp.com\/mhyrdin.fr\/blog\/wordpress\/wp-content\/gallery\/gruissan2010\/pouillot_5851.jpg?h=170\" alt=\"Pouillot de Bonelli\" width=\"198\" height=\"170\" \/><\/a><p class=\"jig-HTMLdescription\">Pouillot de Bonelli<br\/>pouillot_5851<\/p><\/li><li><a href=\"https:\/\/i0.wp.com\/mhyrdin.fr\/blog\/wordpress\/wp-content\/gallery\/gruissan2010\/pouillot_5859.jpg?ssl=1\" title=\"pouillot_5859\"><img loading=\"lazy\" decoding=\"async\" src=\"https:\/\/i0.wp.com\/mhyrdin.fr\/blog\/wordpress\/wp-content\/gallery\/gruissan2010\/pouillot_5859.jpg?h=170\" alt=\"Pouillot de Bonelli\" width=\"198\" height=\"170\" \/><\/a><p class=\"jig-HTMLdescription\">Pouillot de Bonelli<br\/>pouillot_5859<\/p><\/li><li><a href=\"https:\/\/i0.wp.com\/mhyrdin.fr\/blog\/wordpress\/wp-content\/gallery\/gruissan2010\/oiseau-xxx2_5214.jpg?ssl=1\"><img loading=\"lazy\" decoding=\"async\" src=\"https:\/\/i0.wp.com\/mhyrdin.fr\/blog\/wordpress\/wp-content\/gallery\/gruissan2010\/oiseau-xxx2_5214.jpg?h=170\" alt=\"Cysticole des joncs\" width=\"115\" height=\"170\" \/><\/a><p class=\"jig-HTMLdescription\">Cysticole des joncs<\/p><\/li><li><a href=\"https:\/\/i0.wp.com\/mhyrdin.fr\/blog\/wordpress\/wp-content\/gallery\/gruissan2010\/outarde_5230-2.jpg?ssl=1\"><img loading=\"lazy\" decoding=\"async\" src=\"https:\/\/i0.wp.com\/mhyrdin.fr\/blog\/wordpress\/wp-content\/gallery\/gruissan2010\/outarde_5230-2.jpg?h=170\" alt=\"Outarde canepeti\u00e8re\" width=\"202\" height=\"170\" \/><\/a><p class=\"jig-HTMLdescription\">Outarde canepeti\u00e8re<\/p><\/li><li><a href=\"https:\/\/i0.wp.com\/mhyrdin.fr\/blog\/wordpress\/wp-content\/gallery\/gruissan2010\/outarde_5200.jpg?ssl=1\" title=\"outarde_5200\"><img loading=\"lazy\" decoding=\"async\" src=\"https:\/\/i0.wp.com\/mhyrdin.fr\/blog\/wordpress\/wp-content\/gallery\/gruissan2010\/outarde_5200.jpg?h=170\" alt=\"Outarde canepeti\u00e8re\" width=\"274\" height=\"170\" \/><\/a><p class=\"jig-HTMLdescription\">Outarde canepeti\u00e8re<br\/>outarde_5200<\/p><\/li><li><a href=\"https:\/\/i0.wp.com\/mhyrdin.fr\/blog\/wordpress\/wp-content\/gallery\/gruissan2010\/traquet-oreillard_6130.jpg?ssl=1\"><img loading=\"lazy\" decoding=\"async\" src=\"https:\/\/i0.wp.com\/mhyrdin.fr\/blog\/wordpress\/wp-content\/gallery\/gruissan2010\/traquet-oreillard_6130.jpg?h=170\" alt=\"Traquet oreillard\" width=\"227\" height=\"170\" \/><\/a><p class=\"jig-HTMLdescription\">Traquet oreillard<\/p><\/li><li><a href=\"https:\/\/i0.wp.com\/mhyrdin.fr\/blog\/wordpress\/wp-content\/gallery\/gruissan2010\/traquet-oreillard_6145.jpg?ssl=1\"><img loading=\"lazy\" decoding=\"async\" src=\"https:\/\/i0.wp.com\/mhyrdin.fr\/blog\/wordpress\/wp-content\/gallery\/gruissan2010\/traquet-oreillard_6145.jpg?h=170\" alt=\"Traquet oreillard\" width=\"230\" height=\"170\" \/><\/a><p class=\"jig-HTMLdescription\">Traquet oreillard<\/p><\/li><li><a href=\"https:\/\/i0.wp.com\/mhyrdin.fr\/blog\/wordpress\/wp-content\/gallery\/gruissan2010\/agiorpe_6128.jpg?ssl=1\" title=\"agiorpe_6128\"><img loading=\"lazy\" decoding=\"async\" src=\"https:\/\/i0.wp.com\/mhyrdin.fr\/blog\/wordpress\/wp-content\/gallery\/gruissan2010\/agiorpe_6128.jpg?h=170\" alt=\"Agiorpe fasci\u00e9e\" width=\"212\" height=\"170\" \/><\/a><p class=\"jig-HTMLdescription\">Agiorpe fasci\u00e9e<br\/>agiorpe_6128<\/p><\/li><li><a href=\"https:\/\/i0.wp.com\/mhyrdin.fr\/blog\/wordpress\/wp-content\/gallery\/gruissan2010\/fourmillion_4209.jpg?ssl=1\" title=\"fourmillion_4209\"><img loading=\"lazy\" decoding=\"async\" src=\"https:\/\/i0.wp.com\/mhyrdin.fr\/blog\/wordpress\/wp-content\/gallery\/gruissan2010\/fourmillion_4209.jpg?h=170\" alt=\"Fourmillion\" width=\"108\" height=\"170\" \/><\/a><p class=\"jig-HTMLdescription\">Fourmillion<br\/>fourmillion_4209<\/p><\/li><li><a href=\"https:\/\/i0.wp.com\/mhyrdin.fr\/blog\/wordpress\/wp-content\/gallery\/gruissan2010\/fourmillion_4211.jpg?ssl=1\" title=\"fourmillion_4211\"><img loading=\"lazy\" decoding=\"async\" src=\"https:\/\/i0.wp.com\/mhyrdin.fr\/blog\/wordpress\/wp-content\/gallery\/gruissan2010\/fourmillion_4211.jpg?h=170\" alt=\"Fourmillion\" width=\"233\" height=\"170\" \/><\/a><p class=\"jig-HTMLdescription\">Fourmillion<br\/>fourmillion_4211<\/p><\/li><li><a href=\"https:\/\/i0.wp.com\/mhyrdin.fr\/blog\/wordpress\/wp-content\/gallery\/gruissan2010\/cigale_4910.jpg?ssl=1\" title=\"cigale_4910\"><img loading=\"lazy\" decoding=\"async\" src=\"https:\/\/i0.wp.com\/mhyrdin.fr\/blog\/wordpress\/wp-content\/gallery\/gruissan2010\/cigale_4910.jpg?h=170\" alt=\"Cigale\" width=\"112\" height=\"170\" \/><\/a><p class=\"jig-HTMLdescription\">Cigale<br\/>cigale_4910<\/p><\/li><li><a href=\"https:\/\/i0.wp.com\/mhyrdin.fr\/blog\/wordpress\/wp-content\/gallery\/gruissan2010\/mylabris-variabilis_4912.jpg?ssl=1\"><img loading=\"lazy\" decoding=\"async\" src=\"https:\/\/i0.wp.com\/mhyrdin.fr\/blog\/wordpress\/wp-content\/gallery\/gruissan2010\/mylabris-variabilis_4912.jpg?h=170\" alt=\"Mylabris variabilis\" width=\"159\" height=\"170\" \/><\/a><p class=\"jig-HTMLdescription\">Mylabris variabilis<\/p><\/li><li><a href=\"https:\/\/i0.wp.com\/mhyrdin.fr\/blog\/wordpress\/wp-content\/gallery\/gruissan2010\/mylabris_4911.jpg?ssl=1\" title=\"mylabris_4911\"><img loading=\"lazy\" decoding=\"async\" src=\"https:\/\/i0.wp.com\/mhyrdin.fr\/blog\/wordpress\/wp-content\/gallery\/gruissan2010\/mylabris_4911.jpg?h=170\" alt=\"Mylabris quadripunctata\" width=\"214\" height=\"170\" \/><\/a><p class=\"jig-HTMLdescription\">Mylabris quadripunctata<br\/>mylabris_4911<\/p><\/li><li><a href=\"https:\/\/i0.wp.com\/mhyrdin.fr\/blog\/wordpress\/wp-content\/gallery\/gruissan2010\/mylabris-quadripunctata_4124.jpg?ssl=1\"><img loading=\"lazy\" decoding=\"async\" src=\"https:\/\/i0.wp.com\/mhyrdin.fr\/blog\/wordpress\/wp-content\/gallery\/gruissan2010\/mylabris-quadripunctata_4124.jpg?h=170\" alt=\"Mylabris quadripunctata\" width=\"212\" height=\"170\" \/><\/a><p class=\"jig-HTMLdescription\">Mylabris quadripunctata<\/p><\/li><li><a href=\"https:\/\/i0.wp.com\/mhyrdin.fr\/blog\/wordpress\/wp-content\/gallery\/gruissan2010\/mylabris_4917.jpg?ssl=1\" title=\"mylabris_4917\"><img loading=\"lazy\" decoding=\"async\" src=\"https:\/\/i0.wp.com\/mhyrdin.fr\/blog\/wordpress\/wp-content\/gallery\/gruissan2010\/mylabris_4917.jpg?h=170\" alt=\"Mylabris quadripunctata\" width=\"225\" height=\"170\" \/><\/a><p class=\"jig-HTMLdescription\">Mylabris quadripunctata<br\/>mylabris_4917<\/p><\/li><li><a href=\"https:\/\/i0.wp.com\/mhyrdin.fr\/blog\/wordpress\/wp-content\/gallery\/gruissan2010\/punaise_4299-web.jpg?ssl=1\"><img loading=\"lazy\" decoding=\"async\" src=\"https:\/\/i0.wp.com\/mhyrdin.fr\/blog\/wordpress\/wp-content\/gallery\/gruissan2010\/punaise_4299-web.jpg?h=170\" alt=\"Punaise\" width=\"115\" height=\"170\" \/><\/a><p class=\"jig-HTMLdescription\">Punaise<\/p><\/li><li><a href=\"https:\/\/i0.wp.com\/mhyrdin.fr\/blog\/wordpress\/wp-content\/gallery\/gruissan2010\/punaise_4289-web.jpg?ssl=1\"><img loading=\"lazy\" decoding=\"async\" src=\"https:\/\/i0.wp.com\/mhyrdin.fr\/blog\/wordpress\/wp-content\/gallery\/gruissan2010\/punaise_4289-web.jpg?h=170\" alt=\"Punaise\" width=\"108\" height=\"170\" \/><\/a><p class=\"jig-HTMLdescription\">Punaise<\/p><\/li><li><a href=\"https:\/\/i0.wp.com\/mhyrdin.fr\/blog\/wordpress\/wp-content\/gallery\/gruissan2010\/punaise_4281_0.jpg?ssl=1\" title=\"punaise_4281_0\"><img loading=\"lazy\" decoding=\"async\" src=\"https:\/\/i0.wp.com\/mhyrdin.fr\/blog\/wordpress\/wp-content\/gallery\/gruissan2010\/punaise_4281_0.jpg?h=170\" alt=\"Punaise\" width=\"108\" height=\"170\" \/><\/a><p class=\"jig-HTMLdescription\">Punaise<br\/>punaise_4281_0<\/p><\/li><li><a href=\"https:\/\/i0.wp.com\/mhyrdin.fr\/blog\/wordpress\/wp-content\/gallery\/gruissan2010\/punaise_4282-2_0.jpg?ssl=1\"><img loading=\"lazy\" decoding=\"async\" src=\"https:\/\/i0.wp.com\/mhyrdin.fr\/blog\/wordpress\/wp-content\/gallery\/gruissan2010\/punaise_4282-2_0.jpg?h=170\" alt=\"Punaise\" width=\"108\" height=\"170\" \/><\/a><p class=\"jig-HTMLdescription\">Punaise<\/p><\/li><li><a href=\"https:\/\/i0.wp.com\/mhyrdin.fr\/blog\/wordpress\/wp-content\/gallery\/gruissan2010\/sylene_6649.jpg?ssl=1\" title=\"sylene_6649\"><img loading=\"lazy\" decoding=\"async\" src=\"https:\/\/i0.wp.com\/mhyrdin.fr\/blog\/wordpress\/wp-content\/gallery\/gruissan2010\/sylene_6649.jpg?h=170\" alt=\"Syl\u00e8ne\" width=\"221\" height=\"170\" \/><\/a><p class=\"jig-HTMLdescription\">Syl\u00e8ne<br\/>sylene_6649<\/p><\/li><li><a href=\"https:\/\/i0.wp.com\/mhyrdin.fr\/blog\/wordpress\/wp-content\/gallery\/gruissan2010\/macaon_6659.jpg?ssl=1\" title=\"macaon_6659\"><img loading=\"lazy\" decoding=\"async\" src=\"https:\/\/i0.wp.com\/mhyrdin.fr\/blog\/wordpress\/wp-content\/gallery\/gruissan2010\/macaon_6659.jpg?h=170\" alt=\"Macaon\" width=\"128\" height=\"170\" \/><\/a><p class=\"jig-HTMLdescription\">Macaon<br\/>macaon_6659<\/p><\/li><li><a href=\"https:\/\/i0.wp.com\/mhyrdin.fr\/blog\/wordpress\/wp-content\/gallery\/gruissan2010\/echiquer-d-occitanie_6693.jpg?ssl=1\"><img loading=\"lazy\" decoding=\"async\" src=\"https:\/\/i0.wp.com\/mhyrdin.fr\/blog\/wordpress\/wp-content\/gallery\/gruissan2010\/echiquer-d-occitanie_6693.jpg?h=170\" alt=\"\u00c9chiquier ib\u00e9rique\" width=\"250\" height=\"170\" \/><\/a><p class=\"jig-HTMLdescription\">\u00c9chiquier ib\u00e9rique<\/p><\/li><li><a href=\"https:\/\/i0.wp.com\/mhyrdin.fr\/blog\/wordpress\/wp-content\/gallery\/gruissan2010\/hesperie-comma_6698.jpg?ssl=1\"><img loading=\"lazy\" decoding=\"async\" src=\"https:\/\/i0.wp.com\/mhyrdin.fr\/blog\/wordpress\/wp-content\/gallery\/gruissan2010\/hesperie-comma_6698.jpg?h=170\" alt=\"Hesp\u00e9rie Comma\" width=\"222\" height=\"170\" \/><\/a><p class=\"jig-HTMLdescription\">Hesp\u00e9rie Comma<\/p><\/li><li><a href=\"https:\/\/i0.wp.com\/mhyrdin.fr\/blog\/wordpress\/wp-content\/gallery\/gruissan2010\/hesperie-comma_6702.jpg?ssl=1\"><img loading=\"lazy\" decoding=\"async\" src=\"https:\/\/i0.wp.com\/mhyrdin.fr\/blog\/wordpress\/wp-content\/gallery\/gruissan2010\/hesperie-comma_6702.jpg?h=170\" alt=\"Hesp\u00e9rie Comma\" width=\"208\" height=\"170\" \/><\/a><p class=\"jig-HTMLdescription\">Hesp\u00e9rie Comma<\/p><\/li><li><a href=\"https:\/\/i0.wp.com\/mhyrdin.fr\/blog\/wordpress\/wp-content\/gallery\/gruissan2010\/hesperie_4247.jpg?ssl=1\" title=\"hesperie_4247\"><img loading=\"lazy\" decoding=\"async\" src=\"https:\/\/i0.wp.com\/mhyrdin.fr\/blog\/wordpress\/wp-content\/gallery\/gruissan2010\/hesperie_4247.jpg?h=170\" alt=\"Hesp\u00e9rie de la mauve\" width=\"221\" height=\"170\" \/><\/a><p class=\"jig-HTMLdescription\">Hesp\u00e9rie de la mauve<br\/>hesperie_4247<\/p><\/li><li><a href=\"https:\/\/i0.wp.com\/mhyrdin.fr\/blog\/wordpress\/wp-content\/gallery\/gruissan2010\/hesperie_4251.jpg?ssl=1\" title=\"hesperie_4251\"><img loading=\"lazy\" decoding=\"async\" src=\"https:\/\/i0.wp.com\/mhyrdin.fr\/blog\/wordpress\/wp-content\/gallery\/gruissan2010\/hesperie_4251.jpg?h=170\" alt=\"Hesp\u00e9rie de la mauve\" width=\"253\" height=\"170\" \/><\/a><p class=\"jig-HTMLdescription\">Hesp\u00e9rie de la mauve<br\/>hesperie_4251<\/p><\/li><li><a href=\"https:\/\/i0.wp.com\/mhyrdin.fr\/blog\/wordpress\/wp-content\/gallery\/gruissan2010\/hesperie-de-la-malope_4899.jpg?ssl=1\"><img loading=\"lazy\" decoding=\"async\" src=\"https:\/\/i0.wp.com\/mhyrdin.fr\/blog\/wordpress\/wp-content\/gallery\/gruissan2010\/hesperie-de-la-malope_4899.jpg?h=170\" alt=\"Hesp\u00e9rie de la malope\" width=\"240\" height=\"170\" \/><\/a><p class=\"jig-HTMLdescription\">Hesp\u00e9rie de la malope<\/p><\/li><li><a href=\"https:\/\/i0.wp.com\/mhyrdin.fr\/blog\/wordpress\/wp-content\/gallery\/gruissan2010\/hesperie-de-la-malope_4901.jpg?ssl=1\"><img loading=\"lazy\" decoding=\"async\" src=\"https:\/\/i0.wp.com\/mhyrdin.fr\/blog\/wordpress\/wp-content\/gallery\/gruissan2010\/hesperie-de-la-malope_4901.jpg?h=170\" alt=\"Hesp\u00e9rie de la malope\" width=\"224\" height=\"170\" \/><\/a><p class=\"jig-HTMLdescription\">Hesp\u00e9rie de la malope<\/p><\/li><li><a href=\"https:\/\/i0.wp.com\/mhyrdin.fr\/blog\/wordpress\/wp-content\/gallery\/gruissan2010\/chevron-blanc_4859.jpg?ssl=1\"><img loading=\"lazy\" decoding=\"async\" src=\"https:\/\/i0.wp.com\/mhyrdin.fr\/blog\/wordpress\/wp-content\/gallery\/gruissan2010\/chevron-blanc_4859.jpg?h=170\" alt=\"Chevron blanc\" width=\"217\" height=\"170\" \/><\/a><p class=\"jig-HTMLdescription\">Chevron blanc<\/p><\/li><li><a href=\"https:\/\/i0.wp.com\/mhyrdin.fr\/blog\/wordpress\/wp-content\/gallery\/gruissan2010\/chevron-blanc_4906.jpg?ssl=1\"><img loading=\"lazy\" decoding=\"async\" src=\"https:\/\/i0.wp.com\/mhyrdin.fr\/blog\/wordpress\/wp-content\/gallery\/gruissan2010\/chevron-blanc_4906.jpg?h=170\" alt=\"Chevron blanc\" width=\"217\" height=\"170\" \/><\/a><p class=\"jig-HTMLdescription\">Chevron blanc<\/p><\/li><li><a href=\"https:\/\/i0.wp.com\/mhyrdin.fr\/blog\/wordpress\/wp-content\/gallery\/gruissan2010\/grande-coronide_4260.jpg?ssl=1\"><img loading=\"lazy\" decoding=\"async\" src=\"https:\/\/i0.wp.com\/mhyrdin.fr\/blog\/wordpress\/wp-content\/gallery\/gruissan2010\/grande-coronide_4260.jpg?h=170\" alt=\"Petite coronide\" width=\"233\" height=\"170\" \/><\/a><p class=\"jig-HTMLdescription\">Petite coronide<\/p><\/li><li><a href=\"https:\/\/i0.wp.com\/mhyrdin.fr\/blog\/wordpress\/wp-content\/gallery\/gruissan2010\/grande-coronide_4265.jpg?ssl=1\"><img loading=\"lazy\" decoding=\"async\" src=\"https:\/\/i0.wp.com\/mhyrdin.fr\/blog\/wordpress\/wp-content\/gallery\/gruissan2010\/grande-coronide_4265.jpg?h=170\" alt=\"Petite coronide\" width=\"233\" height=\"170\" \/><\/a><p class=\"jig-HTMLdescription\">Petite coronide<\/p><\/li><\/ul><\/noscript><\/div><div id=\"jig1-developerLink\" class=\"jig-developerLink\"><a href=\"https:\/\/justifiedgrid.com\/\" target=\"_blank\" title=\"Justified Image Grid - Premium WordPress Gallery\">powered by Justified Image Grid<\/a><\/div>\n<h3>Related Images:<\/h3>","protected":false},"excerpt":{"rendered":"<p>Related Images:<\/p>\n","protected":false},"author":4,"featured_media":0,"parent":701,"menu_order":7,"comment_status":"closed","ping_status":"closed","template":"","meta":{"ngg_post_thumbnail":0,"jetpack_post_was_ever_published":false,"footnotes":"","_links_to":"","_links_to_target":""},"class_list":["post-1562","page","type-page","status-publish","hentry"],"jetpack_shortlink":"https:\/\/wp.me\/P9lSZN-pc","jetpack_sharing_enabled":true,"_links":{"self":[{"href":"https:\/\/mhyrdin.fr\/blog\/wp-json\/wp\/v2\/pages\/1562","targetHints":{"allow":["GET"]}}],"collection":[{"href":"https:\/\/mhyrdin.fr\/blog\/wp-json\/wp\/v2\/pages"}],"about":[{"href":"https:\/\/mhyrdin.fr\/blog\/wp-json\/wp\/v2\/types\/page"}],"author":[{"embeddable":true,"href":"https:\/\/mhyrdin.fr\/blog\/wp-json\/wp\/v2\/users\/4"}],"replies":[{"embeddable":true,"href":"https:\/\/mhyrdin.fr\/blog\/wp-json\/wp\/v2\/comments?post=1562"}],"version-history":[{"count":0,"href":"https:\/\/mhyrdin.fr\/blog\/wp-json\/wp\/v2\/pages\/1562\/revisions"}],"up":[{"embeddable":true,"href":"https:\/\/mhyrdin.fr\/blog\/wp-json\/wp\/v2\/pages\/701"}],"wp:attachment":[{"href":"https:\/\/mhyrdin.fr\/blog\/wp-json\/wp\/v2\/media?parent=1562"}],"curies":[{"name":"wp","href":"https:\/\/api.w.org\/{rel}","templated":true}]}}