{"id":15360,"date":"2018-07-21T12:13:34","date_gmt":"2018-07-21T10:13:34","guid":{"rendered":"https:\/\/mhyrdin.fr\/blog\/?page_id=15360"},"modified":"2022-10-17T11:21:54","modified_gmt":"2022-10-17T09:21:54","slug":"mai","status":"publish","type":"page","link":"https:\/\/mhyrdin.fr\/blog\/archives-numeriques\/2018-2\/mai\/","title":{"rendered":"Mai"},"content":{"rendered":"<p>Pas mal de kilom\u00e8tres&#8230;<br \/>\n<img data-recalc-dims=\"1\" loading=\"lazy\" decoding=\"async\" class=\"size-full wp-image-15554 aligncenter\" src=\"https:\/\/i0.wp.com\/mhyrdin.fr\/blog\/wordpress\/wp-content\/uploads\/2018\/09\/route-mai-e1536228062644.jpg?resize=400%2C442&#038;ssl=1\" alt=\"\" width=\"400\" height=\"442\"><br \/>\nUn peu de Picardie, de Pays Basque et comme chaque ann\u00e9e un \u00e9pisode Bardenas<\/p>\n<div id=\"jig1\" class=\"justified-image-grid jig-4b0a1b184a7cd258f524dc37e91fb9ca jig-preset-global jig-source-nextgen\"><div class=\"jig-clearfix\"><\/div><noscript id=\"jig1-html\" class=\"justified-image-grid-html\" data-lazy-src=\"skiplazyload\" data-src=\"skipunveillazyload\"><ul><li><a href=\"https:\/\/mhyrdin.fr\/blog\/archives-numeriques\/2018-2\/mai\/de-la-picardie-a-gruissan\/\" title=\"20 Photos\"><img loading=\"lazy\" decoding=\"async\" src=\"https:\/\/i0.wp.com\/mhyrdin.fr\/blog\/wordpress\/wp-content\/gallery\/mai2018-1\/Pontruet_7340.jpg?h=170\" alt=\"De la Picardie \u00e0 Gruissan\" width=\"303\" height=\"170\" \/><\/a><p class=\"jig-HTMLdescription\">De la Picardie \u00e0 Gruissan<br\/>20 Photos<\/p><\/li><li><a href=\"https:\/\/mhyrdin.fr\/blog\/archives-numeriques\/2018-2\/mai\/pays-basque\/\" title=\"16 Photos\"><img loading=\"lazy\" decoding=\"async\" src=\"https:\/\/i0.wp.com\/mhyrdin.fr\/blog\/wordpress\/wp-content\/gallery\/ai2018-2a\/Faro-de-Higuer_8855.jpg?h=170\" alt=\"Pays Basque\" width=\"255\" height=\"170\" \/><\/a><p class=\"jig-HTMLdescription\">Pays Basque<br\/>16 Photos<\/p><\/li><li><a href=\"https:\/\/mhyrdin.fr\/blog\/archives-numeriques\/2018-2\/mai\/bardenas-reales-2018\/\" title=\"9 Photos\"><img loading=\"lazy\" decoding=\"async\" src=\"https:\/\/i0.wp.com\/mhyrdin.fr\/blog\/wordpress\/wp-content\/gallery\/mai2018-2\/Ganga-cata_8237.jpg?h=170\" alt=\"Bardenas Reales 2018\" width=\"255\" height=\"170\" \/><\/a><p class=\"jig-HTMLdescription\">Bardenas Reales 2018<br\/>9 Photos<\/p><\/li><\/ul><\/noscript><\/div><div id=\"jig1-developerLink\" class=\"jig-developerLink\"><a href=\"https:\/\/justifiedgrid.com\/\" target=\"_blank\" title=\"Justified Image Grid - Premium WordPress Gallery\">powered by Justified Image Grid<\/a><\/div>\n<h3>Related Images:<\/h3>","protected":false},"excerpt":{"rendered":"<p>Pas mal de kilom\u00e8tres&#8230; Un peu de Picardie, de Pays Basque et comme chaque ann\u00e9e un \u00e9pisode Bardenas Related Images:<\/p>\n","protected":false},"author":4,"featured_media":0,"parent":15032,"menu_order":5,"comment_status":"closed","ping_status":"closed","template":"","meta":{"ngg_post_thumbnail":0,"jetpack_post_was_ever_published":false,"footnotes":"","_links_to":"","_links_to_target":""},"class_list":["post-15360","page","type-page","status-publish","hentry"],"jetpack_shortlink":"https:\/\/wp.me\/P9lSZN-3ZK","jetpack_sharing_enabled":true,"_links":{"self":[{"href":"https:\/\/mhyrdin.fr\/blog\/wp-json\/wp\/v2\/pages\/15360","targetHints":{"allow":["GET"]}}],"collection":[{"href":"https:\/\/mhyrdin.fr\/blog\/wp-json\/wp\/v2\/pages"}],"about":[{"href":"https:\/\/mhyrdin.fr\/blog\/wp-json\/wp\/v2\/types\/page"}],"author":[{"embeddable":true,"href":"https:\/\/mhyrdin.fr\/blog\/wp-json\/wp\/v2\/users\/4"}],"replies":[{"embeddable":true,"href":"https:\/\/mhyrdin.fr\/blog\/wp-json\/wp\/v2\/comments?post=15360"}],"version-history":[{"count":1,"href":"https:\/\/mhyrdin.fr\/blog\/wp-json\/wp\/v2\/pages\/15360\/revisions"}],"predecessor-version":[{"id":23588,"href":"https:\/\/mhyrdin.fr\/blog\/wp-json\/wp\/v2\/pages\/15360\/revisions\/23588"}],"up":[{"embeddable":true,"href":"https:\/\/mhyrdin.fr\/blog\/wp-json\/wp\/v2\/pages\/15032"}],"wp:attachment":[{"href":"https:\/\/mhyrdin.fr\/blog\/wp-json\/wp\/v2\/media?parent=15360"}],"curies":[{"name":"wp","href":"https:\/\/api.w.org\/{rel}","templated":true}]}}