{"id":1521,"date":"2013-02-07T15:08:55","date_gmt":"2013-02-07T14:08:55","guid":{"rendered":"http:\/\/www.mhyrdin.fr\/blog\/juin_2012\/"},"modified":"2015-12-13T08:36:11","modified_gmt":"2015-12-13T07:36:11","slug":"juin_2012","status":"publish","type":"page","link":"https:\/\/mhyrdin.fr\/blog\/archives-numeriques\/2012-2\/juin_2012\/","title":{"rendered":"Juin, pr\u00e9mices du Sud \u2013 2012"},"content":{"rendered":"<div id=\"jig1\" class=\"justified-image-grid jig-a2bedf95d64a05ca4306f01c81345c67 jig-preset-global jig-source-nextgen\"><div class=\"jig-clearfix\"><\/div><noscript id=\"jig1-html\" class=\"justified-image-grid-html\" data-lazy-src=\"skiplazyload\" data-src=\"skipunveillazyload\"><ul><li><a href=\"https:\/\/i0.wp.com\/mhyrdin.fr\/blog\/wordpress\/wp-content\/gallery\/mars_2012\/crocothemis-erythraea_9010.jpg?ssl=1\"><img loading=\"lazy\" decoding=\"async\" src=\"https:\/\/i0.wp.com\/mhyrdin.fr\/blog\/wordpress\/wp-content\/gallery\/mars_2012\/crocothemis-erythraea_9010.jpg?h=170\" alt=\"Crocothemis erythraea\" width=\"231\" height=\"170\" \/><\/a><p class=\"jig-HTMLdescription\">Crocothemis erythraea<\/p><\/li><li><a href=\"https:\/\/i0.wp.com\/mhyrdin.fr\/blog\/wordpress\/wp-content\/gallery\/mars_2012\/crocothemis-erythraea_9019.jpg?ssl=1\"><img loading=\"lazy\" decoding=\"async\" src=\"https:\/\/i0.wp.com\/mhyrdin.fr\/blog\/wordpress\/wp-content\/gallery\/mars_2012\/crocothemis-erythraea_9019.jpg?h=170\" alt=\"Crocothemis erythraea\" width=\"106\" height=\"170\" \/><\/a><p class=\"jig-HTMLdescription\">Crocothemis erythraea<\/p><\/li><li><a href=\"https:\/\/i0.wp.com\/mhyrdin.fr\/blog\/wordpress\/wp-content\/gallery\/mars_2012\/crocothemis-erythraea_9028.jpg?ssl=1\"><img loading=\"lazy\" decoding=\"async\" src=\"https:\/\/i0.wp.com\/mhyrdin.fr\/blog\/wordpress\/wp-content\/gallery\/mars_2012\/crocothemis-erythraea_9028.jpg?h=170\" alt=\"Crocothemis erythraea\" width=\"231\" height=\"170\" \/><\/a><p class=\"jig-HTMLdescription\">Crocothemis erythraea<\/p><\/li><li><a href=\"https:\/\/i0.wp.com\/mhyrdin.fr\/blog\/wordpress\/wp-content\/gallery\/mars_2012\/grenouille_9012.jpg?ssl=1\" title=\"grenouille_9012\"><img loading=\"lazy\" decoding=\"async\" src=\"https:\/\/i0.wp.com\/mhyrdin.fr\/blog\/wordpress\/wp-content\/gallery\/mars_2012\/grenouille_9012.jpg?h=170\" alt=\"Grenouille\" width=\"231\" height=\"170\" \/><\/a><p class=\"jig-HTMLdescription\">Grenouille<br\/>grenouille_9012<\/p><\/li><li><a href=\"https:\/\/i0.wp.com\/mhyrdin.fr\/blog\/wordpress\/wp-content\/gallery\/mars_2012\/grenouille_9022.jpg?ssl=1\" title=\"grenouille_9022\"><img loading=\"lazy\" decoding=\"async\" src=\"https:\/\/i0.wp.com\/mhyrdin.fr\/blog\/wordpress\/wp-content\/gallery\/mars_2012\/grenouille_9022.jpg?h=170\" alt=\"Grenouille\" width=\"231\" height=\"170\" \/><\/a><p class=\"jig-HTMLdescription\">Grenouille<br\/>grenouille_9022<\/p><\/li><li><a href=\"https:\/\/i0.wp.com\/mhyrdin.fr\/blog\/wordpress\/wp-content\/gallery\/mars_2012\/grenouille_9023.jpg?ssl=1\" title=\"grenouille_9023\"><img loading=\"lazy\" decoding=\"async\" src=\"https:\/\/i0.wp.com\/mhyrdin.fr\/blog\/wordpress\/wp-content\/gallery\/mars_2012\/grenouille_9023.jpg?h=170\" alt=\"Grenouille\" width=\"231\" height=\"170\" \/><\/a><p class=\"jig-HTMLdescription\">Grenouille<br\/>grenouille_9023<\/p><\/li><li><a href=\"https:\/\/i0.wp.com\/mhyrdin.fr\/blog\/wordpress\/wp-content\/gallery\/mars_2012\/grimpereau-des-bois_9005.jpg?ssl=1\"><img loading=\"lazy\" decoding=\"async\" src=\"https:\/\/i0.wp.com\/mhyrdin.fr\/blog\/wordpress\/wp-content\/gallery\/mars_2012\/grimpereau-des-bois_9005.jpg?h=170\" alt=\"Grimpereau\" width=\"231\" height=\"170\" \/><\/a><p class=\"jig-HTMLdescription\">Grimpereau<\/p><\/li><li><a href=\"https:\/\/i0.wp.com\/mhyrdin.fr\/blog\/wordpress\/wp-content\/gallery\/mars_2012\/grimpereau-des-bois_9007.jpg?ssl=1\"><img loading=\"lazy\" decoding=\"async\" src=\"https:\/\/i0.wp.com\/mhyrdin.fr\/blog\/wordpress\/wp-content\/gallery\/mars_2012\/grimpereau-des-bois_9007.jpg?h=170\" alt=\"Grimpereau\" width=\"231\" height=\"170\" \/><\/a><p class=\"jig-HTMLdescription\">Grimpereau<\/p><\/li><li><a href=\"https:\/\/i0.wp.com\/mhyrdin.fr\/blog\/wordpress\/wp-content\/gallery\/mars_2012\/alyte-accoucheur_8953.jpg?ssl=1\"><img loading=\"lazy\" decoding=\"async\" src=\"https:\/\/i0.wp.com\/mhyrdin.fr\/blog\/wordpress\/wp-content\/gallery\/mars_2012\/alyte-accoucheur_8953.jpg?h=170\" alt=\"Alytes accoucheurs\" width=\"231\" height=\"170\" \/><\/a><p class=\"jig-HTMLdescription\">Alytes accoucheurs<\/p><\/li><li><a href=\"https:\/\/i0.wp.com\/mhyrdin.fr\/blog\/wordpress\/wp-content\/gallery\/mars_2012\/alyte-accoucheur_8964.jpg?ssl=1\"><img loading=\"lazy\" decoding=\"async\" src=\"https:\/\/i0.wp.com\/mhyrdin.fr\/blog\/wordpress\/wp-content\/gallery\/mars_2012\/alyte-accoucheur_8964.jpg?h=170\" alt=\"Alytes accoucheurs\" width=\"231\" height=\"170\" \/><\/a><p class=\"jig-HTMLdescription\">Alytes accoucheurs<\/p><\/li><li><a href=\"https:\/\/i0.wp.com\/mhyrdin.fr\/blog\/wordpress\/wp-content\/gallery\/mars_2012\/alyte-accoucheur_8976.jpg?ssl=1\"><img loading=\"lazy\" decoding=\"async\" src=\"https:\/\/i0.wp.com\/mhyrdin.fr\/blog\/wordpress\/wp-content\/gallery\/mars_2012\/alyte-accoucheur_8976.jpg?h=170\" alt=\"Alytes accoucheurs\" width=\"231\" height=\"170\" \/><\/a><p class=\"jig-HTMLdescription\">Alytes accoucheurs<\/p><\/li><li><a href=\"https:\/\/i0.wp.com\/mhyrdin.fr\/blog\/wordpress\/wp-content\/gallery\/mars_2012\/alyte-accoucheur_8989.jpg?ssl=1\"><img loading=\"lazy\" decoding=\"async\" src=\"https:\/\/i0.wp.com\/mhyrdin.fr\/blog\/wordpress\/wp-content\/gallery\/mars_2012\/alyte-accoucheur_8989.jpg?h=170\" alt=\"Alytes accoucheurs\" width=\"231\" height=\"170\" \/><\/a><p class=\"jig-HTMLdescription\">Alytes accoucheurs<\/p><\/li><li><a href=\"https:\/\/i0.wp.com\/mhyrdin.fr\/blog\/wordpress\/wp-content\/gallery\/mars_2012\/alyte-accoucheur_8992.jpg?ssl=1\"><img loading=\"lazy\" decoding=\"async\" src=\"https:\/\/i0.wp.com\/mhyrdin.fr\/blog\/wordpress\/wp-content\/gallery\/mars_2012\/alyte-accoucheur_8992.jpg?h=170\" alt=\"Alytes accoucheurs\" width=\"231\" height=\"170\" \/><\/a><p class=\"jig-HTMLdescription\">Alytes accoucheurs<\/p><\/li><li><a href=\"https:\/\/i0.wp.com\/mhyrdin.fr\/blog\/wordpress\/wp-content\/gallery\/mars_2012\/alyte-accoucheur_8997.jpg?ssl=1\"><img loading=\"lazy\" decoding=\"async\" src=\"https:\/\/i0.wp.com\/mhyrdin.fr\/blog\/wordpress\/wp-content\/gallery\/mars_2012\/alyte-accoucheur_8997.jpg?h=170\" alt=\"Alytes accoucheurs\" width=\"231\" height=\"170\" \/><\/a><p class=\"jig-HTMLdescription\">Alytes accoucheurs<\/p><\/li><li><a href=\"https:\/\/i0.wp.com\/mhyrdin.fr\/blog\/wordpress\/wp-content\/gallery\/mars_2012\/chenille-arpenteuse_3581.jpg?ssl=1\"><img loading=\"lazy\" decoding=\"async\" src=\"https:\/\/i0.wp.com\/mhyrdin.fr\/blog\/wordpress\/wp-content\/gallery\/mars_2012\/chenille-arpenteuse_3581.jpg?h=170\" alt=\"Chenille arpenteuse\" width=\"231\" height=\"170\" \/><\/a><p class=\"jig-HTMLdescription\">Chenille arpenteuse<\/p><\/li><li><a href=\"https:\/\/i0.wp.com\/mhyrdin.fr\/blog\/wordpress\/wp-content\/gallery\/mars_2012\/chenille-arpenteuse_3589.jpg?ssl=1\"><img loading=\"lazy\" decoding=\"async\" src=\"https:\/\/i0.wp.com\/mhyrdin.fr\/blog\/wordpress\/wp-content\/gallery\/mars_2012\/chenille-arpenteuse_3589.jpg?h=170\" alt=\"Chenille arpenteuse\" width=\"231\" height=\"170\" \/><\/a><p class=\"jig-HTMLdescription\">Chenille arpenteuse<\/p><\/li><li><a href=\"https:\/\/i0.wp.com\/mhyrdin.fr\/blog\/wordpress\/wp-content\/gallery\/mars_2012\/diptere_3559.jpg?ssl=1\" title=\"Remarquer les balanciers\"><img loading=\"lazy\" decoding=\"async\" src=\"https:\/\/i0.wp.com\/mhyrdin.fr\/blog\/wordpress\/wp-content\/gallery\/mars_2012\/diptere_3559.jpg?h=170\" alt=\"Dipt\u00e8re ind\u00e9termin\u00e9\" width=\"231\" height=\"170\" \/><\/a><p class=\"jig-HTMLdescription\">Dipt\u00e8re ind\u00e9termin\u00e9<br\/>Remarquer les balanciers<\/p><\/li><li><a href=\"https:\/\/i0.wp.com\/mhyrdin.fr\/blog\/wordpress\/wp-content\/gallery\/mars_2012\/goulet_8949.jpg?ssl=1\" title=\"goulet_8949\"><img loading=\"lazy\" decoding=\"async\" src=\"https:\/\/i0.wp.com\/mhyrdin.fr\/blog\/wordpress\/wp-content\/gallery\/mars_2012\/goulet_8949.jpg?h=170\" alt=\"goulet_8949\" width=\"255\" height=\"170\" \/><\/a><p class=\"jig-HTMLdescription\">goulet_8949<\/p><\/li><li><a href=\"https:\/\/i0.wp.com\/mhyrdin.fr\/blog\/wordpress\/wp-content\/gallery\/mars_2012\/stenurella-melanura_3597.jpg?ssl=1\"><img loading=\"lazy\" decoding=\"async\" src=\"https:\/\/i0.wp.com\/mhyrdin.fr\/blog\/wordpress\/wp-content\/gallery\/mars_2012\/stenurella-melanura_3597.jpg?h=170\" alt=\"Stenurella melanura\" width=\"231\" height=\"170\" \/><\/a><p class=\"jig-HTMLdescription\">Stenurella melanura<\/p><\/li><li><a href=\"https:\/\/i0.wp.com\/mhyrdin.fr\/blog\/wordpress\/wp-content\/gallery\/mars_2012\/stenurella-melanura_3598.jpg?ssl=1\"><img loading=\"lazy\" decoding=\"async\" src=\"https:\/\/i0.wp.com\/mhyrdin.fr\/blog\/wordpress\/wp-content\/gallery\/mars_2012\/stenurella-melanura_3598.jpg?h=170\" alt=\"Stenurella melanura\" width=\"106\" height=\"170\" \/><\/a><p class=\"jig-HTMLdescription\">Stenurella melanura<\/p><\/li><li><a href=\"https:\/\/i0.wp.com\/mhyrdin.fr\/blog\/wordpress\/wp-content\/gallery\/mars_2012\/trace-sinueuse_3595.jpg?ssl=1\" title=\"laiss\u00e9e dans l&#039;\u00e9paisseur de la feuille par une larve\"><img loading=\"lazy\" decoding=\"async\" src=\"https:\/\/i0.wp.com\/mhyrdin.fr\/blog\/wordpress\/wp-content\/gallery\/mars_2012\/trace-sinueuse_3595.jpg?h=170\" alt=\"Trace de\" width=\"231\" height=\"170\" \/><\/a><p class=\"jig-HTMLdescription\">Trace de<br\/>laiss\u00e9e dans l'\u00e9paisseur de la feuille par une larve<\/p><\/li><\/ul><\/noscript><\/div><div id=\"jig1-developerLink\" class=\"jig-developerLink\"><a href=\"https:\/\/justifiedgrid.com\/\" target=\"_blank\" title=\"Justified Image Grid - Premium WordPress Gallery\">powered by Justified Image Grid<\/a><\/div>\n<h3>Related Images:<\/h3>","protected":false},"excerpt":{"rendered":"<p>Related Images:<\/p>\n","protected":false},"author":4,"featured_media":7373,"parent":1056,"menu_order":6,"comment_status":"closed","ping_status":"closed","template":"","meta":{"ngg_post_thumbnail":0,"jetpack_post_was_ever_published":false,"footnotes":"","_links_to":"","_links_to_target":""},"class_list":["post-1521","page","type-page","status-publish","has-post-thumbnail","hentry"],"jetpack_shortlink":"https:\/\/wp.me\/P9lSZN-ox","jetpack_sharing_enabled":true,"_links":{"self":[{"href":"https:\/\/mhyrdin.fr\/blog\/wp-json\/wp\/v2\/pages\/1521","targetHints":{"allow":["GET"]}}],"collection":[{"href":"https:\/\/mhyrdin.fr\/blog\/wp-json\/wp\/v2\/pages"}],"about":[{"href":"https:\/\/mhyrdin.fr\/blog\/wp-json\/wp\/v2\/types\/page"}],"author":[{"embeddable":true,"href":"https:\/\/mhyrdin.fr\/blog\/wp-json\/wp\/v2\/users\/4"}],"replies":[{"embeddable":true,"href":"https:\/\/mhyrdin.fr\/blog\/wp-json\/wp\/v2\/comments?post=1521"}],"version-history":[{"count":0,"href":"https:\/\/mhyrdin.fr\/blog\/wp-json\/wp\/v2\/pages\/1521\/revisions"}],"up":[{"embeddable":true,"href":"https:\/\/mhyrdin.fr\/blog\/wp-json\/wp\/v2\/pages\/1056"}],"wp:featuredmedia":[{"embeddable":true,"href":"https:\/\/mhyrdin.fr\/blog\/wp-json\/wp\/v2\/media\/7373"}],"wp:attachment":[{"href":"https:\/\/mhyrdin.fr\/blog\/wp-json\/wp\/v2\/media?parent=1521"}],"curies":[{"name":"wp","href":"https:\/\/api.w.org\/{rel}","templated":true}]}}