{"id":14548,"date":"2017-09-03T14:47:46","date_gmt":"2017-09-03T12:47:46","guid":{"rendered":"https:\/\/www.mhyrdin.fr\/blog\/2017-2\/juillet\/les-papillons\/"},"modified":"2017-09-03T19:47:32","modified_gmt":"2017-09-03T17:47:32","slug":"les-papillons","status":"publish","type":"page","link":"https:\/\/mhyrdin.fr\/blog\/archives-numeriques\/2017-2\/juillet\/les-papillons\/","title":{"rendered":"papillons et autres insectes"},"content":{"rendered":"<p><a href=\"https:\/\/wp.me\/PEs8k-3M2\">retour juillet<\/a><\/p>\n<div id=\"jig1\" class=\"justified-image-grid jig-2df7d1b0a29d71b23f41660e7d4d8bdb jig-preset-global jig-source-nextgen\"><div class=\"jig-clearfix\"><\/div><noscript id=\"jig1-html\" class=\"justified-image-grid-html\" data-lazy-src=\"skiplazyload\" data-src=\"skipunveillazyload\"><ul><li><a href=\"https:\/\/i0.wp.com\/mhyrdin.fr\/blog\/wordpress\/wp-content\/gallery\/juillet2017-1\/Amaryllis-de-Vallantin_6000.jpg?ssl=1\" title=\"Pyronia cecilia\"><img loading=\"lazy\" decoding=\"async\" src=\"https:\/\/i0.wp.com\/mhyrdin.fr\/blog\/wordpress\/wp-content\/gallery\/juillet2017-1\/Amaryllis-de-Vallantin_6000.jpg?h=170\" alt=\"Amaryllis de Vallantin\" width=\"255\" height=\"170\" \/><\/a><p class=\"jig-HTMLdescription\">Amaryllis de Vallantin<br\/>Pyronia cecilia<\/p><\/li><li><a href=\"https:\/\/i0.wp.com\/mhyrdin.fr\/blog\/wordpress\/wp-content\/gallery\/juillet2017-1\/Amaryllis-de-Vallantin_6772.jpg?ssl=1\" title=\"Pyronia cecilia\"><img loading=\"lazy\" decoding=\"async\" src=\"https:\/\/i0.wp.com\/mhyrdin.fr\/blog\/wordpress\/wp-content\/gallery\/juillet2017-1\/Amaryllis-de-Vallantin_6772.jpg?h=170\" alt=\"Amaryllis de Vallantin\" width=\"255\" height=\"170\" \/><\/a><p class=\"jig-HTMLdescription\">Amaryllis de Vallantin<br\/>Pyronia cecilia<\/p><\/li><li><a href=\"https:\/\/i0.wp.com\/mhyrdin.fr\/blog\/wordpress\/wp-content\/gallery\/juillet2017-1\/Chevron-blanc_6769.jpg?ssl=1\" title=\"Hipparchia fidia\"><img loading=\"lazy\" decoding=\"async\" src=\"https:\/\/i0.wp.com\/mhyrdin.fr\/blog\/wordpress\/wp-content\/gallery\/juillet2017-1\/Chevron-blanc_6769.jpg?h=170\" alt=\"Chevron blanc\" width=\"255\" height=\"170\" \/><\/a><p class=\"jig-HTMLdescription\">Chevron blanc<br\/>Hipparchia fidia<\/p><\/li><li><a href=\"https:\/\/i0.wp.com\/mhyrdin.fr\/blog\/wordpress\/wp-content\/gallery\/juillet2017-1\/%C3%89chiquier-ib%C3%A9rique_6821.jpg?ssl=1\" title=\"Melanargia lachesis\"><img loading=\"lazy\" decoding=\"async\" src=\"https:\/\/i0.wp.com\/mhyrdin.fr\/blog\/wordpress\/wp-content\/gallery\/juillet2017-1\/%C3%89chiquier-ib%C3%A9rique_6821.jpg?h=170\" alt=\"\u00c9chiquier ib\u00e9rique\" width=\"255\" height=\"170\" \/><\/a><p class=\"jig-HTMLdescription\">\u00c9chiquier ib\u00e9rique<br\/>Melanargia lachesis<\/p><\/li><li><a href=\"https:\/\/i0.wp.com\/mhyrdin.fr\/blog\/wordpress\/wp-content\/gallery\/juillet2017-1\/Fadet-des-garrigues_6743.jpg?ssl=1\" title=\"Coenonympha dorus\"><img loading=\"lazy\" decoding=\"async\" src=\"https:\/\/i0.wp.com\/mhyrdin.fr\/blog\/wordpress\/wp-content\/gallery\/juillet2017-1\/Fadet-des-garrigues_6743.jpg?h=170\" alt=\"Fadet des garrigues\" width=\"255\" height=\"170\" \/><\/a><p class=\"jig-HTMLdescription\">Fadet des garrigues<br\/>Coenonympha dorus<\/p><\/li><li><a href=\"https:\/\/i0.wp.com\/mhyrdin.fr\/blog\/wordpress\/wp-content\/gallery\/juillet2017-1\/Macaon_6843.jpg?ssl=1\" title=\"Papilio machaon\"><img loading=\"lazy\" decoding=\"async\" src=\"https:\/\/i0.wp.com\/mhyrdin.fr\/blog\/wordpress\/wp-content\/gallery\/juillet2017-1\/Macaon_6843.jpg?h=170\" alt=\"Macaon\" width=\"255\" height=\"170\" \/><\/a><p class=\"jig-HTMLdescription\">Macaon<br\/>Papilio machaon<\/p><\/li><li><a href=\"https:\/\/i0.wp.com\/mhyrdin.fr\/blog\/wordpress\/wp-content\/gallery\/juillet2017-1\/Petit-Argus_6675.jpg?ssl=1\" title=\"Plebejus argus\"><img loading=\"lazy\" decoding=\"async\" src=\"https:\/\/i0.wp.com\/mhyrdin.fr\/blog\/wordpress\/wp-content\/gallery\/juillet2017-1\/Petit-Argus_6675.jpg?h=170\" alt=\"Petit Argus\" width=\"255\" height=\"170\" \/><\/a><p class=\"jig-HTMLdescription\">Petit Argus<br\/>Plebejus argus<\/p><\/li><li><a href=\"https:\/\/i0.wp.com\/mhyrdin.fr\/blog\/wordpress\/wp-content\/gallery\/juillet2017-1\/Petit-Argus_6703.jpg?ssl=1\" title=\"Plebejus argus\"><img loading=\"lazy\" decoding=\"async\" src=\"https:\/\/i0.wp.com\/mhyrdin.fr\/blog\/wordpress\/wp-content\/gallery\/juillet2017-1\/Petit-Argus_6703.jpg?h=170\" alt=\"Petit Argus\" width=\"255\" height=\"170\" \/><\/a><p class=\"jig-HTMLdescription\">Petit Argus<br\/>Plebejus argus<\/p><\/li><li><a href=\"https:\/\/i0.wp.com\/mhyrdin.fr\/blog\/wordpress\/wp-content\/gallery\/juillet2017-1\/Petite-Coronide_6791.jpg?ssl=1\" title=\"Satyrus actaea\"><img loading=\"lazy\" decoding=\"async\" src=\"https:\/\/i0.wp.com\/mhyrdin.fr\/blog\/wordpress\/wp-content\/gallery\/juillet2017-1\/Petite-Coronide_6791.jpg?h=170\" alt=\"Petite Coronide\" width=\"113\" height=\"170\" \/><\/a><p class=\"jig-HTMLdescription\">Petite Coronide<br\/>Satyrus actaea<\/p><\/li><li><a href=\"https:\/\/i0.wp.com\/mhyrdin.fr\/blog\/wordpress\/wp-content\/gallery\/juillet2017-1\/Sil%C3%A8ne_6818.jpg?ssl=1\" title=\"Brintesia circe\"><img loading=\"lazy\" decoding=\"async\" src=\"https:\/\/i0.wp.com\/mhyrdin.fr\/blog\/wordpress\/wp-content\/gallery\/juillet2017-1\/Sil%C3%A8ne_6818.jpg?h=170\" alt=\"Sil\u00e8ne\" width=\"255\" height=\"170\" \/><\/a><p class=\"jig-HTMLdescription\">Sil\u00e8ne<br\/>Brintesia circe<\/p><\/li><li><a href=\"https:\/\/i0.wp.com\/mhyrdin.fr\/blog\/wordpress\/wp-content\/gallery\/juillet2017-1\/Tityre_6711.jpg?ssl=1\" title=\"Pyronia bathseba\"><img loading=\"lazy\" decoding=\"async\" src=\"https:\/\/i0.wp.com\/mhyrdin.fr\/blog\/wordpress\/wp-content\/gallery\/juillet2017-1\/Tityre_6711.jpg?h=170\" alt=\"Tityre\" width=\"255\" height=\"170\" \/><\/a><p class=\"jig-HTMLdescription\">Tityre<br\/>Pyronia bathseba<\/p><\/li><li><a href=\"https:\/\/i0.wp.com\/mhyrdin.fr\/blog\/wordpress\/wp-content\/gallery\/juillet2017-1\/Tityre_6760.jpg?ssl=1\" title=\"Pyronia bathseba\"><img loading=\"lazy\" decoding=\"async\" src=\"https:\/\/i0.wp.com\/mhyrdin.fr\/blog\/wordpress\/wp-content\/gallery\/juillet2017-1\/Tityre_6760.jpg?h=170\" alt=\"Tityre\" width=\"255\" height=\"170\" \/><\/a><p class=\"jig-HTMLdescription\">Tityre<br\/>Pyronia bathseba<\/p><\/li><li><a href=\"https:\/\/i0.wp.com\/mhyrdin.fr\/blog\/wordpress\/wp-content\/gallery\/juillet2017-1\/Capricorne_6819.jpg?ssl=1\" title=\"Capricorne_6819\"><img loading=\"lazy\" decoding=\"async\" src=\"https:\/\/i0.wp.com\/mhyrdin.fr\/blog\/wordpress\/wp-content\/gallery\/juillet2017-1\/Capricorne_6819.jpg?h=170\" alt=\"Capricorne\" width=\"255\" height=\"170\" \/><\/a><p class=\"jig-HTMLdescription\">Capricorne<br\/>Capricorne_6819<\/p><\/li><li><a href=\"https:\/\/i0.wp.com\/mhyrdin.fr\/blog\/wordpress\/wp-content\/gallery\/juillet2017-1\/Cigale-Lyristes-plebejus_6051.jpg?ssl=1\" title=\"Lyristes plebejus\"><img loading=\"lazy\" decoding=\"async\" src=\"https:\/\/i0.wp.com\/mhyrdin.fr\/blog\/wordpress\/wp-content\/gallery\/juillet2017-1\/Cigale-Lyristes-plebejus_6051.jpg?h=170\" alt=\"Cigale pl\u00e9b\u00e9ienne\" width=\"113\" height=\"170\" \/><\/a><p class=\"jig-HTMLdescription\">Cigale pl\u00e9b\u00e9ienne<br\/>Lyristes plebejus<\/p><\/li><li><a href=\"https:\/\/i0.wp.com\/mhyrdin.fr\/blog\/wordpress\/wp-content\/gallery\/juillet2017-1\/Criquet-%C3%A9gyptien_6857.jpg?ssl=1\"><img loading=\"lazy\" decoding=\"async\" src=\"https:\/\/i0.wp.com\/mhyrdin.fr\/blog\/wordpress\/wp-content\/gallery\/juillet2017-1\/Criquet-%C3%A9gyptien_6857.jpg?h=170\" alt=\"Criquet \u00e9gyptien\" width=\"255\" height=\"170\" \/><\/a><p class=\"jig-HTMLdescription\">Criquet \u00e9gyptien<\/p><\/li><li><a href=\"https:\/\/i0.wp.com\/mhyrdin.fr\/blog\/wordpress\/wp-content\/gallery\/juillet2017-1\/Lepture-cordig%C3%A8re_5999.jpg?ssl=1\"><img loading=\"lazy\" decoding=\"async\" src=\"https:\/\/i0.wp.com\/mhyrdin.fr\/blog\/wordpress\/wp-content\/gallery\/juillet2017-1\/Lepture-cordig%C3%A8re_5999.jpg?h=170\" alt=\"Lepture cordig\u00e8re\" width=\"255\" height=\"170\" \/><\/a><p class=\"jig-HTMLdescription\">Lepture cordig\u00e8re<\/p><\/li><li><a href=\"https:\/\/i0.wp.com\/mhyrdin.fr\/blog\/wordpress\/wp-content\/gallery\/juillet2017-1\/Pentatome-ponctu%C3%A9_5992.jpg?ssl=1\"><img loading=\"lazy\" decoding=\"async\" src=\"https:\/\/i0.wp.com\/mhyrdin.fr\/blog\/wordpress\/wp-content\/gallery\/juillet2017-1\/Pentatome-ponctu%C3%A9_5992.jpg?h=170\" alt=\"Pentatome ponctu\u00e9\" width=\"113\" height=\"170\" \/><\/a><p class=\"jig-HTMLdescription\">Pentatome ponctu\u00e9<\/p><\/li><li><a href=\"https:\/\/i0.wp.com\/mhyrdin.fr\/blog\/wordpress\/wp-content\/gallery\/juillet2017-1\/Purpuricenus-budensis_6044.jpg?ssl=1\"><img loading=\"lazy\" decoding=\"async\" src=\"https:\/\/i0.wp.com\/mhyrdin.fr\/blog\/wordpress\/wp-content\/gallery\/juillet2017-1\/Purpuricenus-budensis_6044.jpg?h=170\" alt=\"Purpuricenus budensis\" width=\"255\" height=\"170\" \/><\/a><p class=\"jig-HTMLdescription\">Purpuricenus budensis<\/p><\/li><li><a href=\"https:\/\/i0.wp.com\/mhyrdin.fr\/blog\/wordpress\/wp-content\/gallery\/juillet2017-1\/Symp%C3%A9trum-de-Fonscolombe_8016.jpg?ssl=1\"><img loading=\"lazy\" decoding=\"async\" src=\"https:\/\/i0.wp.com\/mhyrdin.fr\/blog\/wordpress\/wp-content\/gallery\/juillet2017-1\/Symp%C3%A9trum-de-Fonscolombe_8016.jpg?h=170\" alt=\"Symp\u00e9trum de Fonscolombe\" width=\"255\" height=\"170\" \/><\/a><p class=\"jig-HTMLdescription\">Symp\u00e9trum de Fonscolombe<\/p><\/li><\/ul><\/noscript><\/div><div id=\"jig1-developerLink\" class=\"jig-developerLink\"><a href=\"https:\/\/justifiedgrid.com\/\" target=\"_blank\" title=\"Justified Image Grid - Premium WordPress Gallery\">powered by Justified Image Grid<\/a><\/div>\n<h3>Related Images:<\/h3>","protected":false},"excerpt":{"rendered":"<p>retour juillet Amaryllis de VallantinPyronia ceciliaAmaryllis de VallantinPyronia ceciliaChevron blancHipparchia fidia\u00c9chiquier ib\u00e9riqueMelanargia lachesisFadet des garriguesCoenonympha dorusMacaonPapilio machaonPetit ArgusPlebejus argusPetit ArgusPlebejus argusPetite CoronideSatyrus actaeaSil\u00e8neBrintesia circeTityrePyronia bathsebaTityrePyronia bathsebaCapricorneCapricorne_6819Cigale pl\u00e9b\u00e9ienneLyristes plebejusCriquet \u00e9gyptienLepture cordig\u00e8rePentatome ponctu\u00e9Purpuricenus budensisSymp\u00e9trum de Fonscolombepowered by Justified Image Grid Related Images:<\/p>\n","protected":false},"author":4,"featured_media":0,"parent":14510,"menu_order":0,"comment_status":"closed","ping_status":"closed","template":"","meta":{"ngg_post_thumbnail":0,"jetpack_post_was_ever_published":false,"footnotes":"","_links_to":"","_links_to_target":""},"class_list":["post-14548","page","type-page","status-publish","hentry"],"jetpack_shortlink":"https:\/\/wp.me\/P9lSZN-3ME","jetpack_sharing_enabled":true,"_links":{"self":[{"href":"https:\/\/mhyrdin.fr\/blog\/wp-json\/wp\/v2\/pages\/14548","targetHints":{"allow":["GET"]}}],"collection":[{"href":"https:\/\/mhyrdin.fr\/blog\/wp-json\/wp\/v2\/pages"}],"about":[{"href":"https:\/\/mhyrdin.fr\/blog\/wp-json\/wp\/v2\/types\/page"}],"author":[{"embeddable":true,"href":"https:\/\/mhyrdin.fr\/blog\/wp-json\/wp\/v2\/users\/4"}],"replies":[{"embeddable":true,"href":"https:\/\/mhyrdin.fr\/blog\/wp-json\/wp\/v2\/comments?post=14548"}],"version-history":[{"count":0,"href":"https:\/\/mhyrdin.fr\/blog\/wp-json\/wp\/v2\/pages\/14548\/revisions"}],"up":[{"embeddable":true,"href":"https:\/\/mhyrdin.fr\/blog\/wp-json\/wp\/v2\/pages\/14510"}],"wp:attachment":[{"href":"https:\/\/mhyrdin.fr\/blog\/wp-json\/wp\/v2\/media?parent=14548"}],"curies":[{"name":"wp","href":"https:\/\/api.w.org\/{rel}","templated":true}]}}