{"id":13611,"date":"2017-06-19T08:20:06","date_gmt":"2017-06-19T06:20:06","guid":{"rendered":"https:\/\/www.mhyrdin.fr\/blog\/incursions-en-navarre\/"},"modified":"2020-10-24T09:45:13","modified_gmt":"2020-10-24T07:45:13","slug":"incursions-en-navarre","status":"publish","type":"page","link":"https:\/\/mhyrdin.fr\/blog\/archives-numeriques\/2017-2\/mois-de-mai-2017\/incursions-en-navarre\/","title":{"rendered":"Incursions en Navarre"},"content":{"rendered":"<div id=\"jig1\" class=\"justified-image-grid jig-6bb08739a8fd3f48edd560d4a6aeecd2 jig-preset-global jig-source-nextgen\"><div class=\"jig-clearfix\"><\/div><noscript id=\"jig1-html\" class=\"justified-image-grid-html\" data-lazy-src=\"skiplazyload\" data-src=\"skipunveillazyload\"><ul><li><a href=\"https:\/\/i0.wp.com\/mhyrdin.fr\/blog\/wordpress\/wp-content\/gallery\/mai2017-3\/Foz-de-Lumbier_5371.jpg?ssl=1\"><img loading=\"lazy\" decoding=\"async\" src=\"https:\/\/i0.wp.com\/mhyrdin.fr\/blog\/wordpress\/wp-content\/gallery\/mai2017-3\/Foz-de-Lumbier_5371.jpg?h=170\" alt=\"Foz de Lumbier\" width=\"255\" height=\"170\" \/><\/a><p class=\"jig-HTMLdescription\">Foz de Lumbier<\/p><\/li><li><a href=\"https:\/\/i0.wp.com\/mhyrdin.fr\/blog\/wordpress\/wp-content\/gallery\/mai2017-3\/Foz-de-Lumbier_5374.jpg?ssl=1\"><img loading=\"lazy\" decoding=\"async\" src=\"https:\/\/i0.wp.com\/mhyrdin.fr\/blog\/wordpress\/wp-content\/gallery\/mai2017-3\/Foz-de-Lumbier_5374.jpg?h=170\" alt=\"Foz de Lumbier\" width=\"255\" height=\"170\" \/><\/a><p class=\"jig-HTMLdescription\">Foz de Lumbier<\/p><\/li><li><a href=\"https:\/\/i0.wp.com\/mhyrdin.fr\/blog\/wordpress\/wp-content\/gallery\/mai2017-3\/Citron-de-Provence_4929.jpg?ssl=1\"><img loading=\"lazy\" decoding=\"async\" src=\"https:\/\/i0.wp.com\/mhyrdin.fr\/blog\/wordpress\/wp-content\/gallery\/mai2017-3\/Citron-de-Provence_4929.jpg?h=170\" alt=\"Citron de Provence\" width=\"255\" height=\"170\" \/><\/a><p class=\"jig-HTMLdescription\">Citron de Provence<\/p><\/li><li><a href=\"https:\/\/i0.wp.com\/mhyrdin.fr\/blog\/wordpress\/wp-content\/gallery\/mai2017-3\/Crave-%C3%A0-bec-rouge_4993.jpg?ssl=1\"><img loading=\"lazy\" decoding=\"async\" src=\"https:\/\/i0.wp.com\/mhyrdin.fr\/blog\/wordpress\/wp-content\/gallery\/mai2017-3\/Crave-%C3%A0-bec-rouge_4993.jpg?h=170\" alt=\"Crave \u00e0 bec rouge\" width=\"255\" height=\"170\" \/><\/a><p class=\"jig-HTMLdescription\">Crave \u00e0 bec rouge<\/p><\/li><li><a href=\"https:\/\/i0.wp.com\/mhyrdin.fr\/blog\/wordpress\/wp-content\/gallery\/mai2017-3\/Flamb%C3%A9-hispanique_4922.jpg?ssl=1\"><img loading=\"lazy\" decoding=\"async\" src=\"https:\/\/i0.wp.com\/mhyrdin.fr\/blog\/wordpress\/wp-content\/gallery\/mai2017-3\/Flamb%C3%A9-hispanique_4922.jpg?h=170\" alt=\"Flamb\u00e9 hispanique\" width=\"255\" height=\"170\" \/><\/a><p class=\"jig-HTMLdescription\">Flamb\u00e9 hispanique<\/p><\/li><li><a href=\"https:\/\/i0.wp.com\/mhyrdin.fr\/blog\/wordpress\/wp-content\/gallery\/mai2017-3\/Milan-noir_4892.jpg?ssl=1\"><img loading=\"lazy\" decoding=\"async\" src=\"https:\/\/i0.wp.com\/mhyrdin.fr\/blog\/wordpress\/wp-content\/gallery\/mai2017-3\/Milan-noir_4892.jpg?h=170\" alt=\"Milan noir\" width=\"255\" height=\"170\" \/><\/a><p class=\"jig-HTMLdescription\">Milan noir<\/p><\/li><li><a href=\"https:\/\/i0.wp.com\/mhyrdin.fr\/blog\/wordpress\/wp-content\/gallery\/mai2017-3\/Milan-royal_4843.jpg?ssl=1\"><img loading=\"lazy\" decoding=\"async\" src=\"https:\/\/i0.wp.com\/mhyrdin.fr\/blog\/wordpress\/wp-content\/gallery\/mai2017-3\/Milan-royal_4843.jpg?h=170\" alt=\"Milan royal\" width=\"255\" height=\"170\" \/><\/a><p class=\"jig-HTMLdescription\">Milan royal<\/p><\/li><li><a href=\"https:\/\/i0.wp.com\/mhyrdin.fr\/blog\/wordpress\/wp-content\/gallery\/mai2017-3\/Vautour-fauve_4864.jpg?ssl=1\"><img loading=\"lazy\" decoding=\"async\" src=\"https:\/\/i0.wp.com\/mhyrdin.fr\/blog\/wordpress\/wp-content\/gallery\/mai2017-3\/Vautour-fauve_4864.jpg?h=170\" alt=\"Vautour fauve\" width=\"255\" height=\"170\" \/><\/a><p class=\"jig-HTMLdescription\">Vautour fauve<\/p><\/li><li><a href=\"https:\/\/i0.wp.com\/mhyrdin.fr\/blog\/wordpress\/wp-content\/gallery\/mai2017-3\/Vautour-fauve_4951.jpg?ssl=1\"><img loading=\"lazy\" decoding=\"async\" src=\"https:\/\/i0.wp.com\/mhyrdin.fr\/blog\/wordpress\/wp-content\/gallery\/mai2017-3\/Vautour-fauve_4951.jpg?h=170\" alt=\"Vautour fauve\" width=\"255\" height=\"170\" \/><\/a><p class=\"jig-HTMLdescription\">Vautour fauve<\/p><\/li><li><a href=\"https:\/\/i0.wp.com\/mhyrdin.fr\/blog\/wordpress\/wp-content\/gallery\/mai2017-3\/Bardenas-moutons_3870.jpg?ssl=1\"><img loading=\"lazy\" decoding=\"async\" src=\"https:\/\/i0.wp.com\/mhyrdin.fr\/blog\/wordpress\/wp-content\/gallery\/mai2017-3\/Bardenas-moutons_3870.jpg?h=170\" alt=\"Bardenas Reales\" width=\"255\" height=\"170\" \/><\/a><p class=\"jig-HTMLdescription\">Bardenas Reales<\/p><\/li><li><a href=\"https:\/\/i0.wp.com\/mhyrdin.fr\/blog\/wordpress\/wp-content\/gallery\/mai2017-3\/Bardenas-POV_5161.jpg?ssl=1\"><img loading=\"lazy\" decoding=\"async\" src=\"https:\/\/i0.wp.com\/mhyrdin.fr\/blog\/wordpress\/wp-content\/gallery\/mai2017-3\/Bardenas-POV_5161.jpg?h=170\" alt=\"Bardenas Reales\" width=\"255\" height=\"170\" \/><\/a><p class=\"jig-HTMLdescription\">Bardenas Reales<\/p><\/li><li><a href=\"https:\/\/i0.wp.com\/mhyrdin.fr\/blog\/wordpress\/wp-content\/gallery\/mai2017-3\/Bardenas-POV_5155.jpg?ssl=1\"><img loading=\"lazy\" decoding=\"async\" src=\"https:\/\/i0.wp.com\/mhyrdin.fr\/blog\/wordpress\/wp-content\/gallery\/mai2017-3\/Bardenas-POV_5155.jpg?h=170\" alt=\"Bardenas Reales\" width=\"113\" height=\"170\" \/><\/a><p class=\"jig-HTMLdescription\">Bardenas Reales<\/p><\/li><li><a href=\"https:\/\/i0.wp.com\/mhyrdin.fr\/blog\/wordpress\/wp-content\/gallery\/mai2017-3\/Bardenas-POV_3822.jpg?ssl=1\"><img loading=\"lazy\" decoding=\"async\" src=\"https:\/\/i0.wp.com\/mhyrdin.fr\/blog\/wordpress\/wp-content\/gallery\/mai2017-3\/Bardenas-POV_3822.jpg?h=170\" alt=\"Bardenas Reales\" width=\"255\" height=\"170\" \/><\/a><p class=\"jig-HTMLdescription\">Bardenas Reales<\/p><\/li><li><a href=\"https:\/\/i0.wp.com\/mhyrdin.fr\/blog\/wordpress\/wp-content\/gallery\/mai2017-3\/Bardenas-POV_3823.jpg?ssl=1\"><img loading=\"lazy\" decoding=\"async\" src=\"https:\/\/i0.wp.com\/mhyrdin.fr\/blog\/wordpress\/wp-content\/gallery\/mai2017-3\/Bardenas-POV_3823.jpg?h=170\" alt=\"Bardenas Reales\" width=\"309\" height=\"170\" \/><\/a><p class=\"jig-HTMLdescription\">Bardenas Reales<\/p><\/li><li><a href=\"https:\/\/i0.wp.com\/mhyrdin.fr\/blog\/wordpress\/wp-content\/gallery\/mai2017-3\/Bardenas-POV_3831.jpg?ssl=1\"><img loading=\"lazy\" decoding=\"async\" src=\"https:\/\/i0.wp.com\/mhyrdin.fr\/blog\/wordpress\/wp-content\/gallery\/mai2017-3\/Bardenas-POV_3831.jpg?h=170\" alt=\"Bardenas Reales\" width=\"255\" height=\"170\" \/><\/a><p class=\"jig-HTMLdescription\">Bardenas Reales<\/p><\/li><li><a href=\"https:\/\/i0.wp.com\/mhyrdin.fr\/blog\/wordpress\/wp-content\/gallery\/mai2017-3\/Bardenas-POV_3874.jpg?ssl=1\"><img loading=\"lazy\" decoding=\"async\" src=\"https:\/\/i0.wp.com\/mhyrdin.fr\/blog\/wordpress\/wp-content\/gallery\/mai2017-3\/Bardenas-POV_3874.jpg?h=170\" alt=\"Bardenas Reales\" width=\"255\" height=\"170\" \/><\/a><p class=\"jig-HTMLdescription\">Bardenas Reales<\/p><\/li><li><a href=\"https:\/\/i0.wp.com\/mhyrdin.fr\/blog\/wordpress\/wp-content\/gallery\/mai2017-3\/Bardenas-POV_5126.jpg?ssl=1\"><img loading=\"lazy\" decoding=\"async\" src=\"https:\/\/i0.wp.com\/mhyrdin.fr\/blog\/wordpress\/wp-content\/gallery\/mai2017-3\/Bardenas-POV_5126.jpg?h=170\" alt=\"Bardenas Reales\" width=\"255\" height=\"170\" \/><\/a><p class=\"jig-HTMLdescription\">Bardenas Reales<\/p><\/li><li><a href=\"https:\/\/i0.wp.com\/mhyrdin.fr\/blog\/wordpress\/wp-content\/gallery\/mai2017-3\/Bardenas-POV_5133.jpg?ssl=1\"><img loading=\"lazy\" decoding=\"async\" src=\"https:\/\/i0.wp.com\/mhyrdin.fr\/blog\/wordpress\/wp-content\/gallery\/mai2017-3\/Bardenas-POV_5133.jpg?h=170\" alt=\"Bardenas Reales\" width=\"255\" height=\"170\" \/><\/a><p class=\"jig-HTMLdescription\">Bardenas Reales<\/p><\/li><li><a href=\"https:\/\/i0.wp.com\/mhyrdin.fr\/blog\/wordpress\/wp-content\/gallery\/mai2017-3\/Bardenas-POV_5158.jpg?ssl=1\"><img loading=\"lazy\" decoding=\"async\" src=\"https:\/\/i0.wp.com\/mhyrdin.fr\/blog\/wordpress\/wp-content\/gallery\/mai2017-3\/Bardenas-POV_5158.jpg?h=170\" alt=\"Bardenas Reales\" width=\"255\" height=\"170\" \/><\/a><p class=\"jig-HTMLdescription\">Bardenas Reales<\/p><\/li><li><a href=\"https:\/\/i0.wp.com\/mhyrdin.fr\/blog\/wordpress\/wp-content\/gallery\/mai2017-3\/Bardenas-POV_5165.jpg?ssl=1\"><img loading=\"lazy\" decoding=\"async\" src=\"https:\/\/i0.wp.com\/mhyrdin.fr\/blog\/wordpress\/wp-content\/gallery\/mai2017-3\/Bardenas-POV_5165.jpg?h=170\" alt=\"Bardenas Reales\" width=\"255\" height=\"170\" \/><\/a><p class=\"jig-HTMLdescription\">Bardenas Reales<\/p><\/li><li><a href=\"https:\/\/i0.wp.com\/mhyrdin.fr\/blog\/wordpress\/wp-content\/gallery\/mai2017-3\/Bardenas-POV_5167.jpg?ssl=1\"><img loading=\"lazy\" decoding=\"async\" src=\"https:\/\/i0.wp.com\/mhyrdin.fr\/blog\/wordpress\/wp-content\/gallery\/mai2017-3\/Bardenas-POV_5167.jpg?h=170\" alt=\"Bardenas Reales\" width=\"255\" height=\"170\" \/><\/a><p class=\"jig-HTMLdescription\">Bardenas Reales<\/p><\/li><li><a href=\"https:\/\/i0.wp.com\/mhyrdin.fr\/blog\/wordpress\/wp-content\/gallery\/mai2017-3\/Aigle-royal_3891.jpg?ssl=1\"><img loading=\"lazy\" decoding=\"async\" src=\"https:\/\/i0.wp.com\/mhyrdin.fr\/blog\/wordpress\/wp-content\/gallery\/mai2017-3\/Aigle-royal_3891.jpg?h=170\" alt=\"Aigle royal\" width=\"255\" height=\"170\" \/><\/a><p class=\"jig-HTMLdescription\">Aigle royal<\/p><\/li><li><a href=\"https:\/\/i0.wp.com\/mhyrdin.fr\/blog\/wordpress\/wp-content\/gallery\/mai2017-3\/Aigle-royal_3936.jpg?ssl=1\"><img loading=\"lazy\" decoding=\"async\" src=\"https:\/\/i0.wp.com\/mhyrdin.fr\/blog\/wordpress\/wp-content\/gallery\/mai2017-3\/Aigle-royal_3936.jpg?h=170\" alt=\"Aigle royal\" width=\"255\" height=\"170\" \/><\/a><p class=\"jig-HTMLdescription\">Aigle royal<\/p><\/li><li><a href=\"https:\/\/i0.wp.com\/mhyrdin.fr\/blog\/wordpress\/wp-content\/gallery\/mai2017-3\/Alouette-calandrelle_3852.jpg?ssl=1\"><img loading=\"lazy\" decoding=\"async\" src=\"https:\/\/i0.wp.com\/mhyrdin.fr\/blog\/wordpress\/wp-content\/gallery\/mai2017-3\/Alouette-calandrelle_3852.jpg?h=170\" alt=\"Alouette calandrelle\" width=\"255\" height=\"170\" \/><\/a><p class=\"jig-HTMLdescription\">Alouette calandrelle<\/p><\/li><li><a href=\"https:\/\/i0.wp.com\/mhyrdin.fr\/blog\/wordpress\/wp-content\/gallery\/mai2017-3\/Bruant-proyer_3656.jpg?ssl=1\"><img loading=\"lazy\" decoding=\"async\" src=\"https:\/\/i0.wp.com\/mhyrdin.fr\/blog\/wordpress\/wp-content\/gallery\/mai2017-3\/Bruant-proyer_3656.jpg?h=170\" alt=\"Bruant proyer\" width=\"255\" height=\"170\" \/><\/a><p class=\"jig-HTMLdescription\">Bruant proyer<\/p><\/li><li><a href=\"https:\/\/i0.wp.com\/mhyrdin.fr\/blog\/wordpress\/wp-content\/gallery\/mai2017-3\/Gu%C3%AApier_3707.jpg?ssl=1\"><img loading=\"lazy\" decoding=\"async\" src=\"https:\/\/i0.wp.com\/mhyrdin.fr\/blog\/wordpress\/wp-content\/gallery\/mai2017-3\/Gu%C3%AApier_3707.jpg?h=170\" alt=\"Gu\u00eapiers d&#039;Europe\" width=\"255\" height=\"170\" \/><\/a><p class=\"jig-HTMLdescription\">Gu\u00eapiers d'Europe<\/p><\/li><li><a href=\"https:\/\/i0.wp.com\/mhyrdin.fr\/blog\/wordpress\/wp-content\/gallery\/mai2017-3\/Serin-cini_3645.jpg?ssl=1\"><img loading=\"lazy\" decoding=\"async\" src=\"https:\/\/i0.wp.com\/mhyrdin.fr\/blog\/wordpress\/wp-content\/gallery\/mai2017-3\/Serin-cini_3645.jpg?h=170\" alt=\"Serin cini\" width=\"113\" height=\"170\" \/><\/a><p class=\"jig-HTMLdescription\">Serin cini<\/p><\/li><li><a href=\"https:\/\/i0.wp.com\/mhyrdin.fr\/blog\/wordpress\/wp-content\/gallery\/mai2017-3\/Traquet-motteux-femelle_3759.jpg?ssl=1\"><img loading=\"lazy\" decoding=\"async\" src=\"https:\/\/i0.wp.com\/mhyrdin.fr\/blog\/wordpress\/wp-content\/gallery\/mai2017-3\/Traquet-motteux-femelle_3759.jpg?h=170\" alt=\"Traquet motteux femelle\" width=\"255\" height=\"170\" \/><\/a><p class=\"jig-HTMLdescription\">Traquet motteux femelle<\/p><\/li><li><a href=\"https:\/\/i0.wp.com\/mhyrdin.fr\/blog\/wordpress\/wp-content\/gallery\/mai2017-3\/Bellardie-Bartsia-trixago_5116.jpg?ssl=1\" title=\"Bartsia trixago\"><img loading=\"lazy\" decoding=\"async\" src=\"https:\/\/i0.wp.com\/mhyrdin.fr\/blog\/wordpress\/wp-content\/gallery\/mai2017-3\/Bellardie-Bartsia-trixago_5116.jpg?h=170\" alt=\"Bellardie\" width=\"113\" height=\"170\" \/><\/a><p class=\"jig-HTMLdescription\">Bellardie<br\/>Bartsia trixago<\/p><\/li><li><a href=\"https:\/\/i0.wp.com\/mhyrdin.fr\/blog\/wordpress\/wp-content\/gallery\/mai2017-3\/%C3%89chiquier-des-Almoravides_3789.jpg?ssl=1\"><img loading=\"lazy\" decoding=\"async\" src=\"https:\/\/i0.wp.com\/mhyrdin.fr\/blog\/wordpress\/wp-content\/gallery\/mai2017-3\/%C3%89chiquier-des-Almoravides_3789.jpg?h=170\" alt=\"\u00c9chiquier des Almoravides\" width=\"255\" height=\"170\" \/><\/a><p class=\"jig-HTMLdescription\">\u00c9chiquier des Almoravides<\/p><\/li><li><a href=\"https:\/\/i0.wp.com\/mhyrdin.fr\/blog\/wordpress\/wp-content\/gallery\/mai2017-3\/Marbr%C3%A9-de-Cramer_3805.jpg?ssl=1\"><img loading=\"lazy\" decoding=\"async\" src=\"https:\/\/i0.wp.com\/mhyrdin.fr\/blog\/wordpress\/wp-content\/gallery\/mai2017-3\/Marbr%C3%A9-de-Cramer_3805.jpg?h=170\" alt=\"Marbr\u00e9 de Cramer\" width=\"255\" height=\"170\" \/><\/a><p class=\"jig-HTMLdescription\">Marbr\u00e9 de Cramer<\/p><\/li><li><a href=\"https:\/\/i0.wp.com\/mhyrdin.fr\/blog\/wordpress\/wp-content\/gallery\/mai2017-3\/Ononis-%C3%A0-trois-dents_3793.jpg?ssl=1\"><img loading=\"lazy\" decoding=\"async\" src=\"https:\/\/i0.wp.com\/mhyrdin.fr\/blog\/wordpress\/wp-content\/gallery\/mai2017-3\/Ononis-%C3%A0-trois-dents_3793.jpg?h=170\" alt=\"Ononis \u00e0 trois dents\" width=\"255\" height=\"170\" \/><\/a><p class=\"jig-HTMLdescription\">Ononis \u00e0 trois dents<\/p><\/li><li><a href=\"https:\/\/i0.wp.com\/mhyrdin.fr\/blog\/wordpress\/wp-content\/gallery\/mai2017-3\/Ononis-%C3%A0-trois-dents_3794.jpg?ssl=1\"><img loading=\"lazy\" decoding=\"async\" src=\"https:\/\/i0.wp.com\/mhyrdin.fr\/blog\/wordpress\/wp-content\/gallery\/mai2017-3\/Ononis-%C3%A0-trois-dents_3794.jpg?h=170\" alt=\"Ononis \u00e0 trois dents\" width=\"255\" height=\"170\" \/><\/a><p class=\"jig-HTMLdescription\">Ononis \u00e0 trois dents<\/p><\/li><li><a href=\"https:\/\/i0.wp.com\/mhyrdin.fr\/blog\/wordpress\/wp-content\/gallery\/mai2017-3\/Ophrys-miroir_5123.jpg?ssl=1\"><img loading=\"lazy\" decoding=\"async\" src=\"https:\/\/i0.wp.com\/mhyrdin.fr\/blog\/wordpress\/wp-content\/gallery\/mai2017-3\/Ophrys-miroir_5123.jpg?h=170\" alt=\"Ophrys miroir\" width=\"113\" height=\"170\" \/><\/a><p class=\"jig-HTMLdescription\">Ophrys miroir<\/p><\/li><li><a href=\"https:\/\/i0.wp.com\/mhyrdin.fr\/blog\/wordpress\/wp-content\/gallery\/mai2017-3\/Ophrys-quadrilobata_5111.jpg?ssl=1\"><img loading=\"lazy\" decoding=\"async\" src=\"https:\/\/i0.wp.com\/mhyrdin.fr\/blog\/wordpress\/wp-content\/gallery\/mai2017-3\/Ophrys-quadrilobata_5111.jpg?h=170\" alt=\"Ophrys quadrilobata\" width=\"112\" height=\"170\" \/><\/a><p class=\"jig-HTMLdescription\">Ophrys quadrilobata<\/p><\/li><li><a href=\"https:\/\/i0.wp.com\/mhyrdin.fr\/blog\/wordpress\/wp-content\/gallery\/mai2017-3\/Ophrys-quadrilobata_5119.jpg?ssl=1\"><img loading=\"lazy\" decoding=\"async\" src=\"https:\/\/i0.wp.com\/mhyrdin.fr\/blog\/wordpress\/wp-content\/gallery\/mai2017-3\/Ophrys-quadrilobata_5119.jpg?h=170\" alt=\"Ophrys quadrilobata\" width=\"113\" height=\"170\" \/><\/a><p class=\"jig-HTMLdescription\">Ophrys quadrilobata<\/p><\/li><li><a href=\"https:\/\/i0.wp.com\/mhyrdin.fr\/blog\/wordpress\/wp-content\/gallery\/mai2017-3\/Orchis-bouc_5101.jpg?ssl=1\"><img loading=\"lazy\" decoding=\"async\" src=\"https:\/\/i0.wp.com\/mhyrdin.fr\/blog\/wordpress\/wp-content\/gallery\/mai2017-3\/Orchis-bouc_5101.jpg?h=170\" alt=\"Orchis bouc\" width=\"113\" height=\"170\" \/><\/a><p class=\"jig-HTMLdescription\">Orchis bouc<\/p><\/li><li><a href=\"https:\/\/i0.wp.com\/mhyrdin.fr\/blog\/wordpress\/wp-content\/gallery\/mai2017-3\/Orchis-bouc_5102.jpg?ssl=1\"><img loading=\"lazy\" decoding=\"async\" src=\"https:\/\/i0.wp.com\/mhyrdin.fr\/blog\/wordpress\/wp-content\/gallery\/mai2017-3\/Orchis-bouc_5102.jpg?h=170\" alt=\"Orchis bouc\" width=\"113\" height=\"170\" \/><\/a><p class=\"jig-HTMLdescription\">Orchis bouc<\/p><\/li><\/ul><\/noscript><\/div><div id=\"jig1-developerLink\" class=\"jig-developerLink\"><a href=\"https:\/\/justifiedgrid.com\/\" target=\"_blank\" title=\"Justified Image Grid - Premium WordPress Gallery\">powered by Justified Image Grid<\/a><\/div>\n<h3>Related Images:<\/h3>","protected":false},"excerpt":{"rendered":"<p>Foz de LumbierFoz de LumbierCitron de ProvenceCrave \u00e0 bec rougeFlamb\u00e9 hispaniqueMilan noirMilan royalVautour fauveVautour fauveBardenas RealesBardenas RealesBardenas RealesBardenas RealesBardenas RealesBardenas RealesBardenas RealesBardenas RealesBardenas RealesBardenas RealesBardenas RealesBardenas RealesAigle royalAigle royalAlouette calandrelleBruant proyerGu\u00eapiers d&rsquo;EuropeSerin ciniTraquet motteux femelleBellardieBartsia trixago\u00c9chiquier des AlmoravidesMarbr\u00e9 de CramerOnonis \u00e0 trois dentsOnonis \u00e0 trois dentsOphrys miroirOphrys quadrilobataOphrys quadrilobataOrchis boucOrchis boucpowered by Justified Image Grid [&hellip;]<\/p>\n","protected":false},"author":4,"featured_media":0,"parent":13605,"menu_order":0,"comment_status":"closed","ping_status":"closed","template":"","meta":{"ngg_post_thumbnail":0,"jetpack_post_was_ever_published":false,"footnotes":"","_links_to":"","_links_to_target":""},"class_list":["post-13611","page","type-page","status-publish","hentry"],"jetpack_shortlink":"https:\/\/wp.me\/P9lSZN-3xx","jetpack_sharing_enabled":true,"_links":{"self":[{"href":"https:\/\/mhyrdin.fr\/blog\/wp-json\/wp\/v2\/pages\/13611","targetHints":{"allow":["GET"]}}],"collection":[{"href":"https:\/\/mhyrdin.fr\/blog\/wp-json\/wp\/v2\/pages"}],"about":[{"href":"https:\/\/mhyrdin.fr\/blog\/wp-json\/wp\/v2\/types\/page"}],"author":[{"embeddable":true,"href":"https:\/\/mhyrdin.fr\/blog\/wp-json\/wp\/v2\/users\/4"}],"replies":[{"embeddable":true,"href":"https:\/\/mhyrdin.fr\/blog\/wp-json\/wp\/v2\/comments?post=13611"}],"version-history":[{"count":0,"href":"https:\/\/mhyrdin.fr\/blog\/wp-json\/wp\/v2\/pages\/13611\/revisions"}],"up":[{"embeddable":true,"href":"https:\/\/mhyrdin.fr\/blog\/wp-json\/wp\/v2\/pages\/13605"}],"wp:attachment":[{"href":"https:\/\/mhyrdin.fr\/blog\/wp-json\/wp\/v2\/media?parent=13611"}],"curies":[{"name":"wp","href":"https:\/\/api.w.org\/{rel}","templated":true}]}}