{"id":13599,"date":"2017-06-19T08:02:06","date_gmt":"2017-06-19T06:02:06","guid":{"rendered":"http:\/\/www.mhyrdin.fr\/blog\/mars-2017\/"},"modified":"2017-06-19T13:55:25","modified_gmt":"2017-06-19T11:55:25","slug":"mars-2017","status":"publish","type":"page","link":"https:\/\/mhyrdin.fr\/blog\/archives-numeriques\/2017-2\/mars-2017\/","title":{"rendered":"Mars 2017"},"content":{"rendered":"<div id=\"jig1\" class=\"justified-image-grid jig-7d480242b7e5b7579db219f6d791383b jig-preset-global jig-source-nextgen\"><div class=\"jig-clearfix\"><\/div><noscript id=\"jig1-html\" class=\"justified-image-grid-html\" data-lazy-src=\"skiplazyload\" data-src=\"skipunveillazyload\"><ul><li><a href=\"https:\/\/i0.wp.com\/mhyrdin.fr\/blog\/wordpress\/wp-content\/gallery\/mars2017\/Guillemot-de-Tro%C3%AFl_9198.jpg?ssl=1\" title=\"Ploumoguer\"><img loading=\"lazy\" decoding=\"async\" src=\"https:\/\/i0.wp.com\/mhyrdin.fr\/blog\/wordpress\/wp-content\/gallery\/mars2017\/Guillemot-de-Tro%C3%AFl_9198.jpg?h=170\" alt=\"Guillemot de Tro\u00efl\" width=\"255\" height=\"170\" \/><\/a><p class=\"jig-HTMLdescription\">Guillemot de Tro\u00efl<br\/>Ploumoguer<\/p><\/li><li><a href=\"https:\/\/i0.wp.com\/mhyrdin.fr\/blog\/wordpress\/wp-content\/gallery\/mars2017\/Guillemot-de-Tro%C3%AFl_9298.jpg?ssl=1\" title=\"Ploumoguer\"><img loading=\"lazy\" decoding=\"async\" src=\"https:\/\/i0.wp.com\/mhyrdin.fr\/blog\/wordpress\/wp-content\/gallery\/mars2017\/Guillemot-de-Tro%C3%AFl_9298.jpg?h=170\" alt=\"Guillemot de Tro\u00efl\" width=\"255\" height=\"170\" \/><\/a><p class=\"jig-HTMLdescription\">Guillemot de Tro\u00efl<br\/>Ploumoguer<\/p><\/li><li><a href=\"https:\/\/i0.wp.com\/mhyrdin.fr\/blog\/wordpress\/wp-content\/gallery\/mars2017\/Guillemot-de-Tro%C3%AFl_9370.jpg?ssl=1\" title=\"Ploumoguer\"><img loading=\"lazy\" decoding=\"async\" src=\"https:\/\/i0.wp.com\/mhyrdin.fr\/blog\/wordpress\/wp-content\/gallery\/mars2017\/Guillemot-de-Tro%C3%AFl_9370.jpg?h=170\" alt=\"Guillemot de Tro\u00efl\" width=\"255\" height=\"170\" \/><\/a><p class=\"jig-HTMLdescription\">Guillemot de Tro\u00efl<br\/>Ploumoguer<\/p><\/li><li><a href=\"https:\/\/i0.wp.com\/mhyrdin.fr\/blog\/wordpress\/wp-content\/gallery\/mars2017\/Cormoran_0369.jpg?ssl=1\" title=\"Cormoran_0369\"><img loading=\"lazy\" decoding=\"async\" src=\"https:\/\/i0.wp.com\/mhyrdin.fr\/blog\/wordpress\/wp-content\/gallery\/mars2017\/Cormoran_0369.jpg?h=170\" alt=\"Cormoran dans les vagues\" width=\"287\" height=\"170\" \/><\/a><p class=\"jig-HTMLdescription\">Cormoran dans les vagues<br\/>Cormoran_0369<\/p><\/li><li><a href=\"https:\/\/i0.wp.com\/mhyrdin.fr\/blog\/wordpress\/wp-content\/gallery\/mars2017\/Le-Conquet_0484.jpg?ssl=1\"><img loading=\"lazy\" decoding=\"async\" src=\"https:\/\/i0.wp.com\/mhyrdin.fr\/blog\/wordpress\/wp-content\/gallery\/mars2017\/Le-Conquet_0484.jpg?h=170\" alt=\"Le Conquet\" width=\"113\" height=\"170\" \/><\/a><p class=\"jig-HTMLdescription\">Le Conquet<\/p><\/li><li><a href=\"https:\/\/i0.wp.com\/mhyrdin.fr\/blog\/wordpress\/wp-content\/gallery\/mars2017\/PanoramaBrest-by-night-1.jpg?ssl=1\"><img loading=\"lazy\" decoding=\"async\" src=\"https:\/\/i0.wp.com\/mhyrdin.fr\/blog\/wordpress\/wp-content\/gallery\/mars2017\/PanoramaBrest-by-night-1.jpg?h=170\" alt=\"Brest by night\" width=\"545\" height=\"170\" \/><\/a><p class=\"jig-HTMLdescription\">Brest by night<\/p><\/li><li><a href=\"https:\/\/i0.wp.com\/mhyrdin.fr\/blog\/wordpress\/wp-content\/gallery\/mars2017\/Brest-by-night_0554.jpg?ssl=1\"><img loading=\"lazy\" decoding=\"async\" src=\"https:\/\/i0.wp.com\/mhyrdin.fr\/blog\/wordpress\/wp-content\/gallery\/mars2017\/Brest-by-night_0554.jpg?h=170\" alt=\"Brest by night\" width=\"369\" height=\"170\" \/><\/a><p class=\"jig-HTMLdescription\">Brest by night<\/p><\/li><li><a href=\"https:\/\/i0.wp.com\/mhyrdin.fr\/blog\/wordpress\/wp-content\/gallery\/mars2017\/IMG_0575.jpg?ssl=1\" title=\"IMG_0575\"><img loading=\"lazy\" decoding=\"async\" src=\"https:\/\/i0.wp.com\/mhyrdin.fr\/blog\/wordpress\/wp-content\/gallery\/mars2017\/IMG_0575.jpg?h=170\" alt=\"Brest by night\" width=\"255\" height=\"170\" \/><\/a><p class=\"jig-HTMLdescription\">Brest by night<br\/>IMG_0575<\/p><\/li><li><a href=\"https:\/\/i0.wp.com\/mhyrdin.fr\/blog\/wordpress\/wp-content\/gallery\/mars2017\/Brest-by-night_0558.jpg?ssl=1\"><img loading=\"lazy\" decoding=\"async\" src=\"https:\/\/i0.wp.com\/mhyrdin.fr\/blog\/wordpress\/wp-content\/gallery\/mars2017\/Brest-by-night_0558.jpg?h=170\" alt=\"Brest by night\" width=\"255\" height=\"170\" \/><\/a><p class=\"jig-HTMLdescription\">Brest by night<\/p><\/li><li><a href=\"https:\/\/i0.wp.com\/mhyrdin.fr\/blog\/wordpress\/wp-content\/gallery\/mars2017\/Brest-by-night_0559.jpg?ssl=1\"><img loading=\"lazy\" decoding=\"async\" src=\"https:\/\/i0.wp.com\/mhyrdin.fr\/blog\/wordpress\/wp-content\/gallery\/mars2017\/Brest-by-night_0559.jpg?h=170\" alt=\"Brest by night\" width=\"255\" height=\"170\" \/><\/a><p class=\"jig-HTMLdescription\">Brest by night<\/p><\/li><li><a href=\"https:\/\/i0.wp.com\/mhyrdin.fr\/blog\/wordpress\/wp-content\/gallery\/mars2017\/Brest-by-night_0601.jpg?ssl=1\"><img loading=\"lazy\" decoding=\"async\" src=\"https:\/\/i0.wp.com\/mhyrdin.fr\/blog\/wordpress\/wp-content\/gallery\/mars2017\/Brest-by-night_0601.jpg?h=170\" alt=\"Brest by night\" width=\"287\" height=\"170\" \/><\/a><p class=\"jig-HTMLdescription\">Brest by night<\/p><\/li><li><a href=\"https:\/\/i0.wp.com\/mhyrdin.fr\/blog\/wordpress\/wp-content\/gallery\/mars2017\/Brest-by-night_0617.jpg?ssl=1\" title=\"Le p&#039;tit pont Gu\u00e9don\"><img loading=\"lazy\" decoding=\"async\" src=\"https:\/\/i0.wp.com\/mhyrdin.fr\/blog\/wordpress\/wp-content\/gallery\/mars2017\/Brest-by-night_0617.jpg?h=170\" alt=\"Brest by night\" width=\"281\" height=\"170\" \/><\/a><p class=\"jig-HTMLdescription\">Brest by night<br\/>Le p'tit pont Gu\u00e9don<\/p><\/li><li><a href=\"https:\/\/i0.wp.com\/mhyrdin.fr\/blog\/wordpress\/wp-content\/gallery\/mars2017\/Brest-by-night_0623.jpg?ssl=1\" title=\"Le t\u00e9l\u00e9ph\u00e9rique\"><img loading=\"lazy\" decoding=\"async\" src=\"https:\/\/i0.wp.com\/mhyrdin.fr\/blog\/wordpress\/wp-content\/gallery\/mars2017\/Brest-by-night_0623.jpg?h=170\" alt=\"Brest by night\" width=\"170\" height=\"170\" \/><\/a><p class=\"jig-HTMLdescription\">Brest by night<br\/>Le t\u00e9l\u00e9ph\u00e9rique<\/p><\/li><\/ul><\/noscript><\/div><div id=\"jig1-developerLink\" class=\"jig-developerLink\"><a href=\"https:\/\/justifiedgrid.com\/\" target=\"_blank\" title=\"Justified Image Grid - Premium WordPress Gallery\">powered by Justified Image Grid<\/a><\/div>\n<h3>Related Images:<\/h3>","protected":false},"excerpt":{"rendered":"<p>Guillemot de Tro\u00eflPloumoguerGuillemot de Tro\u00eflPloumoguerGuillemot de Tro\u00eflPloumoguerCormoran dans les vaguesCormoran_0369Le ConquetBrest by nightBrest by nightBrest by nightIMG_0575Brest by nightBrest by nightBrest by nightBrest by nightLe p&rsquo;tit pont Gu\u00e9donBrest by nightLe t\u00e9l\u00e9ph\u00e9riquepowered by Justified Image Grid Related Images:<\/p>\n","protected":false},"author":4,"featured_media":0,"parent":12730,"menu_order":3,"comment_status":"closed","ping_status":"closed","template":"","meta":{"ngg_post_thumbnail":0,"jetpack_post_was_ever_published":false,"footnotes":"","_links_to":"","_links_to_target":""},"class_list":["post-13599","page","type-page","status-publish","hentry"],"jetpack_shortlink":"https:\/\/wp.me\/P9lSZN-3xl","jetpack_sharing_enabled":true,"_links":{"self":[{"href":"https:\/\/mhyrdin.fr\/blog\/wp-json\/wp\/v2\/pages\/13599","targetHints":{"allow":["GET"]}}],"collection":[{"href":"https:\/\/mhyrdin.fr\/blog\/wp-json\/wp\/v2\/pages"}],"about":[{"href":"https:\/\/mhyrdin.fr\/blog\/wp-json\/wp\/v2\/types\/page"}],"author":[{"embeddable":true,"href":"https:\/\/mhyrdin.fr\/blog\/wp-json\/wp\/v2\/users\/4"}],"replies":[{"embeddable":true,"href":"https:\/\/mhyrdin.fr\/blog\/wp-json\/wp\/v2\/comments?post=13599"}],"version-history":[{"count":0,"href":"https:\/\/mhyrdin.fr\/blog\/wp-json\/wp\/v2\/pages\/13599\/revisions"}],"up":[{"embeddable":true,"href":"https:\/\/mhyrdin.fr\/blog\/wp-json\/wp\/v2\/pages\/12730"}],"wp:attachment":[{"href":"https:\/\/mhyrdin.fr\/blog\/wp-json\/wp\/v2\/media?parent=13599"}],"curies":[{"name":"wp","href":"https:\/\/api.w.org\/{rel}","templated":true}]}}